{"id":9876,"date":"2023-11-20T09:14:59","date_gmt":"2023-11-20T14:14:59","guid":{"rendered":"https:\/\/www.lfih.org\/?page_id=9876"},"modified":"2023-11-20T09:35:05","modified_gmt":"2023-11-20T14:35:05","slug":"alliance-francaise-de-cuba","status":"publish","type":"page","link":"https:\/\/lfih.org\/index.php\/alliance-francaise-de-cuba\/","title":{"rendered":"Alliance Fran\u00e7aise de Cuba"},"content":{"rendered":"\t\t<div data-elementor-type=\"wp-page\" data-elementor-id=\"9876\" class=\"elementor elementor-9876\" data-elementor-settings=\"[]\">\n\t\t\t\t\t\t<div class=\"elementor-inner\">\n\t\t\t\t\t\t\t<div class=\"elementor-section-wrap\">\n\t\t\t\t\t\t\t<section class=\"elementor-section elementor-top-section elementor-element elementor-element-b671171 elementor-section-boxed elementor-section-height-default elementor-section-height-default\" data-id=\"b671171\" data-element_type=\"section\">\n\t\t\t\t\t\t<div class=\"elementor-container elementor-column-gap-default\">\n\t\t\t\t\t\t\t<div class=\"elementor-row\">\n\t\t\t\t\t<div class=\"elementor-column elementor-col-100 elementor-top-column elementor-element elementor-element-f20032a\" data-id=\"f20032a\" data-element_type=\"column\">\n\t\t\t<div class=\"elementor-column-wrap\">\n\t\t\t\t\t\t\t<div class=\"elementor-widget-wrap\">\n\t\t\t\t\t\t\t\t<\/div>\n\t\t\t\t\t<\/div>\n\t\t<\/div>\n\t\t\t\t\t\t\t\t<\/div>\n\t\t\t\t\t<\/div>\n\t\t<\/section>\n\t\t\t\t<section class=\"elementor-section elementor-top-section elementor-element elementor-element-501cdf8 elementor-section-boxed elementor-section-height-default elementor-section-height-default\" data-id=\"501cdf8\" data-element_type=\"section\">\n\t\t\t\t\t\t<div class=\"elementor-container elementor-column-gap-default\">\n\t\t\t\t\t\t\t<div class=\"elementor-row\">\n\t\t\t\t\t<div class=\"elementor-column elementor-col-100 elementor-top-column elementor-element elementor-element-014336d\" data-id=\"014336d\" data-element_type=\"column\">\n\t\t\t<div class=\"elementor-column-wrap elementor-element-populated\">\n\t\t\t\t\t\t\t<div class=\"elementor-widget-wrap\">\n\t\t\t\t\t\t<div class=\"elementor-element elementor-element-f0dcc74 elementor-widget elementor-widget-image\" data-id=\"f0dcc74\" data-element_type=\"widget\" data-widget_type=\"image.default\">\n\t\t\t\t<div class=\"elementor-widget-container\">\n\t\t\t\t\t<div class=\"elementor-image\">\n\t\t\t\t\t\t\t\t\t\t<img width=\"1024\" height=\"320\" src=\"https:\/\/lfih.org\/wp-content\/uploads\/2023\/11\/Cours-1024x320.jpg\" class=\"attachment-large size-large\" alt=\"\" loading=\"lazy\" srcset=\"https:\/\/lfih.org\/wp-content\/uploads\/2023\/11\/Cours-1024x320.jpg 1024w, https:\/\/lfih.org\/wp-content\/uploads\/2023\/11\/Cours-300x94.jpg 300w, https:\/\/lfih.org\/wp-content\/uploads\/2023\/11\/Cours-100x31.jpg 100w, https:\/\/lfih.org\/wp-content\/uploads\/2023\/11\/Cours.jpg 1280w, https:\/\/lfih.org\/wp-content\/uploads\/2023\/11\/Cours-150x47.jpg 150w\" sizes=\"(max-width: 1024px) 100vw, 1024px\" \/>\t\t\t\t\t\t\t\t\t\t\t<\/div>\n\t\t\t\t<\/div>\n\t\t\t\t<\/div>\n\t\t\t\t\t\t<\/div>\n\t\t\t\t\t<\/div>\n\t\t<\/div>\n\t\t\t\t\t\t\t\t<\/div>\n\t\t\t\t\t<\/div>\n\t\t<\/section>\n\t\t\t\t<section class=\"elementor-section elementor-top-section elementor-element elementor-element-6e343e2 elementor-section-boxed elementor-section-height-default elementor-section-height-default\" data-id=\"6e343e2\" data-element_type=\"section\">\n\t\t\t\t\t\t<div class=\"elementor-container elementor-column-gap-default\">\n\t\t\t\t\t\t\t<div class=\"elementor-row\">\n\t\t\t\t\t<div class=\"elementor-column elementor-col-100 elementor-top-column elementor-element elementor-element-af62f5a\" data-id=\"af62f5a\" data-element_type=\"column\">\n\t\t\t<div class=\"elementor-column-wrap elementor-element-populated\">\n\t\t\t\t\t\t\t<div class=\"elementor-widget-wrap\">\n\t\t\t\t\t\t<div class=\"elementor-element elementor-element-0dfe738 elementor-widget elementor-widget-text-editor\" data-id=\"0dfe738\" data-element_type=\"widget\" data-widget_type=\"text-editor.default\">\n\t\t\t\t<div class=\"elementor-widget-container\">\n\t\t\t\t\t<div class=\"elementor-text-editor elementor-clearfix\"><p style=\"text-align: justify;\">La premi\u00e8re Alliance Fran\u00e7aise de Cuba fut cr\u00e9\u00e9e en 1883 en m\u00eame temps que celle de Paris. C\u2019est en 1951 qu\u2019elle a \u00e9t\u00e9 reconnue de fa\u00e7on officielle et elle f\u00eate en 2024 ses 73 ans d\u2019existence. Aujourd\u2019hui l\u2019Alliance Fran\u00e7aise compte plus de 9000 \u00e9tudiants r\u00e9partis sur quatre sites (trois \u00e0 La Havane et un \u00e0 Santiago de Cuba).<\/p><p style=\"text-align: justify;\">Comme ses homologues dans le monde, l\u2019Alliance Fran\u00e7aise \u00e0 Cuba a trois missions cardinales : l\u2019enseignement de la langue fran\u00e7aise, l\u2019animation culturelle et la documentation. Centre de langue et centre culturel, c\u2019est un lieu tr\u00e8s vivant, prestigieux et profond\u00e9ment ancr\u00e9 dans la culture cubaine, un espace ouvert \u00e0 la diversit\u00e9 de pens\u00e9e et de cr\u00e9ation, un lieu de r\u00e9flexion favorisant le dialogue interculturel. Un lieu de promotion des jeunes talents.<\/p><\/div>\n\t\t\t\t<\/div>\n\t\t\t\t<\/div>\n\t\t\t\t\t\t<\/div>\n\t\t\t\t\t<\/div>\n\t\t<\/div>\n\t\t\t\t\t\t\t\t<\/div>\n\t\t\t\t\t<\/div>\n\t\t<\/section>\n\t\t\t\t<section class=\"elementor-section elementor-top-section elementor-element elementor-element-c4389ec elementor-section-boxed elementor-section-height-default elementor-section-height-default\" data-id=\"c4389ec\" data-element_type=\"section\">\n\t\t\t\t\t\t<div class=\"elementor-container elementor-column-gap-default\">\n\t\t\t\t\t\t\t<div class=\"elementor-row\">\n\t\t\t\t\t<div class=\"elementor-column elementor-col-100 elementor-top-column elementor-element elementor-element-1c04b46\" data-id=\"1c04b46\" data-element_type=\"column\">\n\t\t\t<div class=\"elementor-column-wrap elementor-element-populated\">\n\t\t\t\t\t\t\t<div class=\"elementor-widget-wrap\">\n\t\t\t\t\t\t<div class=\"elementor-element elementor-element-b6ff422 elementor-widget elementor-widget-image\" data-id=\"b6ff422\" data-element_type=\"widget\" data-widget_type=\"image.default\">\n\t\t\t\t<div class=\"elementor-widget-container\">\n\t\t\t\t\t<div class=\"elementor-image\">\n\t\t\t\t\t\t\t\t\t\t<img width=\"1024\" height=\"320\" src=\"https:\/\/lfih.org\/wp-content\/uploads\/2023\/11\/Diplome-1024x320.jpg\" class=\"attachment-large size-large\" alt=\"\" loading=\"lazy\" srcset=\"https:\/\/lfih.org\/wp-content\/uploads\/2023\/11\/Diplome-1024x320.jpg 1024w, https:\/\/lfih.org\/wp-content\/uploads\/2023\/11\/Diplome-300x94.jpg 300w, https:\/\/lfih.org\/wp-content\/uploads\/2023\/11\/Diplome-100x31.jpg 100w, https:\/\/lfih.org\/wp-content\/uploads\/2023\/11\/Diplome.jpg 1280w, https:\/\/lfih.org\/wp-content\/uploads\/2023\/11\/Diplome-150x47.jpg 150w\" sizes=\"(max-width: 1024px) 100vw, 1024px\" \/>\t\t\t\t\t\t\t\t\t\t\t<\/div>\n\t\t\t\t<\/div>\n\t\t\t\t<\/div>\n\t\t\t\t\t\t<\/div>\n\t\t\t\t\t<\/div>\n\t\t<\/div>\n\t\t\t\t\t\t\t\t<\/div>\n\t\t\t\t\t<\/div>\n\t\t<\/section>\n\t\t\t\t<section class=\"elementor-section elementor-top-section elementor-element elementor-element-b3d2ce7 elementor-section-boxed elementor-section-height-default elementor-section-height-default\" data-id=\"b3d2ce7\" data-element_type=\"section\">\n\t\t\t\t\t\t<div class=\"elementor-container elementor-column-gap-default\">\n\t\t\t\t\t\t\t<div class=\"elementor-row\">\n\t\t\t\t\t<div class=\"elementor-column elementor-col-100 elementor-top-column elementor-element elementor-element-f83df22\" data-id=\"f83df22\" data-element_type=\"column\">\n\t\t\t<div class=\"elementor-column-wrap elementor-element-populated\">\n\t\t\t\t\t\t\t<div class=\"elementor-widget-wrap\">\n\t\t\t\t\t\t<div class=\"elementor-element elementor-element-f9d0b16 elementor-widget elementor-widget-image-gallery\" data-id=\"f9d0b16\" data-element_type=\"widget\" data-widget_type=\"image-gallery.default\">\n\t\t\t\t<div class=\"elementor-widget-container\">\n\t\t\t\t\t<div class=\"elementor-image-gallery\">\n\t\t\t\n\t\t<style type=\"text\/css\">\n\t\t\t#gallery-1 {\n\t\t\t\tmargin: auto;\n\t\t\t}\n\t\t\t#gallery-1 .gallery-item {\n\t\t\t\tfloat: left;\n\t\t\t\tmargin-top: 10px;\n\t\t\t\ttext-align: center;\n\t\t\t\twidth: 25%;\n\t\t\t}\n\t\t\t#gallery-1 img {\n\t\t\t\tborder: 2px solid #cfcfcf;\n\t\t\t}\n\t\t\t#gallery-1 .gallery-caption {\n\t\t\t\tmargin-left: 0;\n\t\t\t}\n\t\t\t\/* see gallery_shortcode() in wp-includes\/media.php *\/\n\t\t<\/style>\n\t\t<div id='gallery-1' class='gallery galleryid-9876 gallery-columns-4 gallery-size-thumbnail'><dl class='gallery-item'>\n\t\t\t<dt class='gallery-icon landscape'>\n\t\t\t\t<a data-elementor-open-lightbox=\"yes\" data-elementor-lightbox-slideshow=\"f9d0b16\" data-elementor-lightbox-title=\"Prestige\" href='https:\/\/lfih.org\/wp-content\/uploads\/2023\/11\/Prestige.png'><img width=\"150\" height=\"150\" src=\"https:\/\/lfih.org\/wp-content\/uploads\/2023\/11\/Prestige-150x150.png\" class=\"attachment-thumbnail size-thumbnail\" alt=\"\" loading=\"lazy\" aria-describedby=\"gallery-1-9889\" srcset=\"https:\/\/lfih.org\/wp-content\/uploads\/2023\/11\/Prestige-150x150.png 150w, https:\/\/lfih.org\/wp-content\/uploads\/2023\/11\/Prestige-300x300.png 300w, https:\/\/lfih.org\/wp-content\/uploads\/2023\/11\/Prestige.png 512w\" sizes=\"(max-width: 150px) 100vw, 150px\" \/><\/a>\n\t\t\t<\/dt>\n\t\t\t\t<dd class='wp-caption-text gallery-caption' id='gallery-1-9889'>\n\t\t\t\tPrestige\n\t\t\t\t<\/dd><\/dl><dl class='gallery-item'>\n\t\t\t<dt class='gallery-icon landscape'>\n\t\t\t\t<a data-elementor-open-lightbox=\"yes\" data-elementor-lightbox-slideshow=\"f9d0b16\" data-elementor-lightbox-title=\"Excellence\" href='https:\/\/lfih.org\/wp-content\/uploads\/2023\/11\/Excellence.png'><img width=\"150\" height=\"150\" src=\"https:\/\/lfih.org\/wp-content\/uploads\/2023\/11\/Excellence-150x150.png\" class=\"attachment-thumbnail size-thumbnail\" alt=\"\" loading=\"lazy\" aria-describedby=\"gallery-1-9887\" srcset=\"https:\/\/lfih.org\/wp-content\/uploads\/2023\/11\/Excellence-150x150.png 150w, https:\/\/lfih.org\/wp-content\/uploads\/2023\/11\/Excellence-300x300.png 300w, https:\/\/lfih.org\/wp-content\/uploads\/2023\/11\/Excellence.png 512w\" sizes=\"(max-width: 150px) 100vw, 150px\" \/><\/a>\n\t\t\t<\/dt>\n\t\t\t\t<dd class='wp-caption-text gallery-caption' id='gallery-1-9887'>\n\t\t\t\tExcellence\n\t\t\t\t<\/dd><\/dl><dl class='gallery-item'>\n\t\t\t<dt class='gallery-icon landscape'>\n\t\t\t\t<a data-elementor-open-lightbox=\"yes\" data-elementor-lightbox-slideshow=\"f9d0b16\" data-elementor-lightbox-title=\"Culture\" href='https:\/\/lfih.org\/wp-content\/uploads\/2023\/11\/Culture.png'><img width=\"150\" height=\"150\" src=\"https:\/\/lfih.org\/wp-content\/uploads\/2023\/11\/Culture-150x150.png\" class=\"attachment-thumbnail size-thumbnail\" alt=\"\" loading=\"lazy\" aria-describedby=\"gallery-1-9885\" srcset=\"https:\/\/lfih.org\/wp-content\/uploads\/2023\/11\/Culture-150x150.png 150w, https:\/\/lfih.org\/wp-content\/uploads\/2023\/11\/Culture-300x300.png 300w, https:\/\/lfih.org\/wp-content\/uploads\/2023\/11\/Culture.png 512w\" sizes=\"(max-width: 150px) 100vw, 150px\" \/><\/a>\n\t\t\t<\/dt>\n\t\t\t\t<dd class='wp-caption-text gallery-caption' id='gallery-1-9885'>\n\t\t\t\tCulture\n\t\t\t\t<\/dd><\/dl><dl class='gallery-item'>\n\t\t\t<dt class='gallery-icon landscape'>\n\t\t\t\t<a data-elementor-open-lightbox=\"yes\" data-elementor-lightbox-slideshow=\"f9d0b16\" data-elementor-lightbox-title=\"Convivialite\" href='https:\/\/lfih.org\/wp-content\/uploads\/2023\/11\/Convivialite.png'><img width=\"150\" height=\"150\" src=\"https:\/\/lfih.org\/wp-content\/uploads\/2023\/11\/Convivialite-150x150.png\" class=\"attachment-thumbnail size-thumbnail\" alt=\"\" loading=\"lazy\" aria-describedby=\"gallery-1-9883\" srcset=\"https:\/\/lfih.org\/wp-content\/uploads\/2023\/11\/Convivialite-150x150.png 150w, https:\/\/lfih.org\/wp-content\/uploads\/2023\/11\/Convivialite-300x300.png 300w, https:\/\/lfih.org\/wp-content\/uploads\/2023\/11\/Convivialite.png 512w\" sizes=\"(max-width: 150px) 100vw, 150px\" \/><\/a>\n\t\t\t<\/dt>\n\t\t\t\t<dd class='wp-caption-text gallery-caption' id='gallery-1-9883'>\n\t\t\t\tConviviality\n\t\t\t\t<\/dd><\/dl><br style=\"clear: both\" \/>\n\t\t<\/div>\n\t\t<\/div>\n\t\t\t\t<\/div>\n\t\t\t\t<\/div>\n\t\t\t\t\t\t<\/div>\n\t\t\t\t\t<\/div>\n\t\t<\/div>\n\t\t\t\t\t\t\t\t<\/div>\n\t\t\t\t\t<\/div>\n\t\t<\/section>\n\t\t\t\t<section class=\"elementor-section elementor-top-section elementor-element elementor-element-45aadcb elementor-section-boxed elementor-section-height-default elementor-section-height-default\" data-id=\"45aadcb\" data-element_type=\"section\">\n\t\t\t\t\t\t<div class=\"elementor-container elementor-column-gap-default\">\n\t\t\t\t\t\t\t<div class=\"elementor-row\">\n\t\t\t\t\t<div class=\"elementor-column elementor-col-100 elementor-top-column elementor-element elementor-element-42610ff\" data-id=\"42610ff\" data-element_type=\"column\">\n\t\t\t<div class=\"elementor-column-wrap elementor-element-populated\">\n\t\t\t\t\t\t\t<div class=\"elementor-widget-wrap\">\n\t\t\t\t\t\t<div class=\"elementor-element elementor-element-9abf6bd elementor-align-center elementor-widget elementor-widget-button\" data-id=\"9abf6bd\" data-element_type=\"widget\" data-widget_type=\"button.default\">\n\t\t\t\t<div class=\"elementor-widget-container\">\n\t\t\t\t\t<div class=\"elementor-button-wrapper\">\n\t\t\t<a href=\"https:\/\/alianzafrancesacuba.org\/\" target=\"_blank\" class=\"elementor-button-link elementor-button elementor-size-sm\" role=\"button\">\n\t\t\t\t\t\t<span class=\"elementor-button-content-wrapper\">\n\t\t\t\t\t\t<span class=\"elementor-button-text\">https:\/\/alianzafrancesacuba.org\/<\/span>\n\t\t<\/span>\n\t\t\t\t\t<\/a>\n\t\t<\/div>\n\t\t\t\t<\/div>\n\t\t\t\t<\/div>\n\t\t\t\t\t\t<\/div>\n\t\t\t\t\t<\/div>\n\t\t<\/div>\n\t\t\t\t\t\t\t\t<\/div>\n\t\t\t\t\t<\/div>\n\t\t<\/section>\n\t\t\t\t\t\t<\/div>\n\t\t\t\t\t\t<\/div>\n\t\t\t\t\t<\/div>\n\t\t","protected":false},"excerpt":{"rendered":"<p>La premi\u00e8re Alliance Fran\u00e7aise de Cuba fut cr\u00e9\u00e9e en 1883 en m\u00eame temps que celle de Paris. C\u2019est en 1951&nbsp;<a href=\"https:\/\/lfih.org\/index.php\/alliance-francaise-de-cuba\/\">&hellip;<\/a><\/p>\n","protected":false},"author":1,"featured_media":0,"parent":0,"menu_order":0,"comment_status":"closed","ping_status":"closed","template":"","meta":[],"_links":{"self":[{"href":"https:\/\/lfih.org\/index.php\/wp-json\/wp\/v2\/pages\/9876"}],"collection":[{"href":"https:\/\/lfih.org\/index.php\/wp-json\/wp\/v2\/pages"}],"about":[{"href":"https:\/\/lfih.org\/index.php\/wp-json\/wp\/v2\/types\/page"}],"author":[{"embeddable":true,"href":"https:\/\/lfih.org\/index.php\/wp-json\/wp\/v2\/users\/1"}],"replies":[{"embeddable":true,"href":"https:\/\/lfih.org\/index.php\/wp-json\/wp\/v2\/comments?post=9876"}],"version-history":[{"count":17,"href":"https:\/\/lfih.org\/index.php\/wp-json\/wp\/v2\/pages\/9876\/revisions"}],"predecessor-version":[{"id":9901,"href":"https:\/\/lfih.org\/index.php\/wp-json\/wp\/v2\/pages\/9876\/revisions\/9901"}],"wp:attachment":[{"href":"https:\/\/lfih.org\/index.php\/wp-json\/wp\/v2\/media?parent=9876"}],"curies":[{"name":"wp","href":"https:\/\/api.w.org\/{rel}","templated":true}]}}