{"id":941,"date":"2021-01-05T16:14:43","date_gmt":"2021-01-05T21:14:43","guid":{"rendered":"https:\/\/lfih.org\/?page_id=941"},"modified":"2026-04-01T10:23:57","modified_gmt":"2026-04-01T14:23:57","slug":"mots-du-proviseur","status":"publish","type":"page","link":"https:\/\/lfih.org\/index.php\/mots-du-proviseur\/","title":{"rendered":"Le mot de la Proviseure"},"content":{"rendered":"\t\t<div data-elementor-type=\"wp-page\" data-elementor-id=\"941\" class=\"elementor elementor-941\" data-elementor-settings=\"[]\">\n\t\t\t\t\t\t<div class=\"elementor-inner\">\n\t\t\t\t\t\t\t<div class=\"elementor-section-wrap\">\n\t\t\t\t\t\t\t<section class=\"elementor-section elementor-top-section elementor-element elementor-element-3840f1c elementor-section-boxed elementor-section-height-default elementor-section-height-default\" data-id=\"3840f1c\" data-element_type=\"section\">\n\t\t\t\t\t\t<div class=\"elementor-container elementor-column-gap-wide\">\n\t\t\t\t\t\t\t<div class=\"elementor-row\">\n\t\t\t\t\t<div class=\"elementor-column elementor-col-50 elementor-top-column elementor-element elementor-element-51aa42c0 elementor-invisible\" data-id=\"51aa42c0\" data-element_type=\"column\" data-settings=\"{&quot;animation&quot;:&quot;fadeInLeft&quot;}\">\n\t\t\t<div class=\"elementor-column-wrap elementor-element-populated\">\n\t\t\t\t\t\t\t<div class=\"elementor-widget-wrap\">\n\t\t\t\t\t\t<div class=\"elementor-element elementor-element-3beddc5b animated-slow elementor-invisible elementor-widget elementor-widget-image\" data-id=\"3beddc5b\" data-element_type=\"widget\" data-settings=\"{&quot;_animation&quot;:&quot;fadeIn&quot;}\" data-widget_type=\"image.default\">\n\t\t\t\t<div class=\"elementor-widget-container\">\n\t\t\t\t\t<div class=\"elementor-image\">\n\t\t\t\t\t\t\t\t\t\t<img width=\"725\" height=\"1024\" src=\"https:\/\/lfih.org\/wp-content\/uploads\/2025\/01\/PHOTO-LABADIE_Logo-725x1024.jpg\" class=\"attachment-large size-large\" alt=\"\" loading=\"lazy\" srcset=\"https:\/\/lfih.org\/wp-content\/uploads\/2025\/01\/PHOTO-LABADIE_Logo-725x1024.jpg 725w, https:\/\/lfih.org\/wp-content\/uploads\/2025\/01\/PHOTO-LABADIE_Logo-212x300.jpg 212w, https:\/\/lfih.org\/wp-content\/uploads\/2025\/01\/PHOTO-LABADIE_Logo-71x100.jpg 71w, https:\/\/lfih.org\/wp-content\/uploads\/2025\/01\/PHOTO-LABADIE_Logo-1087x1536.jpg 1087w, https:\/\/lfih.org\/wp-content\/uploads\/2025\/01\/PHOTO-LABADIE_Logo.jpg 1362w, https:\/\/lfih.org\/wp-content\/uploads\/2025\/01\/PHOTO-LABADIE_Logo-106x150.jpg 106w\" sizes=\"(max-width: 725px) 100vw, 725px\" \/>\t\t\t\t\t\t\t\t\t\t\t<\/div>\n\t\t\t\t<\/div>\n\t\t\t\t<\/div>\n\t\t\t\t<div class=\"elementor-element elementor-element-14b6974b elementor-view-default elementor-vertical-align-top elementor-widget elementor-widget-icon-box\" data-id=\"14b6974b\" data-element_type=\"widget\" data-widget_type=\"icon-box.default\">\n\t\t\t\t<div class=\"elementor-widget-container\">\n\t\t\t\t\t<div class=\"elementor-icon-box-wrapper\">\n\t\t\t\t\t\t<div class=\"elementor-icon-box-content\">\n\t\t\t\t<h1 class=\"elementor-icon-box-title\">\n\t\t\t\t\t<span ><\/span>\n\t\t\t\t<\/h1>\n\t\t\t\t\t\t\t<\/div>\n\t\t<\/div>\n\t\t\t\t<\/div>\n\t\t\t\t<\/div>\n\t\t\t\t<div class=\"elementor-element elementor-element-7eb6e74d elementor-position-left animated-slow elementor-view-default elementor-vertical-align-top elementor-invisible elementor-widget elementor-widget-icon-box\" data-id=\"7eb6e74d\" data-element_type=\"widget\" data-settings=\"{&quot;_animation&quot;:&quot;fadeInRight&quot;}\" data-widget_type=\"icon-box.default\">\n\t\t\t\t<div class=\"elementor-widget-container\">\n\t\t\t\t\t<div class=\"elementor-icon-box-wrapper\">\n\t\t\t\t\t\t<div class=\"elementor-icon-box-icon\">\n\t\t\t\t<span class=\"elementor-icon elementor-animation-\" >\n\t\t\t\t<i aria-hidden=\"true\" class=\"fas fa-angle-double-down\"><\/i>\t\t\t\t<\/span>\n\t\t\t<\/div>\n\t\t\t\t\t\t<div class=\"elementor-icon-box-content\">\n\t\t\t\t<h4 class=\"elementor-icon-box-title\">\n\t\t\t\t\t<span >Apprendre, Grandir, R\u00e9ussir<\/span>\n\t\t\t\t<\/h4>\n\t\t\t\t\t\t\t<\/div>\n\t\t<\/div>\n\t\t\t\t<\/div>\n\t\t\t\t<\/div>\n\t\t\t\t<div class=\"elementor-element elementor-element-4ff65f4a animated-slow elementor-view-default elementor-vertical-align-top elementor-invisible elementor-widget elementor-widget-icon-box\" data-id=\"4ff65f4a\" data-element_type=\"widget\" data-settings=\"{&quot;_animation&quot;:&quot;fadeInRight&quot;}\" data-widget_type=\"icon-box.default\">\n\t\t\t\t<div class=\"elementor-widget-container\">\n\t\t\t\t\t<div class=\"elementor-icon-box-wrapper\">\n\t\t\t\t\t\t<div class=\"elementor-icon-box-content\">\n\t\t\t\t<h4 class=\"elementor-icon-box-title\">\n\t\t\t\t\t<span >Contacts <\/span>\n\t\t\t\t<\/h4>\n\t\t\t\t\t\t\t\t<p class=\"elementor-icon-box-description\"><b> Site du Primaire : <\/b><br>\nAdresse : Calle 15 N\u00b0 18004 e\/ 180 y 182\nSiboney, Playa<br>\n<b> <\/b><br>T\u00e9l : (+53) 72721696  <br>T\u00e9l: (+53) 52798498<br><br> \n<b>Secondaire : <\/b><br>\nAdresse : Calle 182 N\u00b0 1513 e\/ 15 y 17.\nSiboney, Playa<br>\n<br>T\u00e9l : (+53) 72724607 <br>T\u00e9l: (+53) 52949006<br><\/p>\n\t\t\t\t\t\t\t<\/div>\n\t\t<\/div>\n\t\t\t\t<\/div>\n\t\t\t\t<\/div>\n\t\t\t\t<div class=\"elementor-element elementor-element-6ed1dfca elementor-vertical-align-middle elementor-view-default elementor-invisible elementor-widget elementor-widget-icon-box\" data-id=\"6ed1dfca\" data-element_type=\"widget\" data-settings=\"{&quot;_animation&quot;:&quot;zoomIn&quot;}\" data-widget_type=\"icon-box.default\">\n\t\t\t\t<div class=\"elementor-widget-container\">\n\t\t\t\t\t<div class=\"elementor-icon-box-wrapper\">\n\t\t\t\t\t\t<div class=\"elementor-icon-box-content\">\n\t\t\t\t<h4 class=\"elementor-icon-box-title\">\n\t\t\t\t\t<span ><\/span>\n\t\t\t\t<\/h4>\n\t\t\t\t\t\t\t<\/div>\n\t\t<\/div>\n\t\t\t\t<\/div>\n\t\t\t\t<\/div>\n\t\t\t\t<div class=\"elementor-element elementor-element-3d5a706 elementor-vertical-align-middle elementor-view-default elementor-invisible elementor-widget elementor-widget-icon-box\" data-id=\"3d5a706\" data-element_type=\"widget\" data-settings=\"{&quot;_animation&quot;:&quot;zoomIn&quot;}\" data-widget_type=\"icon-box.default\">\n\t\t\t\t<div class=\"elementor-widget-container\">\n\t\t\t\t\t<div class=\"elementor-icon-box-wrapper\">\n\t\t\t\t\t\t<div class=\"elementor-icon-box-content\">\n\t\t\t\t<h4 class=\"elementor-icon-box-title\">\n\t\t\t\t\t<a href=\"https:\/\/lfih.org\/wp-content\/uploads\/2026\/04\/BROCHURE-2026-LFIH-1.pdf\" target=\"_blank\">Voir la brochure<\/a>\n\t\t\t\t<\/h4>\n\t\t\t\t\t\t\t<\/div>\n\t\t<\/div>\n\t\t\t\t<\/div>\n\t\t\t\t<\/div>\n\t\t\t\t\t\t<\/div>\n\t\t\t\t\t<\/div>\n\t\t<\/div>\n\t\t\t\t<div class=\"elementor-column elementor-col-50 elementor-top-column elementor-element elementor-element-2322195\" data-id=\"2322195\" data-element_type=\"column\">\n\t\t\t<div class=\"elementor-column-wrap elementor-element-populated\">\n\t\t\t\t\t\t\t<div class=\"elementor-widget-wrap\">\n\t\t\t\t\t\t<div class=\"elementor-element elementor-element-2f64e6f9 animated-slow elementor-invisible elementor-widget elementor-widget-heading\" data-id=\"2f64e6f9\" data-element_type=\"widget\" data-settings=\"{&quot;_animation&quot;:&quot;fadeIn&quot;}\" data-widget_type=\"heading.default\">\n\t\t\t\t<div class=\"elementor-widget-container\">\n\t\t\t<h3 class=\"elementor-heading-title elementor-size-default\">L'excellence acad\u00e9mique de nos \u00e9l\u00e8ves se construit n\u00e9cessairement autour de leur d\u00e9veloppement personnel. <\/h3>\t\t<\/div>\n\t\t\t\t<\/div>\n\t\t\t\t<div class=\"elementor-element elementor-element-d749287 animated-slow elementor-invisible elementor-widget elementor-widget-text-editor\" data-id=\"d749287\" data-element_type=\"widget\" data-settings=\"{&quot;_animation&quot;:&quot;zoomIn&quot;}\" data-widget_type=\"text-editor.default\">\n\t\t\t\t<div class=\"elementor-widget-container\">\n\t\t\t\t\t<div class=\"elementor-text-editor elementor-clearfix\"><p>Le lyc\u00e9e Fran\u00e7ais International de La Havane \u00ab\u00a0Alejo Carpentier\u00a0\u00bb, ancr\u00e9 dans la tradition d\u2019excellence de l\u2019\u00e9ducation fran\u00e7aise, s\u2019inscrit dans un environnement privil\u00e9gi\u00e9 \u00e0 la crois\u00e9e des cultures et des langues. Il a pour vocation de pr\u00e9parer chaque \u00e9l\u00e8ve \u00e0 un avenir riche en possibilit\u00e9s, tant sur le plan acad\u00e9mique que personnel.<\/p><p>Notre \u00e9tablissement, r\u00e9parti sur deux sites \u2013 primaire et secondaire \u2013 accueille des \u00e9l\u00e8ves du niveau maternelle, d\u00e8s l\u2019\u00e2ge de deux ans, \u00e0 la classe de terminale. Nous proposons une formation de qualit\u00e9, rigoureuse et ouverte sur le monde, avec des programmes homologu\u00e9s par le Minist\u00e8re de l\u2019\u00c9ducation nationale fran\u00e7ais.<\/p><p>Notre lyc\u00e9e fait partie du r\u00e9seau des <strong>lyc\u00e9es fran\u00e7ais de l\u2019AEFE<\/strong>, un r\u00e9seau d\u2019excellence qui s&rsquo;\u00e9tend dans le monde entier et assure la continuit\u00e9 des parcours \u00e9ducatifs au sein des 600 \u00e9tablissements r\u00e9partis dans 138 pays. Gr\u00e2ce \u00e0 ce r\u00e9seau, nos \u00e9l\u00e8ves ont <strong>un acc\u00e8s privil\u00e9gi\u00e9 \u00e0 des \u00e9tablissements de renomm\u00e9e mondiale, notamment en France mais aussi dans les grandes universit\u00e9s internationales.<\/strong><\/p><p>L\u2019attractivit\u00e9 de notre \u00e9tablissement r\u00e9side non seulement dans la qualit\u00e9 de son enseignement mais aussi dans son ouverture culturelle et linguistique. \u00c0 travers notre parcours plurilingue, nos \u00e9l\u00e8ves b\u00e9n\u00e9ficient d\u2019une immersion dans trois langues: le fran\u00e7ais, l\u2019espagnol et l\u2019anglais d\u00e8s le primaire. Issus de plus de 30 nationalit\u00e9s diff\u00e9rentes, nos \u00e9l\u00e8ves ont la chance de s\u2019\u00e9panouir dans un environnement multiculturel.<\/p><p>A partir de l\u2019\u00e9l\u00e9mentaire, nos \u00e9l\u00e8ves ont le choix entre une section espagnol ou un renforcement linguistique en anglais. En terminale, notre \u00e9tablissement propose le <strong>bachibac<\/strong>, une fili\u00e8re unique permettant \u00e0 nos \u00e9l\u00e8ves de passer le bac fran\u00e7ais et le \u00ab\u00a0bachillerato\u00a0\u00bb espagnol, un double cursus qui ouvre des portes vers des opportunit\u00e9s d\u2019\u00e9tudes sup\u00e9rieures tant en France qu\u2019en Espagne.<\/p><p>Nous mettons un point d&rsquo;honneur \u00e0 accompagner chaque \u00e9l\u00e8ve dans son parcours. Notre dispositif d\u2019int\u00e9gration linguistique est con\u00e7u pour que chaque \u00e9l\u00e8ve, quelle que soit sa langue d&rsquo;origine et son niveau de fran\u00e7ais, puisse progresser \u00e0 son rythme, \u00a0avec confiance. De plus, nous nous engageons pleinement dans la <strong>r\u00e9ussite de chaque \u00e9l\u00e8ve<\/strong> en apportant un soutien particulier aux \u00e9l\u00e8ves ayant des besoins sp\u00e9cifiques.<\/p><p>L\u2019\u00e9ducation au Lyc\u00e9e Fran\u00e7ais International de La Havane va au-del\u00e0 des enseignements classiques. Elle repose sur des valeurs citoyennes fortes et \u00e9coresponsables, qui encouragent nos \u00e9l\u00e8ves \u00e0 s\u2019engager pour construire un avenir durable. Notre offre riche et vari\u00e9e d\u2019activit\u00e9s extra-scolaires et de camps de vacances pour les \u00e9l\u00e8ves du primaire stimule leur curiosit\u00e9 et leur esprit d\u2019\u00e9quipe.<\/p><p>C\u2019est avec une immense fiert\u00e9 que nous accueillons vos enfants dans notre \u00e9tablissement, un lieu o\u00f9 l\u2019excellence \u00e9ducative et le d\u00e9veloppement personnel vont de pair pour former les citoyens de demain.<\/p><p>Bien cordialement,<\/p><p><br \/>Cristina LABADIE<br \/>Proviseure du Lyc\u00e9e Fran\u00e7ais International de La Havane \u00ab\u00a0Alejo Carpentier\u00a0\u00bb<\/p><\/div>\n\t\t\t\t<\/div>\n\t\t\t\t<\/div>\n\t\t\t\t\t\t<\/div>\n\t\t\t\t\t<\/div>\n\t\t<\/div>\n\t\t\t\t\t\t\t\t<\/div>\n\t\t\t\t\t<\/div>\n\t\t<\/section>\n\t\t\t\t\t\t<\/div>\n\t\t\t\t\t\t<\/div>\n\t\t\t\t\t<\/div>\n\t\t","protected":false},"excerpt":{"rendered":"<p>Apprendre, Grandir, R\u00e9ussir Contacts Site du Primaire : Adresse : Calle 15 N\u00b0 18004 e\/ 180 y 182 Siboney, Playa&nbsp;<a href=\"https:\/\/lfih.org\/index.php\/mots-du-proviseur\/\">&hellip;<\/a><\/p>\n","protected":false},"author":1,"featured_media":0,"parent":0,"menu_order":0,"comment_status":"closed","ping_status":"closed","template":"","meta":[],"_links":{"self":[{"href":"https:\/\/lfih.org\/index.php\/wp-json\/wp\/v2\/pages\/941"}],"collection":[{"href":"https:\/\/lfih.org\/index.php\/wp-json\/wp\/v2\/pages"}],"about":[{"href":"https:\/\/lfih.org\/index.php\/wp-json\/wp\/v2\/types\/page"}],"author":[{"embeddable":true,"href":"https:\/\/lfih.org\/index.php\/wp-json\/wp\/v2\/users\/1"}],"replies":[{"embeddable":true,"href":"https:\/\/lfih.org\/index.php\/wp-json\/wp\/v2\/comments?post=941"}],"version-history":[{"count":130,"href":"https:\/\/lfih.org\/index.php\/wp-json\/wp\/v2\/pages\/941\/revisions"}],"predecessor-version":[{"id":34008,"href":"https:\/\/lfih.org\/index.php\/wp-json\/wp\/v2\/pages\/941\/revisions\/34008"}],"wp:attachment":[{"href":"https:\/\/lfih.org\/index.php\/wp-json\/wp\/v2\/media?parent=941"}],"curies":[{"name":"wp","href":"https:\/\/api.w.org\/{rel}","templated":true}]}}