{"id":5701,"date":"2022-02-15T12:43:11","date_gmt":"2022-02-15T17:43:11","guid":{"rendered":"https:\/\/lfih.org\/?page_id=5701"},"modified":"2025-04-14T12:04:36","modified_gmt":"2025-04-14T16:04:36","slug":"proyecto-de-evaluacion","status":"publish","type":"page","link":"https:\/\/lfih.org\/index.php\/proyecto-de-evaluacion\/","title":{"rendered":"Proyecto de evaluaci\u00f3n"},"content":{"rendered":"\t\t<div data-elementor-type=\"wp-page\" data-elementor-id=\"5701\" class=\"elementor elementor-5701\" data-elementor-settings=\"[]\">\n\t\t\t\t\t\t<div class=\"elementor-inner\">\n\t\t\t\t\t\t\t<div class=\"elementor-section-wrap\">\n\t\t\t\t\t\t\t<section class=\"elementor-section elementor-top-section elementor-element elementor-element-cc396bd elementor-section-boxed elementor-section-height-default elementor-section-height-default\" data-id=\"cc396bd\" data-element_type=\"section\">\n\t\t\t\t\t\t<div class=\"elementor-container elementor-column-gap-default\">\n\t\t\t\t\t\t\t<div class=\"elementor-row\">\n\t\t\t\t\t<div class=\"elementor-column elementor-col-100 elementor-top-column elementor-element elementor-element-db58a5b\" data-id=\"db58a5b\" data-element_type=\"column\">\n\t\t\t<div class=\"elementor-column-wrap elementor-element-populated\">\n\t\t\t\t\t\t\t<div class=\"elementor-widget-wrap\">\n\t\t\t\t\t\t<div class=\"elementor-element elementor-element-ece36c0 elementor-widget elementor-widget-image\" data-id=\"ece36c0\" data-element_type=\"widget\" data-widget_type=\"image.default\">\n\t\t\t\t<div class=\"elementor-widget-container\">\n\t\t\t\t\t<div class=\"elementor-image\">\n\t\t\t\t\t\t\t\t\t\t\t<a href=\"https:\/\/lfih.org\/wp-content\/uploads\/2025\/04\/2025_-Projet-devaluation-2022-LFIH-1-1.pdf\" target=\"_blank\">\n\t\t\t\t\t\t\t<img width=\"397\" height=\"561\" src=\"https:\/\/lfih.org\/wp-content\/uploads\/2025\/04\/2025_Projet-devaluation.png\" class=\"attachment-medium_large size-medium_large\" alt=\"\" loading=\"lazy\" srcset=\"https:\/\/lfih.org\/wp-content\/uploads\/2025\/04\/2025_Projet-devaluation.png 397w, https:\/\/lfih.org\/wp-content\/uploads\/2025\/04\/2025_Projet-devaluation-212x300.png 212w, https:\/\/lfih.org\/wp-content\/uploads\/2025\/04\/2025_Projet-devaluation-71x100.png 71w, https:\/\/lfih.org\/wp-content\/uploads\/2025\/04\/2025_Projet-devaluation-106x150.png 106w\" sizes=\"(max-width: 397px) 100vw, 397px\" \/>\t\t\t\t\t\t\t\t<\/a>\n\t\t\t\t\t\t\t\t\t\t\t<\/div>\n\t\t\t\t<\/div>\n\t\t\t\t<\/div>\n\t\t\t\t<div class=\"elementor-element elementor-element-6d87689 elementor-widget elementor-widget-text-editor\" data-id=\"6d87689\" data-element_type=\"widget\" data-widget_type=\"text-editor.default\">\n\t\t\t\t<div class=\"elementor-widget-container\">\n\t\t\t\t\t<div class=\"elementor-text-editor elementor-clearfix\"><p>El <strong>proyecto de evaluaci\u00f3n<\/strong> est\u00e1 al servicio del aprendizaje de los estudiantes de ense\u00f1anza secundaria.\u00a0Se dirige en primer lugar a los profesores y a los cuadros de la educaci\u00f3n nacional, pero tambi\u00e9n a las familias y a los alumnos.<br \/>Este proyecto establece principios comunes por disciplina y por especialidad.\u00a0Se refiere al ciclo terminal del recorrido del alumno en el liceo, pero tambi\u00e9n ofrece un marco que presenta variaciones en todos los niveles del colegio y del liceo general.\u00a0Tiene en cuenta todas las formas de evaluaci\u00f3n posibles en el marco de las ense\u00f1anzas, as\u00ed como la diversidad de sus funciones.\u00a0Tiene por objeto reforzar la igualdad de trato de los alumnos en el seno del establecimiento.<\/p><\/div>\n\t\t\t\t<\/div>\n\t\t\t\t<\/div>\n\t\t\t\t<div class=\"elementor-element elementor-element-75ba8ec elementor-invisible elementor-widget elementor-widget-image\" data-id=\"75ba8ec\" data-element_type=\"widget\" data-settings=\"{&quot;_animation&quot;:&quot;fadeInDown&quot;}\" data-widget_type=\"image.default\">\n\t\t\t\t<div class=\"elementor-widget-container\">\n\t\t\t\t\t<div class=\"elementor-image\">\n\t\t\t\t\t\t\t\t\t\t<img width=\"1024\" height=\"737\" src=\"https:\/\/lfih.org\/wp-content\/uploads\/2022\/02\/IMG_20220117_093941-3-scaled-1024x737.jpg\" class=\"attachment-large size-large\" alt=\"\" loading=\"lazy\" srcset=\"https:\/\/lfih.org\/wp-content\/uploads\/2022\/02\/IMG_20220117_093941-3-scaled-1024x737.jpg 1024w, https:\/\/lfih.org\/wp-content\/uploads\/2022\/02\/IMG_20220117_093941-3-scaled-300x216.jpg 300w, https:\/\/lfih.org\/wp-content\/uploads\/2022\/02\/IMG_20220117_093941-3-scaled-100x72.jpg 100w, https:\/\/lfih.org\/wp-content\/uploads\/2022\/02\/IMG_20220117_093941-3-scaled-1536x1106.jpg 1536w, https:\/\/lfih.org\/wp-content\/uploads\/2022\/02\/IMG_20220117_093941-3-scaled-2048x1474.jpg 2048w, https:\/\/lfih.org\/wp-content\/uploads\/2022\/02\/IMG_20220117_093941-3-scaled-150x108.jpg 150w\" sizes=\"(max-width: 1024px) 100vw, 1024px\" \/>\t\t\t\t\t\t\t\t\t\t\t<\/div>\n\t\t\t\t<\/div>\n\t\t\t\t<\/div>\n\t\t\t\t<section class=\"elementor-section elementor-inner-section elementor-element elementor-element-2072af1 elementor-section-boxed elementor-section-height-default elementor-section-height-default\" data-id=\"2072af1\" data-element_type=\"section\">\n\t\t\t\t\t\t<div class=\"elementor-container elementor-column-gap-default\">\n\t\t\t\t\t\t\t<div class=\"elementor-row\">\n\t\t\t\t\t<div class=\"elementor-column elementor-col-33 elementor-inner-column elementor-element elementor-element-beb38bd\" data-id=\"beb38bd\" data-element_type=\"column\">\n\t\t\t<div class=\"elementor-column-wrap elementor-element-populated\">\n\t\t\t\t\t\t\t<div class=\"elementor-widget-wrap\">\n\t\t\t\t\t\t<div class=\"elementor-element elementor-element-45172f6 elementor-view-default elementor-widget elementor-widget-icon\" data-id=\"45172f6\" data-element_type=\"widget\" data-widget_type=\"icon.default\">\n\t\t\t\t<div class=\"elementor-widget-container\">\n\t\t\t\t\t<div class=\"elementor-icon-wrapper\">\n\t\t\t<div class=\"elementor-icon\">\n\t\t\t<i aria-hidden=\"true\" class=\"fas fa-thumbs-up\"><\/i>\t\t\t<\/div>\n\t\t<\/div>\n\t\t\t\t<\/div>\n\t\t\t\t<\/div>\n\t\t\t\t\t\t<\/div>\n\t\t\t\t\t<\/div>\n\t\t<\/div>\n\t\t\t\t<div class=\"elementor-column elementor-col-33 elementor-inner-column elementor-element elementor-element-3ebc887\" data-id=\"3ebc887\" data-element_type=\"column\">\n\t\t\t<div class=\"elementor-column-wrap elementor-element-populated\">\n\t\t\t\t\t\t\t<div class=\"elementor-widget-wrap\">\n\t\t\t\t\t\t<div class=\"elementor-element elementor-element-64d2866 elementor-widget elementor-widget-button\" data-id=\"64d2866\" data-element_type=\"widget\" data-widget_type=\"button.default\">\n\t\t\t\t<div class=\"elementor-widget-container\">\n\t\t\t\t\t<div class=\"elementor-button-wrapper\">\n\t\t\t<a href=\"https:\/\/lfih.org\/wp-content\/uploads\/2025\/04\/2025_-Projet-devaluation-2022-LFIH-1-1.pdf\" target=\"_blank\" class=\"elementor-button-link elementor-button elementor-size-sm\" role=\"button\">\n\t\t\t\t\t\t<span class=\"elementor-button-content-wrapper\">\n\t\t\t\t\t\t<span class=\"elementor-button-icon elementor-align-icon-left\">\n\t\t\t\t<i aria-hidden=\"true\" class=\"fas fa-file-pdf\"><\/i>\t\t\t<\/span>\n\t\t\t\t\t\t<span class=\"elementor-button-text\">Projet d'evaluation 2021-2022<\/span>\n\t\t<\/span>\n\t\t\t\t\t<\/a>\n\t\t<\/div>\n\t\t\t\t<\/div>\n\t\t\t\t<\/div>\n\t\t\t\t\t\t<\/div>\n\t\t\t\t\t<\/div>\n\t\t<\/div>\n\t\t\t\t<div class=\"elementor-column elementor-col-33 elementor-inner-column elementor-element elementor-element-bfdc92d\" data-id=\"bfdc92d\" data-element_type=\"column\">\n\t\t\t<div class=\"elementor-column-wrap elementor-element-populated\">\n\t\t\t\t\t\t\t<div class=\"elementor-widget-wrap\">\n\t\t\t\t\t\t<div class=\"elementor-element elementor-element-3b22a7b elementor-view-default elementor-widget elementor-widget-icon\" data-id=\"3b22a7b\" data-element_type=\"widget\" data-widget_type=\"icon.default\">\n\t\t\t\t<div class=\"elementor-widget-container\">\n\t\t\t\t\t<div class=\"elementor-icon-wrapper\">\n\t\t\t<div class=\"elementor-icon\">\n\t\t\t<i aria-hidden=\"true\" class=\"fas fa-medal\"><\/i>\t\t\t<\/div>\n\t\t<\/div>\n\t\t\t\t<\/div>\n\t\t\t\t<\/div>\n\t\t\t\t\t\t<\/div>\n\t\t\t\t\t<\/div>\n\t\t<\/div>\n\t\t\t\t\t\t\t\t<\/div>\n\t\t\t\t\t<\/div>\n\t\t<\/section>\n\t\t\t\t\t\t<\/div>\n\t\t\t\t\t<\/div>\n\t\t<\/div>\n\t\t\t\t\t\t\t\t<\/div>\n\t\t\t\t\t<\/div>\n\t\t<\/section>\n\t\t\t\t<section class=\"elementor-section elementor-top-section elementor-element elementor-element-71a1cc8 elementor-section-boxed elementor-section-height-default elementor-section-height-default\" data-id=\"71a1cc8\" data-element_type=\"section\">\n\t\t\t\t\t\t<div class=\"elementor-container elementor-column-gap-default\">\n\t\t\t\t\t\t\t<div class=\"elementor-row\">\n\t\t\t\t\t<div class=\"elementor-column elementor-col-100 elementor-top-column elementor-element elementor-element-9fe43e7\" data-id=\"9fe43e7\" data-element_type=\"column\">\n\t\t\t<div class=\"elementor-column-wrap elementor-element-populated\">\n\t\t\t\t\t\t\t<div class=\"elementor-widget-wrap\">\n\t\t\t\t\t\t<div class=\"elementor-element elementor-element-2f645f8 elementor-widget elementor-widget-text-editor\" data-id=\"2f645f8\" data-element_type=\"widget\" data-widget_type=\"text-editor.default\">\n\t\t\t\t<div class=\"elementor-widget-container\">\n\t\t\t\t\t<div class=\"elementor-text-editor elementor-clearfix\"><h4 style=\"text-align: center;\"><strong>Los diferentes tipos de evaluaci\u00f3n, el control continuo, la certificaci\u00f3n<\/strong><\/h4><\/div>\n\t\t\t\t<\/div>\n\t\t\t\t<\/div>\n\t\t\t\t<section class=\"elementor-section elementor-inner-section elementor-element elementor-element-9caad85 elementor-section-boxed elementor-section-height-default elementor-section-height-default\" data-id=\"9caad85\" data-element_type=\"section\">\n\t\t\t\t\t\t<div class=\"elementor-container elementor-column-gap-default\">\n\t\t\t\t\t\t\t<div class=\"elementor-row\">\n\t\t\t\t\t<div class=\"elementor-column elementor-col-33 elementor-inner-column elementor-element elementor-element-bb5ab81\" data-id=\"bb5ab81\" data-element_type=\"column\">\n\t\t\t<div class=\"elementor-column-wrap elementor-element-populated\">\n\t\t\t\t\t\t\t<div class=\"elementor-widget-wrap\">\n\t\t\t\t\t\t<div class=\"elementor-element elementor-element-c807d25 elementor-widget elementor-widget-text-editor\" data-id=\"c807d25\" data-element_type=\"widget\" data-widget_type=\"text-editor.default\">\n\t\t\t\t<div class=\"elementor-widget-container\">\n\t\t\t\t\t<div class=\"elementor-text-editor elementor-clearfix\"><p><span class=\"ng-star-inserted\">La<strong> evaluaci\u00f3n diagn\u00f3stica<\/strong> tiene por objeto conocer el nivel de dominio de los conocimientos, las competencias y las capacidades de los alumnos, al comienzo del a\u00f1o escolar o al comienzo de una nueva secuencia de aprendizaje;\u00a0<\/span><span class=\"ng-star-inserted\">puede ser objeto de una nota indicativa pero no se tiene en cuenta en el promedio del alumno.<\/span><\/p><\/div>\n\t\t\t\t<\/div>\n\t\t\t\t<\/div>\n\t\t\t\t\t\t<\/div>\n\t\t\t\t\t<\/div>\n\t\t<\/div>\n\t\t\t\t<div class=\"elementor-column elementor-col-33 elementor-inner-column elementor-element elementor-element-d741526\" data-id=\"d741526\" data-element_type=\"column\">\n\t\t\t<div class=\"elementor-column-wrap elementor-element-populated\">\n\t\t\t\t\t\t\t<div class=\"elementor-widget-wrap\">\n\t\t\t\t\t\t<div class=\"elementor-element elementor-element-90ccd91 elementor-widget elementor-widget-text-editor\" data-id=\"90ccd91\" data-element_type=\"widget\" data-widget_type=\"text-editor.default\">\n\t\t\t\t<div class=\"elementor-widget-container\">\n\t\t\t\t\t<div class=\"elementor-text-editor elementor-clearfix\"><p><span class=\"ng-star-inserted\">La <strong>evaluaci\u00f3n formativa<\/strong> toma su lugar en el curso de aprendizaje.\u00a0<\/span><span class=\"ng-star-inserted\">Permite que el alumno se sit\u00fae en la adquisici\u00f3n de los conocimientos, las competencias y las capacidades, gracias a las valoraciones peri\u00f3dicas realizadas por el profesor, con el fin de progresar.<\/span><\/p><\/div>\n\t\t\t\t<\/div>\n\t\t\t\t<\/div>\n\t\t\t\t\t\t<\/div>\n\t\t\t\t\t<\/div>\n\t\t<\/div>\n\t\t\t\t<div class=\"elementor-column elementor-col-33 elementor-inner-column elementor-element elementor-element-68f3849\" data-id=\"68f3849\" data-element_type=\"column\">\n\t\t\t<div class=\"elementor-column-wrap elementor-element-populated\">\n\t\t\t\t\t\t\t<div class=\"elementor-widget-wrap\">\n\t\t\t\t\t\t<div class=\"elementor-element elementor-element-de577f0 elementor-widget elementor-widget-text-editor\" data-id=\"de577f0\" data-element_type=\"widget\" data-widget_type=\"text-editor.default\">\n\t\t\t\t<div class=\"elementor-widget-container\">\n\t\t\t\t\t<div class=\"elementor-text-editor elementor-clearfix\"><p>La <strong>evaluaci\u00f3n acumulativa<\/strong> atesta un nivel de dominio de los conocimientos, las competencias y las capacidades de los alumnos y se sit\u00faa al t\u00e9rmino de un tiempo de aprendizaje espec\u00edfico.<\/p><\/div>\n\t\t\t\t<\/div>\n\t\t\t\t<\/div>\n\t\t\t\t\t\t<\/div>\n\t\t\t\t\t<\/div>\n\t\t<\/div>\n\t\t\t\t\t\t\t\t<\/div>\n\t\t\t\t\t<\/div>\n\t\t<\/section>\n\t\t\t\t\t\t<\/div>\n\t\t\t\t\t<\/div>\n\t\t<\/div>\n\t\t\t\t\t\t\t\t<\/div>\n\t\t\t\t\t<\/div>\n\t\t<\/section>\n\t\t\t\t<section class=\"elementor-section elementor-top-section elementor-element elementor-element-82e2b9b elementor-section-boxed elementor-section-height-default elementor-section-height-default\" data-id=\"82e2b9b\" data-element_type=\"section\">\n\t\t\t\t\t\t<div class=\"elementor-container elementor-column-gap-default\">\n\t\t\t\t\t\t\t<div class=\"elementor-row\">\n\t\t\t\t\t<div class=\"elementor-column elementor-col-50 elementor-top-column elementor-element elementor-element-f4ff3ce\" data-id=\"f4ff3ce\" data-element_type=\"column\">\n\t\t\t<div class=\"elementor-column-wrap elementor-element-populated\">\n\t\t\t\t\t\t\t<div class=\"elementor-widget-wrap\">\n\t\t\t\t\t\t<div class=\"elementor-element elementor-element-1be935a elementor-widget elementor-widget-text-editor\" data-id=\"1be935a\" data-element_type=\"widget\" data-widget_type=\"text-editor.default\">\n\t\t\t\t<div class=\"elementor-widget-container\">\n\t\t\t\t\t<div class=\"elementor-text-editor elementor-clearfix\"><h4>\u00a0<\/h4><h4 style=\"text-align: center;\">Una evaluaci\u00f3n basada en principios comunes<\/h4><\/div>\n\t\t\t\t<\/div>\n\t\t\t\t<\/div>\n\t\t\t\t\t\t<\/div>\n\t\t\t\t\t<\/div>\n\t\t<\/div>\n\t\t\t\t<div class=\"elementor-column elementor-col-50 elementor-top-column elementor-element elementor-element-ce98c10\" data-id=\"ce98c10\" data-element_type=\"column\">\n\t\t\t<div class=\"elementor-column-wrap elementor-element-populated\">\n\t\t\t\t\t\t\t<div class=\"elementor-widget-wrap\">\n\t\t\t\t\t\t<div class=\"elementor-element elementor-element-e57486e elementor-widget elementor-widget-text-editor\" data-id=\"e57486e\" data-element_type=\"widget\" data-widget_type=\"text-editor.default\">\n\t\t\t\t<div class=\"elementor-widget-container\">\n\t\t\t\t\t<div class=\"elementor-text-editor elementor-clearfix\"><h4><strong>Diversificaci\u00f3n de los tipos y la naturaleza de las situaciones que se tienen en cuenta en la evaluaci\u00f3n en el contexto de la ense\u00f1anza.<\/strong><\/h4><\/div>\n\t\t\t\t<\/div>\n\t\t\t\t<\/div>\n\t\t\t\t\t\t<\/div>\n\t\t\t\t\t<\/div>\n\t\t<\/div>\n\t\t\t\t\t\t\t\t<\/div>\n\t\t\t\t\t<\/div>\n\t\t<\/section>\n\t\t\t\t<section class=\"elementor-section elementor-top-section elementor-element elementor-element-05a9e8e elementor-section-boxed elementor-section-height-default elementor-section-height-default\" data-id=\"05a9e8e\" data-element_type=\"section\">\n\t\t\t\t\t\t<div class=\"elementor-container elementor-column-gap-default\">\n\t\t\t\t\t\t\t<div class=\"elementor-row\">\n\t\t\t\t\t<div class=\"elementor-column elementor-col-50 elementor-top-column elementor-element elementor-element-c774506\" data-id=\"c774506\" data-element_type=\"column\">\n\t\t\t<div class=\"elementor-column-wrap elementor-element-populated\">\n\t\t\t\t\t\t\t<div class=\"elementor-widget-wrap\">\n\t\t\t\t\t\t<div class=\"elementor-element elementor-element-0fa979d elementor-widget elementor-widget-text-editor\" data-id=\"0fa979d\" data-element_type=\"widget\" data-widget_type=\"text-editor.default\">\n\t\t\t\t<div class=\"elementor-widget-container\">\n\t\t\t\t\t<div class=\"elementor-text-editor elementor-clearfix\"><p>La evaluaci\u00f3n de los alumnos se basa en la medici\u00f3n de la adquisici\u00f3n de los conocimientos, las competencias y las capacidades relacionados con los objetivos de formaci\u00f3n de los programas.<\/p><p>Para que los alumnos comprendan el sentido de la evaluaci\u00f3n, \u00e9sta debe ser expl\u00edcita: cada alumno sabe sobre qu\u00e9 se evaluar\u00e1, conoce lo que se espera de \u00e9l, los criterios de evaluaci\u00f3n y retiene de la evaluaci\u00f3n realizada el grado de adquisici\u00f3n alcanzado as\u00ed como los elementos que debe trabajar. La evaluaci\u00f3n es una parte integral del aprendizaje.<\/p><\/div>\n\t\t\t\t<\/div>\n\t\t\t\t<\/div>\n\t\t\t\t\t\t<\/div>\n\t\t\t\t\t<\/div>\n\t\t<\/div>\n\t\t\t\t<div class=\"elementor-column elementor-col-50 elementor-top-column elementor-element elementor-element-c0ca9d2\" data-id=\"c0ca9d2\" data-element_type=\"column\">\n\t\t\t<div class=\"elementor-column-wrap elementor-element-populated\">\n\t\t\t\t\t\t\t<div class=\"elementor-widget-wrap\">\n\t\t\t\t\t\t<div class=\"elementor-element elementor-element-79a9716 elementor-widget elementor-widget-text-editor\" data-id=\"79a9716\" data-element_type=\"widget\" data-widget_type=\"text-editor.default\">\n\t\t\t\t<div class=\"elementor-widget-container\">\n\t\t\t\t\t<div class=\"elementor-text-editor elementor-clearfix\"><p>Las situaciones de evaluaci\u00f3n podr\u00e1n incluir evaluaciones escritas y\/o orales, con preguntas abiertas o de elecci\u00f3n m\u00faltiple, en formato impreso o digital, evaluaciones pr\u00e1cticas o experimentales, trabajos individuales o colectivos, trabajos propuestos en clase o fuera de clase, deberes supervisados (en el aula) en tiempo y condiciones restringidas, deberes en tiempo libre, en presencia o a distancia, seg\u00fan las exigencias del proyecto pedag\u00f3gico concebido por el profesor.\u00a0El recurso a interrogatorios regulares de corta duraci\u00f3n, incluidos los QCM (cuestionario de respuestas m\u00faltiples), permite acompa\u00f1ar el aprendizaje regular.<\/p><\/div>\n\t\t\t\t<\/div>\n\t\t\t\t<\/div>\n\t\t\t\t\t\t<\/div>\n\t\t\t\t\t<\/div>\n\t\t<\/div>\n\t\t\t\t\t\t\t\t<\/div>\n\t\t\t\t\t<\/div>\n\t\t<\/section>\n\t\t\t\t\t\t<\/div>\n\t\t\t\t\t\t<\/div>\n\t\t\t\t\t<\/div>\n\t\t","protected":false},"excerpt":{"rendered":"<p>El proyecto de evaluaci\u00f3n est\u00e1 al servicio del aprendizaje de los estudiantes de ense\u00f1anza secundaria.\u00a0Se dirige en primer lugar a&nbsp;<a href=\"https:\/\/lfih.org\/index.php\/proyecto-de-evaluacion\/\">&hellip;<\/a><\/p>\n","protected":false},"author":1,"featured_media":0,"parent":0,"menu_order":0,"comment_status":"closed","ping_status":"closed","template":"","meta":[],"_links":{"self":[{"href":"https:\/\/lfih.org\/index.php\/wp-json\/wp\/v2\/pages\/5701"}],"collection":[{"href":"https:\/\/lfih.org\/index.php\/wp-json\/wp\/v2\/pages"}],"about":[{"href":"https:\/\/lfih.org\/index.php\/wp-json\/wp\/v2\/types\/page"}],"author":[{"embeddable":true,"href":"https:\/\/lfih.org\/index.php\/wp-json\/wp\/v2\/users\/1"}],"replies":[{"embeddable":true,"href":"https:\/\/lfih.org\/index.php\/wp-json\/wp\/v2\/comments?post=5701"}],"version-history":[{"count":19,"href":"https:\/\/lfih.org\/index.php\/wp-json\/wp\/v2\/pages\/5701\/revisions"}],"predecessor-version":[{"id":25721,"href":"https:\/\/lfih.org\/index.php\/wp-json\/wp\/v2\/pages\/5701\/revisions\/25721"}],"wp:attachment":[{"href":"https:\/\/lfih.org\/index.php\/wp-json\/wp\/v2\/media?parent=5701"}],"curies":[{"name":"wp","href":"https:\/\/api.w.org\/{rel}","templated":true}]}}