{"id":5680,"date":"2022-02-14T16:32:08","date_gmt":"2022-02-14T21:32:08","guid":{"rendered":"https:\/\/lfih.org\/?page_id=5680"},"modified":"2025-04-15T10:48:21","modified_gmt":"2025-04-15T14:48:21","slug":"projet-devaluation","status":"publish","type":"page","link":"https:\/\/lfih.org\/index.php\/projet-devaluation\/","title":{"rendered":"Projet d&rsquo;\u00e9valuation"},"content":{"rendered":"\t\t<div data-elementor-type=\"wp-page\" data-elementor-id=\"5680\" class=\"elementor elementor-5680\" data-elementor-settings=\"[]\">\n\t\t\t\t\t\t<div class=\"elementor-inner\">\n\t\t\t\t\t\t\t<div class=\"elementor-section-wrap\">\n\t\t\t\t\t\t\t<section class=\"elementor-section elementor-top-section elementor-element elementor-element-cc396bd elementor-section-boxed elementor-section-height-default elementor-section-height-default\" data-id=\"cc396bd\" data-element_type=\"section\">\n\t\t\t\t\t\t<div class=\"elementor-container elementor-column-gap-default\">\n\t\t\t\t\t\t\t<div class=\"elementor-row\">\n\t\t\t\t\t<div class=\"elementor-column elementor-col-100 elementor-top-column elementor-element elementor-element-db58a5b\" data-id=\"db58a5b\" data-element_type=\"column\">\n\t\t\t<div class=\"elementor-column-wrap elementor-element-populated\">\n\t\t\t\t\t\t\t<div class=\"elementor-widget-wrap\">\n\t\t\t\t\t\t<div class=\"elementor-element elementor-element-ece36c0 elementor-widget elementor-widget-image\" data-id=\"ece36c0\" data-element_type=\"widget\" data-widget_type=\"image.default\">\n\t\t\t\t<div class=\"elementor-widget-container\">\n\t\t\t\t\t<div class=\"elementor-image\">\n\t\t\t\t\t\t\t\t\t\t\t<a href=\"https:\/\/lfih.org\/wp-content\/uploads\/2025\/04\/2025_-Projet-devaluation-2022-LFIH-1-1.pdf\" target=\"_blank\">\n\t\t\t\t\t\t\t<img width=\"397\" height=\"561\" src=\"https:\/\/lfih.org\/wp-content\/uploads\/2025\/04\/2025_Projet-devaluation.png\" class=\"attachment-medium_large size-medium_large\" alt=\"\" loading=\"lazy\" srcset=\"https:\/\/lfih.org\/wp-content\/uploads\/2025\/04\/2025_Projet-devaluation.png 397w, https:\/\/lfih.org\/wp-content\/uploads\/2025\/04\/2025_Projet-devaluation-212x300.png 212w, https:\/\/lfih.org\/wp-content\/uploads\/2025\/04\/2025_Projet-devaluation-71x100.png 71w, https:\/\/lfih.org\/wp-content\/uploads\/2025\/04\/2025_Projet-devaluation-106x150.png 106w\" sizes=\"(max-width: 397px) 100vw, 397px\" \/>\t\t\t\t\t\t\t\t<\/a>\n\t\t\t\t\t\t\t\t\t\t\t<\/div>\n\t\t\t\t<\/div>\n\t\t\t\t<\/div>\n\t\t\t\t<div class=\"elementor-element elementor-element-6d87689 elementor-widget elementor-widget-text-editor\" data-id=\"6d87689\" data-element_type=\"widget\" data-widget_type=\"text-editor.default\">\n\t\t\t\t<div class=\"elementor-widget-container\">\n\t\t\t\t\t<div class=\"elementor-text-editor elementor-clearfix\"><p><strong>Le projet d\u2019\u00e9valuation<\/strong> est au service des apprentissages des coll\u00e9giens et des lyc\u00e9ens. Il s\u2019adresse en premier lieu aux professeurs et aux cadres de l\u2019\u00e9ducation nationale, mais aussi aux familles et aux \u00e9l\u00e8ves.<br \/>Ce projet expose \u00e0 la fois des principes communs par discipline et par sp\u00e9cialit\u00e9. Il concerne le cycle terminal du parcours de l\u2019\u00e9l\u00e8ve au lyc\u00e9e mais il donne \u00e9galement un cadre qui pr\u00e9sente des d\u00e9clinaisons sur l\u2019ensemble des niveaux du coll\u00e8ge et du lyc\u00e9e g\u00e9n\u00e9ral. Il prend en consid\u00e9ration toutes les formes d\u2019\u00e9valuation possibles dans le cadre des enseignements ainsi que la diversit\u00e9 de leurs r\u00f4les. Il vise \u00e0 conforter l\u2019\u00e9galit\u00e9 de traitement des \u00e9l\u00e8ves au sein de l\u2019\u00e9tablissement.<\/p><\/div>\n\t\t\t\t<\/div>\n\t\t\t\t<\/div>\n\t\t\t\t<div class=\"elementor-element elementor-element-75ba8ec elementor-invisible elementor-widget elementor-widget-image\" data-id=\"75ba8ec\" data-element_type=\"widget\" data-settings=\"{&quot;_animation&quot;:&quot;fadeInDown&quot;}\" data-widget_type=\"image.default\">\n\t\t\t\t<div class=\"elementor-widget-container\">\n\t\t\t\t\t<div class=\"elementor-image\">\n\t\t\t\t\t\t\t\t\t\t<img width=\"1024\" height=\"737\" src=\"https:\/\/lfih.org\/wp-content\/uploads\/2022\/02\/IMG_20220117_093941-3-scaled-1024x737.jpg\" class=\"attachment-large size-large\" alt=\"\" loading=\"lazy\" srcset=\"https:\/\/lfih.org\/wp-content\/uploads\/2022\/02\/IMG_20220117_093941-3-scaled-1024x737.jpg 1024w, https:\/\/lfih.org\/wp-content\/uploads\/2022\/02\/IMG_20220117_093941-3-scaled-300x216.jpg 300w, https:\/\/lfih.org\/wp-content\/uploads\/2022\/02\/IMG_20220117_093941-3-scaled-100x72.jpg 100w, https:\/\/lfih.org\/wp-content\/uploads\/2022\/02\/IMG_20220117_093941-3-scaled-1536x1106.jpg 1536w, https:\/\/lfih.org\/wp-content\/uploads\/2022\/02\/IMG_20220117_093941-3-scaled-2048x1474.jpg 2048w, https:\/\/lfih.org\/wp-content\/uploads\/2022\/02\/IMG_20220117_093941-3-scaled-150x108.jpg 150w\" sizes=\"(max-width: 1024px) 100vw, 1024px\" \/>\t\t\t\t\t\t\t\t\t\t\t<\/div>\n\t\t\t\t<\/div>\n\t\t\t\t<\/div>\n\t\t\t\t<section class=\"elementor-section elementor-inner-section elementor-element elementor-element-2072af1 elementor-section-boxed elementor-section-height-default elementor-section-height-default\" data-id=\"2072af1\" data-element_type=\"section\">\n\t\t\t\t\t\t<div class=\"elementor-container elementor-column-gap-default\">\n\t\t\t\t\t\t\t<div class=\"elementor-row\">\n\t\t\t\t\t<div class=\"elementor-column elementor-col-33 elementor-inner-column elementor-element elementor-element-beb38bd\" data-id=\"beb38bd\" data-element_type=\"column\">\n\t\t\t<div class=\"elementor-column-wrap elementor-element-populated\">\n\t\t\t\t\t\t\t<div class=\"elementor-widget-wrap\">\n\t\t\t\t\t\t<div class=\"elementor-element elementor-element-45172f6 elementor-view-default elementor-widget elementor-widget-icon\" data-id=\"45172f6\" data-element_type=\"widget\" data-widget_type=\"icon.default\">\n\t\t\t\t<div class=\"elementor-widget-container\">\n\t\t\t\t\t<div class=\"elementor-icon-wrapper\">\n\t\t\t<div class=\"elementor-icon\">\n\t\t\t<i aria-hidden=\"true\" class=\"fas fa-thumbs-up\"><\/i>\t\t\t<\/div>\n\t\t<\/div>\n\t\t\t\t<\/div>\n\t\t\t\t<\/div>\n\t\t\t\t\t\t<\/div>\n\t\t\t\t\t<\/div>\n\t\t<\/div>\n\t\t\t\t<div class=\"elementor-column elementor-col-33 elementor-inner-column elementor-element elementor-element-3ebc887\" data-id=\"3ebc887\" data-element_type=\"column\">\n\t\t\t<div class=\"elementor-column-wrap elementor-element-populated\">\n\t\t\t\t\t\t\t<div class=\"elementor-widget-wrap\">\n\t\t\t\t\t\t<div class=\"elementor-element elementor-element-64d2866 elementor-widget elementor-widget-button\" data-id=\"64d2866\" data-element_type=\"widget\" data-widget_type=\"button.default\">\n\t\t\t\t<div class=\"elementor-widget-container\">\n\t\t\t\t\t<div class=\"elementor-button-wrapper\">\n\t\t\t<a href=\"https:\/\/lfih.org\/wp-content\/uploads\/2025\/04\/2025_-Projet-devaluation-2022-LFIH-1-1.pdf\" target=\"_blank\" class=\"elementor-button-link elementor-button elementor-size-sm\" role=\"button\">\n\t\t\t\t\t\t<span class=\"elementor-button-content-wrapper\">\n\t\t\t\t\t\t<span class=\"elementor-button-icon elementor-align-icon-left\">\n\t\t\t\t<i aria-hidden=\"true\" class=\"fas fa-file-pdf\"><\/i>\t\t\t<\/span>\n\t\t\t\t\t\t<span class=\"elementor-button-text\">Projet d'evaluation 2021-2022<\/span>\n\t\t<\/span>\n\t\t\t\t\t<\/a>\n\t\t<\/div>\n\t\t\t\t<\/div>\n\t\t\t\t<\/div>\n\t\t\t\t\t\t<\/div>\n\t\t\t\t\t<\/div>\n\t\t<\/div>\n\t\t\t\t<div class=\"elementor-column elementor-col-33 elementor-inner-column elementor-element elementor-element-bfdc92d\" data-id=\"bfdc92d\" data-element_type=\"column\">\n\t\t\t<div class=\"elementor-column-wrap elementor-element-populated\">\n\t\t\t\t\t\t\t<div class=\"elementor-widget-wrap\">\n\t\t\t\t\t\t<div class=\"elementor-element elementor-element-3b22a7b elementor-view-default elementor-widget elementor-widget-icon\" data-id=\"3b22a7b\" data-element_type=\"widget\" data-widget_type=\"icon.default\">\n\t\t\t\t<div class=\"elementor-widget-container\">\n\t\t\t\t\t<div class=\"elementor-icon-wrapper\">\n\t\t\t<div class=\"elementor-icon\">\n\t\t\t<i aria-hidden=\"true\" class=\"fas fa-medal\"><\/i>\t\t\t<\/div>\n\t\t<\/div>\n\t\t\t\t<\/div>\n\t\t\t\t<\/div>\n\t\t\t\t\t\t<\/div>\n\t\t\t\t\t<\/div>\n\t\t<\/div>\n\t\t\t\t\t\t\t\t<\/div>\n\t\t\t\t\t<\/div>\n\t\t<\/section>\n\t\t\t\t\t\t<\/div>\n\t\t\t\t\t<\/div>\n\t\t<\/div>\n\t\t\t\t\t\t\t\t<\/div>\n\t\t\t\t\t<\/div>\n\t\t<\/section>\n\t\t\t\t<section class=\"elementor-section elementor-top-section elementor-element elementor-element-71a1cc8 elementor-section-boxed elementor-section-height-default elementor-section-height-default\" data-id=\"71a1cc8\" data-element_type=\"section\">\n\t\t\t\t\t\t<div class=\"elementor-container elementor-column-gap-default\">\n\t\t\t\t\t\t\t<div class=\"elementor-row\">\n\t\t\t\t\t<div class=\"elementor-column elementor-col-100 elementor-top-column elementor-element elementor-element-9fe43e7\" data-id=\"9fe43e7\" data-element_type=\"column\">\n\t\t\t<div class=\"elementor-column-wrap elementor-element-populated\">\n\t\t\t\t\t\t\t<div class=\"elementor-widget-wrap\">\n\t\t\t\t\t\t<div class=\"elementor-element elementor-element-2f645f8 elementor-widget elementor-widget-text-editor\" data-id=\"2f645f8\" data-element_type=\"widget\" data-widget_type=\"text-editor.default\">\n\t\t\t\t<div class=\"elementor-widget-container\">\n\t\t\t\t\t<div class=\"elementor-text-editor elementor-clearfix\"><h4 style=\"text-align: center;\"><strong>Les diff\u00e9rents types d\u2019\u00e9valuation, le contr\u00f4le continu, la certification<\/strong><\/h4><\/div>\n\t\t\t\t<\/div>\n\t\t\t\t<\/div>\n\t\t\t\t<section class=\"elementor-section elementor-inner-section elementor-element elementor-element-9caad85 elementor-section-boxed elementor-section-height-default elementor-section-height-default\" data-id=\"9caad85\" data-element_type=\"section\">\n\t\t\t\t\t\t<div class=\"elementor-container elementor-column-gap-default\">\n\t\t\t\t\t\t\t<div class=\"elementor-row\">\n\t\t\t\t\t<div class=\"elementor-column elementor-col-33 elementor-inner-column elementor-element elementor-element-bb5ab81\" data-id=\"bb5ab81\" data-element_type=\"column\">\n\t\t\t<div class=\"elementor-column-wrap elementor-element-populated\">\n\t\t\t\t\t\t\t<div class=\"elementor-widget-wrap\">\n\t\t\t\t\t\t<div class=\"elementor-element elementor-element-c807d25 elementor-widget elementor-widget-text-editor\" data-id=\"c807d25\" data-element_type=\"widget\" data-widget_type=\"text-editor.default\">\n\t\t\t\t<div class=\"elementor-widget-container\">\n\t\t\t\t\t<div class=\"elementor-text-editor elementor-clearfix\"><p><strong>L\u2019\u00e9valuation diagnostique<\/strong> a pour objet de conna\u00eetre le niveau de ma\u00eetrise des connaissances, des comp\u00e9tences, des capacit\u00e9s des \u00e9l\u00e8ves, en d\u00e9but d\u2019ann\u00e9e scolaire ou en d\u00e9but d\u2019une nouvelle s\u00e9quence d\u2019apprentissage ; elle peut faire l\u2019objet d\u2019une note indicative mais qui n\u2019a pas vocation \u00e0 entrer dans la moyenne de l\u2019\u00e9lfve.<\/p><\/div>\n\t\t\t\t<\/div>\n\t\t\t\t<\/div>\n\t\t\t\t\t\t<\/div>\n\t\t\t\t\t<\/div>\n\t\t<\/div>\n\t\t\t\t<div class=\"elementor-column elementor-col-33 elementor-inner-column elementor-element elementor-element-d741526\" data-id=\"d741526\" data-element_type=\"column\">\n\t\t\t<div class=\"elementor-column-wrap elementor-element-populated\">\n\t\t\t\t\t\t\t<div class=\"elementor-widget-wrap\">\n\t\t\t\t\t\t<div class=\"elementor-element elementor-element-90ccd91 elementor-widget elementor-widget-text-editor\" data-id=\"90ccd91\" data-element_type=\"widget\" data-widget_type=\"text-editor.default\">\n\t\t\t\t<div class=\"elementor-widget-container\">\n\t\t\t\t\t<div class=\"elementor-text-editor elementor-clearfix\"><p><strong>L\u2019\u00e9valuation formative<\/strong> prend sa place en cours d\u2019apprentissage. Elle permet \u00e0 l\u2019\u00e9l\u00e8ve de se situer dans l\u2019acquisition des connaissances, des comp\u00e9tences et des capacit\u00e9s, gr\u00e2ce aux appr\u00e9ciations r\u00e9gulifres port\u00e9es par l\u2019enseignant, afin de progresser.<\/p><\/div>\n\t\t\t\t<\/div>\n\t\t\t\t<\/div>\n\t\t\t\t\t\t<\/div>\n\t\t\t\t\t<\/div>\n\t\t<\/div>\n\t\t\t\t<div class=\"elementor-column elementor-col-33 elementor-inner-column elementor-element elementor-element-68f3849\" data-id=\"68f3849\" data-element_type=\"column\">\n\t\t\t<div class=\"elementor-column-wrap elementor-element-populated\">\n\t\t\t\t\t\t\t<div class=\"elementor-widget-wrap\">\n\t\t\t\t\t\t<div class=\"elementor-element elementor-element-de577f0 elementor-widget elementor-widget-text-editor\" data-id=\"de577f0\" data-element_type=\"widget\" data-widget_type=\"text-editor.default\">\n\t\t\t\t<div class=\"elementor-widget-container\">\n\t\t\t\t\t<div class=\"elementor-text-editor elementor-clearfix\"><p><strong>L\u2019\u00e9valuation sommative<\/strong> atteste un niveau de ma\u00eetrise des connaissances, des comp\u00e9tences et des capacit\u00e9s des \u00e9lfves et se situe au terme d\u2019un temps d\u2019apprentissage sp\u00e9cifique.<\/p><\/div>\n\t\t\t\t<\/div>\n\t\t\t\t<\/div>\n\t\t\t\t\t\t<\/div>\n\t\t\t\t\t<\/div>\n\t\t<\/div>\n\t\t\t\t\t\t\t\t<\/div>\n\t\t\t\t\t<\/div>\n\t\t<\/section>\n\t\t\t\t\t\t<\/div>\n\t\t\t\t\t<\/div>\n\t\t<\/div>\n\t\t\t\t\t\t\t\t<\/div>\n\t\t\t\t\t<\/div>\n\t\t<\/section>\n\t\t\t\t<section class=\"elementor-section elementor-top-section elementor-element elementor-element-82e2b9b elementor-section-boxed elementor-section-height-default elementor-section-height-default\" data-id=\"82e2b9b\" data-element_type=\"section\">\n\t\t\t\t\t\t<div class=\"elementor-container elementor-column-gap-default\">\n\t\t\t\t\t\t\t<div class=\"elementor-row\">\n\t\t\t\t\t<div class=\"elementor-column elementor-col-50 elementor-top-column elementor-element elementor-element-f4ff3ce\" data-id=\"f4ff3ce\" data-element_type=\"column\">\n\t\t\t<div class=\"elementor-column-wrap elementor-element-populated\">\n\t\t\t\t\t\t\t<div class=\"elementor-widget-wrap\">\n\t\t\t\t\t\t<div class=\"elementor-element elementor-element-1be935a elementor-widget elementor-widget-text-editor\" data-id=\"1be935a\" data-element_type=\"widget\" data-widget_type=\"text-editor.default\">\n\t\t\t\t<div class=\"elementor-widget-container\">\n\t\t\t\t\t<div class=\"elementor-text-editor elementor-clearfix\"><h4 style=\"text-align: center;\">Une \u00e9valuation adoss\u00e9e \u00e0 des principes communs<\/h4><\/div>\n\t\t\t\t<\/div>\n\t\t\t\t<\/div>\n\t\t\t\t\t\t<\/div>\n\t\t\t\t\t<\/div>\n\t\t<\/div>\n\t\t\t\t<div class=\"elementor-column elementor-col-50 elementor-top-column elementor-element elementor-element-ce98c10\" data-id=\"ce98c10\" data-element_type=\"column\">\n\t\t\t<div class=\"elementor-column-wrap elementor-element-populated\">\n\t\t\t\t\t\t\t<div class=\"elementor-widget-wrap\">\n\t\t\t\t\t\t<div class=\"elementor-element elementor-element-e57486e elementor-widget elementor-widget-text-editor\" data-id=\"e57486e\" data-element_type=\"widget\" data-widget_type=\"text-editor.default\">\n\t\t\t\t<div class=\"elementor-widget-container\">\n\t\t\t\t\t<div class=\"elementor-text-editor elementor-clearfix\"><h4 style=\"text-align: center;\">Diversification des types et de la nature des situations prises en compte dans l\u2019\u00e9valuation dans le cadre des enseignements<\/h4><\/div>\n\t\t\t\t<\/div>\n\t\t\t\t<\/div>\n\t\t\t\t\t\t<\/div>\n\t\t\t\t\t<\/div>\n\t\t<\/div>\n\t\t\t\t\t\t\t\t<\/div>\n\t\t\t\t\t<\/div>\n\t\t<\/section>\n\t\t\t\t<section class=\"elementor-section elementor-top-section elementor-element elementor-element-05a9e8e elementor-section-boxed elementor-section-height-default elementor-section-height-default\" data-id=\"05a9e8e\" data-element_type=\"section\">\n\t\t\t\t\t\t<div class=\"elementor-container elementor-column-gap-default\">\n\t\t\t\t\t\t\t<div class=\"elementor-row\">\n\t\t\t\t\t<div class=\"elementor-column elementor-col-50 elementor-top-column elementor-element elementor-element-c774506\" data-id=\"c774506\" data-element_type=\"column\">\n\t\t\t<div class=\"elementor-column-wrap elementor-element-populated\">\n\t\t\t\t\t\t\t<div class=\"elementor-widget-wrap\">\n\t\t\t\t\t\t<div class=\"elementor-element elementor-element-0fa979d elementor-widget elementor-widget-text-editor\" data-id=\"0fa979d\" data-element_type=\"widget\" data-widget_type=\"text-editor.default\">\n\t\t\t\t<div class=\"elementor-widget-container\">\n\t\t\t\t\t<div class=\"elementor-text-editor elementor-clearfix\"><p>L\u2019\u00e9valuation des \u00e9l\u00e8ves est fond\u00e9e sur la mesure de l\u2019acquisition des connaissances, des comp\u00e9tences, et des capacit\u00e9s, li\u00e9es aux objectifs de formation des programmes.<\/p><p>Afin que les \u00e9lfves comprennent le sens de l\u2019\u00e9valuation, celle-ci se doit d\u2019\u00eatre explicite : chaque \u00e9l\u00e8ve sait sur quoi il sera \u00e9valu\u00e9, conna\u00eet les attendus, les critfres d\u2019\u00e9valuation et retient de l\u2019\u00e9valuation men\u00e9e le degr\u00e9 d\u2019acquisition atteint ainsi que les \u00e9l\u00e9ments \u00e0 travailler. En cela, l&rsquo;\u00e9valuation fait partie int\u00e9grante de l&rsquo;apprentissage.<\/p><\/div>\n\t\t\t\t<\/div>\n\t\t\t\t<\/div>\n\t\t\t\t\t\t<\/div>\n\t\t\t\t\t<\/div>\n\t\t<\/div>\n\t\t\t\t<div class=\"elementor-column elementor-col-50 elementor-top-column elementor-element elementor-element-c0ca9d2\" data-id=\"c0ca9d2\" data-element_type=\"column\">\n\t\t\t<div class=\"elementor-column-wrap elementor-element-populated\">\n\t\t\t\t\t\t\t<div class=\"elementor-widget-wrap\">\n\t\t\t\t\t\t<div class=\"elementor-element elementor-element-79a9716 elementor-widget elementor-widget-text-editor\" data-id=\"79a9716\" data-element_type=\"widget\" data-widget_type=\"text-editor.default\">\n\t\t\t\t<div class=\"elementor-widget-container\">\n\t\t\t\t\t<div class=\"elementor-text-editor elementor-clearfix\"><p>\u00a0Les situations d\u2019\u00e9valuation peuvent inclure des \u00e9valuations \u00e9crites et\/ou orales, avec des questions ouvertes ou \u00e0 choix multiples, sous format papier ou num\u00e9rique, des \u00e9valuations pratiques ou exp\u00e9rimentales, des travaux individuels ou collectifs, des travaux propos\u00e9s en classe ou hors la classe, des devoirs surveill\u00e9s (devoirs sur table) en temps et conditions contraints, des devoirs en temps libre, en pr\u00e9sence ou \u00e0 distance, selon les exigences du projet p\u00e9dagogique con\u00e7u par le professeur. Le recours \u00e0 des interrogations r\u00e9guli\u00e8res de courte dur\u00e9e, dont les QCM, permet d\u2019accompagner des apprentissages r\u00e9guliers.<\/p><\/div>\n\t\t\t\t<\/div>\n\t\t\t\t<\/div>\n\t\t\t\t\t\t<\/div>\n\t\t\t\t\t<\/div>\n\t\t<\/div>\n\t\t\t\t\t\t\t\t<\/div>\n\t\t\t\t\t<\/div>\n\t\t<\/section>\n\t\t\t\t\t\t<\/div>\n\t\t\t\t\t\t<\/div>\n\t\t\t\t\t<\/div>\n\t\t","protected":false},"excerpt":{"rendered":"<p>Le projet d\u2019\u00e9valuation est au service des apprentissages des coll\u00e9giens et des lyc\u00e9ens. Il s\u2019adresse en premier lieu aux professeurs&nbsp;<a href=\"https:\/\/lfih.org\/index.php\/projet-devaluation\/\">&hellip;<\/a><\/p>\n","protected":false},"author":1,"featured_media":0,"parent":0,"menu_order":0,"comment_status":"closed","ping_status":"closed","template":"","meta":[],"_links":{"self":[{"href":"https:\/\/lfih.org\/index.php\/wp-json\/wp\/v2\/pages\/5680"}],"collection":[{"href":"https:\/\/lfih.org\/index.php\/wp-json\/wp\/v2\/pages"}],"about":[{"href":"https:\/\/lfih.org\/index.php\/wp-json\/wp\/v2\/types\/page"}],"author":[{"embeddable":true,"href":"https:\/\/lfih.org\/index.php\/wp-json\/wp\/v2\/users\/1"}],"replies":[{"embeddable":true,"href":"https:\/\/lfih.org\/index.php\/wp-json\/wp\/v2\/comments?post=5680"}],"version-history":[{"count":28,"href":"https:\/\/lfih.org\/index.php\/wp-json\/wp\/v2\/pages\/5680\/revisions"}],"predecessor-version":[{"id":25788,"href":"https:\/\/lfih.org\/index.php\/wp-json\/wp\/v2\/pages\/5680\/revisions\/25788"}],"wp:attachment":[{"href":"https:\/\/lfih.org\/index.php\/wp-json\/wp\/v2\/media?parent=5680"}],"curies":[{"name":"wp","href":"https:\/\/api.w.org\/{rel}","templated":true}]}}