{"id":4853,"date":"2021-10-11T10:18:59","date_gmt":"2021-10-11T14:18:59","guid":{"rendered":"https:\/\/lfih.org\/?page_id=4853"},"modified":"2021-10-11T10:27:34","modified_gmt":"2021-10-11T14:27:34","slug":"agora-2","status":"publish","type":"page","link":"https:\/\/lfih.org\/index.php\/agora-2\/","title":{"rendered":"AGORA"},"content":{"rendered":"\t\t<div data-elementor-type=\"wp-page\" data-elementor-id=\"4853\" class=\"elementor elementor-4853\" data-elementor-settings=\"[]\">\n\t\t\t\t\t\t<div class=\"elementor-inner\">\n\t\t\t\t\t\t\t<div class=\"elementor-section-wrap\">\n\t\t\t\t\t\t\t<section class=\"elementor-section elementor-top-section elementor-element elementor-element-93b323b elementor-section-boxed elementor-section-height-default elementor-section-height-default\" data-id=\"93b323b\" data-element_type=\"section\">\n\t\t\t\t\t\t<div class=\"elementor-container elementor-column-gap-default\">\n\t\t\t\t\t\t\t<div class=\"elementor-row\">\n\t\t\t\t\t<div class=\"elementor-column elementor-col-100 elementor-top-column elementor-element elementor-element-9d02e45\" data-id=\"9d02e45\" data-element_type=\"column\">\n\t\t\t<div class=\"elementor-column-wrap elementor-element-populated\">\n\t\t\t\t\t\t\t<div class=\"elementor-widget-wrap\">\n\t\t\t\t\t\t<div class=\"elementor-element elementor-element-a7e8015 elementor-widget elementor-widget-heading\" data-id=\"a7e8015\" data-element_type=\"widget\" data-widget_type=\"heading.default\">\n\t\t\t\t<div class=\"elementor-widget-container\">\n\t\t\t<h2 class=\"elementor-heading-title elementor-size-default\">\u00bfQu\u00e9 es AGORA?<\/h2>\t\t<\/div>\n\t\t\t\t<\/div>\n\t\t\t\t\t\t<\/div>\n\t\t\t\t\t<\/div>\n\t\t<\/div>\n\t\t\t\t\t\t\t\t<\/div>\n\t\t\t\t\t<\/div>\n\t\t<\/section>\n\t\t\t\t<section class=\"elementor-section elementor-top-section elementor-element elementor-element-8644997 elementor-section-boxed elementor-section-height-default elementor-section-height-default\" data-id=\"8644997\" data-element_type=\"section\">\n\t\t\t\t\t\t<div class=\"elementor-container elementor-column-gap-default\">\n\t\t\t\t\t\t\t<div class=\"elementor-row\">\n\t\t\t\t\t<div class=\"elementor-column elementor-col-100 elementor-top-column elementor-element elementor-element-2d92cc1\" data-id=\"2d92cc1\" data-element_type=\"column\">\n\t\t\t<div class=\"elementor-column-wrap elementor-element-populated\">\n\t\t\t\t\t\t\t<div class=\"elementor-widget-wrap\">\n\t\t\t\t\t\t<div class=\"elementor-element elementor-element-f69f5cb elementor-widget elementor-widget-text-editor\" data-id=\"f69f5cb\" data-element_type=\"widget\" data-widget_type=\"text-editor.default\">\n\t\t\t\t<div class=\"elementor-widget-container\">\n\t\t\t\t\t<div class=\"elementor-text-editor elementor-clearfix\"><p>La plataforma AGORA Mundo, <a href=\"http:\/\/www.agora-aefe.fr\/\">www.agora-aefe.fr<\/a>, que ya cuenta con m\u00e1s de 100.000 usuarios, es una de las herramientas digitales que ilustran la fuerza de la red AEFE. Esta herramienta, desarrollada por la AEFE, est\u00e1 a vuestra disposici\u00f3n para ayudar a sus hijos a construir su trayectoria profesional.<br \/>\u00ab\u00a0Una plataforma, muchos proyectos\u00a0\u00bb: AGORA Monde es una plataforma de orientaci\u00f3n, intercambios escolares, intercambios educativos y eco-ciudadan\u00eda.<\/p><p>El objetivo de la plataforma AGORA Mundo es poner en contacto a estudiantes de institutos franceses de todo el mundo con antiguos alumnos que ahora son estudiantes; el objetivo es intercambiar informaci\u00f3n sobre la orientaci\u00f3n y la vida estudiantil. Se ponen a disposici\u00f3n de los estudiantes de secundaria experiencias, consejos, testimonios en v\u00eddeo y art\u00edculos para ayudarles a construir su futuro.<\/p><p>Con el objetivo de presentarles en detalle la plataforma AGORA Mundo\u00a0 encuentren a continuaci\u00f3n el video de presentaci\u00f3n.<\/p><\/div>\n\t\t\t\t<\/div>\n\t\t\t\t<\/div>\n\t\t\t\t\t\t<\/div>\n\t\t\t\t\t<\/div>\n\t\t<\/div>\n\t\t\t\t\t\t\t\t<\/div>\n\t\t\t\t\t<\/div>\n\t\t<\/section>\n\t\t\t\t<section class=\"elementor-section elementor-top-section elementor-element elementor-element-d55a481 elementor-section-boxed elementor-section-height-default elementor-section-height-default\" data-id=\"d55a481\" data-element_type=\"section\">\n\t\t\t\t\t\t<div class=\"elementor-container elementor-column-gap-default\">\n\t\t\t\t\t\t\t<div class=\"elementor-row\">\n\t\t\t\t\t<div class=\"elementor-column elementor-col-100 elementor-top-column elementor-element elementor-element-b8a3393\" data-id=\"b8a3393\" data-element_type=\"column\">\n\t\t\t<div class=\"elementor-column-wrap elementor-element-populated\">\n\t\t\t\t\t\t\t<div class=\"elementor-widget-wrap\">\n\t\t\t\t\t\t<div class=\"elementor-element elementor-element-befb57a elementor-aspect-ratio-169 elementor-widget elementor-widget-video\" data-id=\"befb57a\" data-element_type=\"widget\" data-settings=\"{&quot;aspect_ratio&quot;:&quot;169&quot;}\" data-widget_type=\"video.default\">\n\t\t\t\t<div class=\"elementor-widget-container\">\n\t\t\t\t\t<div class=\"elementor-wrapper elementor-fit-aspect-ratio elementor-open-inline\">\n\t\t\t<iframe class=\"elementor-video-iframe\" allowfullscreen title=\"Lecteur vid\u00e9o youtube\" src=\"https:\/\/www.youtube.com\/embed\/y0-T92gQM28?feature=oembed&amp;start&amp;end&amp;wmode=opaque&amp;loop=0&amp;controls=1&amp;mute=0&amp;rel=0&amp;modestbranding=0\"><\/iframe>\t\t<\/div>\n\t\t\t\t<\/div>\n\t\t\t\t<\/div>\n\t\t\t\t\t\t<\/div>\n\t\t\t\t\t<\/div>\n\t\t<\/div>\n\t\t\t\t\t\t\t\t<\/div>\n\t\t\t\t\t<\/div>\n\t\t<\/section>\n\t\t\t\t<section class=\"elementor-section elementor-top-section elementor-element elementor-element-d1744fa elementor-section-boxed elementor-section-height-default elementor-section-height-default\" data-id=\"d1744fa\" data-element_type=\"section\">\n\t\t\t\t\t\t<div class=\"elementor-container elementor-column-gap-default\">\n\t\t\t\t\t\t\t<div class=\"elementor-row\">\n\t\t\t\t\t<div class=\"elementor-column elementor-col-100 elementor-top-column elementor-element elementor-element-2b8aaa8\" data-id=\"2b8aaa8\" data-element_type=\"column\">\n\t\t\t<div class=\"elementor-column-wrap elementor-element-populated\">\n\t\t\t\t\t\t\t<div class=\"elementor-widget-wrap\">\n\t\t\t\t\t\t<div class=\"elementor-element elementor-element-f13c9ef elementor-widget elementor-widget-text-editor\" data-id=\"f13c9ef\" data-element_type=\"widget\" data-widget_type=\"text-editor.default\">\n\t\t\t\t<div class=\"elementor-widget-container\">\n\t\t\t\t\t<div class=\"elementor-text-editor elementor-clearfix\"><\/div>\n\t\t\t\t<\/div>\n\t\t\t\t<\/div>\n\t\t\t\t<div class=\"elementor-element elementor-element-a37bbeb elementor-widget elementor-widget-text-editor\" data-id=\"a37bbeb\" data-element_type=\"widget\" data-widget_type=\"text-editor.default\">\n\t\t\t\t<div class=\"elementor-widget-container\">\n\t\t\t\t\t<div class=\"elementor-text-editor elementor-clearfix\"><p><span style=\"color: #222222; font-family: Arial, sans-serif;\">Para alumnos hasta 15 a\u00f1os de edad.<\/span><\/p><p style=\"margin-bottom: 0cm; line-height: normal; background: white;\"><span style=\"font-size: 12.0pt; font-family: 'Arial',sans-serif; mso-fareast-font-family: 'Times New Roman'; color: #222222; mso-fareast-language: FR;\">Les recordamos que todos los intercambios en la plataforma AGORA son moderados por profesionales de la orientacion de la AEFE. <\/span><\/p><\/div>\n\t\t\t\t<\/div>\n\t\t\t\t<\/div>\n\t\t\t\t\t\t<\/div>\n\t\t\t\t\t<\/div>\n\t\t<\/div>\n\t\t\t\t\t\t\t\t<\/div>\n\t\t\t\t\t<\/div>\n\t\t<\/section>\n\t\t\t\t<section class=\"elementor-section elementor-top-section elementor-element elementor-element-c595652 elementor-section-boxed elementor-section-height-default elementor-section-height-default\" data-id=\"c595652\" data-element_type=\"section\">\n\t\t\t\t\t\t<div class=\"elementor-container elementor-column-gap-default\">\n\t\t\t\t\t\t\t<div class=\"elementor-row\">\n\t\t\t\t\t<div class=\"elementor-column elementor-col-50 elementor-top-column elementor-element elementor-element-fbd7819\" data-id=\"fbd7819\" data-element_type=\"column\">\n\t\t\t<div class=\"elementor-column-wrap elementor-element-populated\">\n\t\t\t\t\t\t\t<div class=\"elementor-widget-wrap\">\n\t\t\t\t\t\t<div class=\"elementor-element elementor-element-b1c2d29 elementor-widget elementor-widget-text-editor\" data-id=\"b1c2d29\" data-element_type=\"widget\" data-widget_type=\"text-editor.default\">\n\t\t\t\t<div class=\"elementor-widget-container\">\n\t\t\t\t\t<div class=\"elementor-text-editor elementor-clearfix\"><p>Para inscribirse en la plataforma AGORA mire este video.<\/p><\/div>\n\t\t\t\t<\/div>\n\t\t\t\t<\/div>\n\t\t\t\t<div class=\"elementor-element elementor-element-d43842c elementor-aspect-ratio-169 elementor-widget elementor-widget-video\" data-id=\"d43842c\" data-element_type=\"widget\" data-settings=\"{&quot;aspect_ratio&quot;:&quot;169&quot;}\" data-widget_type=\"video.default\">\n\t\t\t\t<div class=\"elementor-widget-container\">\n\t\t\t\t\t<div class=\"elementor-wrapper elementor-fit-aspect-ratio elementor-open-inline\">\n\t\t\t<iframe class=\"elementor-video-iframe\" allowfullscreen title=\"Lecteur vid\u00e9o youtube\" src=\"https:\/\/www.youtube.com\/embed\/9JmiMq1sBTs?feature=oembed&amp;start&amp;end&amp;wmode=opaque&amp;loop=0&amp;controls=1&amp;mute=0&amp;rel=0&amp;modestbranding=0\"><\/iframe>\t\t<\/div>\n\t\t\t\t<\/div>\n\t\t\t\t<\/div>\n\t\t\t\t\t\t<\/div>\n\t\t\t\t\t<\/div>\n\t\t<\/div>\n\t\t\t\t<div class=\"elementor-column elementor-col-50 elementor-top-column elementor-element elementor-element-0114ac7\" data-id=\"0114ac7\" data-element_type=\"column\">\n\t\t\t<div class=\"elementor-column-wrap elementor-element-populated\">\n\t\t\t\t\t\t\t<div class=\"elementor-widget-wrap\">\n\t\t\t\t\t\t<div class=\"elementor-element elementor-element-ca62a95 elementor-widget elementor-widget-text-editor\" data-id=\"ca62a95\" data-element_type=\"widget\" data-widget_type=\"text-editor.default\">\n\t\t\t\t<div class=\"elementor-widget-container\">\n\t\t\t\t\t<div class=\"elementor-text-editor elementor-clearfix\"><p>Para reinicializar su contrase\u00f1a en la plataforma AGORA mire este video.<\/p><\/div>\n\t\t\t\t<\/div>\n\t\t\t\t<\/div>\n\t\t\t\t<div class=\"elementor-element elementor-element-9a546ea elementor-aspect-ratio-169 elementor-widget elementor-widget-video\" data-id=\"9a546ea\" data-element_type=\"widget\" data-settings=\"{&quot;aspect_ratio&quot;:&quot;169&quot;}\" data-widget_type=\"video.default\">\n\t\t\t\t<div class=\"elementor-widget-container\">\n\t\t\t\t\t<div class=\"elementor-wrapper elementor-fit-aspect-ratio elementor-open-inline\">\n\t\t\t<iframe class=\"elementor-video-iframe\" allowfullscreen title=\"Lecteur vid\u00e9o youtube\" src=\"https:\/\/www.youtube.com\/embed\/OwrCRxDBOBg?feature=oembed&amp;start&amp;end&amp;wmode=opaque&amp;loop=0&amp;controls=1&amp;mute=0&amp;rel=0&amp;modestbranding=0\"><\/iframe>\t\t<\/div>\n\t\t\t\t<\/div>\n\t\t\t\t<\/div>\n\t\t\t\t\t\t<\/div>\n\t\t\t\t\t<\/div>\n\t\t<\/div>\n\t\t\t\t\t\t\t\t<\/div>\n\t\t\t\t\t<\/div>\n\t\t<\/section>\n\t\t\t\t\t\t<\/div>\n\t\t\t\t\t\t<\/div>\n\t\t\t\t\t<\/div>\n\t\t","protected":false},"excerpt":{"rendered":"<p>\u00bfQu\u00e9 es AGORA? La plataforma AGORA Mundo, www.agora-aefe.fr, que ya cuenta con m\u00e1s de 100.000 usuarios, es una de las&nbsp;<a href=\"https:\/\/lfih.org\/index.php\/agora-2\/\">&hellip;<\/a><\/p>\n","protected":false},"author":1,"featured_media":0,"parent":0,"menu_order":0,"comment_status":"closed","ping_status":"closed","template":"","meta":[],"_links":{"self":[{"href":"https:\/\/lfih.org\/index.php\/wp-json\/wp\/v2\/pages\/4853"}],"collection":[{"href":"https:\/\/lfih.org\/index.php\/wp-json\/wp\/v2\/pages"}],"about":[{"href":"https:\/\/lfih.org\/index.php\/wp-json\/wp\/v2\/types\/page"}],"author":[{"embeddable":true,"href":"https:\/\/lfih.org\/index.php\/wp-json\/wp\/v2\/users\/1"}],"replies":[{"embeddable":true,"href":"https:\/\/lfih.org\/index.php\/wp-json\/wp\/v2\/comments?post=4853"}],"version-history":[{"count":4,"href":"https:\/\/lfih.org\/index.php\/wp-json\/wp\/v2\/pages\/4853\/revisions"}],"predecessor-version":[{"id":4857,"href":"https:\/\/lfih.org\/index.php\/wp-json\/wp\/v2\/pages\/4853\/revisions\/4857"}],"wp:attachment":[{"href":"https:\/\/lfih.org\/index.php\/wp-json\/wp\/v2\/media?parent=4853"}],"curies":[{"name":"wp","href":"https:\/\/api.w.org\/{rel}","templated":true}]}}