{"id":4844,"date":"2021-10-11T09:46:04","date_gmt":"2021-10-11T13:46:04","guid":{"rendered":"https:\/\/lfih.org\/?page_id=4844"},"modified":"2025-12-01T09:30:23","modified_gmt":"2025-12-01T14:30:23","slug":"agora","status":"publish","type":"page","link":"https:\/\/lfih.org\/index.php\/agora\/","title":{"rendered":"AGORA"},"content":{"rendered":"\t\t<div data-elementor-type=\"wp-page\" data-elementor-id=\"4844\" class=\"elementor elementor-4844\" data-elementor-settings=\"[]\">\n\t\t\t\t\t\t<div class=\"elementor-inner\">\n\t\t\t\t\t\t\t<div class=\"elementor-section-wrap\">\n\t\t\t\t\t\t\t<section class=\"elementor-section elementor-top-section elementor-element elementor-element-93b323b elementor-section-boxed elementor-section-height-default elementor-section-height-default\" data-id=\"93b323b\" data-element_type=\"section\">\n\t\t\t\t\t\t<div class=\"elementor-container elementor-column-gap-default\">\n\t\t\t\t\t\t\t<div class=\"elementor-row\">\n\t\t\t\t\t<div class=\"elementor-column elementor-col-100 elementor-top-column elementor-element elementor-element-9d02e45\" data-id=\"9d02e45\" data-element_type=\"column\">\n\t\t\t<div class=\"elementor-column-wrap elementor-element-populated\">\n\t\t\t\t\t\t\t<div class=\"elementor-widget-wrap\">\n\t\t\t\t\t\t<div class=\"elementor-element elementor-element-ba68606 elementor-widget elementor-widget-heading\" data-id=\"ba68606\" data-element_type=\"widget\" data-widget_type=\"heading.default\">\n\t\t\t\t<div class=\"elementor-widget-container\">\n\t\t\t<h2 class=\"elementor-heading-title elementor-size-default\">Pr\u00e9sentation d'AGORA<\/h2>\t\t<\/div>\n\t\t\t\t<\/div>\n\t\t\t\t\t\t<\/div>\n\t\t\t\t\t<\/div>\n\t\t<\/div>\n\t\t\t\t\t\t\t\t<\/div>\n\t\t\t\t\t<\/div>\n\t\t<\/section>\n\t\t\t\t<section class=\"elementor-section elementor-top-section elementor-element elementor-element-94fc5cd elementor-section-boxed elementor-section-height-default elementor-section-height-default\" data-id=\"94fc5cd\" data-element_type=\"section\">\n\t\t\t\t\t\t<div class=\"elementor-container elementor-column-gap-default\">\n\t\t\t\t\t\t\t<div class=\"elementor-row\">\n\t\t\t\t\t<div class=\"elementor-column elementor-col-100 elementor-top-column elementor-element elementor-element-3c60020\" data-id=\"3c60020\" data-element_type=\"column\">\n\t\t\t<div class=\"elementor-column-wrap elementor-element-populated\">\n\t\t\t\t\t\t\t<div class=\"elementor-widget-wrap\">\n\t\t\t\t\t\t<div class=\"elementor-element elementor-element-380b384 elementor-widget elementor-widget-text-editor\" data-id=\"380b384\" data-element_type=\"widget\" data-widget_type=\"text-editor.default\">\n\t\t\t\t<div class=\"elementor-widget-container\">\n\t\t\t\t\t<div class=\"elementor-text-editor elementor-clearfix\"><p>La plateforme <a href=\"https:\/\/agora-aefe.fr\/\"><span style=\"color: #0000ff;\">AGORA Monde<\/span><\/a>, rassemblant d\u00e9sormais plus de 100.000 utilisateurs fait partie des outils num\u00e9riques qui illustrent la force du r\u00e9seau AEFE. Cet outil, d\u00e9velopp\u00e9 par l\u2019AEFE, est mis \u00e0 votre disposition et celle de vos enfants pour les accompagner dans la construction de leur parcours d\u2019orientation.<\/p><p>\u00ab Une plateforme, des projets \u00bb : AGORA Monde porte les dispositifs d\u2019orientation, d\u2019\u00e9changes scolaires et d\u2019\u00e9changes p\u00e9dagogiques et \u00e9cocitoyens.<\/p><p>La plateforme AGORA Monde a pour objectif de mettre en relation les \u00e9l\u00e8ves des lyc\u00e9es fran\u00e7ais du monde avec les anciens \u00e9l\u00e8ves aujourd\u2019hui \u00e9tudiants ; la finalit\u00e9 \u00e9tant d\u2019\u00e9changer sur l\u2019orientation et la vie \u00e9tudiante. Partages d\u2019exp\u00e9riences, conseils, vid\u00e9os t\u00e9moignages et articles sont mis \u00e0 la disposition des lyc\u00e9ens pour construire leur avenir.<\/p><p>Afin de vous pr\u00e9senter plus en d\u00e9tails la plateforme AGORA Monde et de faciliter votre connexion, vous trouverez ci-dessous une vid\u00e9o de pr\u00e9sentation.<\/p><\/div>\n\t\t\t\t<\/div>\n\t\t\t\t<\/div>\n\t\t\t\t\t\t<\/div>\n\t\t\t\t\t<\/div>\n\t\t<\/div>\n\t\t\t\t\t\t\t\t<\/div>\n\t\t\t\t\t<\/div>\n\t\t<\/section>\n\t\t\t\t<section class=\"elementor-section elementor-top-section elementor-element elementor-element-d55a481 elementor-section-boxed elementor-section-height-default elementor-section-height-default\" data-id=\"d55a481\" data-element_type=\"section\">\n\t\t\t\t\t\t<div class=\"elementor-container elementor-column-gap-default\">\n\t\t\t\t\t\t\t<div class=\"elementor-row\">\n\t\t\t\t\t<div class=\"elementor-column elementor-col-100 elementor-top-column elementor-element elementor-element-b8a3393\" data-id=\"b8a3393\" data-element_type=\"column\">\n\t\t\t<div class=\"elementor-column-wrap elementor-element-populated\">\n\t\t\t\t\t\t\t<div class=\"elementor-widget-wrap\">\n\t\t\t\t\t\t<div class=\"elementor-element elementor-element-befb57a elementor-aspect-ratio-169 elementor-widget elementor-widget-video\" data-id=\"befb57a\" data-element_type=\"widget\" data-settings=\"{&quot;aspect_ratio&quot;:&quot;169&quot;}\" data-widget_type=\"video.default\">\n\t\t\t\t<div class=\"elementor-widget-container\">\n\t\t\t\t\t<div class=\"elementor-wrapper elementor-fit-aspect-ratio elementor-open-inline\">\n\t\t\t<iframe class=\"elementor-video-iframe\" allowfullscreen title=\"Lecteur vid\u00e9o youtube\" src=\"https:\/\/www.youtube.com\/embed\/y0-T92gQM28?feature=oembed&amp;start&amp;end&amp;wmode=opaque&amp;loop=0&amp;controls=1&amp;mute=0&amp;rel=0&amp;modestbranding=0\"><\/iframe>\t\t<\/div>\n\t\t\t\t<\/div>\n\t\t\t\t<\/div>\n\t\t\t\t\t\t<\/div>\n\t\t\t\t\t<\/div>\n\t\t<\/div>\n\t\t\t\t\t\t\t\t<\/div>\n\t\t\t\t\t<\/div>\n\t\t<\/section>\n\t\t\t\t<section class=\"elementor-section elementor-top-section elementor-element elementor-element-7c11489 elementor-section-boxed elementor-section-height-default elementor-section-height-default\" data-id=\"7c11489\" data-element_type=\"section\">\n\t\t\t\t\t\t<div class=\"elementor-container elementor-column-gap-default\">\n\t\t\t\t\t\t\t<div class=\"elementor-row\">\n\t\t\t\t\t<div class=\"elementor-column elementor-col-100 elementor-top-column elementor-element elementor-element-786890b\" data-id=\"786890b\" data-element_type=\"column\">\n\t\t\t<div class=\"elementor-column-wrap elementor-element-populated\">\n\t\t\t\t\t\t\t<div class=\"elementor-widget-wrap\">\n\t\t\t\t\t\t<div class=\"elementor-element elementor-element-b2f7ea8 elementor-widget elementor-widget-heading\" data-id=\"b2f7ea8\" data-element_type=\"widget\" data-widget_type=\"heading.default\">\n\t\t\t\t<div class=\"elementor-widget-container\">\n\t\t\t<h2 class=\"elementor-heading-title elementor-size-default\">Une plateforme collaborative<\/h2>\t\t<\/div>\n\t\t\t\t<\/div>\n\t\t\t\t\t\t<\/div>\n\t\t\t\t\t<\/div>\n\t\t<\/div>\n\t\t\t\t\t\t\t\t<\/div>\n\t\t\t\t\t<\/div>\n\t\t<\/section>\n\t\t\t\t<section class=\"elementor-section elementor-top-section elementor-element elementor-element-3a1936a elementor-section-boxed elementor-section-height-default elementor-section-height-default\" data-id=\"3a1936a\" data-element_type=\"section\">\n\t\t\t\t\t\t<div class=\"elementor-container elementor-column-gap-default\">\n\t\t\t\t\t\t\t<div class=\"elementor-row\">\n\t\t\t\t\t<div class=\"elementor-column elementor-col-100 elementor-top-column elementor-element elementor-element-cab9326\" data-id=\"cab9326\" data-element_type=\"column\">\n\t\t\t<div class=\"elementor-column-wrap elementor-element-populated\">\n\t\t\t\t\t\t\t<div class=\"elementor-widget-wrap\">\n\t\t\t\t\t\t<div class=\"elementor-element elementor-element-c558400 elementor-widget elementor-widget-text-editor\" data-id=\"c558400\" data-element_type=\"widget\" data-widget_type=\"text-editor.default\">\n\t\t\t\t<div class=\"elementor-widget-container\">\n\t\t\t\t\t<div class=\"elementor-text-editor elementor-clearfix\"><div class=\"fr-my-2w fr-my-5v fr-my-md-4w paragraph paragraph--type--texte-riche paragraph--view-mode--default\"><p>Cr\u00e9\u00e9e en 2013 en zone Asie-Pacifique, puis \u00e9tendue \u00e0 l\u2019ensemble du r\u00e9seau d&rsquo;enseignement fran\u00e7ais \u00e0 l&rsquo;\u00e9tranger d\u00e8s 2017, AGORA Monde est aujourd\u2019hui une plateforme num\u00e9rique globale permettant aux jeunes du r\u00e9seau de s\u2019informer, d\u2019\u00e9changer et de construire leur parcours d\u2019orientation gr\u00e2ce \u00e0 une communaut\u00e9 active de dizaines de milliers d\u2019utilisateurs \u00e0 travers le monde.<\/p><p>D\u00e9ploy\u00e9e \u00e0 l\u2019\u00e9chelle mondiale, la plateforme est anim\u00e9e en continu sur tous les fuseaux horaires. Gr\u00e2ce \u00e0 ses outils collaboratifs, notamment son forum interactif, elle incarne un v\u00e9ritable espace de partage et de coh\u00e9sion pour l\u2019ensemble de la communaut\u00e9 \u00e9ducative. L\u2019objectif est de transmettre aux \u00e9l\u00e8ves et aux enseignants le sentiment d\u2019appartenance \u00e0 un r\u00e9seau mondial, de renforcer le lien entre \u00e9tablissements et \u00e9l\u00e8ves et l\u2019\u00e9ducation au d\u00e9veloppement durable.<\/p><\/div><\/div>\n\t\t\t\t<\/div>\n\t\t\t\t<\/div>\n\t\t\t\t\t\t<\/div>\n\t\t\t\t\t<\/div>\n\t\t<\/div>\n\t\t\t\t\t\t\t\t<\/div>\n\t\t\t\t\t<\/div>\n\t\t<\/section>\n\t\t\t\t<section class=\"elementor-section elementor-top-section elementor-element elementor-element-cb37c0b elementor-section-boxed elementor-section-height-default elementor-section-height-default\" data-id=\"cb37c0b\" data-element_type=\"section\">\n\t\t\t\t\t\t<div class=\"elementor-container elementor-column-gap-default\">\n\t\t\t\t\t\t\t<div class=\"elementor-row\">\n\t\t\t\t\t<div class=\"elementor-column elementor-col-100 elementor-top-column elementor-element elementor-element-b994bd6\" data-id=\"b994bd6\" data-element_type=\"column\">\n\t\t\t<div class=\"elementor-column-wrap elementor-element-populated\">\n\t\t\t\t\t\t\t<div class=\"elementor-widget-wrap\">\n\t\t\t\t\t\t<div class=\"elementor-element elementor-element-8e1fa24 animated-slow elementor-invisible elementor-widget elementor-widget-heading\" data-id=\"8e1fa24\" data-element_type=\"widget\" data-settings=\"{&quot;_animation&quot;:&quot;zoomIn&quot;}\" data-widget_type=\"heading.default\">\n\t\t\t\t<div class=\"elementor-widget-container\">\n\t\t\t<h2 class=\"elementor-heading-title elementor-size-default\"> Des dispositifs repens\u00e9s\n\n<\/h2>\t\t<\/div>\n\t\t\t\t<\/div>\n\t\t\t\t\t\t<\/div>\n\t\t\t\t\t<\/div>\n\t\t<\/div>\n\t\t\t\t\t\t\t\t<\/div>\n\t\t\t\t\t<\/div>\n\t\t<\/section>\n\t\t\t\t<section class=\"elementor-section elementor-top-section elementor-element elementor-element-a69fce2 elementor-section-boxed elementor-section-height-default elementor-section-height-default\" data-id=\"a69fce2\" data-element_type=\"section\">\n\t\t\t\t\t\t<div class=\"elementor-container elementor-column-gap-default\">\n\t\t\t\t\t\t\t<div class=\"elementor-row\">\n\t\t\t\t\t<div class=\"elementor-column elementor-col-100 elementor-top-column elementor-element elementor-element-2ec4e57\" data-id=\"2ec4e57\" data-element_type=\"column\">\n\t\t\t<div class=\"elementor-column-wrap elementor-element-populated\">\n\t\t\t\t\t\t\t<div class=\"elementor-widget-wrap\">\n\t\t\t\t\t\t<div class=\"elementor-element elementor-element-984077d animated-slow elementor-invisible elementor-widget elementor-widget-text-editor\" data-id=\"984077d\" data-element_type=\"widget\" data-settings=\"{&quot;_animation&quot;:&quot;fadeIn&quot;,&quot;_animation_delay&quot;:2000}\" data-widget_type=\"text-editor.default\">\n\t\t\t\t<div class=\"elementor-widget-container\">\n\t\t\t\t\t<div class=\"elementor-text-editor elementor-clearfix\"><p style=\"text-align: center;\">Nomm\u00e9s en r\u00e9f\u00e9rence \u00e0 l\u2019esprit d\u2019ouverture et le go\u00fbt de l\u2019\u00e9change de l\u2019exploratrice Alexandra David-N\u00e9el, les dispositifs ADN Mobilit\u00e9 et ADN Demain Durable favorisent le partage.<\/p><\/div>\n\t\t\t\t<\/div>\n\t\t\t\t<\/div>\n\t\t\t\t\t\t<\/div>\n\t\t\t\t\t<\/div>\n\t\t<\/div>\n\t\t\t\t\t\t\t\t<\/div>\n\t\t\t\t\t<\/div>\n\t\t<\/section>\n\t\t\t\t<section class=\"elementor-section elementor-top-section elementor-element elementor-element-0e0d1e1 elementor-section-boxed elementor-section-height-default elementor-section-height-default\" data-id=\"0e0d1e1\" data-element_type=\"section\">\n\t\t\t\t\t\t<div class=\"elementor-container elementor-column-gap-default\">\n\t\t\t\t\t\t\t<div class=\"elementor-row\">\n\t\t\t\t\t<div class=\"elementor-column elementor-col-100 elementor-top-column elementor-element elementor-element-4d51e54\" data-id=\"4d51e54\" data-element_type=\"column\">\n\t\t\t<div class=\"elementor-column-wrap elementor-element-populated\">\n\t\t\t\t\t\t\t<div class=\"elementor-widget-wrap\">\n\t\t\t\t\t\t<div class=\"elementor-element elementor-element-33fa5e9 animated-slow elementor-tabs-view-horizontal elementor-invisible elementor-widget elementor-widget-tabs\" data-id=\"33fa5e9\" data-element_type=\"widget\" data-settings=\"{&quot;_animation&quot;:&quot;bounceIn&quot;,&quot;_animation_delay&quot;:1500}\" data-widget_type=\"tabs.default\">\n\t\t\t\t<div class=\"elementor-widget-container\">\n\t\t\t\t\t<div class=\"elementor-tabs\" role=\"tablist\">\n\t\t\t<div class=\"elementor-tabs-wrapper\">\n\t\t\t\t\t\t\t\t\t<div id=\"elementor-tab-title-5451\" class=\"elementor-tab-title elementor-tab-desktop-title\" data-tab=\"1\" role=\"tab\" aria-controls=\"elementor-tab-content-5451\"><a href=\"\">ADN Mobilit\u00e9 : un programme d\u2019\u00e9change scolaire \u00e0 l\u2019\u00e9chelle mondiale\u200b<\/a><\/div>\n\t\t\t\t\t\t\t\t\t<div id=\"elementor-tab-title-5452\" class=\"elementor-tab-title elementor-tab-desktop-title\" data-tab=\"2\" role=\"tab\" aria-controls=\"elementor-tab-content-5452\"><a href=\"\">ADN Demain durable : un programme d\u2019\u00e9changes num\u00e9riques pour l\u2019\u00e9ducation au d\u00e9veloppement durable <\/a><\/div>\n\t\t\t\t\t\t\t<\/div>\n\t\t\t<div class=\"elementor-tabs-content-wrapper\">\n\t\t\t\t\t\t\t\t\t<div class=\"elementor-tab-title elementor-tab-mobile-title\" data-tab=\"1\" role=\"tab\">ADN Mobilit\u00e9 : un programme d\u2019\u00e9change scolaire \u00e0 l\u2019\u00e9chelle mondiale\u200b<\/div>\n\t\t\t\t\t<div id=\"elementor-tab-content-5451\" class=\"elementor-tab-content elementor-clearfix\" data-tab=\"1\" role=\"tabpanel\" aria-labelledby=\"elementor-tab-title-5451\"><p>Le dispositif ADN Mobilit\u00e9 permet aux \u00e9l\u00e8ves de seconde des lyc\u00e9es fran\u00e7ais du monde de vivre un \u00e9change scolaire internationale de 4 \u00e0 8 semaines dans un autre \u00e9tablissement du r\u00e9seau AEFE ou dans l\u2019un des 9 lyc\u00e9es partenaires en France.<\/p><p>Pour s&rsquo;inscrire, les \u00e9l\u00e8ves doivent se cr\u00e9er un compte sur la plateforme <span style=\"color: #0000ff;\"><a style=\"color: #0000ff;\" title=\"Plateforme AGORA Monde dans une nouvelle fen\u00eatre\" href=\"https:\/\/agora-aefe.fr\/\" target=\"_blank\" rel=\"noopener\">AGORA Monde<\/a><\/span> jusqu&rsquo;au 17 octobre 2025 avant de faire acte de leur candidature directement aupr\u00e8s de leur \u00e9tablissement. <span style=\"color: #ff0000;\">La saisie en ligne des candidatures sera ouverte sur AGORA Monde courant novembre.<\/span><\/p><\/div>\n\t\t\t\t\t\t\t\t\t<div class=\"elementor-tab-title elementor-tab-mobile-title\" data-tab=\"2\" role=\"tab\">ADN Demain durable : un programme d\u2019\u00e9changes num\u00e9riques pour l\u2019\u00e9ducation au d\u00e9veloppement durable <\/div>\n\t\t\t\t\t<div id=\"elementor-tab-content-5452\" class=\"elementor-tab-content elementor-clearfix\" data-tab=\"2\" role=\"tabpanel\" aria-labelledby=\"elementor-tab-title-5452\"><p>Le programme ADN Demain durable est d\u00e9clin\u00e9 en deux volets :<\/p><ul><li>ADN Demain durable junior pour les \u00e9l\u00e8ves de CM1\/CM2 ;<\/li><li>ADN Demain durable coll\u00e8ge pour ceux de 5e et 4e qui proposent des \u00e9changes num\u00e9riques entre classes du r\u00e9seau EFE sur la plateforme AGORA Monde.\u00a0<\/li><\/ul><p>Chaque bin\u00f4me de classes travaille tout au long de l\u2019ann\u00e9e scolaire sur une th\u00e9matique commune li\u00e9e au d\u00e9veloppement durable, en produisant des contenus propres adapt\u00e9s \u00e0 leur contexte local et environnemental.<\/p><p><span style=\"color: #ff0000;\">Les inscriptions sont ouvertes jusqu&rsquo;au 25 octobre 2025 sur la plateforme<\/span><span style=\"color: #0000ff;\"><a style=\"color: #0000ff;\" title=\"Plateforme AGORA Monde dans une nouvelle fen\u00eatre\" href=\"https:\/\/agora-aefe.fr\/\" target=\"_blank\" rel=\"noopener\"> AGORA Monde<\/a>.<\/span><\/p><\/div>\n\t\t\t\t\t\t\t<\/div>\n\t\t<\/div>\n\t\t\t\t<\/div>\n\t\t\t\t<\/div>\n\t\t\t\t\t\t<\/div>\n\t\t\t\t\t<\/div>\n\t\t<\/div>\n\t\t\t\t\t\t\t\t<\/div>\n\t\t\t\t\t<\/div>\n\t\t<\/section>\n\t\t\t\t<section class=\"elementor-section elementor-top-section elementor-element elementor-element-c595652 elementor-section-boxed elementor-section-height-default elementor-section-height-default\" data-id=\"c595652\" data-element_type=\"section\">\n\t\t\t\t\t\t<div class=\"elementor-container elementor-column-gap-default\">\n\t\t\t\t\t\t\t<div class=\"elementor-row\">\n\t\t\t\t\t<div class=\"elementor-column elementor-col-50 elementor-top-column elementor-element elementor-element-fbd7819\" data-id=\"fbd7819\" data-element_type=\"column\">\n\t\t\t<div class=\"elementor-column-wrap elementor-element-populated\">\n\t\t\t\t\t\t\t<div class=\"elementor-widget-wrap\">\n\t\t\t\t\t\t<div class=\"elementor-element elementor-element-b1c2d29 elementor-widget elementor-widget-text-editor\" data-id=\"b1c2d29\" data-element_type=\"widget\" data-widget_type=\"text-editor.default\">\n\t\t\t\t<div class=\"elementor-widget-container\">\n\t\t\t\t\t<div class=\"elementor-text-editor elementor-clearfix\"><p>Pour s&rsquo;inscrire sur la plateforme AGORA regardez cette vid\u00e9o.<\/p><\/div>\n\t\t\t\t<\/div>\n\t\t\t\t<\/div>\n\t\t\t\t<div class=\"elementor-element elementor-element-d43842c elementor-aspect-ratio-169 elementor-widget elementor-widget-video\" data-id=\"d43842c\" data-element_type=\"widget\" data-settings=\"{&quot;aspect_ratio&quot;:&quot;169&quot;}\" data-widget_type=\"video.default\">\n\t\t\t\t<div class=\"elementor-widget-container\">\n\t\t\t\t\t<div class=\"elementor-wrapper elementor-fit-aspect-ratio elementor-open-inline\">\n\t\t\t<iframe class=\"elementor-video-iframe\" allowfullscreen title=\"Lecteur vid\u00e9o youtube\" src=\"https:\/\/www.youtube.com\/embed\/9JmiMq1sBTs?feature=oembed&amp;start&amp;end&amp;wmode=opaque&amp;loop=0&amp;controls=1&amp;mute=0&amp;rel=0&amp;modestbranding=0\"><\/iframe>\t\t<\/div>\n\t\t\t\t<\/div>\n\t\t\t\t<\/div>\n\t\t\t\t\t\t<\/div>\n\t\t\t\t\t<\/div>\n\t\t<\/div>\n\t\t\t\t<div class=\"elementor-column elementor-col-50 elementor-top-column elementor-element elementor-element-0114ac7\" data-id=\"0114ac7\" data-element_type=\"column\">\n\t\t\t<div class=\"elementor-column-wrap elementor-element-populated\">\n\t\t\t\t\t\t\t<div class=\"elementor-widget-wrap\">\n\t\t\t\t\t\t<div class=\"elementor-element elementor-element-ca62a95 elementor-widget elementor-widget-text-editor\" data-id=\"ca62a95\" data-element_type=\"widget\" data-widget_type=\"text-editor.default\">\n\t\t\t\t<div class=\"elementor-widget-container\">\n\t\t\t\t\t<div class=\"elementor-text-editor elementor-clearfix\"><p>Pour r\u00e9initialiser votre mot de passe sur la plateforme AGORA regardez cette vid\u00e9o.<\/p><\/div>\n\t\t\t\t<\/div>\n\t\t\t\t<\/div>\n\t\t\t\t<div class=\"elementor-element elementor-element-9a546ea elementor-aspect-ratio-169 elementor-widget elementor-widget-video\" data-id=\"9a546ea\" data-element_type=\"widget\" data-settings=\"{&quot;aspect_ratio&quot;:&quot;169&quot;}\" data-widget_type=\"video.default\">\n\t\t\t\t<div class=\"elementor-widget-container\">\n\t\t\t\t\t<div class=\"elementor-wrapper elementor-fit-aspect-ratio elementor-open-inline\">\n\t\t\t<iframe class=\"elementor-video-iframe\" allowfullscreen title=\"Lecteur vid\u00e9o youtube\" src=\"https:\/\/www.youtube.com\/embed\/OwrCRxDBOBg?feature=oembed&amp;start&amp;end&amp;wmode=opaque&amp;loop=0&amp;controls=1&amp;mute=0&amp;rel=0&amp;modestbranding=0\"><\/iframe>\t\t<\/div>\n\t\t\t\t<\/div>\n\t\t\t\t<\/div>\n\t\t\t\t\t\t<\/div>\n\t\t\t\t\t<\/div>\n\t\t<\/div>\n\t\t\t\t\t\t\t\t<\/div>\n\t\t\t\t\t<\/div>\n\t\t<\/section>\n\t\t\t\t<section class=\"elementor-section elementor-top-section elementor-element elementor-element-d04784d elementor-section-boxed elementor-section-height-default elementor-section-height-default\" data-id=\"d04784d\" data-element_type=\"section\">\n\t\t\t\t\t\t<div class=\"elementor-container elementor-column-gap-default\">\n\t\t\t\t\t\t\t<div class=\"elementor-row\">\n\t\t\t\t\t<div class=\"elementor-column elementor-col-100 elementor-top-column elementor-element elementor-element-155b511\" data-id=\"155b511\" data-element_type=\"column\">\n\t\t\t<div class=\"elementor-column-wrap elementor-element-populated\">\n\t\t\t\t\t\t\t<div class=\"elementor-widget-wrap\">\n\t\t\t\t\t\t<section class=\"elementor-section elementor-inner-section elementor-element elementor-element-aec056f elementor-section-boxed elementor-section-height-default elementor-section-height-default\" data-id=\"aec056f\" data-element_type=\"section\">\n\t\t\t\t\t\t<div class=\"elementor-container elementor-column-gap-default\">\n\t\t\t\t\t\t\t<div class=\"elementor-row\">\n\t\t\t\t\t<div class=\"elementor-column elementor-col-50 elementor-inner-column elementor-element elementor-element-73dd151\" data-id=\"73dd151\" data-element_type=\"column\">\n\t\t\t<div class=\"elementor-column-wrap elementor-element-populated\">\n\t\t\t\t\t\t\t<div class=\"elementor-widget-wrap\">\n\t\t\t\t\t\t<div class=\"elementor-element elementor-element-484cf4d elementor-widget elementor-widget-text-editor\" data-id=\"484cf4d\" data-element_type=\"widget\" data-widget_type=\"text-editor.default\">\n\t\t\t\t<div class=\"elementor-widget-container\">\n\t\t\t\t\t<div class=\"elementor-text-editor elementor-clearfix\"><p><u><b>En solo :\u00a0<\/b><\/u><\/p><p>Les \u00e9l\u00e8ves sont simultan\u00e9ment dans la famille et l&rsquo;\u00e9tablissement de leur correspondant.<\/p><\/div>\n\t\t\t\t<\/div>\n\t\t\t\t<\/div>\n\t\t\t\t\t\t<\/div>\n\t\t\t\t\t<\/div>\n\t\t<\/div>\n\t\t\t\t<div class=\"elementor-column elementor-col-50 elementor-inner-column elementor-element elementor-element-4db8dde\" data-id=\"4db8dde\" data-element_type=\"column\">\n\t\t\t<div class=\"elementor-column-wrap elementor-element-populated\">\n\t\t\t\t\t\t\t<div class=\"elementor-widget-wrap\">\n\t\t\t\t\t\t<div class=\"elementor-element elementor-element-0aa7ad4 elementor-widget elementor-widget-text-editor\" data-id=\"0aa7ad4\" data-element_type=\"widget\" data-widget_type=\"text-editor.default\">\n\t\t\t\t<div class=\"elementor-widget-container\">\n\t\t\t\t\t<div class=\"elementor-text-editor elementor-clearfix\"><p><span style=\"text-decoration: underline;\"><strong>En duo :<\/strong> <\/span><\/p><p>Les \u00e9l\u00e8ves sont ensemble successivement dans les \u00e9tablissements et les familles d&rsquo;accueil.<\/p><\/div>\n\t\t\t\t<\/div>\n\t\t\t\t<\/div>\n\t\t\t\t\t\t<\/div>\n\t\t\t\t\t<\/div>\n\t\t<\/div>\n\t\t\t\t\t\t\t\t<\/div>\n\t\t\t\t\t<\/div>\n\t\t<\/section>\n\t\t\t\t\t\t<\/div>\n\t\t\t\t\t<\/div>\n\t\t<\/div>\n\t\t\t\t\t\t\t\t<\/div>\n\t\t\t\t\t<\/div>\n\t\t<\/section>\n\t\t\t\t<section class=\"elementor-section elementor-top-section elementor-element elementor-element-3015433 elementor-section-boxed elementor-section-height-default elementor-section-height-default\" data-id=\"3015433\" data-element_type=\"section\">\n\t\t\t\t\t\t<div class=\"elementor-container elementor-column-gap-default\">\n\t\t\t\t\t\t\t<div class=\"elementor-row\">\n\t\t\t\t\t<div class=\"elementor-column elementor-col-100 elementor-top-column elementor-element elementor-element-25dc2dd\" data-id=\"25dc2dd\" data-element_type=\"column\">\n\t\t\t<div class=\"elementor-column-wrap elementor-element-populated\">\n\t\t\t\t\t\t\t<div class=\"elementor-widget-wrap\">\n\t\t\t\t\t\t<div class=\"elementor-element elementor-element-3fc2877 elementor-align-center elementor-widget elementor-widget-button\" data-id=\"3fc2877\" data-element_type=\"widget\" data-widget_type=\"button.default\">\n\t\t\t\t<div class=\"elementor-widget-container\">\n\t\t\t\t\t<div class=\"elementor-button-wrapper\">\n\t\t\t<a href=\"https:\/\/indd.adobe.com\/view\/cfcd6251-13aa-445a-963a-072b05efc4e1\" target=\"_blank\" class=\"elementor-button-link elementor-button elementor-size-sm\" role=\"button\">\n\t\t\t\t\t\t<span class=\"elementor-button-content-wrapper\">\n\t\t\t\t\t\t<span class=\"elementor-button-text\">Cliquez ici pour voir la pr\u00e9sentation AGORA AEFE<\/span>\n\t\t<\/span>\n\t\t\t\t\t<\/a>\n\t\t<\/div>\n\t\t\t\t<\/div>\n\t\t\t\t<\/div>\n\t\t\t\t\t\t<\/div>\n\t\t\t\t\t<\/div>\n\t\t<\/div>\n\t\t\t\t\t\t\t\t<\/div>\n\t\t\t\t\t<\/div>\n\t\t<\/section>\n\t\t\t\t\t\t<\/div>\n\t\t\t\t\t\t<\/div>\n\t\t\t\t\t<\/div>\n\t\t","protected":false},"excerpt":{"rendered":"<p>Pr\u00e9sentation d&rsquo;AGORA La plateforme AGORA Monde, rassemblant d\u00e9sormais plus de 100.000 utilisateurs fait partie des outils num\u00e9riques qui illustrent la&nbsp;<a href=\"https:\/\/lfih.org\/index.php\/agora\/\">&hellip;<\/a><\/p>\n","protected":false},"author":1,"featured_media":0,"parent":0,"menu_order":0,"comment_status":"closed","ping_status":"closed","template":"","meta":[],"_links":{"self":[{"href":"https:\/\/lfih.org\/index.php\/wp-json\/wp\/v2\/pages\/4844"}],"collection":[{"href":"https:\/\/lfih.org\/index.php\/wp-json\/wp\/v2\/pages"}],"about":[{"href":"https:\/\/lfih.org\/index.php\/wp-json\/wp\/v2\/types\/page"}],"author":[{"embeddable":true,"href":"https:\/\/lfih.org\/index.php\/wp-json\/wp\/v2\/users\/1"}],"replies":[{"embeddable":true,"href":"https:\/\/lfih.org\/index.php\/wp-json\/wp\/v2\/comments?post=4844"}],"version-history":[{"count":67,"href":"https:\/\/lfih.org\/index.php\/wp-json\/wp\/v2\/pages\/4844\/revisions"}],"predecessor-version":[{"id":29914,"href":"https:\/\/lfih.org\/index.php\/wp-json\/wp\/v2\/pages\/4844\/revisions\/29914"}],"wp:attachment":[{"href":"https:\/\/lfih.org\/index.php\/wp-json\/wp\/v2\/media?parent=4844"}],"curies":[{"name":"wp","href":"https:\/\/api.w.org\/{rel}","templated":true}]}}