{"id":33428,"date":"2026-03-26T13:21:52","date_gmt":"2026-03-26T17:21:52","guid":{"rendered":"https:\/\/lfih.org\/?page_id=33428"},"modified":"2026-03-26T13:35:14","modified_gmt":"2026-03-26T17:35:14","slug":"delf-dalf","status":"publish","type":"page","link":"https:\/\/lfih.org\/index.php\/delf-dalf\/","title":{"rendered":"DELF &#8211; DALF"},"content":{"rendered":"\t\t<div data-elementor-type=\"wp-page\" data-elementor-id=\"33428\" class=\"elementor elementor-33428\" data-elementor-settings=\"[]\">\n\t\t\t\t\t\t<div class=\"elementor-inner\">\n\t\t\t\t\t\t\t<div class=\"elementor-section-wrap\">\n\t\t\t\t\t\t\t<section class=\"elementor-section elementor-top-section elementor-element elementor-element-6934891 elementor-section-boxed elementor-section-height-default elementor-section-height-default\" data-id=\"6934891\" data-element_type=\"section\">\n\t\t\t\t\t\t<div class=\"elementor-container elementor-column-gap-default\">\n\t\t\t\t\t\t\t<div class=\"elementor-row\">\n\t\t\t\t\t<div class=\"elementor-column elementor-col-100 elementor-top-column elementor-element elementor-element-e7968d8\" data-id=\"e7968d8\" data-element_type=\"column\">\n\t\t\t<div class=\"elementor-column-wrap elementor-element-populated\">\n\t\t\t\t\t\t\t<div class=\"elementor-widget-wrap\">\n\t\t\t\t\t\t<div class=\"elementor-element elementor-element-04046cc animated-slow elementor-invisible elementor-widget elementor-widget-heading\" data-id=\"04046cc\" data-element_type=\"widget\" data-settings=\"{&quot;_animation&quot;:&quot;fadeInDown&quot;}\" data-widget_type=\"heading.default\">\n\t\t\t\t<div class=\"elementor-widget-container\">\n\t\t\t<h2 class=\"elementor-heading-title elementor-size-default\"><a href=\"https:\/\/alianzafrancesacuba.org\/alliance-francaise-de-cuba-accueil\/aprender\/tests-et-certifications\/\" target=\"_blank\">Pruebas y certificaciones<\/a><\/h2>\t\t<\/div>\n\t\t\t\t<\/div>\n\t\t\t\t\t\t<\/div>\n\t\t\t\t\t<\/div>\n\t\t<\/div>\n\t\t\t\t\t\t\t\t<\/div>\n\t\t\t\t\t<\/div>\n\t\t<\/section>\n\t\t\t\t<section class=\"elementor-section elementor-top-section elementor-element elementor-element-93a5c34 elementor-section-boxed elementor-section-height-default elementor-section-height-default\" data-id=\"93a5c34\" data-element_type=\"section\">\n\t\t\t\t\t\t<div class=\"elementor-container elementor-column-gap-default\">\n\t\t\t\t\t\t\t<div class=\"elementor-row\">\n\t\t\t\t\t<div class=\"elementor-column elementor-col-100 elementor-top-column elementor-element elementor-element-c2df77d\" data-id=\"c2df77d\" data-element_type=\"column\">\n\t\t\t<div class=\"elementor-column-wrap elementor-element-populated\">\n\t\t\t\t\t\t\t<div class=\"elementor-widget-wrap\">\n\t\t\t\t\t\t<div class=\"elementor-element elementor-element-9416eae animated-slow elementor-invisible elementor-widget elementor-widget-image\" data-id=\"9416eae\" data-element_type=\"widget\" data-settings=\"{&quot;_animation&quot;:&quot;zoomIn&quot;}\" data-widget_type=\"image.default\">\n\t\t\t\t<div class=\"elementor-widget-container\">\n\t\t\t\t\t<div class=\"elementor-image\">\n\t\t\t\t\t\t\t\t\t\t\t<a href=\"https:\/\/alianzafrancesacuba.org\/alliance-francaise-de-cuba-accueil\/aprender\/tests-et-certifications\/\" target=\"_blank\">\n\t\t\t\t\t\t\t<img width=\"150\" height=\"150\" src=\"https:\/\/lfih.org\/wp-content\/uploads\/2023\/11\/LOGO-AF-150x150.jpg\" class=\"attachment-thumbnail size-thumbnail\" alt=\"\" loading=\"lazy\" srcset=\"https:\/\/lfih.org\/wp-content\/uploads\/2023\/11\/LOGO-AF-150x150.jpg 150w, https:\/\/lfih.org\/wp-content\/uploads\/2023\/11\/LOGO-AF-300x300.jpg 300w, https:\/\/lfih.org\/wp-content\/uploads\/2023\/11\/LOGO-AF.jpg 512w, https:\/\/lfih.org\/wp-content\/uploads\/2023\/11\/LOGO-AF-100x100.jpg 100w, https:\/\/lfih.org\/wp-content\/uploads\/2023\/11\/LOGO-AF-420x420.jpg 420w\" sizes=\"(max-width: 150px) 100vw, 150px\" \/>\t\t\t\t\t\t\t\t<\/a>\n\t\t\t\t\t\t\t\t\t\t\t<\/div>\n\t\t\t\t<\/div>\n\t\t\t\t<\/div>\n\t\t\t\t\t\t<\/div>\n\t\t\t\t\t<\/div>\n\t\t<\/div>\n\t\t\t\t\t\t\t\t<\/div>\n\t\t\t\t\t<\/div>\n\t\t<\/section>\n\t\t\t\t<section class=\"elementor-section elementor-top-section elementor-element elementor-element-3919c85 elementor-section-boxed elementor-section-height-default elementor-section-height-default\" data-id=\"3919c85\" data-element_type=\"section\">\n\t\t\t\t\t\t<div class=\"elementor-container elementor-column-gap-default\">\n\t\t\t\t\t\t\t<div class=\"elementor-row\">\n\t\t\t\t\t<div class=\"elementor-column elementor-col-100 elementor-top-column elementor-element elementor-element-caf815e\" data-id=\"caf815e\" data-element_type=\"column\">\n\t\t\t<div class=\"elementor-column-wrap elementor-element-populated\">\n\t\t\t\t\t\t\t<div class=\"elementor-widget-wrap\">\n\t\t\t\t\t\t<div class=\"elementor-element elementor-element-9649875 elementor-widget elementor-widget-image\" data-id=\"9649875\" data-element_type=\"widget\" data-widget_type=\"image.default\">\n\t\t\t\t<div class=\"elementor-widget-container\">\n\t\t\t\t\t<div class=\"elementor-image\">\n\t\t\t\t\t\t\t\t\t\t\t<a href=\"https:\/\/alianzafrancesacuba.org\/alliance-francaise-de-cuba-accueil-2\/apprendre\/tests-et-certifications\/?lang=fr\" target=\"_blank\">\n\t\t\t\t\t\t\t<img width=\"1024\" height=\"320\" src=\"https:\/\/lfih.org\/wp-content\/uploads\/2023\/11\/Diplome-1024x320.jpg\" class=\"attachment-large size-large\" alt=\"\" loading=\"lazy\" srcset=\"https:\/\/lfih.org\/wp-content\/uploads\/2023\/11\/Diplome-1024x320.jpg 1024w, https:\/\/lfih.org\/wp-content\/uploads\/2023\/11\/Diplome-300x94.jpg 300w, https:\/\/lfih.org\/wp-content\/uploads\/2023\/11\/Diplome-100x31.jpg 100w, https:\/\/lfih.org\/wp-content\/uploads\/2023\/11\/Diplome.jpg 1280w, https:\/\/lfih.org\/wp-content\/uploads\/2023\/11\/Diplome-150x47.jpg 150w\" sizes=\"(max-width: 1024px) 100vw, 1024px\" \/>\t\t\t\t\t\t\t\t<\/a>\n\t\t\t\t\t\t\t\t\t\t\t<\/div>\n\t\t\t\t<\/div>\n\t\t\t\t<\/div>\n\t\t\t\t\t\t<\/div>\n\t\t\t\t\t<\/div>\n\t\t<\/div>\n\t\t\t\t\t\t\t\t<\/div>\n\t\t\t\t\t<\/div>\n\t\t<\/section>\n\t\t\t\t<section class=\"elementor-section elementor-top-section elementor-element elementor-element-6604b5d elementor-section-boxed elementor-section-height-default elementor-section-height-default\" data-id=\"6604b5d\" data-element_type=\"section\">\n\t\t\t\t\t\t<div class=\"elementor-container elementor-column-gap-default\">\n\t\t\t\t\t\t\t<div class=\"elementor-row\">\n\t\t\t\t\t<div class=\"elementor-column elementor-col-100 elementor-top-column elementor-element elementor-element-8c173f9\" data-id=\"8c173f9\" data-element_type=\"column\">\n\t\t\t<div class=\"elementor-column-wrap elementor-element-populated\">\n\t\t\t\t\t\t\t<div class=\"elementor-widget-wrap\">\n\t\t\t\t\t\t<div class=\"elementor-element elementor-element-0fae07f elementor-widget elementor-widget-text-editor\" data-id=\"0fae07f\" data-element_type=\"widget\" data-widget_type=\"text-editor.default\">\n\t\t\t\t<div class=\"elementor-widget-container\">\n\t\t\t\t\t<div class=\"elementor-text-editor elementor-clearfix\"><p style=\"text-align: center;\">La Alianza Francesa en Cuba es un centro oficial para la realizaci\u00f3n de las principales certificaciones de la lengua francesa. Cada a\u00f1o se organizan varias convocatorias en nuestras instalaciones para las siguientes pruebas y diplomas<\/p><\/div>\n\t\t\t\t<\/div>\n\t\t\t\t<\/div>\n\t\t\t\t\t\t<\/div>\n\t\t\t\t\t<\/div>\n\t\t<\/div>\n\t\t\t\t\t\t\t\t<\/div>\n\t\t\t\t\t<\/div>\n\t\t<\/section>\n\t\t\t\t<section class=\"elementor-section elementor-top-section elementor-element elementor-element-60904fe elementor-section-boxed elementor-section-height-default elementor-section-height-default\" data-id=\"60904fe\" data-element_type=\"section\">\n\t\t\t\t\t\t<div class=\"elementor-container elementor-column-gap-default\">\n\t\t\t\t\t\t\t<div class=\"elementor-row\">\n\t\t\t\t\t<div class=\"elementor-column elementor-col-100 elementor-top-column elementor-element elementor-element-c10620e\" data-id=\"c10620e\" data-element_type=\"column\">\n\t\t\t<div class=\"elementor-column-wrap elementor-element-populated\">\n\t\t\t\t\t\t\t<div class=\"elementor-widget-wrap\">\n\t\t\t\t\t\t<div class=\"elementor-element elementor-element-7113d4e animated-slow elementor-invisible elementor-widget elementor-widget-heading\" data-id=\"7113d4e\" data-element_type=\"widget\" data-settings=\"{&quot;_animation&quot;:&quot;fadeInDown&quot;}\" data-widget_type=\"heading.default\">\n\t\t\t\t<div class=\"elementor-widget-container\">\n\t\t\t<h2 class=\"elementor-heading-title elementor-size-default\">DELF - DALF<\/h2>\t\t<\/div>\n\t\t\t\t<\/div>\n\t\t\t\t\t\t<\/div>\n\t\t\t\t\t<\/div>\n\t\t<\/div>\n\t\t\t\t\t\t\t\t<\/div>\n\t\t\t\t\t<\/div>\n\t\t<\/section>\n\t\t\t\t<section class=\"elementor-section elementor-top-section elementor-element elementor-element-ae5b764 elementor-section-boxed elementor-section-height-default elementor-section-height-default\" data-id=\"ae5b764\" data-element_type=\"section\">\n\t\t\t\t\t\t<div class=\"elementor-container elementor-column-gap-default\">\n\t\t\t\t\t\t\t<div class=\"elementor-row\">\n\t\t\t\t\t<div class=\"elementor-column elementor-col-100 elementor-top-column elementor-element elementor-element-fee3359\" data-id=\"fee3359\" data-element_type=\"column\">\n\t\t\t<div class=\"elementor-column-wrap elementor-element-populated\">\n\t\t\t\t\t\t\t<div class=\"elementor-widget-wrap\">\n\t\t\t\t\t\t<div class=\"elementor-element elementor-element-2948892 animated-slow elementor-invisible elementor-widget elementor-widget-text-editor\" data-id=\"2948892\" data-element_type=\"widget\" data-settings=\"{&quot;_animation&quot;:&quot;fadeIn&quot;}\" data-widget_type=\"text-editor.default\">\n\t\t\t\t<div class=\"elementor-widget-container\">\n\t\t\t\t\t<div class=\"elementor-text-editor elementor-clearfix\"><p>Los ex\u00e1menes DELF y DALF se basan en el Marco Com\u00fan Europeo de Referencia para las Lenguas (MCER), tal como lo define el Consejo de Europa, y permiten certificar tus competencias en franc\u00e9s para un nivel determinado (desde A1 hasta C2). Estos t\u00edtulos tienen validez indefinida.<\/p><\/div>\n\t\t\t\t<\/div>\n\t\t\t\t<\/div>\n\t\t\t\t\t\t<\/div>\n\t\t\t\t\t<\/div>\n\t\t<\/div>\n\t\t\t\t\t\t\t\t<\/div>\n\t\t\t\t\t<\/div>\n\t\t<\/section>\n\t\t\t\t<section class=\"elementor-section elementor-top-section elementor-element elementor-element-33e48a0 elementor-section-boxed elementor-section-height-default elementor-section-height-default\" data-id=\"33e48a0\" data-element_type=\"section\">\n\t\t\t\t\t\t<div class=\"elementor-container elementor-column-gap-default\">\n\t\t\t\t\t\t\t<div class=\"elementor-row\">\n\t\t\t\t\t<div class=\"elementor-column elementor-col-50 elementor-top-column elementor-element elementor-element-cb5b03e animated-slow elementor-invisible\" data-id=\"cb5b03e\" data-element_type=\"column\" data-settings=\"{&quot;animation&quot;:&quot;fadeInRight&quot;}\">\n\t\t\t<div class=\"elementor-column-wrap elementor-element-populated\">\n\t\t\t\t\t\t\t<div class=\"elementor-widget-wrap\">\n\t\t\t\t\t\t<div class=\"elementor-element elementor-element-dc9a3bd elementor-widget elementor-widget-heading\" data-id=\"dc9a3bd\" data-element_type=\"widget\" data-widget_type=\"heading.default\">\n\t\t\t\t<div class=\"elementor-widget-container\">\n\t\t\t<h2 class=\"elementor-heading-title elementor-size-default\">DELF                                                                                                                                 <\/h2>\t\t<\/div>\n\t\t\t\t<\/div>\n\t\t\t\t<div class=\"elementor-element elementor-element-0a38c9e elementor-widget elementor-widget-heading\" data-id=\"0a38c9e\" data-element_type=\"widget\" data-widget_type=\"heading.default\">\n\t\t\t\t<div class=\"elementor-widget-container\">\n\t\t\t<h6 class=\"elementor-heading-title elementor-size-default\">Certificado de estudios de lengua francesa <\/h6>\t\t<\/div>\n\t\t\t\t<\/div>\n\t\t\t\t<div class=\"elementor-element elementor-element-c08f2c0 animated-slow elementor-invisible elementor-widget elementor-widget-text-editor\" data-id=\"c08f2c0\" data-element_type=\"widget\" data-settings=\"{&quot;_animation&quot;:&quot;fadeInUp&quot;}\" data-widget_type=\"text-editor.default\">\n\t\t\t\t<div class=\"elementor-widget-container\">\n\t\t\t\t\t<div class=\"elementor-text-editor elementor-clearfix\"><p>El DELF es el Diploma de Estudios de la Lengua Francesa. Se trata de un t\u00edtulo oficial expedido por el Ministerio de Educaci\u00f3n Nacional de Francia. Existen cuatro t\u00edtulos que corresponden a los cuatro primeros niveles descritos por el MCER: DELF A1, DELF A2, DELF B1 y DELF B2.<\/p><p>El DELF para todos los p\u00fablicos est\u00e1 destinado a adultos y adolescentes mayores, extranjeros o franceses, que no tienen el franc\u00e9s como lengua materna y que desean valorizar sus competencias en esta lengua con fines personales o profesionales.<\/p><p>Es un t\u00edtulo oficial, de calidad, armonizado con <span style=\"text-decoration: underline;\"><span style=\"color: #0000ff; text-decoration: underline;\">los niveles del Marco Com\u00fan Europeo de Referencia para las Lenguas<\/span><\/span>. Adem\u00e1s, es reconocido en todo el mundo y tiene validez de por vida.<\/p><p>El DELF B1 permite obtener la nacionalidad francesa. El DELF B2 permite inscribirse en una universidad francesa, europea o franc\u00f3fona, y en ciertas grandes escuelas.<\/p><\/div>\n\t\t\t\t<\/div>\n\t\t\t\t<\/div>\n\t\t\t\t\t\t<\/div>\n\t\t\t\t\t<\/div>\n\t\t<\/div>\n\t\t\t\t<div class=\"elementor-column elementor-col-50 elementor-top-column elementor-element elementor-element-99c48f5 animated-slow elementor-invisible\" data-id=\"99c48f5\" data-element_type=\"column\" data-settings=\"{&quot;animation&quot;:&quot;fadeInLeft&quot;}\">\n\t\t\t<div class=\"elementor-column-wrap elementor-element-populated\">\n\t\t\t\t\t\t\t<div class=\"elementor-widget-wrap\">\n\t\t\t\t\t\t<div class=\"elementor-element elementor-element-d98f40f elementor-widget elementor-widget-heading\" data-id=\"d98f40f\" data-element_type=\"widget\" data-widget_type=\"heading.default\">\n\t\t\t\t<div class=\"elementor-widget-container\">\n\t\t\t<h2 class=\"elementor-heading-title elementor-size-default\">DALF<\/h2>\t\t<\/div>\n\t\t\t\t<\/div>\n\t\t\t\t<div class=\"elementor-element elementor-element-03d48e0 elementor-widget elementor-widget-heading\" data-id=\"03d48e0\" data-element_type=\"widget\" data-widget_type=\"heading.default\">\n\t\t\t\t<div class=\"elementor-widget-container\">\n\t\t\t<h6 class=\"elementor-heading-title elementor-size-default\">Diploma de franc\u00e9s avanzado<\/h6>\t\t<\/div>\n\t\t\t\t<\/div>\n\t\t\t\t<div class=\"elementor-element elementor-element-a66bb79 animated-slow elementor-invisible elementor-widget elementor-widget-text-editor\" data-id=\"a66bb79\" data-element_type=\"widget\" data-settings=\"{&quot;_animation&quot;:&quot;fadeInUp&quot;}\" data-widget_type=\"text-editor.default\">\n\t\t\t\t<div class=\"elementor-widget-container\">\n\t\t\t\t\t<div class=\"elementor-text-editor elementor-clearfix\"><p>El DALF es un t\u00edtulo oficial expedido por el Ministerio de Educaci\u00f3n Nacional de Francia para certificar las competencias en franc\u00e9s de los candidatos extranjeros y de los franceses originarios de un pa\u00eds no franc\u00f3fono que no posean un t\u00edtulo de la ense\u00f1anza secundaria o superior p\u00fablica francesa.<\/p><p>El DALF se compone de dos t\u00edtulos independientes, que corresponden a los niveles C1 (DALF C1) y C2 (DALF C2) del <a href=\"https:\/\/eduscol.education.fr\/1971\/cadre-europeen-commun-de-reference-pour-les-langues-cecrl\"><span style=\"color: #0000ff;\">Marco Com\u00fan Europeo de Referencia para las Lenguas<\/span><\/a>.<\/p><\/div>\n\t\t\t\t<\/div>\n\t\t\t\t<\/div>\n\t\t\t\t\t\t<\/div>\n\t\t\t\t\t<\/div>\n\t\t<\/div>\n\t\t\t\t\t\t\t\t<\/div>\n\t\t\t\t\t<\/div>\n\t\t<\/section>\n\t\t\t\t<section class=\"elementor-section elementor-top-section elementor-element elementor-element-51cbfdb elementor-section-boxed elementor-section-height-default elementor-section-height-default\" data-id=\"51cbfdb\" data-element_type=\"section\">\n\t\t\t\t\t\t<div class=\"elementor-container elementor-column-gap-default\">\n\t\t\t\t\t\t\t<div class=\"elementor-row\">\n\t\t\t\t\t<div class=\"elementor-column elementor-col-100 elementor-top-column elementor-element elementor-element-084bc08\" data-id=\"084bc08\" data-element_type=\"column\">\n\t\t\t<div class=\"elementor-column-wrap elementor-element-populated\">\n\t\t\t\t\t\t\t<div class=\"elementor-widget-wrap\">\n\t\t\t\t\t\t<div class=\"elementor-element elementor-element-127f1ff elementor-align-center animated-slow elementor-invisible elementor-widget elementor-widget-button\" data-id=\"127f1ff\" data-element_type=\"widget\" data-settings=\"{&quot;_animation&quot;:&quot;bounceIn&quot;}\" data-widget_type=\"button.default\">\n\t\t\t\t<div class=\"elementor-widget-container\">\n\t\t\t\t\t<div class=\"elementor-button-wrapper\">\n\t\t\t<a href=\"https:\/\/alianzafrancesacuba.org\/alliance-francaise-de-cuba-accueil-2\/apprendre\/tests-et-certifications\/?lang=fr\" target=\"_blank\" class=\"elementor-button-link elementor-button elementor-size-sm\" role=\"button\">\n\t\t\t\t\t\t<span class=\"elementor-button-content-wrapper\">\n\t\t\t\t\t\t<span class=\"elementor-button-text\">Descubre las pr\u00f3ximas convocatorias de ex\u00e1menes <\/span>\n\t\t<\/span>\n\t\t\t\t\t<\/a>\n\t\t<\/div>\n\t\t\t\t<\/div>\n\t\t\t\t<\/div>\n\t\t\t\t\t\t<\/div>\n\t\t\t\t\t<\/div>\n\t\t<\/div>\n\t\t\t\t\t\t\t\t<\/div>\n\t\t\t\t\t<\/div>\n\t\t<\/section>\n\t\t\t\t\t\t<\/div>\n\t\t\t\t\t\t<\/div>\n\t\t\t\t\t<\/div>\n\t\t","protected":false},"excerpt":{"rendered":"<p>Pruebas y certificaciones La Alianza Francesa en Cuba es un centro oficial para la realizaci\u00f3n de las principales certificaciones de&nbsp;<a href=\"https:\/\/lfih.org\/index.php\/delf-dalf\/\">&hellip;<\/a><\/p>\n","protected":false},"author":2,"featured_media":0,"parent":0,"menu_order":0,"comment_status":"closed","ping_status":"closed","template":"","meta":[],"_links":{"self":[{"href":"https:\/\/lfih.org\/index.php\/wp-json\/wp\/v2\/pages\/33428"}],"collection":[{"href":"https:\/\/lfih.org\/index.php\/wp-json\/wp\/v2\/pages"}],"about":[{"href":"https:\/\/lfih.org\/index.php\/wp-json\/wp\/v2\/types\/page"}],"author":[{"embeddable":true,"href":"https:\/\/lfih.org\/index.php\/wp-json\/wp\/v2\/users\/2"}],"replies":[{"embeddable":true,"href":"https:\/\/lfih.org\/index.php\/wp-json\/wp\/v2\/comments?post=33428"}],"version-history":[{"count":13,"href":"https:\/\/lfih.org\/index.php\/wp-json\/wp\/v2\/pages\/33428\/revisions"}],"predecessor-version":[{"id":33442,"href":"https:\/\/lfih.org\/index.php\/wp-json\/wp\/v2\/pages\/33428\/revisions\/33442"}],"wp:attachment":[{"href":"https:\/\/lfih.org\/index.php\/wp-json\/wp\/v2\/media?parent=33428"}],"curies":[{"name":"wp","href":"https:\/\/api.w.org\/{rel}","templated":true}]}}