{"id":33342,"date":"2026-03-26T10:16:45","date_gmt":"2026-03-26T14:16:45","guid":{"rendered":"https:\/\/lfih.org\/?page_id=33342"},"modified":"2026-03-26T12:06:51","modified_gmt":"2026-03-26T16:06:51","slug":"delf","status":"publish","type":"page","link":"https:\/\/lfih.org\/index.php\/delf\/","title":{"rendered":"DELF &#8211; DALF"},"content":{"rendered":"\t\t<div data-elementor-type=\"wp-page\" data-elementor-id=\"33342\" class=\"elementor elementor-33342\" data-elementor-settings=\"[]\">\n\t\t\t\t\t\t<div class=\"elementor-inner\">\n\t\t\t\t\t\t\t<div class=\"elementor-section-wrap\">\n\t\t\t\t\t\t\t<section class=\"elementor-section elementor-top-section elementor-element elementor-element-6934891 elementor-section-boxed elementor-section-height-default elementor-section-height-default\" data-id=\"6934891\" data-element_type=\"section\">\n\t\t\t\t\t\t<div class=\"elementor-container elementor-column-gap-default\">\n\t\t\t\t\t\t\t<div class=\"elementor-row\">\n\t\t\t\t\t<div class=\"elementor-column elementor-col-100 elementor-top-column elementor-element elementor-element-e7968d8\" data-id=\"e7968d8\" data-element_type=\"column\">\n\t\t\t<div class=\"elementor-column-wrap elementor-element-populated\">\n\t\t\t\t\t\t\t<div class=\"elementor-widget-wrap\">\n\t\t\t\t\t\t<div class=\"elementor-element elementor-element-04046cc animated-slow elementor-invisible elementor-widget elementor-widget-heading\" data-id=\"04046cc\" data-element_type=\"widget\" data-settings=\"{&quot;_animation&quot;:&quot;fadeInDown&quot;}\" data-widget_type=\"heading.default\">\n\t\t\t\t<div class=\"elementor-widget-container\">\n\t\t\t<h2 class=\"elementor-heading-title elementor-size-default\">Tests et Certifications<\/h2>\t\t<\/div>\n\t\t\t\t<\/div>\n\t\t\t\t\t\t<\/div>\n\t\t\t\t\t<\/div>\n\t\t<\/div>\n\t\t\t\t\t\t\t\t<\/div>\n\t\t\t\t\t<\/div>\n\t\t<\/section>\n\t\t\t\t<section class=\"elementor-section elementor-top-section elementor-element elementor-element-93a5c34 elementor-section-boxed elementor-section-height-default elementor-section-height-default\" data-id=\"93a5c34\" data-element_type=\"section\">\n\t\t\t\t\t\t<div class=\"elementor-container elementor-column-gap-default\">\n\t\t\t\t\t\t\t<div class=\"elementor-row\">\n\t\t\t\t\t<div class=\"elementor-column elementor-col-100 elementor-top-column elementor-element elementor-element-c2df77d\" data-id=\"c2df77d\" data-element_type=\"column\">\n\t\t\t<div class=\"elementor-column-wrap elementor-element-populated\">\n\t\t\t\t\t\t\t<div class=\"elementor-widget-wrap\">\n\t\t\t\t\t\t<div class=\"elementor-element elementor-element-9416eae animated-slow elementor-invisible elementor-widget elementor-widget-image\" data-id=\"9416eae\" data-element_type=\"widget\" data-settings=\"{&quot;_animation&quot;:&quot;zoomIn&quot;}\" data-widget_type=\"image.default\">\n\t\t\t\t<div class=\"elementor-widget-container\">\n\t\t\t\t\t<div class=\"elementor-image\">\n\t\t\t\t\t\t\t\t\t\t\t<a href=\"https:\/\/alianzafrancesacuba.org\/alliance-francaise-de-cuba-accueil-2\/apprendre\/tests-et-certifications\/?lang=fr\" target=\"_blank\">\n\t\t\t\t\t\t\t<img width=\"150\" height=\"150\" src=\"https:\/\/lfih.org\/wp-content\/uploads\/2023\/11\/LOGO-AF-150x150.jpg\" class=\"attachment-thumbnail size-thumbnail\" alt=\"\" loading=\"lazy\" srcset=\"https:\/\/lfih.org\/wp-content\/uploads\/2023\/11\/LOGO-AF-150x150.jpg 150w, https:\/\/lfih.org\/wp-content\/uploads\/2023\/11\/LOGO-AF-300x300.jpg 300w, https:\/\/lfih.org\/wp-content\/uploads\/2023\/11\/LOGO-AF.jpg 512w, https:\/\/lfih.org\/wp-content\/uploads\/2023\/11\/LOGO-AF-100x100.jpg 100w, https:\/\/lfih.org\/wp-content\/uploads\/2023\/11\/LOGO-AF-420x420.jpg 420w\" sizes=\"(max-width: 150px) 100vw, 150px\" \/>\t\t\t\t\t\t\t\t<\/a>\n\t\t\t\t\t\t\t\t\t\t\t<\/div>\n\t\t\t\t<\/div>\n\t\t\t\t<\/div>\n\t\t\t\t\t\t<\/div>\n\t\t\t\t\t<\/div>\n\t\t<\/div>\n\t\t\t\t\t\t\t\t<\/div>\n\t\t\t\t\t<\/div>\n\t\t<\/section>\n\t\t\t\t<section class=\"elementor-section elementor-top-section elementor-element elementor-element-3919c85 elementor-section-boxed elementor-section-height-default elementor-section-height-default\" data-id=\"3919c85\" data-element_type=\"section\">\n\t\t\t\t\t\t<div class=\"elementor-container elementor-column-gap-default\">\n\t\t\t\t\t\t\t<div class=\"elementor-row\">\n\t\t\t\t\t<div class=\"elementor-column elementor-col-100 elementor-top-column elementor-element elementor-element-caf815e\" data-id=\"caf815e\" data-element_type=\"column\">\n\t\t\t<div class=\"elementor-column-wrap elementor-element-populated\">\n\t\t\t\t\t\t\t<div class=\"elementor-widget-wrap\">\n\t\t\t\t\t\t<div class=\"elementor-element elementor-element-9649875 elementor-widget elementor-widget-image\" data-id=\"9649875\" data-element_type=\"widget\" data-widget_type=\"image.default\">\n\t\t\t\t<div class=\"elementor-widget-container\">\n\t\t\t\t\t<div class=\"elementor-image\">\n\t\t\t\t\t\t\t\t\t\t\t<a href=\"https:\/\/alianzafrancesacuba.org\/alliance-francaise-de-cuba-accueil-2\/apprendre\/tests-et-certifications\/?lang=fr\" target=\"_blank\">\n\t\t\t\t\t\t\t<img width=\"1024\" height=\"320\" src=\"https:\/\/lfih.org\/wp-content\/uploads\/2023\/11\/Diplome-1024x320.jpg\" class=\"attachment-large size-large\" alt=\"\" loading=\"lazy\" srcset=\"https:\/\/lfih.org\/wp-content\/uploads\/2023\/11\/Diplome-1024x320.jpg 1024w, https:\/\/lfih.org\/wp-content\/uploads\/2023\/11\/Diplome-300x94.jpg 300w, https:\/\/lfih.org\/wp-content\/uploads\/2023\/11\/Diplome-100x31.jpg 100w, https:\/\/lfih.org\/wp-content\/uploads\/2023\/11\/Diplome.jpg 1280w, https:\/\/lfih.org\/wp-content\/uploads\/2023\/11\/Diplome-150x47.jpg 150w\" sizes=\"(max-width: 1024px) 100vw, 1024px\" \/>\t\t\t\t\t\t\t\t<\/a>\n\t\t\t\t\t\t\t\t\t\t\t<\/div>\n\t\t\t\t<\/div>\n\t\t\t\t<\/div>\n\t\t\t\t\t\t<\/div>\n\t\t\t\t\t<\/div>\n\t\t<\/div>\n\t\t\t\t\t\t\t\t<\/div>\n\t\t\t\t\t<\/div>\n\t\t<\/section>\n\t\t\t\t<section class=\"elementor-section elementor-top-section elementor-element elementor-element-6604b5d elementor-section-boxed elementor-section-height-default elementor-section-height-default\" data-id=\"6604b5d\" data-element_type=\"section\">\n\t\t\t\t\t\t<div class=\"elementor-container elementor-column-gap-default\">\n\t\t\t\t\t\t\t<div class=\"elementor-row\">\n\t\t\t\t\t<div class=\"elementor-column elementor-col-100 elementor-top-column elementor-element elementor-element-8c173f9\" data-id=\"8c173f9\" data-element_type=\"column\">\n\t\t\t<div class=\"elementor-column-wrap elementor-element-populated\">\n\t\t\t\t\t\t\t<div class=\"elementor-widget-wrap\">\n\t\t\t\t\t\t<div class=\"elementor-element elementor-element-0fae07f elementor-widget elementor-widget-text-editor\" data-id=\"0fae07f\" data-element_type=\"widget\" data-widget_type=\"text-editor.default\">\n\t\t\t\t<div class=\"elementor-widget-container\">\n\t\t\t\t\t<div class=\"elementor-text-editor elementor-clearfix\"><p style=\"text-align: center;\">L\u2019Alliance Fran\u00e7aise \u00e0 Cuba est centre officiel de passation des principales certifications de la langue fran\u00e7aise. Plusieurs sessions sont organis\u00e9es par an dans nos locaux des tests et dipl\u00f4mes suivants\u00a0<\/p><\/div>\n\t\t\t\t<\/div>\n\t\t\t\t<\/div>\n\t\t\t\t\t\t<\/div>\n\t\t\t\t\t<\/div>\n\t\t<\/div>\n\t\t\t\t\t\t\t\t<\/div>\n\t\t\t\t\t<\/div>\n\t\t<\/section>\n\t\t\t\t<section class=\"elementor-section elementor-top-section elementor-element elementor-element-60904fe elementor-section-boxed elementor-section-height-default elementor-section-height-default\" data-id=\"60904fe\" data-element_type=\"section\">\n\t\t\t\t\t\t<div class=\"elementor-container elementor-column-gap-default\">\n\t\t\t\t\t\t\t<div class=\"elementor-row\">\n\t\t\t\t\t<div class=\"elementor-column elementor-col-100 elementor-top-column elementor-element elementor-element-c10620e\" data-id=\"c10620e\" data-element_type=\"column\">\n\t\t\t<div class=\"elementor-column-wrap elementor-element-populated\">\n\t\t\t\t\t\t\t<div class=\"elementor-widget-wrap\">\n\t\t\t\t\t\t<div class=\"elementor-element elementor-element-7113d4e animated-slow elementor-invisible elementor-widget elementor-widget-heading\" data-id=\"7113d4e\" data-element_type=\"widget\" data-settings=\"{&quot;_animation&quot;:&quot;fadeInDown&quot;}\" data-widget_type=\"heading.default\">\n\t\t\t\t<div class=\"elementor-widget-container\">\n\t\t\t<h2 class=\"elementor-heading-title elementor-size-default\">DELF - DALF<\/h2>\t\t<\/div>\n\t\t\t\t<\/div>\n\t\t\t\t\t\t<\/div>\n\t\t\t\t\t<\/div>\n\t\t<\/div>\n\t\t\t\t\t\t\t\t<\/div>\n\t\t\t\t\t<\/div>\n\t\t<\/section>\n\t\t\t\t<section class=\"elementor-section elementor-top-section elementor-element elementor-element-ae5b764 elementor-section-boxed elementor-section-height-default elementor-section-height-default\" data-id=\"ae5b764\" data-element_type=\"section\">\n\t\t\t\t\t\t<div class=\"elementor-container elementor-column-gap-default\">\n\t\t\t\t\t\t\t<div class=\"elementor-row\">\n\t\t\t\t\t<div class=\"elementor-column elementor-col-100 elementor-top-column elementor-element elementor-element-fee3359\" data-id=\"fee3359\" data-element_type=\"column\">\n\t\t\t<div class=\"elementor-column-wrap elementor-element-populated\">\n\t\t\t\t\t\t\t<div class=\"elementor-widget-wrap\">\n\t\t\t\t\t\t<div class=\"elementor-element elementor-element-2948892 animated-slow elementor-invisible elementor-widget elementor-widget-text-editor\" data-id=\"2948892\" data-element_type=\"widget\" data-settings=\"{&quot;_animation&quot;:&quot;fadeIn&quot;}\" data-widget_type=\"text-editor.default\">\n\t\t\t\t<div class=\"elementor-widget-container\">\n\t\t\t\t\t<div class=\"elementor-text-editor elementor-clearfix\"><p>Le DELF et le DALF sont construits autour du CECR tel que d\u00e9fini par le Conseil de l\u2019Europe et permettent de valider vos comp\u00e9tences en fran\u00e7ais pour un niveau donn\u00e9 (du A1 au C2). Ces dipl\u00f4mes sont valables sans limitation de dur\u00e9e.<\/p><\/div>\n\t\t\t\t<\/div>\n\t\t\t\t<\/div>\n\t\t\t\t\t\t<\/div>\n\t\t\t\t\t<\/div>\n\t\t<\/div>\n\t\t\t\t\t\t\t\t<\/div>\n\t\t\t\t\t<\/div>\n\t\t<\/section>\n\t\t\t\t<section class=\"elementor-section elementor-top-section elementor-element elementor-element-33e48a0 elementor-section-boxed elementor-section-height-default elementor-section-height-default\" data-id=\"33e48a0\" data-element_type=\"section\">\n\t\t\t\t\t\t<div class=\"elementor-container elementor-column-gap-default\">\n\t\t\t\t\t\t\t<div class=\"elementor-row\">\n\t\t\t\t\t<div class=\"elementor-column elementor-col-50 elementor-top-column elementor-element elementor-element-cb5b03e animated-slow elementor-invisible\" data-id=\"cb5b03e\" data-element_type=\"column\" data-settings=\"{&quot;animation&quot;:&quot;fadeInRight&quot;}\">\n\t\t\t<div class=\"elementor-column-wrap elementor-element-populated\">\n\t\t\t\t\t\t\t<div class=\"elementor-widget-wrap\">\n\t\t\t\t\t\t<div class=\"elementor-element elementor-element-dc9a3bd elementor-widget elementor-widget-heading\" data-id=\"dc9a3bd\" data-element_type=\"widget\" data-widget_type=\"heading.default\">\n\t\t\t\t<div class=\"elementor-widget-container\">\n\t\t\t<h2 class=\"elementor-heading-title elementor-size-default\">DELF                                                                                                                                 <\/h2>\t\t<\/div>\n\t\t\t\t<\/div>\n\t\t\t\t<div class=\"elementor-element elementor-element-0a38c9e elementor-widget elementor-widget-heading\" data-id=\"0a38c9e\" data-element_type=\"widget\" data-widget_type=\"heading.default\">\n\t\t\t\t<div class=\"elementor-widget-container\">\n\t\t\t<h6 class=\"elementor-heading-title elementor-size-default\">Dipl\u00f4me d\u2019\u00e9tudes en langue Fran\u00e7aise <\/h6>\t\t<\/div>\n\t\t\t\t<\/div>\n\t\t\t\t<div class=\"elementor-element elementor-element-c08f2c0 animated-slow elementor-invisible elementor-widget elementor-widget-text-editor\" data-id=\"c08f2c0\" data-element_type=\"widget\" data-settings=\"{&quot;_animation&quot;:&quot;fadeInUp&quot;}\" data-widget_type=\"text-editor.default\">\n\t\t\t\t<div class=\"elementor-widget-container\">\n\t\t\t\t\t<div class=\"elementor-text-editor elementor-clearfix\"><p id=\"tw-target-text\" class=\"tw-data-text tw-text-large XcVN5d tw-ta\" dir=\"ltr\" data-placeholder=\"Traduction\"><span class=\"Y2IQFc\" lang=\"es\">Le DELF est le dipl\u00f4me d\u2019\u00e9tudes en langue fran\u00e7aise. C\u2019est un <strong>dipl\u00f4me officiel<\/strong> d\u00e9livr\u00e9 par le minist\u00e8re fran\u00e7ais de l\u2019\u00c9ducation nationale. Il y a 4 dipl\u00f4mes correspondant aux 4 premiers niveaux d\u00e9crits par le CECR : DELF A1, DELF A2, DELF B1 et DELF B2.<\/span><\/p><p>Le DELF tout public est <strong>destin\u00e9 aux adultes et grands adolescents<\/strong>, \u00e9trangers ou Fran\u00e7ais, qui n\u2019ont pas le fran\u00e7ais en langue maternelle, et qui souhaitent valoriser leurs comp\u00e9tences dans cette langue \u00e0 des fins personnelles ou professionnelles.<\/p><p>C\u2019est un dipl\u00f4me officiel, de qualit\u00e9, harmonis\u00e9 sur les niveaux du <span style=\"text-decoration: underline;\"><span style=\"color: #0000ff; text-decoration: underline;\"><a class=\"ext\" style=\"color: #0000ff; text-decoration: underline;\" href=\"https:\/\/eduscol.education.fr\/1971\/cadre-europeen-commun-de-reference-pour-les-langues-cecrl\" target=\"_blank\" rel=\"noopener\">Cadre europ\u00e9en commun de r\u00e9f\u00e9rence pour les langues<\/a>.<\/span><\/span> Il est de plus reconnu dans le monde entier, et il est <strong>valable \u00e0 vie<\/strong>.<\/p><p>Le DELF B1 permet d\u2019obtenir la <strong>nationalit\u00e9 fran\u00e7aise<\/strong>. Le DELF B2 permet de <strong>s\u2019inscrire dans une universit\u00e9 fran\u00e7aise<\/strong>, europ\u00e9enne ou francophone, et dans certaines grandes \u00e9coles.<\/p><\/div>\n\t\t\t\t<\/div>\n\t\t\t\t<\/div>\n\t\t\t\t\t\t<\/div>\n\t\t\t\t\t<\/div>\n\t\t<\/div>\n\t\t\t\t<div class=\"elementor-column elementor-col-50 elementor-top-column elementor-element elementor-element-99c48f5 animated-slow elementor-invisible\" data-id=\"99c48f5\" data-element_type=\"column\" data-settings=\"{&quot;animation&quot;:&quot;fadeInLeft&quot;}\">\n\t\t\t<div class=\"elementor-column-wrap elementor-element-populated\">\n\t\t\t\t\t\t\t<div class=\"elementor-widget-wrap\">\n\t\t\t\t\t\t<div class=\"elementor-element elementor-element-d98f40f elementor-widget elementor-widget-heading\" data-id=\"d98f40f\" data-element_type=\"widget\" data-widget_type=\"heading.default\">\n\t\t\t\t<div class=\"elementor-widget-container\">\n\t\t\t<h2 class=\"elementor-heading-title elementor-size-default\">DALF<\/h2>\t\t<\/div>\n\t\t\t\t<\/div>\n\t\t\t\t<div class=\"elementor-element elementor-element-03d48e0 elementor-widget elementor-widget-heading\" data-id=\"03d48e0\" data-element_type=\"widget\" data-widget_type=\"heading.default\">\n\t\t\t\t<div class=\"elementor-widget-container\">\n\t\t\t<h6 class=\"elementor-heading-title elementor-size-default\">Dipl\u00f4me approfondi de langue fran\u00e7aise<\/h6>\t\t<\/div>\n\t\t\t\t<\/div>\n\t\t\t\t<div class=\"elementor-element elementor-element-a66bb79 animated-slow elementor-invisible elementor-widget elementor-widget-text-editor\" data-id=\"a66bb79\" data-element_type=\"widget\" data-settings=\"{&quot;_animation&quot;:&quot;fadeInUp&quot;}\" data-widget_type=\"text-editor.default\">\n\t\t\t\t<div class=\"elementor-widget-container\">\n\t\t\t\t\t<div class=\"elementor-text-editor elementor-clearfix\"><p>Le DALF est un <strong>dipl\u00f4me officiel<\/strong> d\u00e9livr\u00e9 par le minist\u00e8re fran\u00e7ais de l\u2019\u00e9ducation nationale, pour certifier les comp\u00e9tences en fran\u00e7ais des candidats \u00e9trangers et des Fran\u00e7ais originaires d\u2019un pays non francophone et non titulaires d\u2019un dipl\u00f4me de l\u2019enseignement secondaire ou sup\u00e9rieur public fran\u00e7ais.<\/p><p>Le DALF se compose de <strong><span class=\"bodystyleGras\">2 dipl\u00f4mes ind\u00e9pendants<\/span><\/strong>, correspondant aux <strong>niveaux exp\u00e9riment\u00e9s C1<\/strong> (DALF C1) et <strong>C2<\/strong> (DALF C2) du <span style=\"text-decoration: underline;\"><span style=\"color: #0000ff;\"><a class=\"ext\" style=\"color: #0000ff; text-decoration: underline;\" href=\"https:\/\/eduscol.education.fr\/1971\/cadre-europeen-commun-de-reference-pour-les-langues-cecrl\" target=\"_blank\" rel=\"noopener\">Cadre europ\u00e9en de r\u00e9f\u00e9rence pour les langues<span class=\"ext\"><span class=\"element-invisible\">.<\/span><\/span><\/a><\/span><\/span><\/p><\/div>\n\t\t\t\t<\/div>\n\t\t\t\t<\/div>\n\t\t\t\t\t\t<\/div>\n\t\t\t\t\t<\/div>\n\t\t<\/div>\n\t\t\t\t\t\t\t\t<\/div>\n\t\t\t\t\t<\/div>\n\t\t<\/section>\n\t\t\t\t<section class=\"elementor-section elementor-top-section elementor-element elementor-element-51cbfdb elementor-section-boxed elementor-section-height-default elementor-section-height-default\" data-id=\"51cbfdb\" data-element_type=\"section\">\n\t\t\t\t\t\t<div class=\"elementor-container elementor-column-gap-default\">\n\t\t\t\t\t\t\t<div class=\"elementor-row\">\n\t\t\t\t\t<div class=\"elementor-column elementor-col-100 elementor-top-column elementor-element elementor-element-084bc08\" data-id=\"084bc08\" data-element_type=\"column\">\n\t\t\t<div class=\"elementor-column-wrap elementor-element-populated\">\n\t\t\t\t\t\t\t<div class=\"elementor-widget-wrap\">\n\t\t\t\t\t\t<div class=\"elementor-element elementor-element-127f1ff elementor-align-center animated-slow elementor-invisible elementor-widget elementor-widget-button\" data-id=\"127f1ff\" data-element_type=\"widget\" data-settings=\"{&quot;_animation&quot;:&quot;bounceIn&quot;}\" data-widget_type=\"button.default\">\n\t\t\t\t<div class=\"elementor-widget-container\">\n\t\t\t\t\t<div class=\"elementor-button-wrapper\">\n\t\t\t<a href=\"https:\/\/alianzafrancesacuba.org\/alliance-francaise-de-cuba-accueil-2\/apprendre\/tests-et-certifications\/?lang=fr\" target=\"_blank\" class=\"elementor-button-link elementor-button elementor-size-sm\" role=\"button\">\n\t\t\t\t\t\t<span class=\"elementor-button-content-wrapper\">\n\t\t\t\t\t\t<span class=\"elementor-button-text\">d\u00e9couvrez les prochaines sessions d'examens <\/span>\n\t\t<\/span>\n\t\t\t\t\t<\/a>\n\t\t<\/div>\n\t\t\t\t<\/div>\n\t\t\t\t<\/div>\n\t\t\t\t\t\t<\/div>\n\t\t\t\t\t<\/div>\n\t\t<\/div>\n\t\t\t\t\t\t\t\t<\/div>\n\t\t\t\t\t<\/div>\n\t\t<\/section>\n\t\t\t\t\t\t<\/div>\n\t\t\t\t\t\t<\/div>\n\t\t\t\t\t<\/div>\n\t\t","protected":false},"excerpt":{"rendered":"<p>Tests et Certifications L\u2019Alliance Fran\u00e7aise \u00e0 Cuba est centre officiel de passation des principales certifications de la langue fran\u00e7aise. Plusieurs&nbsp;<a href=\"https:\/\/lfih.org\/index.php\/delf\/\">&hellip;<\/a><\/p>\n","protected":false},"author":2,"featured_media":0,"parent":0,"menu_order":0,"comment_status":"closed","ping_status":"closed","template":"","meta":[],"_links":{"self":[{"href":"https:\/\/lfih.org\/index.php\/wp-json\/wp\/v2\/pages\/33342"}],"collection":[{"href":"https:\/\/lfih.org\/index.php\/wp-json\/wp\/v2\/pages"}],"about":[{"href":"https:\/\/lfih.org\/index.php\/wp-json\/wp\/v2\/types\/page"}],"author":[{"embeddable":true,"href":"https:\/\/lfih.org\/index.php\/wp-json\/wp\/v2\/users\/2"}],"replies":[{"embeddable":true,"href":"https:\/\/lfih.org\/index.php\/wp-json\/wp\/v2\/comments?post=33342"}],"version-history":[{"count":53,"href":"https:\/\/lfih.org\/index.php\/wp-json\/wp\/v2\/pages\/33342\/revisions"}],"predecessor-version":[{"id":33411,"href":"https:\/\/lfih.org\/index.php\/wp-json\/wp\/v2\/pages\/33342\/revisions\/33411"}],"wp:attachment":[{"href":"https:\/\/lfih.org\/index.php\/wp-json\/wp\/v2\/media?parent=33342"}],"curies":[{"name":"wp","href":"https:\/\/api.w.org\/{rel}","templated":true}]}}