{"id":33086,"date":"2026-03-20T11:55:43","date_gmt":"2026-03-20T15:55:43","guid":{"rendered":"https:\/\/lfih.org\/?page_id=33086"},"modified":"2026-03-20T11:56:52","modified_gmt":"2026-03-20T15:56:52","slug":"reinscripcion-2026-2027","status":"publish","type":"page","link":"https:\/\/lfih.org\/index.php\/reinscripcion-2026-2027\/","title":{"rendered":"Reinscripci\u00f3n 2026-2027"},"content":{"rendered":"\t\t<div data-elementor-type=\"wp-page\" data-elementor-id=\"33086\" class=\"elementor elementor-33086\" data-elementor-settings=\"[]\">\n\t\t\t\t\t\t<div class=\"elementor-inner\">\n\t\t\t\t\t\t\t<div class=\"elementor-section-wrap\">\n\t\t\t\t\t\t\t<section class=\"elementor-section elementor-top-section elementor-element elementor-element-47c72e6 elementor-section-boxed elementor-section-height-default elementor-section-height-default\" data-id=\"47c72e6\" data-element_type=\"section\">\n\t\t\t\t\t\t<div class=\"elementor-container elementor-column-gap-default\">\n\t\t\t\t\t\t\t<div class=\"elementor-row\">\n\t\t\t\t\t<div class=\"elementor-column elementor-col-100 elementor-top-column elementor-element elementor-element-d7b53b6\" data-id=\"d7b53b6\" data-element_type=\"column\">\n\t\t\t<div class=\"elementor-column-wrap elementor-element-populated\">\n\t\t\t\t\t\t\t<div class=\"elementor-widget-wrap\">\n\t\t\t\t\t\t<div class=\"elementor-element elementor-element-c9bff3b animated-slow elementor-invisible elementor-widget elementor-widget-image\" data-id=\"c9bff3b\" data-element_type=\"widget\" data-settings=\"{&quot;_animation&quot;:&quot;zoomIn&quot;}\" data-widget_type=\"image.default\">\n\t\t\t\t<div class=\"elementor-widget-container\">\n\t\t\t\t\t<div class=\"elementor-image\">\n\t\t\t\t\t\t\t\t\t\t<img width=\"1024\" height=\"1024\" src=\"https:\/\/lfih.org\/wp-content\/uploads\/2026\/03\/reinscription_photo-eleves-1-1024x1024.png\" class=\"attachment-large size-large\" alt=\"\" loading=\"lazy\" srcset=\"https:\/\/lfih.org\/wp-content\/uploads\/2026\/03\/reinscription_photo-eleves-1.png 1024w, https:\/\/lfih.org\/wp-content\/uploads\/2026\/03\/reinscription_photo-eleves-1-150x150.png 150w, https:\/\/lfih.org\/wp-content\/uploads\/2026\/03\/reinscription_photo-eleves-1-300x300.png 300w, https:\/\/lfih.org\/wp-content\/uploads\/2026\/03\/reinscription_photo-eleves-1-100x100.png 100w, https:\/\/lfih.org\/wp-content\/uploads\/2026\/03\/reinscription_photo-eleves-1-768x768.png 768w, https:\/\/lfih.org\/wp-content\/uploads\/2026\/03\/reinscription_photo-eleves-1-420x420.png 420w\" sizes=\"(max-width: 1024px) 100vw, 1024px\" \/>\t\t\t\t\t\t\t\t\t\t\t<\/div>\n\t\t\t\t<\/div>\n\t\t\t\t<\/div>\n\t\t\t\t\t\t<\/div>\n\t\t\t\t\t<\/div>\n\t\t<\/div>\n\t\t\t\t\t\t\t\t<\/div>\n\t\t\t\t\t<\/div>\n\t\t<\/section>\n\t\t\t\t<section class=\"elementor-section elementor-top-section elementor-element elementor-element-3bc6828 elementor-section-boxed elementor-section-height-default elementor-section-height-default\" data-id=\"3bc6828\" data-element_type=\"section\">\n\t\t\t\t\t\t<div class=\"elementor-container elementor-column-gap-default\">\n\t\t\t\t\t\t\t<div class=\"elementor-row\">\n\t\t\t\t\t<div class=\"elementor-column elementor-col-100 elementor-top-column elementor-element elementor-element-cbc769b\" data-id=\"cbc769b\" data-element_type=\"column\">\n\t\t\t<div class=\"elementor-column-wrap elementor-element-populated\">\n\t\t\t\t\t\t\t<div class=\"elementor-widget-wrap\">\n\t\t\t\t\t\t<div class=\"elementor-element elementor-element-c665a39 animated-slow elementor-invisible elementor-widget elementor-widget-text-editor\" data-id=\"c665a39\" data-element_type=\"widget\" data-settings=\"{&quot;_animation&quot;:&quot;fadeIn&quot;}\" data-widget_type=\"text-editor.default\">\n\t\t\t\t<div class=\"elementor-widget-container\">\n\t\t\t\t\t<div class=\"elementor-text-editor elementor-clearfix\"><p>Estimadas familias:<\/p><p>La campa\u00f1a de reinscripci\u00f3n para el a\u00f1o escolar 2026-2027 ya est\u00e1 abierta.<\/p><p>Les pedimos amablemente que realicen la reinscripci\u00f3n o la baja de su(s) hijo(s) a trav\u00e9s de la plataforma <a href=\"https:\/\/lfih.eduka.school\/login\"><strong><span style=\"text-decoration: underline;\"><span style=\"color: #0000ff; text-decoration: underline;\">EDUKA<\/span><\/span><\/strong><\/a>, <span style=\"color: #ff0000;\"><strong><u>a m\u00e1s tardar el 24 de abril de 2025.<\/u><\/strong><\/span><br \/>Es fundamental respetar este plazo para garantizar la reinscripci\u00f3n de su(s) hijo(s) para el pr\u00f3ximo a\u00f1o escolar.<\/p><ul><li><strong>Para acompa\u00f1arlos en este proceso, les invitamos a consultar el siguiente tutorial: <\/strong><\/li><\/ul><p style=\"text-align: center;\"><a href=\"https:\/\/drive.google.com\/file\/d\/1ovs5Ke-9aUzpmfpS8JFGUkte-ukar2c-\/view?usp=sharing\"><span style=\"color: #0000ff;\">Tutorial de reinscripci\u00f3n o baja curso 2026-2027<\/span><\/a><\/p><p>El equipo administrativo queda a su entera disposici\u00f3n para cualquier consulta adicional: <a href=\"mailto:secretariat@lfih.org\"><span style=\"color: #0000ff;\">secretariat@lfih.org<\/span><\/a><\/p><\/div>\n\t\t\t\t<\/div>\n\t\t\t\t<\/div>\n\t\t\t\t\t\t<\/div>\n\t\t\t\t\t<\/div>\n\t\t<\/div>\n\t\t\t\t\t\t\t\t<\/div>\n\t\t\t\t\t<\/div>\n\t\t<\/section>\n\t\t\t\t\t\t<\/div>\n\t\t\t\t\t\t<\/div>\n\t\t\t\t\t<\/div>\n\t\t","protected":false},"excerpt":{"rendered":"<p>Estimadas familias: La campa\u00f1a de reinscripci\u00f3n para el a\u00f1o escolar 2026-2027 ya est\u00e1 abierta. Les pedimos amablemente que realicen la&nbsp;<a href=\"https:\/\/lfih.org\/index.php\/reinscripcion-2026-2027\/\">&hellip;<\/a><\/p>\n","protected":false},"author":2,"featured_media":0,"parent":0,"menu_order":0,"comment_status":"closed","ping_status":"closed","template":"","meta":[],"_links":{"self":[{"href":"https:\/\/lfih.org\/index.php\/wp-json\/wp\/v2\/pages\/33086"}],"collection":[{"href":"https:\/\/lfih.org\/index.php\/wp-json\/wp\/v2\/pages"}],"about":[{"href":"https:\/\/lfih.org\/index.php\/wp-json\/wp\/v2\/types\/page"}],"author":[{"embeddable":true,"href":"https:\/\/lfih.org\/index.php\/wp-json\/wp\/v2\/users\/2"}],"replies":[{"embeddable":true,"href":"https:\/\/lfih.org\/index.php\/wp-json\/wp\/v2\/comments?post=33086"}],"version-history":[{"count":4,"href":"https:\/\/lfih.org\/index.php\/wp-json\/wp\/v2\/pages\/33086\/revisions"}],"predecessor-version":[{"id":33090,"href":"https:\/\/lfih.org\/index.php\/wp-json\/wp\/v2\/pages\/33086\/revisions\/33090"}],"wp:attachment":[{"href":"https:\/\/lfih.org\/index.php\/wp-json\/wp\/v2\/media?parent=33086"}],"curies":[{"name":"wp","href":"https:\/\/api.w.org\/{rel}","templated":true}]}}