{"id":32988,"date":"2026-03-18T09:16:33","date_gmt":"2026-03-18T13:16:33","guid":{"rendered":"https:\/\/lfih.org\/?page_id=32988"},"modified":"2026-03-23T09:55:01","modified_gmt":"2026-03-23T13:55:01","slug":"restauracion","status":"publish","type":"page","link":"https:\/\/lfih.org\/index.php\/restauracion\/","title":{"rendered":"Restauraci\u00f3n"},"content":{"rendered":"\t\t<div data-elementor-type=\"wp-page\" data-elementor-id=\"32988\" class=\"elementor elementor-32988\" data-elementor-settings=\"[]\">\n\t\t\t\t\t\t<div class=\"elementor-inner\">\n\t\t\t\t\t\t\t<div class=\"elementor-section-wrap\">\n\t\t\t\t\t\t\t<section class=\"elementor-section elementor-top-section elementor-element elementor-element-de44916 elementor-section-boxed elementor-section-height-default elementor-section-height-default\" data-id=\"de44916\" data-element_type=\"section\">\n\t\t\t\t\t\t<div class=\"elementor-container elementor-column-gap-default\">\n\t\t\t\t\t\t\t<div class=\"elementor-row\">\n\t\t\t\t\t<div class=\"elementor-column elementor-col-100 elementor-top-column elementor-element elementor-element-2eb7272\" data-id=\"2eb7272\" data-element_type=\"column\">\n\t\t\t<div class=\"elementor-column-wrap elementor-element-populated\">\n\t\t\t\t\t\t\t<div class=\"elementor-widget-wrap\">\n\t\t\t\t\t\t<div class=\"elementor-element elementor-element-c579322 animated-slow elementor-invisible elementor-widget elementor-widget-heading\" data-id=\"c579322\" data-element_type=\"widget\" data-settings=\"{&quot;_animation&quot;:&quot;fadeIn&quot;}\" data-widget_type=\"heading.default\">\n\t\t\t\t<div class=\"elementor-widget-container\">\n\t\t\t<h2 class=\"elementor-heading-title elementor-size-default\">Organizaci\u00f3n de la pausa del mediod\u00eda y opciones de comida<\/h2>\t\t<\/div>\n\t\t\t\t<\/div>\n\t\t\t\t\t\t<\/div>\n\t\t\t\t\t<\/div>\n\t\t<\/div>\n\t\t\t\t\t\t\t\t<\/div>\n\t\t\t\t\t<\/div>\n\t\t<\/section>\n\t\t\t\t<section class=\"elementor-section elementor-top-section elementor-element elementor-element-7bd6eeb elementor-section-boxed elementor-section-height-default elementor-section-height-default\" data-id=\"7bd6eeb\" data-element_type=\"section\">\n\t\t\t\t\t\t<div class=\"elementor-container elementor-column-gap-default\">\n\t\t\t\t\t\t\t<div class=\"elementor-row\">\n\t\t\t\t\t<div class=\"elementor-column elementor-col-100 elementor-top-column elementor-element elementor-element-d473f02\" data-id=\"d473f02\" data-element_type=\"column\">\n\t\t\t<div class=\"elementor-column-wrap elementor-element-populated\">\n\t\t\t\t\t\t\t<div class=\"elementor-widget-wrap\">\n\t\t\t\t\t\t<div class=\"elementor-element elementor-element-d25f821 elementor-invisible elementor-widget elementor-widget-image\" data-id=\"d25f821\" data-element_type=\"widget\" data-settings=\"{&quot;_animation&quot;:&quot;zoomIn&quot;}\" data-widget_type=\"image.default\">\n\t\t\t\t<div class=\"elementor-widget-container\">\n\t\t\t\t\t<div class=\"elementor-image\">\n\t\t\t\t\t\t\t\t\t\t\t<a href=\"https:\/\/lfih.org\/wp-content\/uploads\/2026\/03\/ChatGPT-Image-18-mars-2026-08_55_46.png\" data-elementor-open-lightbox=\"yes\" data-elementor-lightbox-title=\"ChatGPT Image 18 mars 2026, 08_55_46\">\n\t\t\t\t\t\t\t<img width=\"1024\" height=\"683\" src=\"https:\/\/lfih.org\/wp-content\/uploads\/2026\/03\/ChatGPT-Image-18-mars-2026-08_55_46-1024x683.png\" class=\"attachment-large size-large\" alt=\"\" loading=\"lazy\" srcset=\"https:\/\/lfih.org\/wp-content\/uploads\/2026\/03\/ChatGPT-Image-18-mars-2026-08_55_46-1024x683.png 1024w, https:\/\/lfih.org\/wp-content\/uploads\/2026\/03\/ChatGPT-Image-18-mars-2026-08_55_46-300x200.png 300w, https:\/\/lfih.org\/wp-content\/uploads\/2026\/03\/ChatGPT-Image-18-mars-2026-08_55_46-100x67.png 100w, https:\/\/lfih.org\/wp-content\/uploads\/2026\/03\/ChatGPT-Image-18-mars-2026-08_55_46.png 1536w, https:\/\/lfih.org\/wp-content\/uploads\/2026\/03\/ChatGPT-Image-18-mars-2026-08_55_46-150x100.png 150w\" sizes=\"(max-width: 1024px) 100vw, 1024px\" \/>\t\t\t\t\t\t\t\t<\/a>\n\t\t\t\t\t\t\t\t\t\t\t<\/div>\n\t\t\t\t<\/div>\n\t\t\t\t<\/div>\n\t\t\t\t\t\t<\/div>\n\t\t\t\t\t<\/div>\n\t\t<\/div>\n\t\t\t\t\t\t\t\t<\/div>\n\t\t\t\t\t<\/div>\n\t\t<\/section>\n\t\t\t\t<section class=\"elementor-section elementor-top-section elementor-element elementor-element-88d3e51 elementor-section-boxed elementor-section-height-default elementor-section-height-default\" data-id=\"88d3e51\" data-element_type=\"section\">\n\t\t\t\t\t\t<div class=\"elementor-container elementor-column-gap-default\">\n\t\t\t\t\t\t\t<div class=\"elementor-row\">\n\t\t\t\t\t<div class=\"elementor-column elementor-col-100 elementor-top-column elementor-element elementor-element-8578627\" data-id=\"8578627\" data-element_type=\"column\">\n\t\t\t<div class=\"elementor-column-wrap elementor-element-populated\">\n\t\t\t\t\t\t\t<div class=\"elementor-widget-wrap\">\n\t\t\t\t\t\t<div class=\"elementor-element elementor-element-699f01c elementor-widget elementor-widget-text-editor\" data-id=\"699f01c\" data-element_type=\"widget\" data-widget_type=\"text-editor.default\">\n\t\t\t\t<div class=\"elementor-widget-container\">\n\t\t\t\t\t<div class=\"elementor-text-editor elementor-clearfix\"><p>Estimados padres:<\/p><p>Les rogamos que se informen sobre el funcionamiento del servicio de la hora del almuerzo en la escuela.<\/p><\/div>\n\t\t\t\t<\/div>\n\t\t\t\t<\/div>\n\t\t\t\t\t\t<\/div>\n\t\t\t\t\t<\/div>\n\t\t<\/div>\n\t\t\t\t\t\t\t\t<\/div>\n\t\t\t\t\t<\/div>\n\t\t<\/section>\n\t\t\t\t<section class=\"elementor-section elementor-top-section elementor-element elementor-element-767261c elementor-section-boxed elementor-section-height-default elementor-section-height-default\" data-id=\"767261c\" data-element_type=\"section\">\n\t\t\t\t\t\t<div class=\"elementor-container elementor-column-gap-default\">\n\t\t\t\t\t\t\t<div class=\"elementor-row\">\n\t\t\t\t\t<div class=\"elementor-column elementor-col-100 elementor-top-column elementor-element elementor-element-2ad29da\" data-id=\"2ad29da\" data-element_type=\"column\">\n\t\t\t<div class=\"elementor-column-wrap elementor-element-populated\">\n\t\t\t\t\t\t\t<div class=\"elementor-widget-wrap\">\n\t\t\t\t\t\t<div class=\"elementor-element elementor-element-d22e795 animated-slow elementor-invisible elementor-widget elementor-widget-text-editor\" data-id=\"d22e795\" data-element_type=\"widget\" data-settings=\"{&quot;_animation&quot;:&quot;zoomIn&quot;}\" data-widget_type=\"text-editor.default\">\n\t\t\t\t<div class=\"elementor-widget-container\">\n\t\t\t\t\t<div class=\"elementor-text-editor elementor-clearfix\"><p style=\"text-align: center;\"><strong>Organizaci\u00f3n de la pausa del mediod\u00eda<\/strong><\/p><table><thead><tr><td><p><strong>Horarios<\/strong><\/p><\/td><td><p><strong>De lunes a jueves<\/strong><\/p><\/td><td><p><strong>Viernes (solo AES)<\/strong><\/p><\/td><\/tr><\/thead><tbody><tr><td><p>Preescolar<\/p><\/td><td><p>11h30 \u2013 12h30 (TPS, PS, MS, GS)<\/p><\/td><td><p>Para los alumnos matriculados en la AES<\/p><\/td><\/tr><tr><td><p>Primaria<\/p><\/td><td><p>11h30 \u2013 12h30 (CP, CE1, CE2)<\/p><\/td><td><p>Para los alumnos matriculados en la AES<\/p><\/td><\/tr><tr><td>\u00a0<\/td><td><p>12h00 \u2013 13h00 (CM1, CM2)<\/p><\/td><td><p>Para los alumnos matriculados en la AES<\/p><\/td><\/tr><\/tbody><\/table><\/div>\n\t\t\t\t<\/div>\n\t\t\t\t<\/div>\n\t\t\t\t\t\t<\/div>\n\t\t\t\t\t<\/div>\n\t\t<\/div>\n\t\t\t\t\t\t\t\t<\/div>\n\t\t\t\t\t<\/div>\n\t\t<\/section>\n\t\t\t\t<section class=\"elementor-section elementor-top-section elementor-element elementor-element-5f31be6 elementor-section-boxed elementor-section-height-default elementor-section-height-default\" data-id=\"5f31be6\" data-element_type=\"section\">\n\t\t\t\t\t\t<div class=\"elementor-container elementor-column-gap-default\">\n\t\t\t\t\t\t\t<div class=\"elementor-row\">\n\t\t\t\t\t<div class=\"elementor-column elementor-col-100 elementor-top-column elementor-element elementor-element-42f36c8\" data-id=\"42f36c8\" data-element_type=\"column\">\n\t\t\t<div class=\"elementor-column-wrap elementor-element-populated\">\n\t\t\t\t\t\t\t<div class=\"elementor-widget-wrap\">\n\t\t\t\t\t\t<div class=\"elementor-element elementor-element-35e5d56 animated-slow elementor-invisible elementor-widget elementor-widget-heading\" data-id=\"35e5d56\" data-element_type=\"widget\" data-settings=\"{&quot;_animation&quot;:&quot;fadeIn&quot;}\" data-widget_type=\"heading.default\">\n\t\t\t\t<div class=\"elementor-widget-container\">\n\t\t\t<h4 class=\"elementor-heading-title elementor-size-default\">Opciones para comer en la escuela:<\/h4>\t\t<\/div>\n\t\t\t\t<\/div>\n\t\t\t\t\t\t<\/div>\n\t\t\t\t\t<\/div>\n\t\t<\/div>\n\t\t\t\t\t\t\t\t<\/div>\n\t\t\t\t\t<\/div>\n\t\t<\/section>\n\t\t\t\t<section class=\"elementor-section elementor-top-section elementor-element elementor-element-a44cf79 elementor-section-boxed elementor-section-height-default elementor-section-height-default\" data-id=\"a44cf79\" data-element_type=\"section\">\n\t\t\t\t\t\t<div class=\"elementor-container elementor-column-gap-default\">\n\t\t\t\t\t\t\t<div class=\"elementor-row\">\n\t\t\t\t\t<div class=\"elementor-column elementor-col-100 elementor-top-column elementor-element elementor-element-8262251\" data-id=\"8262251\" data-element_type=\"column\">\n\t\t\t<div class=\"elementor-column-wrap elementor-element-populated\">\n\t\t\t\t\t\t\t<div class=\"elementor-widget-wrap\">\n\t\t\t\t\t\t<div class=\"elementor-element elementor-element-0c2d135 animated-slow elementor-invisible elementor-widget elementor-widget-toggle\" data-id=\"0c2d135\" data-element_type=\"widget\" data-settings=\"{&quot;_animation&quot;:&quot;zoomIn&quot;}\" data-widget_type=\"toggle.default\">\n\t\t\t\t<div class=\"elementor-widget-container\">\n\t\t\t\t\t<div class=\"elementor-toggle\" role=\"tablist\">\n\t\t\t\t\t\t\t<div class=\"elementor-toggle-item\">\n\t\t\t\t\t<div id=\"elementor-tab-title-1271\" class=\"elementor-tab-title\" data-tab=\"1\" role=\"tab\" aria-controls=\"elementor-tab-content-1271\">\n\t\t\t\t\t\t\t\t\t\t\t\t<span class=\"elementor-toggle-icon elementor-toggle-icon-left\" aria-hidden=\"true\">\n\t\t\t\t\t\t\t\t\t\t\t\t\t\t\t<span class=\"elementor-toggle-icon-closed\"><i class=\"fas fa-caret-right\"><\/i><\/span>\n\t\t\t\t\t\t\t\t<span class=\"elementor-toggle-icon-opened\"><i class=\"elementor-toggle-icon-opened fas fa-caret-up\"><\/i><\/span>\n\t\t\t\t\t\t\t\t\t\t\t\t\t<\/span>\n\t\t\t\t\t\t\t\t\t\t\t\t<a href=\"\" class=\"elementor-toggle-title\">OPCI\u00d3N 1: Comida proporcionada por un proveedor externo<\/a>\n\t\t\t\t\t<\/div>\n\t\t\t\t\t<div id=\"elementor-tab-content-1271\" class=\"elementor-tab-content elementor-clearfix\" data-tab=\"1\" role=\"tabpanel\" aria-labelledby=\"elementor-tab-title-1271\"><ul><li>El proveedor ofrece comidas a los alumnos y al personal desde 2017. Las comidas, que consisten en un entrante, un plato principal caliente y un postre, se entregan en cada escuela y son servidas en la mesa por los asistentes del receso del mediod\u00eda.<br \/>La inscripci\u00f3n se realiza completando el cup\u00f3n adjunto. El pago debe efectuarse al proveedor a trav\u00e9s de la secretar\u00eda de la escuela.<\/li><\/ul><\/div>\n\t\t\t\t<\/div>\n\t\t\t\t\t\t\t<div class=\"elementor-toggle-item\">\n\t\t\t\t\t<div id=\"elementor-tab-title-1272\" class=\"elementor-tab-title\" data-tab=\"2\" role=\"tab\" aria-controls=\"elementor-tab-content-1272\">\n\t\t\t\t\t\t\t\t\t\t\t\t<span class=\"elementor-toggle-icon elementor-toggle-icon-left\" aria-hidden=\"true\">\n\t\t\t\t\t\t\t\t\t\t\t\t\t\t\t<span class=\"elementor-toggle-icon-closed\"><i class=\"fas fa-caret-right\"><\/i><\/span>\n\t\t\t\t\t\t\t\t<span class=\"elementor-toggle-icon-opened\"><i class=\"elementor-toggle-icon-opened fas fa-caret-up\"><\/i><\/span>\n\t\t\t\t\t\t\t\t\t\t\t\t\t<\/span>\n\t\t\t\t\t\t\t\t\t\t\t\t<a href=\"\" class=\"elementor-toggle-title\">OPCI\u00d3N 2: Comida tra\u00edda de casa en una lonchera con nombre<\/a>\n\t\t\t\t\t<\/div>\n\t\t\t\t\t<div id=\"elementor-tab-content-1272\" class=\"elementor-tab-content elementor-clearfix\" data-tab=\"2\" role=\"tabpanel\" aria-labelledby=\"elementor-tab-title-1272\"><p>Todas las comidas se guardan en el refrigerador de la cocina. Un asistente distribuye las loncheras a los alumnos durante la comida. Las comidas se pueden calentar en el microondas si as\u00ed se indica en la lonchera.<\/p><p>Solicitamos la colaboraci\u00f3n de las familias para que respeten las siguientes instrucciones:<\/p><p>Escribir el nombre, el apellido y la clase del ni\u00f1o en la lonchera y en la bolsa que la contiene.<br \/>Mostrar y explicar a su hijo el contenido de la bolsa y de la lonchera para que pueda reconocerlos a la hora del almuerzo.<br \/>Separar previamente la merienda de la lonchera.<\/p><p>La secretaria de la escuela recibir\u00e1 las loncheras por la ma\u00f1ana a la llegada de los alumnos para guardarlas en los refrigeradores.<\/p><\/div>\n\t\t\t\t<\/div>\n\t\t\t\t\t\t\t<div class=\"elementor-toggle-item\">\n\t\t\t\t\t<div id=\"elementor-tab-title-1273\" class=\"elementor-tab-title\" data-tab=\"3\" role=\"tab\" aria-controls=\"elementor-tab-content-1273\">\n\t\t\t\t\t\t\t\t\t\t\t\t<span class=\"elementor-toggle-icon elementor-toggle-icon-left\" aria-hidden=\"true\">\n\t\t\t\t\t\t\t\t\t\t\t\t\t\t\t<span class=\"elementor-toggle-icon-closed\"><i class=\"fas fa-caret-right\"><\/i><\/span>\n\t\t\t\t\t\t\t\t<span class=\"elementor-toggle-icon-opened\"><i class=\"elementor-toggle-icon-opened fas fa-caret-up\"><\/i><\/span>\n\t\t\t\t\t\t\t\t\t\t\t\t\t<\/span>\n\t\t\t\t\t\t\t\t\t\t\t\t<a href=\"\" class=\"elementor-toggle-title\">OPCI\u00d3N 3: Comidas fuera del establecimiento<\/a>\n\t\t\t\t\t<\/div>\n\t\t\t\t\t<div id=\"elementor-tab-content-1273\" class=\"elementor-tab-content elementor-clearfix\" data-tab=\"3\" role=\"tabpanel\" aria-labelledby=\"elementor-tab-title-1273\"><ul><li><p>Los padres son responsables de la alimentaci\u00f3n de sus hijos. Se deben respetar los horarios de salida y regreso a la escuela por el bienestar del alumno.<\/p><\/li><\/ul><\/div>\n\t\t\t\t<\/div>\n\t\t\t\t\t<\/div>\n\t\t\t\t<\/div>\n\t\t\t\t<\/div>\n\t\t\t\t\t\t<\/div>\n\t\t\t\t\t<\/div>\n\t\t<\/div>\n\t\t\t\t\t\t\t\t<\/div>\n\t\t\t\t\t<\/div>\n\t\t<\/section>\n\t\t\t\t<section class=\"elementor-section elementor-top-section elementor-element elementor-element-92fd8eb elementor-section-boxed elementor-section-height-default elementor-section-height-default\" data-id=\"92fd8eb\" data-element_type=\"section\">\n\t\t\t\t\t\t<div class=\"elementor-container elementor-column-gap-default\">\n\t\t\t\t\t\t\t<div class=\"elementor-row\">\n\t\t\t\t\t<div class=\"elementor-column elementor-col-100 elementor-top-column elementor-element elementor-element-0f70ffd\" data-id=\"0f70ffd\" data-element_type=\"column\">\n\t\t\t<div class=\"elementor-column-wrap elementor-element-populated\">\n\t\t\t\t\t\t\t<div class=\"elementor-widget-wrap\">\n\t\t\t\t\t\t<div class=\"elementor-element elementor-element-2346f7a animated-slow elementor-invisible elementor-widget elementor-widget-text-editor\" data-id=\"2346f7a\" data-element_type=\"widget\" data-settings=\"{&quot;_animation&quot;:&quot;fadeIn&quot;}\" data-widget_type=\"text-editor.default\">\n\t\t\t\t<div class=\"elementor-widget-container\">\n\t\t\t\t\t<div class=\"elementor-text-editor elementor-clearfix\"><p>Las familias pueden elegir libremente su opci\u00f3n de lunes a jueves. Toda inscripci\u00f3n es v\u00e1lida para todo el trimestre. A las familias que hayan elegido las opciones 1 o 2 se les cobrar\u00e1 una tarifa fija por la supervisi\u00f3n en el pago del primer trimestre de escolarizaci\u00f3n.<\/p><\/div>\n\t\t\t\t<\/div>\n\t\t\t\t<\/div>\n\t\t\t\t\t\t<\/div>\n\t\t\t\t\t<\/div>\n\t\t<\/div>\n\t\t\t\t\t\t\t\t<\/div>\n\t\t\t\t\t<\/div>\n\t\t<\/section>\n\t\t\t\t\t\t<\/div>\n\t\t\t\t\t\t<\/div>\n\t\t\t\t\t<\/div>\n\t\t","protected":false},"excerpt":{"rendered":"<p>Organizaci\u00f3n de la pausa del mediod\u00eda y opciones de comida Estimados padres: Les rogamos que se informen sobre el funcionamiento&nbsp;<a href=\"https:\/\/lfih.org\/index.php\/restauracion\/\">&hellip;<\/a><\/p>\n","protected":false},"author":2,"featured_media":0,"parent":0,"menu_order":0,"comment_status":"closed","ping_status":"closed","template":"","meta":[],"_links":{"self":[{"href":"https:\/\/lfih.org\/index.php\/wp-json\/wp\/v2\/pages\/32988"}],"collection":[{"href":"https:\/\/lfih.org\/index.php\/wp-json\/wp\/v2\/pages"}],"about":[{"href":"https:\/\/lfih.org\/index.php\/wp-json\/wp\/v2\/types\/page"}],"author":[{"embeddable":true,"href":"https:\/\/lfih.org\/index.php\/wp-json\/wp\/v2\/users\/2"}],"replies":[{"embeddable":true,"href":"https:\/\/lfih.org\/index.php\/wp-json\/wp\/v2\/comments?post=32988"}],"version-history":[{"count":25,"href":"https:\/\/lfih.org\/index.php\/wp-json\/wp\/v2\/pages\/32988\/revisions"}],"predecessor-version":[{"id":33230,"href":"https:\/\/lfih.org\/index.php\/wp-json\/wp\/v2\/pages\/32988\/revisions\/33230"}],"wp:attachment":[{"href":"https:\/\/lfih.org\/index.php\/wp-json\/wp\/v2\/media?parent=32988"}],"curies":[{"name":"wp","href":"https:\/\/api.w.org\/{rel}","templated":true}]}}