{"id":32952,"date":"2026-03-18T08:21:28","date_gmt":"2026-03-18T12:21:28","guid":{"rendered":"https:\/\/lfih.org\/?page_id=32952"},"modified":"2026-03-23T09:53:34","modified_gmt":"2026-03-23T13:53:34","slug":"restauration","status":"publish","type":"page","link":"https:\/\/lfih.org\/index.php\/restauration\/","title":{"rendered":"Restauration"},"content":{"rendered":"\t\t<div data-elementor-type=\"wp-page\" data-elementor-id=\"32952\" class=\"elementor elementor-32952\" data-elementor-settings=\"[]\">\n\t\t\t\t\t\t<div class=\"elementor-inner\">\n\t\t\t\t\t\t\t<div class=\"elementor-section-wrap\">\n\t\t\t\t\t\t\t<section class=\"elementor-section elementor-top-section elementor-element elementor-element-de44916 elementor-section-boxed elementor-section-height-default elementor-section-height-default\" data-id=\"de44916\" data-element_type=\"section\">\n\t\t\t\t\t\t<div class=\"elementor-container elementor-column-gap-default\">\n\t\t\t\t\t\t\t<div class=\"elementor-row\">\n\t\t\t\t\t<div class=\"elementor-column elementor-col-100 elementor-top-column elementor-element elementor-element-2eb7272\" data-id=\"2eb7272\" data-element_type=\"column\">\n\t\t\t<div class=\"elementor-column-wrap elementor-element-populated\">\n\t\t\t\t\t\t\t<div class=\"elementor-widget-wrap\">\n\t\t\t\t\t\t<div class=\"elementor-element elementor-element-c579322 animated-slow elementor-invisible elementor-widget elementor-widget-heading\" data-id=\"c579322\" data-element_type=\"widget\" data-settings=\"{&quot;_animation&quot;:&quot;fadeIn&quot;}\" data-widget_type=\"heading.default\">\n\t\t\t\t<div class=\"elementor-widget-container\">\n\t\t\t<h2 class=\"elementor-heading-title elementor-size-default\">Organisation de la pause m\u00e9ridienne et options de repas<\/h2>\t\t<\/div>\n\t\t\t\t<\/div>\n\t\t\t\t\t\t<\/div>\n\t\t\t\t\t<\/div>\n\t\t<\/div>\n\t\t\t\t\t\t\t\t<\/div>\n\t\t\t\t\t<\/div>\n\t\t<\/section>\n\t\t\t\t<section class=\"elementor-section elementor-top-section elementor-element elementor-element-7bd6eeb elementor-section-boxed elementor-section-height-default elementor-section-height-default\" data-id=\"7bd6eeb\" data-element_type=\"section\">\n\t\t\t\t\t\t<div class=\"elementor-container elementor-column-gap-default\">\n\t\t\t\t\t\t\t<div class=\"elementor-row\">\n\t\t\t\t\t<div class=\"elementor-column elementor-col-100 elementor-top-column elementor-element elementor-element-d473f02\" data-id=\"d473f02\" data-element_type=\"column\">\n\t\t\t<div class=\"elementor-column-wrap elementor-element-populated\">\n\t\t\t\t\t\t\t<div class=\"elementor-widget-wrap\">\n\t\t\t\t\t\t<div class=\"elementor-element elementor-element-d25f821 elementor-invisible elementor-widget elementor-widget-image\" data-id=\"d25f821\" data-element_type=\"widget\" data-settings=\"{&quot;_animation&quot;:&quot;zoomIn&quot;}\" data-widget_type=\"image.default\">\n\t\t\t\t<div class=\"elementor-widget-container\">\n\t\t\t\t\t<div class=\"elementor-image\">\n\t\t\t\t\t\t\t\t\t\t\t<a href=\"https:\/\/lfih.org\/wp-content\/uploads\/2026\/03\/ChatGPT-Image-18-mars-2026-08_55_46.png\" data-elementor-open-lightbox=\"yes\" data-elementor-lightbox-title=\"ChatGPT Image 18 mars 2026, 08_55_46\">\n\t\t\t\t\t\t\t<img width=\"1024\" height=\"683\" src=\"https:\/\/lfih.org\/wp-content\/uploads\/2026\/03\/ChatGPT-Image-18-mars-2026-08_55_46-1024x683.png\" class=\"attachment-large size-large\" alt=\"\" loading=\"lazy\" srcset=\"https:\/\/lfih.org\/wp-content\/uploads\/2026\/03\/ChatGPT-Image-18-mars-2026-08_55_46-1024x683.png 1024w, https:\/\/lfih.org\/wp-content\/uploads\/2026\/03\/ChatGPT-Image-18-mars-2026-08_55_46-300x200.png 300w, https:\/\/lfih.org\/wp-content\/uploads\/2026\/03\/ChatGPT-Image-18-mars-2026-08_55_46-100x67.png 100w, https:\/\/lfih.org\/wp-content\/uploads\/2026\/03\/ChatGPT-Image-18-mars-2026-08_55_46.png 1536w, https:\/\/lfih.org\/wp-content\/uploads\/2026\/03\/ChatGPT-Image-18-mars-2026-08_55_46-150x100.png 150w\" sizes=\"(max-width: 1024px) 100vw, 1024px\" \/>\t\t\t\t\t\t\t\t<\/a>\n\t\t\t\t\t\t\t\t\t\t\t<\/div>\n\t\t\t\t<\/div>\n\t\t\t\t<\/div>\n\t\t\t\t\t\t<\/div>\n\t\t\t\t\t<\/div>\n\t\t<\/div>\n\t\t\t\t\t\t\t\t<\/div>\n\t\t\t\t\t<\/div>\n\t\t<\/section>\n\t\t\t\t<section class=\"elementor-section elementor-top-section elementor-element elementor-element-88d3e51 elementor-section-boxed elementor-section-height-default elementor-section-height-default\" data-id=\"88d3e51\" data-element_type=\"section\">\n\t\t\t\t\t\t<div class=\"elementor-container elementor-column-gap-default\">\n\t\t\t\t\t\t\t<div class=\"elementor-row\">\n\t\t\t\t\t<div class=\"elementor-column elementor-col-100 elementor-top-column elementor-element elementor-element-8578627\" data-id=\"8578627\" data-element_type=\"column\">\n\t\t\t<div class=\"elementor-column-wrap elementor-element-populated\">\n\t\t\t\t\t\t\t<div class=\"elementor-widget-wrap\">\n\t\t\t\t\t\t<div class=\"elementor-element elementor-element-699f01c elementor-widget elementor-widget-text-editor\" data-id=\"699f01c\" data-element_type=\"widget\" data-widget_type=\"text-editor.default\">\n\t\t\t\t<div class=\"elementor-widget-container\">\n\t\t\t\t\t<div class=\"elementor-text-editor elementor-clearfix\"><p>Chers parents,<\/p><p>Nous vous prions de bien vouloir prendre connaissance du fonctionnement du service de la pause m\u00e9ridienne \u00e0 l\u2019\u00e9cole.<\/p><\/div>\n\t\t\t\t<\/div>\n\t\t\t\t<\/div>\n\t\t\t\t\t\t<\/div>\n\t\t\t\t\t<\/div>\n\t\t<\/div>\n\t\t\t\t\t\t\t\t<\/div>\n\t\t\t\t\t<\/div>\n\t\t<\/section>\n\t\t\t\t<section class=\"elementor-section elementor-top-section elementor-element elementor-element-767261c elementor-section-boxed elementor-section-height-default elementor-section-height-default\" data-id=\"767261c\" data-element_type=\"section\">\n\t\t\t\t\t\t<div class=\"elementor-container elementor-column-gap-default\">\n\t\t\t\t\t\t\t<div class=\"elementor-row\">\n\t\t\t\t\t<div class=\"elementor-column elementor-col-100 elementor-top-column elementor-element elementor-element-2ad29da\" data-id=\"2ad29da\" data-element_type=\"column\">\n\t\t\t<div class=\"elementor-column-wrap elementor-element-populated\">\n\t\t\t\t\t\t\t<div class=\"elementor-widget-wrap\">\n\t\t\t\t\t\t<div class=\"elementor-element elementor-element-d22e795 animated-slow elementor-invisible elementor-widget elementor-widget-text-editor\" data-id=\"d22e795\" data-element_type=\"widget\" data-settings=\"{&quot;_animation&quot;:&quot;zoomIn&quot;}\" data-widget_type=\"text-editor.default\">\n\t\t\t\t<div class=\"elementor-widget-container\">\n\t\t\t\t\t<div class=\"elementor-text-editor elementor-clearfix\"><p style=\"text-align: center;\"><strong>Organisation de la pause m\u00e9ridienne<\/strong><\/p><table><thead><tr><td><p><strong>Horaires<\/strong><\/p><\/td><td><p><strong>Du lundi au jeudi<\/strong><\/p><\/td><td><p><strong>Vendredis (AES uniquement)<\/strong><\/p><\/td><\/tr><\/thead><tbody><tr><td><p>Maternelle<\/p><\/td><td><p>11h30 \u2013 12h30 (TPS, PS, MS, GS)<\/p><\/td><td><p>Pour les \u00e9l\u00e8ves inscrits \u00e0 l\u2019AES<\/p><\/td><\/tr><tr><td><p>\u00c9l\u00e9mentaire<\/p><\/td><td><p>11h30 \u2013 12h30 (CP, CE1, CE2)<\/p><\/td><td><p>Pour les \u00e9l\u00e8ves inscrits \u00e0 l\u2019AES<\/p><\/td><\/tr><tr><td>\u00a0<\/td><td><p>12h00 \u2013 13h00 (CM1, CM2)<\/p><\/td><td><p>Pour les \u00e9l\u00e8ves inscrits \u00e0 l\u2019AES<\/p><\/td><\/tr><\/tbody><\/table><\/div>\n\t\t\t\t<\/div>\n\t\t\t\t<\/div>\n\t\t\t\t\t\t<\/div>\n\t\t\t\t\t<\/div>\n\t\t<\/div>\n\t\t\t\t\t\t\t\t<\/div>\n\t\t\t\t\t<\/div>\n\t\t<\/section>\n\t\t\t\t<section class=\"elementor-section elementor-top-section elementor-element elementor-element-5f31be6 elementor-section-boxed elementor-section-height-default elementor-section-height-default\" data-id=\"5f31be6\" data-element_type=\"section\">\n\t\t\t\t\t\t<div class=\"elementor-container elementor-column-gap-default\">\n\t\t\t\t\t\t\t<div class=\"elementor-row\">\n\t\t\t\t\t<div class=\"elementor-column elementor-col-100 elementor-top-column elementor-element elementor-element-42f36c8\" data-id=\"42f36c8\" data-element_type=\"column\">\n\t\t\t<div class=\"elementor-column-wrap elementor-element-populated\">\n\t\t\t\t\t\t\t<div class=\"elementor-widget-wrap\">\n\t\t\t\t\t\t<div class=\"elementor-element elementor-element-35e5d56 animated-slow elementor-invisible elementor-widget elementor-widget-heading\" data-id=\"35e5d56\" data-element_type=\"widget\" data-settings=\"{&quot;_animation&quot;:&quot;fadeIn&quot;}\" data-widget_type=\"heading.default\">\n\t\t\t\t<div class=\"elementor-widget-container\">\n\t\t\t<h4 class=\"elementor-heading-title elementor-size-default\">Options de prise des repas \u00e0 l\u2019\u00e9cole :<\/h4>\t\t<\/div>\n\t\t\t\t<\/div>\n\t\t\t\t\t\t<\/div>\n\t\t\t\t\t<\/div>\n\t\t<\/div>\n\t\t\t\t\t\t\t\t<\/div>\n\t\t\t\t\t<\/div>\n\t\t<\/section>\n\t\t\t\t<section class=\"elementor-section elementor-top-section elementor-element elementor-element-a44cf79 elementor-section-boxed elementor-section-height-default elementor-section-height-default\" data-id=\"a44cf79\" data-element_type=\"section\">\n\t\t\t\t\t\t<div class=\"elementor-container elementor-column-gap-default\">\n\t\t\t\t\t\t\t<div class=\"elementor-row\">\n\t\t\t\t\t<div class=\"elementor-column elementor-col-100 elementor-top-column elementor-element elementor-element-8262251\" data-id=\"8262251\" data-element_type=\"column\">\n\t\t\t<div class=\"elementor-column-wrap elementor-element-populated\">\n\t\t\t\t\t\t\t<div class=\"elementor-widget-wrap\">\n\t\t\t\t\t\t<div class=\"elementor-element elementor-element-0c2d135 animated-slow elementor-invisible elementor-widget elementor-widget-toggle\" data-id=\"0c2d135\" data-element_type=\"widget\" data-settings=\"{&quot;_animation&quot;:&quot;zoomIn&quot;}\" data-widget_type=\"toggle.default\">\n\t\t\t\t<div class=\"elementor-widget-container\">\n\t\t\t\t\t<div class=\"elementor-toggle\" role=\"tablist\">\n\t\t\t\t\t\t\t<div class=\"elementor-toggle-item\">\n\t\t\t\t\t<div id=\"elementor-tab-title-1271\" class=\"elementor-tab-title\" data-tab=\"1\" role=\"tab\" aria-controls=\"elementor-tab-content-1271\">\n\t\t\t\t\t\t\t\t\t\t\t\t<span class=\"elementor-toggle-icon elementor-toggle-icon-left\" aria-hidden=\"true\">\n\t\t\t\t\t\t\t\t\t\t\t\t\t\t\t<span class=\"elementor-toggle-icon-closed\"><i class=\"fas fa-caret-right\"><\/i><\/span>\n\t\t\t\t\t\t\t\t<span class=\"elementor-toggle-icon-opened\"><i class=\"elementor-toggle-icon-opened fas fa-caret-up\"><\/i><\/span>\n\t\t\t\t\t\t\t\t\t\t\t\t\t<\/span>\n\t\t\t\t\t\t\t\t\t\t\t\t<a href=\"\" class=\"elementor-toggle-title\">OPTION 1 : Repas fourni par un prestataire ext\u00e9rieur<\/a>\n\t\t\t\t\t<\/div>\n\t\t\t\t\t<div id=\"elementor-tab-content-1271\" class=\"elementor-tab-content elementor-clearfix\" data-tab=\"1\" role=\"tabpanel\" aria-labelledby=\"elementor-tab-title-1271\"><ul><li>Le prestataire fournit les repas aux \u00e9l\u00e8ves et aux personnels depuis 2017. Les repas, compos\u00e9s d\u2019une entr\u00e9e, d\u2019un plat principal chaud et d\u2019un dessert, sont livr\u00e9s dans chaque \u00e9cole et servis \u00e0 table par les assistants de la pause m\u00e9ridienne.<br \/>L\u2019inscription s\u2019effectue en remplissant le coupon ci-joint. Le paiement est \u00e0 r\u00e9gler aupr\u00e8s du prestataire via le secr\u00e9tariat de l\u2019\u00e9cole.<\/li><\/ul><\/div>\n\t\t\t\t<\/div>\n\t\t\t\t\t\t\t<div class=\"elementor-toggle-item\">\n\t\t\t\t\t<div id=\"elementor-tab-title-1272\" class=\"elementor-tab-title\" data-tab=\"2\" role=\"tab\" aria-controls=\"elementor-tab-content-1272\">\n\t\t\t\t\t\t\t\t\t\t\t\t<span class=\"elementor-toggle-icon elementor-toggle-icon-left\" aria-hidden=\"true\">\n\t\t\t\t\t\t\t\t\t\t\t\t\t\t\t<span class=\"elementor-toggle-icon-closed\"><i class=\"fas fa-caret-right\"><\/i><\/span>\n\t\t\t\t\t\t\t\t<span class=\"elementor-toggle-icon-opened\"><i class=\"elementor-toggle-icon-opened fas fa-caret-up\"><\/i><\/span>\n\t\t\t\t\t\t\t\t\t\t\t\t\t<\/span>\n\t\t\t\t\t\t\t\t\t\t\t\t<a href=\"\" class=\"elementor-toggle-title\">OPTION 2 : Repas apport\u00e9 de la maison dans une lunch-box nominative<\/a>\n\t\t\t\t\t<\/div>\n\t\t\t\t\t<div id=\"elementor-tab-content-1272\" class=\"elementor-tab-content elementor-clearfix\" data-tab=\"2\" role=\"tabpanel\" aria-labelledby=\"elementor-tab-title-1272\"><p>Tous les repas sont conserv\u00e9s dans le r\u00e9frig\u00e9rateur de la cuisine. Un assistant distribue les lunch-box aux \u00e9l\u00e8ves pendant le repas. Les repas peuvent \u00eatre r\u00e9chauff\u00e9s au micro-ondes si cela est indiqu\u00e9 sur la lunch-box.<\/p><p>Nous sollicitons la collaboration des familles pour respecter les consignes suivantes :<\/p><ol><li>\u00c9crire le nom, le pr\u00e9nom et la classe de l\u2019enfant sur la lunch-box et le sac contenant\u00a0 \u00a0celle-ci.<\/li><li>Montrer et expliquer \u00e0 votre enfant le contenu du sac et de la lunch-box pour qu\u2019il puisse les reconna\u00eetre lors du d\u00e9jeuner.<\/li><li>S\u00e9parer au pr\u00e9alable le go\u00fbter de la lunch-box.<\/li><\/ol><p>La secr\u00e9taire de l\u2019\u00e9cole r\u00e9ceptionnera les lunch-box le matin \u00e0 l\u2019arriv\u00e9e des \u00e9l\u00e8ves pour les ranger dans les r\u00e9frig\u00e9rateurs.<\/p><\/div>\n\t\t\t\t<\/div>\n\t\t\t\t\t\t\t<div class=\"elementor-toggle-item\">\n\t\t\t\t\t<div id=\"elementor-tab-title-1273\" class=\"elementor-tab-title\" data-tab=\"3\" role=\"tab\" aria-controls=\"elementor-tab-content-1273\">\n\t\t\t\t\t\t\t\t\t\t\t\t<span class=\"elementor-toggle-icon elementor-toggle-icon-left\" aria-hidden=\"true\">\n\t\t\t\t\t\t\t\t\t\t\t\t\t\t\t<span class=\"elementor-toggle-icon-closed\"><i class=\"fas fa-caret-right\"><\/i><\/span>\n\t\t\t\t\t\t\t\t<span class=\"elementor-toggle-icon-opened\"><i class=\"elementor-toggle-icon-opened fas fa-caret-up\"><\/i><\/span>\n\t\t\t\t\t\t\t\t\t\t\t\t\t<\/span>\n\t\t\t\t\t\t\t\t\t\t\t\t<a href=\"\" class=\"elementor-toggle-title\">OPTION 3 : Repas pris \u00e0 l\u2019ext\u00e9rieur de l\u2019\u00e9tablissement<\/a>\n\t\t\t\t\t<\/div>\n\t\t\t\t\t<div id=\"elementor-tab-content-1273\" class=\"elementor-tab-content elementor-clearfix\" data-tab=\"3\" role=\"tabpanel\" aria-labelledby=\"elementor-tab-title-1273\"><ul><li>L\u2019enfant mange sous la responsabilit\u00e9 des parents. Les horaires de sortie et de retour \u00e0 l\u2019\u00e9cole doivent \u00eatre respect\u00e9s pour le bien-\u00eatre de l\u2019\u00e9l\u00e8ve.<\/li><\/ul><\/div>\n\t\t\t\t<\/div>\n\t\t\t\t\t<\/div>\n\t\t\t\t<\/div>\n\t\t\t\t<\/div>\n\t\t\t\t\t\t<\/div>\n\t\t\t\t\t<\/div>\n\t\t<\/div>\n\t\t\t\t\t\t\t\t<\/div>\n\t\t\t\t\t<\/div>\n\t\t<\/section>\n\t\t\t\t<section class=\"elementor-section elementor-top-section elementor-element elementor-element-e3d2a08 elementor-section-boxed elementor-section-height-default elementor-section-height-default\" data-id=\"e3d2a08\" data-element_type=\"section\">\n\t\t\t\t\t\t<div class=\"elementor-container elementor-column-gap-default\">\n\t\t\t\t\t\t\t<div class=\"elementor-row\">\n\t\t\t\t\t<div class=\"elementor-column elementor-col-100 elementor-top-column elementor-element elementor-element-0c2ab19\" data-id=\"0c2ab19\" data-element_type=\"column\">\n\t\t\t<div class=\"elementor-column-wrap elementor-element-populated\">\n\t\t\t\t\t\t\t<div class=\"elementor-widget-wrap\">\n\t\t\t\t\t\t<div class=\"elementor-element elementor-element-5bf26ec elementor-invisible elementor-widget elementor-widget-text-editor\" data-id=\"5bf26ec\" data-element_type=\"widget\" data-settings=\"{&quot;_animation&quot;:&quot;fadeIn&quot;}\" data-widget_type=\"text-editor.default\">\n\t\t\t\t<div class=\"elementor-widget-container\">\n\t\t\t\t\t<div class=\"elementor-text-editor elementor-clearfix\"><p>Les familles sont libres de choisir leur option du lundi au jeudi. Toute inscription est valable pour le trimestre entier. Pour les familles ayant choisi les options 1 ou 2, un forfait de surveillance sera factur\u00e9 dans le paiement du premier trimestre de scolarisation.<\/p><\/div>\n\t\t\t\t<\/div>\n\t\t\t\t<\/div>\n\t\t\t\t\t\t<\/div>\n\t\t\t\t\t<\/div>\n\t\t<\/div>\n\t\t\t\t\t\t\t\t<\/div>\n\t\t\t\t\t<\/div>\n\t\t<\/section>\n\t\t\t\t\t\t<\/div>\n\t\t\t\t\t\t<\/div>\n\t\t\t\t\t<\/div>\n\t\t","protected":false},"excerpt":{"rendered":"<p>Organisation de la pause m\u00e9ridienne et options de repas Chers parents, Nous vous prions de bien vouloir prendre connaissance du&nbsp;<a href=\"https:\/\/lfih.org\/index.php\/restauration\/\">&hellip;<\/a><\/p>\n","protected":false},"author":2,"featured_media":0,"parent":0,"menu_order":0,"comment_status":"closed","ping_status":"closed","template":"","meta":[],"_links":{"self":[{"href":"https:\/\/lfih.org\/index.php\/wp-json\/wp\/v2\/pages\/32952"}],"collection":[{"href":"https:\/\/lfih.org\/index.php\/wp-json\/wp\/v2\/pages"}],"about":[{"href":"https:\/\/lfih.org\/index.php\/wp-json\/wp\/v2\/types\/page"}],"author":[{"embeddable":true,"href":"https:\/\/lfih.org\/index.php\/wp-json\/wp\/v2\/users\/2"}],"replies":[{"embeddable":true,"href":"https:\/\/lfih.org\/index.php\/wp-json\/wp\/v2\/comments?post=32952"}],"version-history":[{"count":34,"href":"https:\/\/lfih.org\/index.php\/wp-json\/wp\/v2\/pages\/32952\/revisions"}],"predecessor-version":[{"id":33227,"href":"https:\/\/lfih.org\/index.php\/wp-json\/wp\/v2\/pages\/32952\/revisions\/33227"}],"wp:attachment":[{"href":"https:\/\/lfih.org\/index.php\/wp-json\/wp\/v2\/media?parent=32952"}],"curies":[{"name":"wp","href":"https:\/\/api.w.org\/{rel}","templated":true}]}}