{"id":32921,"date":"2026-03-17T12:56:48","date_gmt":"2026-03-17T16:56:48","guid":{"rendered":"https:\/\/lfih.org\/?page_id=32921"},"modified":"2026-03-17T13:03:12","modified_gmt":"2026-03-17T17:03:12","slug":"extracurricular-activities","status":"publish","type":"page","link":"https:\/\/lfih.org\/index.php\/extracurricular-activities\/","title":{"rendered":"Extracurricular activities"},"content":{"rendered":"\t\t<div data-elementor-type=\"wp-page\" data-elementor-id=\"32921\" class=\"elementor elementor-32921\" data-elementor-settings=\"[]\">\n\t\t\t\t\t\t<div class=\"elementor-inner\">\n\t\t\t\t\t\t\t<div class=\"elementor-section-wrap\">\n\t\t\t\t\t\t\t<section class=\"elementor-section elementor-top-section elementor-element elementor-element-1c3301b elementor-section-boxed elementor-section-height-default elementor-section-height-default\" data-id=\"1c3301b\" data-element_type=\"section\">\n\t\t\t\t\t\t<div class=\"elementor-container elementor-column-gap-default\">\n\t\t\t\t\t\t\t<div class=\"elementor-row\">\n\t\t\t\t\t<div class=\"elementor-column elementor-col-100 elementor-top-column elementor-element elementor-element-9cbac8d\" data-id=\"9cbac8d\" data-element_type=\"column\">\n\t\t\t<div class=\"elementor-column-wrap elementor-element-populated\">\n\t\t\t\t\t\t\t<div class=\"elementor-widget-wrap\">\n\t\t\t\t\t\t<div class=\"elementor-element elementor-element-5a1cbd3 animated-slow elementor-invisible elementor-widget elementor-widget-heading\" data-id=\"5a1cbd3\" data-element_type=\"widget\" data-settings=\"{&quot;_animation&quot;:&quot;zoomIn&quot;}\" data-widget_type=\"heading.default\">\n\t\t\t\t<div class=\"elementor-widget-container\">\n\t\t\t<h2 class=\"elementor-heading-title elementor-size-default\">After lessons\u2026 the adventure continues! \u2728<\/h2>\t\t<\/div>\n\t\t\t\t<\/div>\n\t\t\t\t\t\t<\/div>\n\t\t\t\t\t<\/div>\n\t\t<\/div>\n\t\t\t\t\t\t\t\t<\/div>\n\t\t\t\t\t<\/div>\n\t\t<\/section>\n\t\t\t\t<section class=\"elementor-section elementor-top-section elementor-element elementor-element-a777b6c elementor-section-boxed elementor-section-height-default elementor-section-height-default\" data-id=\"a777b6c\" data-element_type=\"section\">\n\t\t\t\t\t\t<div class=\"elementor-container elementor-column-gap-default\">\n\t\t\t\t\t\t\t<div class=\"elementor-row\">\n\t\t\t\t\t<div class=\"elementor-column elementor-col-100 elementor-top-column elementor-element elementor-element-928a177\" data-id=\"928a177\" data-element_type=\"column\">\n\t\t\t<div class=\"elementor-column-wrap elementor-element-populated\">\n\t\t\t\t\t\t\t<div class=\"elementor-widget-wrap\">\n\t\t\t\t\t\t<div class=\"elementor-element elementor-element-70ed3c6 animated-slow elementor-invisible elementor-widget elementor-widget-text-editor\" data-id=\"70ed3c6\" data-element_type=\"widget\" data-settings=\"{&quot;_animation&quot;:&quot;fadeIn&quot;}\" data-widget_type=\"text-editor.default\">\n\t\t\t\t<div class=\"elementor-widget-container\">\n\t\t\t\t\t<div class=\"elementor-text-editor elementor-clearfix\"><p style=\"text-align: center;\">At the Lyc\u00e9e Fran\u00e7ais International de La Havane, extracurricular activities are an integral part of our pupils\u2019 development.<\/p><p style=\"text-align: center;\">\ud83c\udfa8 Arts and crafts<br \/>\u265f Chess<br \/>\ud83c\udf73 Cooking<br \/>\ud83c\udffa Pottery<br \/>\ud83e\uddf1 Creative games<br \/>\ud83d\udefc Rollerblading<br \/>\u26bd Sports<br \/>\ud83c\udfad Artistic activities<\/p><p>These activities allow pupils to explore their talents, learn in different ways and share enriching moments in a creative and multicultural environment.<\/p><p>Because learning is also about discovering, experimenting and having fun.<\/p><\/div>\n\t\t\t\t<\/div>\n\t\t\t\t<\/div>\n\t\t\t\t\t\t<\/div>\n\t\t\t\t\t<\/div>\n\t\t<\/div>\n\t\t\t\t\t\t\t\t<\/div>\n\t\t\t\t\t<\/div>\n\t\t<\/section>\n\t\t\t\t<section class=\"elementor-section elementor-top-section elementor-element elementor-element-39ec186 elementor-section-boxed elementor-section-height-default elementor-section-height-default elementor-invisible\" data-id=\"39ec186\" data-element_type=\"section\" data-settings=\"{&quot;animation&quot;:&quot;bounceIn&quot;}\">\n\t\t\t\t\t\t<div class=\"elementor-container elementor-column-gap-default\">\n\t\t\t\t\t\t\t<div class=\"elementor-row\">\n\t\t\t\t\t<div class=\"elementor-column elementor-col-100 elementor-top-column elementor-element elementor-element-6325413\" data-id=\"6325413\" data-element_type=\"column\">\n\t\t\t<div class=\"elementor-column-wrap elementor-element-populated\">\n\t\t\t\t\t\t\t<div class=\"elementor-widget-wrap\">\n\t\t\t\t\t\t<div class=\"elementor-element elementor-element-ddfafc5 elementor-invisible elementor-widget elementor-widget-image\" data-id=\"ddfafc5\" data-element_type=\"widget\" data-settings=\"{&quot;_animation&quot;:&quot;bounceIn&quot;}\" data-widget_type=\"image.default\">\n\t\t\t\t<div class=\"elementor-widget-container\">\n\t\t\t\t\t<div class=\"elementor-image\">\n\t\t\t\t\t\t\t\t\t\t\t<a href=\"https:\/\/lfih.org\/wp-content\/uploads\/2026\/03\/AES-P2-2526_page-0001.jpg\" data-elementor-open-lightbox=\"yes\" data-elementor-lightbox-title=\"AES P2 25&#039;26_page-0001\">\n\t\t\t\t\t\t\t<img width=\"1024\" height=\"768\" src=\"https:\/\/lfih.org\/wp-content\/uploads\/2026\/03\/AES-P2-2526_page-0001-1024x768.jpg\" class=\"attachment-large size-large\" alt=\"\" loading=\"lazy\" srcset=\"https:\/\/lfih.org\/wp-content\/uploads\/2026\/03\/AES-P2-2526_page-0001-1024x768.jpg 1024w, https:\/\/lfih.org\/wp-content\/uploads\/2026\/03\/AES-P2-2526_page-0001-300x225.jpg 300w, https:\/\/lfih.org\/wp-content\/uploads\/2026\/03\/AES-P2-2526_page-0001-100x75.jpg 100w, https:\/\/lfih.org\/wp-content\/uploads\/2026\/03\/AES-P2-2526_page-0001.jpg 1500w, https:\/\/lfih.org\/wp-content\/uploads\/2026\/03\/AES-P2-2526_page-0001-150x113.jpg 150w\" sizes=\"(max-width: 1024px) 100vw, 1024px\" \/>\t\t\t\t\t\t\t\t<\/a>\n\t\t\t\t\t\t\t\t\t\t\t<\/div>\n\t\t\t\t<\/div>\n\t\t\t\t<\/div>\n\t\t\t\t\t\t<\/div>\n\t\t\t\t\t<\/div>\n\t\t<\/div>\n\t\t\t\t\t\t\t\t<\/div>\n\t\t\t\t\t<\/div>\n\t\t<\/section>\n\t\t\t\t<section class=\"elementor-section elementor-top-section elementor-element elementor-element-436f103 elementor-section-boxed elementor-section-height-default elementor-section-height-default elementor-invisible\" data-id=\"436f103\" data-element_type=\"section\" data-settings=\"{&quot;animation&quot;:&quot;bounceIn&quot;}\">\n\t\t\t\t\t\t<div class=\"elementor-container elementor-column-gap-default\">\n\t\t\t\t\t\t\t<div class=\"elementor-row\">\n\t\t\t\t\t<div class=\"elementor-column elementor-col-100 elementor-top-column elementor-element elementor-element-a17bae2\" data-id=\"a17bae2\" data-element_type=\"column\">\n\t\t\t<div class=\"elementor-column-wrap elementor-element-populated\">\n\t\t\t\t\t\t\t<div class=\"elementor-widget-wrap\">\n\t\t\t\t\t\t<div class=\"elementor-element elementor-element-80e5180 elementor-widget elementor-widget-image\" data-id=\"80e5180\" data-element_type=\"widget\" data-widget_type=\"image.default\">\n\t\t\t\t<div class=\"elementor-widget-container\">\n\t\t\t\t\t<div class=\"elementor-image\">\n\t\t\t\t\t\t\t\t\t\t\t<a href=\"https:\/\/lfih.org\/wp-content\/uploads\/2026\/03\/AES-P2-2526_page-0002.jpg\" data-elementor-open-lightbox=\"yes\" data-elementor-lightbox-title=\"AES P2 25&#039;26_page-0002\">\n\t\t\t\t\t\t\t<img width=\"1024\" height=\"768\" src=\"https:\/\/lfih.org\/wp-content\/uploads\/2026\/03\/AES-P2-2526_page-0002-1024x768.jpg\" class=\"attachment-large size-large\" alt=\"\" loading=\"lazy\" srcset=\"https:\/\/lfih.org\/wp-content\/uploads\/2026\/03\/AES-P2-2526_page-0002-1024x768.jpg 1024w, https:\/\/lfih.org\/wp-content\/uploads\/2026\/03\/AES-P2-2526_page-0002-300x225.jpg 300w, https:\/\/lfih.org\/wp-content\/uploads\/2026\/03\/AES-P2-2526_page-0002-100x75.jpg 100w, https:\/\/lfih.org\/wp-content\/uploads\/2026\/03\/AES-P2-2526_page-0002.jpg 1500w, https:\/\/lfih.org\/wp-content\/uploads\/2026\/03\/AES-P2-2526_page-0002-150x113.jpg 150w\" sizes=\"(max-width: 1024px) 100vw, 1024px\" \/>\t\t\t\t\t\t\t\t<\/a>\n\t\t\t\t\t\t\t\t\t\t\t<\/div>\n\t\t\t\t<\/div>\n\t\t\t\t<\/div>\n\t\t\t\t\t\t<\/div>\n\t\t\t\t\t<\/div>\n\t\t<\/div>\n\t\t\t\t\t\t\t\t<\/div>\n\t\t\t\t\t<\/div>\n\t\t<\/section>\n\t\t\t\t<section class=\"elementor-section elementor-top-section elementor-element elementor-element-ef77657 elementor-section-boxed elementor-section-height-default elementor-section-height-default\" data-id=\"ef77657\" data-element_type=\"section\">\n\t\t\t\t\t\t<div class=\"elementor-container elementor-column-gap-default\">\n\t\t\t\t\t\t\t<div class=\"elementor-row\">\n\t\t\t\t\t<div class=\"elementor-column elementor-col-100 elementor-top-column elementor-element elementor-element-7fa6796\" data-id=\"7fa6796\" data-element_type=\"column\">\n\t\t\t<div class=\"elementor-column-wrap elementor-element-populated\">\n\t\t\t\t\t\t\t<div class=\"elementor-widget-wrap\">\n\t\t\t\t\t\t<div class=\"elementor-element elementor-element-d32d701 elementor-arrows-position-inside elementor-pagination-position-outside elementor-widget elementor-widget-image-carousel\" data-id=\"d32d701\" data-element_type=\"widget\" data-settings=\"{&quot;navigation&quot;:&quot;both&quot;,&quot;autoplay&quot;:&quot;yes&quot;,&quot;pause_on_hover&quot;:&quot;yes&quot;,&quot;pause_on_interaction&quot;:&quot;yes&quot;,&quot;autoplay_speed&quot;:5000,&quot;infinite&quot;:&quot;yes&quot;,&quot;speed&quot;:500}\" data-widget_type=\"image-carousel.default\">\n\t\t\t\t<div class=\"elementor-widget-container\">\n\t\t\t\t\t<div class=\"elementor-image-carousel-wrapper swiper-container\" dir=\"ltr\">\n\t\t\t<div class=\"elementor-image-carousel swiper-wrapper\">\n\t\t\t\t<div class=\"swiper-slide\"><a data-elementor-open-lightbox=\"yes\" data-elementor-lightbox-slideshow=\"d32d701\" data-elementor-lightbox-title=\"6\" href=\"https:\/\/lfih.org\/wp-content\/uploads\/2026\/03\/6.png\"><figure class=\"swiper-slide-inner\"><img class=\"swiper-slide-image\" src=\"https:\/\/lfih.org\/wp-content\/uploads\/2026\/03\/6-150x150.png\" alt=\"6\" \/><\/figure><\/a><\/div><div class=\"swiper-slide\"><a data-elementor-open-lightbox=\"yes\" data-elementor-lightbox-slideshow=\"d32d701\" data-elementor-lightbox-title=\"5\" href=\"https:\/\/lfih.org\/wp-content\/uploads\/2026\/03\/5.png\"><figure class=\"swiper-slide-inner\"><img class=\"swiper-slide-image\" src=\"https:\/\/lfih.org\/wp-content\/uploads\/2026\/03\/5-150x150.png\" alt=\"5\" \/><\/figure><\/a><\/div><div class=\"swiper-slide\"><a data-elementor-open-lightbox=\"yes\" data-elementor-lightbox-slideshow=\"d32d701\" data-elementor-lightbox-title=\"4\" href=\"https:\/\/lfih.org\/wp-content\/uploads\/2026\/03\/4.png\"><figure class=\"swiper-slide-inner\"><img class=\"swiper-slide-image\" src=\"https:\/\/lfih.org\/wp-content\/uploads\/2026\/03\/4-150x150.png\" alt=\"4\" \/><\/figure><\/a><\/div><div class=\"swiper-slide\"><a data-elementor-open-lightbox=\"yes\" data-elementor-lightbox-slideshow=\"d32d701\" data-elementor-lightbox-title=\"3\" href=\"https:\/\/lfih.org\/wp-content\/uploads\/2026\/03\/3.png\"><figure class=\"swiper-slide-inner\"><img class=\"swiper-slide-image\" src=\"https:\/\/lfih.org\/wp-content\/uploads\/2026\/03\/3-150x150.png\" alt=\"3\" \/><\/figure><\/a><\/div><div class=\"swiper-slide\"><a data-elementor-open-lightbox=\"yes\" data-elementor-lightbox-slideshow=\"d32d701\" data-elementor-lightbox-title=\"2\" href=\"https:\/\/lfih.org\/wp-content\/uploads\/2026\/03\/2.png\"><figure class=\"swiper-slide-inner\"><img class=\"swiper-slide-image\" src=\"https:\/\/lfih.org\/wp-content\/uploads\/2026\/03\/2-150x150.png\" alt=\"2\" \/><\/figure><\/a><\/div><div class=\"swiper-slide\"><a data-elementor-open-lightbox=\"yes\" data-elementor-lightbox-slideshow=\"d32d701\" data-elementor-lightbox-title=\"1\" href=\"https:\/\/lfih.org\/wp-content\/uploads\/2026\/03\/1.png\"><figure class=\"swiper-slide-inner\"><img class=\"swiper-slide-image\" src=\"https:\/\/lfih.org\/wp-content\/uploads\/2026\/03\/1-150x150.png\" alt=\"1\" \/><\/figure><\/a><\/div><div class=\"swiper-slide\"><a data-elementor-open-lightbox=\"yes\" data-elementor-lightbox-slideshow=\"d32d701\" data-elementor-lightbox-title=\"7\" href=\"https:\/\/lfih.org\/wp-content\/uploads\/2026\/03\/7.png\"><figure class=\"swiper-slide-inner\"><img class=\"swiper-slide-image\" src=\"https:\/\/lfih.org\/wp-content\/uploads\/2026\/03\/7-150x150.png\" alt=\"7\" \/><\/figure><\/a><\/div>\t\t\t<\/div>\n\t\t\t\t\t\t\t\t\t\t\t\t<div class=\"swiper-pagination\"><\/div>\n\t\t\t\t\t\t\t\t\t\t\t\t\t<div class=\"elementor-swiper-button elementor-swiper-button-prev\">\n\t\t\t\t\t\t<i class=\"eicon-chevron-left\" aria-hidden=\"true\"><\/i>\n\t\t\t\t\t\t<span class=\"elementor-screen-only\">Pr\u00e9c\u00e9dent<\/span>\n\t\t\t\t\t<\/div>\n\t\t\t\t\t<div class=\"elementor-swiper-button elementor-swiper-button-next\">\n\t\t\t\t\t\t<i class=\"eicon-chevron-right\" aria-hidden=\"true\"><\/i>\n\t\t\t\t\t\t<span class=\"elementor-screen-only\">Suivant<\/span>\n\t\t\t\t\t<\/div>\n\t\t\t\t\t\t\t\t\t<\/div>\n\t\t\t\t<\/div>\n\t\t\t\t<\/div>\n\t\t\t\t\t\t<\/div>\n\t\t\t\t\t<\/div>\n\t\t<\/div>\n\t\t\t\t\t\t\t\t<\/div>\n\t\t\t\t\t<\/div>\n\t\t<\/section>\n\t\t\t\t<section class=\"elementor-section elementor-top-section elementor-element elementor-element-305c122 elementor-section-boxed elementor-section-height-default elementor-section-height-default\" data-id=\"305c122\" data-element_type=\"section\">\n\t\t\t\t\t\t<div class=\"elementor-container elementor-column-gap-default\">\n\t\t\t\t\t\t\t<div class=\"elementor-row\">\n\t\t\t\t\t<div class=\"elementor-column elementor-col-50 elementor-top-column elementor-element elementor-element-0165d18\" data-id=\"0165d18\" data-element_type=\"column\">\n\t\t\t<div class=\"elementor-column-wrap elementor-element-populated\">\n\t\t\t\t\t\t\t<div class=\"elementor-widget-wrap\">\n\t\t\t\t\t\t<div class=\"elementor-element elementor-element-8013b54 elementor-widget elementor-widget-image\" data-id=\"8013b54\" data-element_type=\"widget\" data-widget_type=\"image.default\">\n\t\t\t\t<div class=\"elementor-widget-container\">\n\t\t\t\t\t<div class=\"elementor-image\">\n\t\t\t\t\t\t\t\t\t\t\t<a href=\"http:\/\/lfih.org\/wp-content\/uploads\/2024\/05\/Presentation-AES-1_Maternelle.jpg\" data-elementor-open-lightbox=\"yes\" data-elementor-lightbox-title=\"Pr\u00e9sentation AES 1_Maternelle\">\n\t\t\t\t\t\t\t<img width=\"768\" height=\"1024\" src=\"https:\/\/lfih.org\/wp-content\/uploads\/2024\/05\/Presentation-AES-1_Maternelle-768x1024.jpg\" class=\"attachment-large size-large\" alt=\"\" loading=\"lazy\" srcset=\"https:\/\/lfih.org\/wp-content\/uploads\/2024\/05\/Presentation-AES-1_Maternelle-768x1024.jpg 768w, https:\/\/lfih.org\/wp-content\/uploads\/2024\/05\/Presentation-AES-1_Maternelle-225x300.jpg 225w, https:\/\/lfih.org\/wp-content\/uploads\/2024\/05\/Presentation-AES-1_Maternelle-75x100.jpg 75w, https:\/\/lfih.org\/wp-content\/uploads\/2024\/05\/Presentation-AES-1_Maternelle.jpg 810w, https:\/\/lfih.org\/wp-content\/uploads\/2024\/05\/Presentation-AES-1_Maternelle-113x150.jpg 113w\" sizes=\"(max-width: 768px) 100vw, 768px\" \/>\t\t\t\t\t\t\t\t<\/a>\n\t\t\t\t\t\t\t\t\t\t\t<\/div>\n\t\t\t\t<\/div>\n\t\t\t\t<\/div>\n\t\t\t\t\t\t<\/div>\n\t\t\t\t\t<\/div>\n\t\t<\/div>\n\t\t\t\t<div class=\"elementor-column elementor-col-50 elementor-top-column elementor-element elementor-element-b6e41ef\" data-id=\"b6e41ef\" data-element_type=\"column\">\n\t\t\t<div class=\"elementor-column-wrap elementor-element-populated\">\n\t\t\t\t\t\t\t<div class=\"elementor-widget-wrap\">\n\t\t\t\t\t\t<div class=\"elementor-element elementor-element-67072cd elementor-widget elementor-widget-image\" data-id=\"67072cd\" data-element_type=\"widget\" data-widget_type=\"image.default\">\n\t\t\t\t<div class=\"elementor-widget-container\">\n\t\t\t\t\t<div class=\"elementor-image\">\n\t\t\t\t\t\t\t\t\t\t\t<a href=\"http:\/\/lfih.org\/wp-content\/uploads\/2024\/05\/Presentation-AES-2_elementaire.jpg\" data-elementor-open-lightbox=\"yes\" data-elementor-lightbox-title=\"Pr\u00e9sentation AES 2_\u00e9l\u00e9mentaire\">\n\t\t\t\t\t\t\t<img width=\"794\" height=\"1024\" src=\"https:\/\/lfih.org\/wp-content\/uploads\/2024\/05\/Presentation-AES-2_elementaire-794x1024.jpg\" class=\"attachment-large size-large\" alt=\"\" loading=\"lazy\" srcset=\"https:\/\/lfih.org\/wp-content\/uploads\/2024\/05\/Presentation-AES-2_elementaire-794x1024.jpg 794w, https:\/\/lfih.org\/wp-content\/uploads\/2024\/05\/Presentation-AES-2_elementaire-233x300.jpg 233w, https:\/\/lfih.org\/wp-content\/uploads\/2024\/05\/Presentation-AES-2_elementaire-78x100.jpg 78w, https:\/\/lfih.org\/wp-content\/uploads\/2024\/05\/Presentation-AES-2_elementaire.jpg 837w, https:\/\/lfih.org\/wp-content\/uploads\/2024\/05\/Presentation-AES-2_elementaire-116x150.jpg 116w\" sizes=\"(max-width: 794px) 100vw, 794px\" \/>\t\t\t\t\t\t\t\t<\/a>\n\t\t\t\t\t\t\t\t\t\t\t<\/div>\n\t\t\t\t<\/div>\n\t\t\t\t<\/div>\n\t\t\t\t\t\t<\/div>\n\t\t\t\t\t<\/div>\n\t\t<\/div>\n\t\t\t\t\t\t\t\t<\/div>\n\t\t\t\t\t<\/div>\n\t\t<\/section>\n\t\t\t\t<section class=\"elementor-section elementor-top-section elementor-element elementor-element-d45108d elementor-section-boxed elementor-section-height-default elementor-section-height-default\" data-id=\"d45108d\" data-element_type=\"section\">\n\t\t\t\t\t\t<div class=\"elementor-container elementor-column-gap-default\">\n\t\t\t\t\t\t\t<div class=\"elementor-row\">\n\t\t\t\t\t<div class=\"elementor-column elementor-col-100 elementor-top-column elementor-element elementor-element-50804dc\" data-id=\"50804dc\" data-element_type=\"column\">\n\t\t\t<div class=\"elementor-column-wrap elementor-element-populated\">\n\t\t\t\t\t\t\t<div class=\"elementor-widget-wrap\">\n\t\t\t\t\t\t<div class=\"elementor-element elementor-element-ce93246 elementor-widget elementor-widget-image\" data-id=\"ce93246\" data-element_type=\"widget\" data-widget_type=\"image.default\">\n\t\t\t\t<div class=\"elementor-widget-container\">\n\t\t\t\t\t<div class=\"elementor-image\">\n\t\t\t\t\t\t\t\t\t\t\t<a href=\"http:\/\/lfih.org\/wp-content\/uploads\/2024\/05\/AES_01.png\" data-elementor-open-lightbox=\"yes\" data-elementor-lightbox-title=\"AES_01\">\n\t\t\t\t\t\t\t<img width=\"1024\" height=\"791\" src=\"https:\/\/lfih.org\/wp-content\/uploads\/2024\/05\/AES_01-1024x791.png\" class=\"attachment-large size-large\" alt=\"\" loading=\"lazy\" srcset=\"https:\/\/lfih.org\/wp-content\/uploads\/2024\/05\/AES_01-1024x791.png 1024w, https:\/\/lfih.org\/wp-content\/uploads\/2024\/05\/AES_01-300x232.png 300w, https:\/\/lfih.org\/wp-content\/uploads\/2024\/05\/AES_01-100x77.png 100w, https:\/\/lfih.org\/wp-content\/uploads\/2024\/05\/AES_01-1536x1187.png 1536w, https:\/\/lfih.org\/wp-content\/uploads\/2024\/05\/AES_01.png 2000w, https:\/\/lfih.org\/wp-content\/uploads\/2024\/05\/AES_01-150x116.png 150w\" sizes=\"(max-width: 1024px) 100vw, 1024px\" \/>\t\t\t\t\t\t\t\t<\/a>\n\t\t\t\t\t\t\t\t\t\t\t<\/div>\n\t\t\t\t<\/div>\n\t\t\t\t<\/div>\n\t\t\t\t\t\t<\/div>\n\t\t\t\t\t<\/div>\n\t\t<\/div>\n\t\t\t\t\t\t\t\t<\/div>\n\t\t\t\t\t<\/div>\n\t\t<\/section>\n\t\t\t\t<section class=\"elementor-section elementor-top-section elementor-element elementor-element-66a59bc elementor-section-boxed elementor-section-height-default elementor-section-height-default\" data-id=\"66a59bc\" data-element_type=\"section\">\n\t\t\t\t\t\t<div class=\"elementor-container elementor-column-gap-default\">\n\t\t\t\t\t\t\t<div class=\"elementor-row\">\n\t\t\t\t\t<div class=\"elementor-column elementor-col-100 elementor-top-column elementor-element elementor-element-3013faa\" data-id=\"3013faa\" data-element_type=\"column\">\n\t\t\t<div class=\"elementor-column-wrap elementor-element-populated\">\n\t\t\t\t\t\t\t<div class=\"elementor-widget-wrap\">\n\t\t\t\t\t\t<div class=\"elementor-element elementor-element-85e9ae7 elementor-widget elementor-widget-image\" data-id=\"85e9ae7\" data-element_type=\"widget\" data-widget_type=\"image.default\">\n\t\t\t\t<div class=\"elementor-widget-container\">\n\t\t\t\t\t<div class=\"elementor-image\">\n\t\t\t\t\t\t\t\t\t\t\t<a href=\"http:\/\/lfih.org\/wp-content\/uploads\/2024\/05\/AES_Fiches-activites.png\" data-elementor-open-lightbox=\"yes\" data-elementor-lightbox-title=\"AES_Fiches activit\u00e9s\">\n\t\t\t\t\t\t\t<img width=\"1024\" height=\"791\" src=\"https:\/\/lfih.org\/wp-content\/uploads\/2024\/05\/AES_Fiches-activites-1024x791.png\" class=\"attachment-large size-large\" alt=\"\" loading=\"lazy\" srcset=\"https:\/\/lfih.org\/wp-content\/uploads\/2024\/05\/AES_Fiches-activites-1024x791.png 1024w, https:\/\/lfih.org\/wp-content\/uploads\/2024\/05\/AES_Fiches-activites-300x232.png 300w, https:\/\/lfih.org\/wp-content\/uploads\/2024\/05\/AES_Fiches-activites-100x77.png 100w, https:\/\/lfih.org\/wp-content\/uploads\/2024\/05\/AES_Fiches-activites-1536x1187.png 1536w, https:\/\/lfih.org\/wp-content\/uploads\/2024\/05\/AES_Fiches-activites.png 2000w, https:\/\/lfih.org\/wp-content\/uploads\/2024\/05\/AES_Fiches-activites-150x116.png 150w\" sizes=\"(max-width: 1024px) 100vw, 1024px\" \/>\t\t\t\t\t\t\t\t<\/a>\n\t\t\t\t\t\t\t\t\t\t\t<\/div>\n\t\t\t\t<\/div>\n\t\t\t\t<\/div>\n\t\t\t\t\t\t<\/div>\n\t\t\t\t\t<\/div>\n\t\t<\/div>\n\t\t\t\t\t\t\t\t<\/div>\n\t\t\t\t\t<\/div>\n\t\t<\/section>\n\t\t\t\t\t\t<\/div>\n\t\t\t\t\t\t<\/div>\n\t\t\t\t\t<\/div>\n\t\t","protected":false},"excerpt":{"rendered":"<p>After lessons\u2026 the adventure continues! \u2728 At the Lyc\u00e9e Fran\u00e7ais International de La Havane, extracurricular activities are an integral part&nbsp;<a href=\"https:\/\/lfih.org\/index.php\/extracurricular-activities\/\">&hellip;<\/a><\/p>\n","protected":false},"author":2,"featured_media":0,"parent":0,"menu_order":0,"comment_status":"closed","ping_status":"closed","template":"","meta":[],"_links":{"self":[{"href":"https:\/\/lfih.org\/index.php\/wp-json\/wp\/v2\/pages\/32921"}],"collection":[{"href":"https:\/\/lfih.org\/index.php\/wp-json\/wp\/v2\/pages"}],"about":[{"href":"https:\/\/lfih.org\/index.php\/wp-json\/wp\/v2\/types\/page"}],"author":[{"embeddable":true,"href":"https:\/\/lfih.org\/index.php\/wp-json\/wp\/v2\/users\/2"}],"replies":[{"embeddable":true,"href":"https:\/\/lfih.org\/index.php\/wp-json\/wp\/v2\/comments?post=32921"}],"version-history":[{"count":4,"href":"https:\/\/lfih.org\/index.php\/wp-json\/wp\/v2\/pages\/32921\/revisions"}],"predecessor-version":[{"id":32929,"href":"https:\/\/lfih.org\/index.php\/wp-json\/wp\/v2\/pages\/32921\/revisions\/32929"}],"wp:attachment":[{"href":"https:\/\/lfih.org\/index.php\/wp-json\/wp\/v2\/media?parent=32921"}],"curies":[{"name":"wp","href":"https:\/\/api.w.org\/{rel}","templated":true}]}}