{"id":32503,"date":"2026-03-13T12:47:54","date_gmt":"2026-03-13T16:47:54","guid":{"rendered":"https:\/\/lfih.org\/?page_id=32503"},"modified":"2026-03-20T12:01:34","modified_gmt":"2026-03-20T16:01:34","slug":"nouveaux-eleves","status":"publish","type":"page","link":"https:\/\/lfih.org\/index.php\/nouveaux-eleves\/","title":{"rendered":"Nouveaux \u00e9l\u00e8ves"},"content":{"rendered":"\t\t<div data-elementor-type=\"wp-page\" data-elementor-id=\"32503\" class=\"elementor elementor-32503\" data-elementor-settings=\"[]\">\n\t\t\t\t\t\t<div class=\"elementor-inner\">\n\t\t\t\t\t\t\t<div class=\"elementor-section-wrap\">\n\t\t\t\t\t\t\t<section class=\"elementor-section elementor-top-section elementor-element elementor-element-4d7b81e elementor-section-boxed elementor-section-height-default elementor-section-height-default\" data-id=\"4d7b81e\" data-element_type=\"section\">\n\t\t\t\t\t\t<div class=\"elementor-container elementor-column-gap-default\">\n\t\t\t\t\t\t\t<div class=\"elementor-row\">\n\t\t\t\t\t<div class=\"elementor-column elementor-col-100 elementor-top-column elementor-element elementor-element-e7e9f44\" data-id=\"e7e9f44\" data-element_type=\"column\">\n\t\t\t<div class=\"elementor-column-wrap elementor-element-populated\">\n\t\t\t\t\t\t\t<div class=\"elementor-widget-wrap\">\n\t\t\t\t\t\t<div class=\"elementor-element elementor-element-95fdcfe animated-slow elementor-invisible elementor-widget elementor-widget-heading\" data-id=\"95fdcfe\" data-element_type=\"widget\" data-settings=\"{&quot;_animation&quot;:&quot;fadeIn&quot;}\" data-widget_type=\"heading.default\">\n\t\t\t\t<div class=\"elementor-widget-container\">\n\t\t\t<h2 class=\"elementor-heading-title elementor-size-default\">PREMI\u00c8RE INSCRIPTION<\/h2>\t\t<\/div>\n\t\t\t\t<\/div>\n\t\t\t\t\t\t<\/div>\n\t\t\t\t\t<\/div>\n\t\t<\/div>\n\t\t\t\t\t\t\t\t<\/div>\n\t\t\t\t\t<\/div>\n\t\t<\/section>\n\t\t\t\t<section class=\"elementor-section elementor-top-section elementor-element elementor-element-e1c03f7 elementor-section-boxed elementor-section-height-default elementor-section-height-default\" data-id=\"e1c03f7\" data-element_type=\"section\">\n\t\t\t\t\t\t<div class=\"elementor-container elementor-column-gap-default\">\n\t\t\t\t\t\t\t<div class=\"elementor-row\">\n\t\t\t\t\t<div class=\"elementor-column elementor-col-100 elementor-top-column elementor-element elementor-element-3bda253\" data-id=\"3bda253\" data-element_type=\"column\">\n\t\t\t<div class=\"elementor-column-wrap elementor-element-populated\">\n\t\t\t\t\t\t\t<div class=\"elementor-widget-wrap\">\n\t\t\t\t\t\t<div class=\"elementor-element elementor-element-144a413 animated-slow elementor-invisible elementor-widget elementor-widget-heading\" data-id=\"144a413\" data-element_type=\"widget\" data-settings=\"{&quot;_animation&quot;:&quot;fadeIn&quot;,&quot;_animation_delay&quot;:500}\" data-widget_type=\"heading.default\">\n\t\t\t\t<div class=\"elementor-widget-container\">\n\t\t\t<h4 class=\"elementor-heading-title elementor-size-default\">Lyc\u00e9e Fran\u00e7ais International de La Havane<\/h4>\t\t<\/div>\n\t\t\t\t<\/div>\n\t\t\t\t\t\t<\/div>\n\t\t\t\t\t<\/div>\n\t\t<\/div>\n\t\t\t\t\t\t\t\t<\/div>\n\t\t\t\t\t<\/div>\n\t\t<\/section>\n\t\t\t\t<section class=\"elementor-section elementor-top-section elementor-element elementor-element-86973d2 elementor-section-boxed elementor-section-height-default elementor-section-height-default\" data-id=\"86973d2\" data-element_type=\"section\">\n\t\t\t\t\t\t<div class=\"elementor-container elementor-column-gap-default\">\n\t\t\t\t\t\t\t<div class=\"elementor-row\">\n\t\t\t\t\t<div class=\"elementor-column elementor-col-100 elementor-top-column elementor-element elementor-element-1824019\" data-id=\"1824019\" data-element_type=\"column\">\n\t\t\t<div class=\"elementor-column-wrap elementor-element-populated\">\n\t\t\t\t\t\t\t<div class=\"elementor-widget-wrap\">\n\t\t\t\t\t\t<div class=\"elementor-element elementor-element-280d850 elementor-widget elementor-widget-text-editor\" data-id=\"280d850\" data-element_type=\"widget\" data-widget_type=\"text-editor.default\">\n\t\t\t\t<div class=\"elementor-widget-container\">\n\t\t\t\t\t<div class=\"elementor-text-editor elementor-clearfix\"><p>Chers parents,<\/p><p>Nous nous r\u00e9jouissons de l\u2019int\u00e9r\u00eat que vous portez \u00e0 notre \u00e9tablissement et ce sera un r\u00e9el plaisir de vous accueillir, vous et vos enfants, au Lyc\u00e9e Fran\u00e7ais International de La Havane.<\/p><p>L\u2019inscription est ouverte tout au long de l\u2019ann\u00e9e scolaire, et se r\u00e9alise en ligne via la plateforme <span style=\"text-decoration: underline; color: #0000ff;\"><strong><a style=\"color: #0000ff; text-decoration: underline;\" href=\"https:\/\/lfih.eduka.school\/login\">Eduka<\/a>.<\/strong><\/span><\/p><p>Pour confirmer la premi\u00e8re inscription de vos enfants, merci de suivre les \u00e9tapes suivantes dans l\u2019ordre indiqu\u00e9 :<\/p><ol><li><strong>Remplir le formulaire de premi\u00e8re inscription sur la plateforme <span style=\"text-decoration: underline;\"><a href=\"https:\/\/lfih.eduka.school\/login\"><span style=\"color: #0000ff; text-decoration: underline;\">Eduka<\/span><\/a><\/span><\/strong><\/li><\/ol><p>Nous vous invitons \u00e0 suivre le tutoriel pour compl\u00e9ter le formulaire en ligne.<\/p><\/div>\n\t\t\t\t<\/div>\n\t\t\t\t<\/div>\n\t\t\t\t\t\t<\/div>\n\t\t\t\t\t<\/div>\n\t\t<\/div>\n\t\t\t\t\t\t\t\t<\/div>\n\t\t\t\t\t<\/div>\n\t\t<\/section>\n\t\t\t\t<section class=\"elementor-section elementor-top-section elementor-element elementor-element-998f7d1 elementor-section-boxed elementor-section-height-default elementor-section-height-default\" data-id=\"998f7d1\" data-element_type=\"section\">\n\t\t\t\t\t\t<div class=\"elementor-container elementor-column-gap-default\">\n\t\t\t\t\t\t\t<div class=\"elementor-row\">\n\t\t\t\t\t<div class=\"elementor-column elementor-col-100 elementor-top-column elementor-element elementor-element-a8e05ea\" data-id=\"a8e05ea\" data-element_type=\"column\">\n\t\t\t<div class=\"elementor-column-wrap elementor-element-populated\">\n\t\t\t\t\t\t\t<div class=\"elementor-widget-wrap\">\n\t\t\t\t\t\t<div class=\"elementor-element elementor-element-a2b7b45 elementor-align-center animated-slow elementor-invisible elementor-widget elementor-widget-button\" data-id=\"a2b7b45\" data-element_type=\"widget\" data-settings=\"{&quot;_animation&quot;:&quot;bounceIn&quot;}\" data-widget_type=\"button.default\">\n\t\t\t\t<div class=\"elementor-widget-container\">\n\t\t\t\t\t<div class=\"elementor-button-wrapper\">\n\t\t\t<a href=\"https:\/\/lfih.org\/wp-content\/uploads\/2026\/03\/TUTORIEL-EDUKA-LFH-inscription-FR_2026-2027.pdf\" target=\"_blank\" class=\"elementor-button-link elementor-button elementor-size-sm\" role=\"button\">\n\t\t\t\t\t\t<span class=\"elementor-button-content-wrapper\">\n\t\t\t\t\t\t<span class=\"elementor-button-text\">Tutoriel EDUKA<\/span>\n\t\t<\/span>\n\t\t\t\t\t<\/a>\n\t\t<\/div>\n\t\t\t\t<\/div>\n\t\t\t\t<\/div>\n\t\t\t\t\t\t<\/div>\n\t\t\t\t\t<\/div>\n\t\t<\/div>\n\t\t\t\t\t\t\t\t<\/div>\n\t\t\t\t\t<\/div>\n\t\t<\/section>\n\t\t\t\t<section class=\"elementor-section elementor-top-section elementor-element elementor-element-94a6752 elementor-section-boxed elementor-section-height-default elementor-section-height-default\" data-id=\"94a6752\" data-element_type=\"section\">\n\t\t\t\t\t\t<div class=\"elementor-container elementor-column-gap-default\">\n\t\t\t\t\t\t\t<div class=\"elementor-row\">\n\t\t\t\t\t<div class=\"elementor-column elementor-col-100 elementor-top-column elementor-element elementor-element-01a3a76\" data-id=\"01a3a76\" data-element_type=\"column\">\n\t\t\t<div class=\"elementor-column-wrap elementor-element-populated\">\n\t\t\t\t\t\t\t<div class=\"elementor-widget-wrap\">\n\t\t\t\t\t\t<div class=\"elementor-element elementor-element-e0c7918 animated-slow elementor-invisible elementor-widget elementor-widget-text-editor\" data-id=\"e0c7918\" data-element_type=\"widget\" data-settings=\"{&quot;_animation&quot;:&quot;fadeIn&quot;}\" data-widget_type=\"text-editor.default\">\n\t\t\t\t<div class=\"elementor-widget-container\">\n\t\t\t\t\t<div class=\"elementor-text-editor elementor-clearfix\"><p>Connectez-vous \u00e0 votre compte<strong> <a href=\"https:\/\/lfih.eduka.school\/login\">Eduka<\/a>.<\/strong><\/p><p><strong>Remplissez le formulaire d\u2019inscription<\/strong><\/p><p><em>\u00a0<\/em><em>Documents n\u00e9cessaires\u00a0:<\/em><\/p><ul><li>Copie du <a href=\"https:\/\/lfih.eduka.school\/info\/studentrecord\/1597\">passeport de l&rsquo;\u00e9l\u00e8ve<\/a><\/li><li>Copie des passeports des parents<\/li><li><a href=\"https:\/\/lfih.eduka.school\/info\/studentrecord\/1597\">Bulletins scolaires<\/a><\/li><li>Exeat d\u00e9livr\u00e9 par le dernier \u00e9tablissement fr\u00e9quent\u00e9<\/li><\/ul><p><em>\u00a0<\/em>Une fois le formulaire compl\u00e9t\u00e9, vous recevrez un accus\u00e9 de r\u00e9ception automatique confirmant l\u2019envoi du dossier.<\/p><p>Pour toute question relative au processus d\u2019inscription, vous pouvez contacter l\u2019administration \u00e0 l\u2019adresse suivante : <a href=\"mailto:secretariat@lfih.org\">secretariat@lfih.org<\/a><\/p><\/div>\n\t\t\t\t<\/div>\n\t\t\t\t<\/div>\n\t\t\t\t\t\t<\/div>\n\t\t\t\t\t<\/div>\n\t\t<\/div>\n\t\t\t\t\t\t\t\t<\/div>\n\t\t\t\t\t<\/div>\n\t\t<\/section>\n\t\t\t\t<section class=\"elementor-section elementor-top-section elementor-element elementor-element-b9ed1e4 elementor-section-boxed elementor-section-height-default elementor-section-height-default\" data-id=\"b9ed1e4\" data-element_type=\"section\">\n\t\t\t\t\t\t<div class=\"elementor-container elementor-column-gap-default\">\n\t\t\t\t\t\t\t<div class=\"elementor-row\">\n\t\t\t\t\t<div class=\"elementor-column elementor-col-100 elementor-top-column elementor-element elementor-element-95fa96d\" data-id=\"95fa96d\" data-element_type=\"column\">\n\t\t\t<div class=\"elementor-column-wrap elementor-element-populated\">\n\t\t\t\t\t\t\t<div class=\"elementor-widget-wrap\">\n\t\t\t\t\t\t<div class=\"elementor-element elementor-element-bafa4a0 elementor-widget elementor-widget-text-editor\" data-id=\"bafa4a0\" data-element_type=\"widget\" data-widget_type=\"text-editor.default\">\n\t\t\t\t<div class=\"elementor-widget-container\">\n\t\t\t\t\t<div class=\"elementor-text-editor elementor-clearfix\"><ol start=\"2\"><li><strong> R\u00e9gler les frais de premi\u00e8re inscription<\/strong><\/li><\/ol><p>Un acompte de <strong>1 000 euros<\/strong> par \u00e9l\u00e8ve devra \u00eatre r\u00e9gl\u00e9 au moment de l\u2019inscription. Ce montant sera d\u00e9duit du droit de premi\u00e8re inscription.<\/p><p>\u00a0Pour toute question concernant les paiements, vous pouvez \u00e9crire au service comptabilit\u00e9 : <a href=\"mailto:assistantadm@lfih.org\"><span style=\"color: #0000ff; text-decoration: underline;\">assistantadm@lfih.org<\/span><\/a><\/p><\/div>\n\t\t\t\t<\/div>\n\t\t\t\t<\/div>\n\t\t\t\t\t\t<\/div>\n\t\t\t\t\t<\/div>\n\t\t<\/div>\n\t\t\t\t\t\t\t\t<\/div>\n\t\t\t\t\t<\/div>\n\t\t<\/section>\n\t\t\t\t<section class=\"elementor-section elementor-top-section elementor-element elementor-element-3035e8a elementor-section-boxed elementor-section-height-default elementor-section-height-default\" data-id=\"3035e8a\" data-element_type=\"section\">\n\t\t\t\t\t\t<div class=\"elementor-container elementor-column-gap-default\">\n\t\t\t\t\t\t\t<div class=\"elementor-row\">\n\t\t\t\t\t<div class=\"elementor-column elementor-col-100 elementor-top-column elementor-element elementor-element-8d9622a\" data-id=\"8d9622a\" data-element_type=\"column\">\n\t\t\t<div class=\"elementor-column-wrap elementor-element-populated\">\n\t\t\t\t\t\t\t<div class=\"elementor-widget-wrap\">\n\t\t\t\t\t\t<div class=\"elementor-element elementor-element-f09e51b animated-slow elementor-invisible elementor-widget elementor-widget-image\" data-id=\"f09e51b\" data-element_type=\"widget\" data-settings=\"{&quot;_animation&quot;:&quot;zoomIn&quot;}\" data-widget_type=\"image.default\">\n\t\t\t\t<div class=\"elementor-widget-container\">\n\t\t\t\t\t<div class=\"elementor-image\">\n\t\t\t\t\t\t\t\t\t\t<img width=\"872\" height=\"434\" src=\"https:\/\/lfih.org\/wp-content\/uploads\/2026\/03\/Releve-didentite-bancaire-LYCEE_page-0001-872x434.jpg\" class=\"attachment-large size-large\" alt=\"\" loading=\"lazy\" srcset=\"https:\/\/lfih.org\/wp-content\/uploads\/2026\/03\/Releve-didentite-bancaire-LYCEE_page-0001.jpg 872w, https:\/\/lfih.org\/wp-content\/uploads\/2026\/03\/Releve-didentite-bancaire-LYCEE_page-0001-300x149.jpg 300w, https:\/\/lfih.org\/wp-content\/uploads\/2026\/03\/Releve-didentite-bancaire-LYCEE_page-0001-100x50.jpg 100w, https:\/\/lfih.org\/wp-content\/uploads\/2026\/03\/Releve-didentite-bancaire-LYCEE_page-0001-150x75.jpg 150w\" sizes=\"(max-width: 872px) 100vw, 872px\" \/>\t\t\t\t\t\t\t\t\t\t\t<\/div>\n\t\t\t\t<\/div>\n\t\t\t\t<\/div>\n\t\t\t\t\t\t<\/div>\n\t\t\t\t\t<\/div>\n\t\t<\/div>\n\t\t\t\t\t\t\t\t<\/div>\n\t\t\t\t\t<\/div>\n\t\t<\/section>\n\t\t\t\t<section class=\"elementor-section elementor-top-section elementor-element elementor-element-bbc6aac elementor-section-boxed elementor-section-height-default elementor-section-height-default\" data-id=\"bbc6aac\" data-element_type=\"section\">\n\t\t\t\t\t\t<div class=\"elementor-container elementor-column-gap-default\">\n\t\t\t\t\t\t\t<div class=\"elementor-row\">\n\t\t\t\t\t<div class=\"elementor-column elementor-col-100 elementor-top-column elementor-element elementor-element-1121dc4\" data-id=\"1121dc4\" data-element_type=\"column\">\n\t\t\t<div class=\"elementor-column-wrap elementor-element-populated\">\n\t\t\t\t\t\t\t<div class=\"elementor-widget-wrap\">\n\t\t\t\t\t\t<div class=\"elementor-element elementor-element-b0dbe76 elementor-widget elementor-widget-text-editor\" data-id=\"b0dbe76\" data-element_type=\"widget\" data-widget_type=\"text-editor.default\">\n\t\t\t\t<div class=\"elementor-widget-container\">\n\t\t\t\t\t<div class=\"elementor-text-editor elementor-clearfix\"><ol start=\"3\"><li><strong> Attendre la validation de votre demande par l\u2019\u00e9quipe des admissions via EDUKA.<\/strong><\/li><\/ol><\/div>\n\t\t\t\t<\/div>\n\t\t\t\t<\/div>\n\t\t\t\t\t\t<\/div>\n\t\t\t\t\t<\/div>\n\t\t<\/div>\n\t\t\t\t\t\t\t\t<\/div>\n\t\t\t\t\t<\/div>\n\t\t<\/section>\n\t\t\t\t<section class=\"elementor-section elementor-top-section elementor-element elementor-element-17cc0ce elementor-section-boxed elementor-section-height-default elementor-section-height-default\" data-id=\"17cc0ce\" data-element_type=\"section\">\n\t\t\t\t\t\t<div class=\"elementor-container elementor-column-gap-default\">\n\t\t\t\t\t\t\t<div class=\"elementor-row\">\n\t\t\t\t\t<div class=\"elementor-column elementor-col-100 elementor-top-column elementor-element elementor-element-602d836\" data-id=\"602d836\" data-element_type=\"column\">\n\t\t\t<div class=\"elementor-column-wrap elementor-element-populated\">\n\t\t\t\t\t\t\t<div class=\"elementor-widget-wrap\">\n\t\t\t\t\t\t<div class=\"elementor-element elementor-element-d2cc7e4 animated-slow elementor-invisible elementor-widget elementor-widget-heading\" data-id=\"d2cc7e4\" data-element_type=\"widget\" data-settings=\"{&quot;_animation&quot;:&quot;zoomIn&quot;}\" data-widget_type=\"heading.default\">\n\t\t\t\t<div class=\"elementor-widget-container\">\n\t\t\t<h2 class=\"elementor-heading-title elementor-size-default\">Crit\u00e8res d'admissions<\/h2>\t\t<\/div>\n\t\t\t\t<\/div>\n\t\t\t\t\t\t<\/div>\n\t\t\t\t\t<\/div>\n\t\t<\/div>\n\t\t\t\t\t\t\t\t<\/div>\n\t\t\t\t\t<\/div>\n\t\t<\/section>\n\t\t\t\t<section class=\"elementor-section elementor-top-section elementor-element elementor-element-e9423a7 elementor-section-boxed elementor-section-height-default elementor-section-height-default\" data-id=\"e9423a7\" data-element_type=\"section\">\n\t\t\t\t\t\t<div class=\"elementor-container elementor-column-gap-default\">\n\t\t\t\t\t\t\t<div class=\"elementor-row\">\n\t\t\t\t\t<div class=\"elementor-column elementor-col-100 elementor-top-column elementor-element elementor-element-e7085bc\" data-id=\"e7085bc\" data-element_type=\"column\">\n\t\t\t<div class=\"elementor-column-wrap elementor-element-populated\">\n\t\t\t\t\t\t\t<div class=\"elementor-widget-wrap\">\n\t\t\t\t\t\t<div class=\"elementor-element elementor-element-43bcaf1 elementor-invisible elementor-widget elementor-widget-text-editor\" data-id=\"43bcaf1\" data-element_type=\"widget\" data-settings=\"{&quot;_animation&quot;:&quot;fadeIn&quot;}\" data-widget_type=\"text-editor.default\">\n\t\t\t\t<div class=\"elementor-widget-container\">\n\t\t\t\t\t<div class=\"elementor-text-editor elementor-clearfix\"><ul><li>Les enfants sont accueillis \u00e0 partir de 2 ans et demi et doivent \u00eatre propres pour rentrer en Petite ou Toute Petite Section de Maternelle.<\/li><li>La connaissance du fran\u00e7ais n\u2019est pas obligatoire. Cependant, la langue de scolarisation est le fran\u00e7ais. Des cours de Fran\u00e7ais Langue Etrang\u00e8re sont propos\u00e9s aux \u00e9l\u00e8ves qui ne ma\u00eetrisent pas la langue \u00e0 partir du CP. <strong>De nombreux \u00e9l\u00e8ves non-francophones ont ainsi acquis une remarquable ma\u00eetrise de la langue fran\u00e7aise au cours de leur scolarit\u00e9.<\/strong><\/li><li>Toute nouvelle inscription est soumise \u00e0 la d\u00e9cision du Proviseur du Lyc\u00e9e ; apr\u00e8s le d\u00e9p\u00f4t des pi\u00e8ces administratives, un rendez-vous est pris avec les parents et l\u2019enfant.<\/li><li>Aucune inscription ne sera valid\u00e9e sans le paiement pr\u00e9alable des frais d\u2019inscription.<\/li><\/ul><\/div>\n\t\t\t\t<\/div>\n\t\t\t\t<\/div>\n\t\t\t\t\t\t<\/div>\n\t\t\t\t\t<\/div>\n\t\t<\/div>\n\t\t\t\t\t\t\t\t<\/div>\n\t\t\t\t\t<\/div>\n\t\t<\/section>\n\t\t\t\t<section class=\"elementor-section elementor-top-section elementor-element elementor-element-7f077c7 elementor-section-boxed elementor-section-height-default elementor-section-height-default\" data-id=\"7f077c7\" data-element_type=\"section\">\n\t\t\t\t\t\t<div class=\"elementor-container elementor-column-gap-default\">\n\t\t\t\t\t\t\t<div class=\"elementor-row\">\n\t\t\t\t\t<div class=\"elementor-column elementor-col-100 elementor-top-column elementor-element elementor-element-be452aa\" data-id=\"be452aa\" data-element_type=\"column\">\n\t\t\t<div class=\"elementor-column-wrap elementor-element-populated\">\n\t\t\t\t\t\t\t<div class=\"elementor-widget-wrap\">\n\t\t\t\t\t\t<div class=\"elementor-element elementor-element-826011c elementor-widget elementor-widget-text-editor\" data-id=\"826011c\" data-element_type=\"widget\" data-widget_type=\"text-editor.default\">\n\t\t\t\t<div class=\"elementor-widget-container\">\n\t\t\t\t\t<div class=\"elementor-text-editor elementor-clearfix\"><p>Fournitures<\/p><\/div>\n\t\t\t\t<\/div>\n\t\t\t\t<\/div>\n\t\t\t\t\t\t<\/div>\n\t\t\t\t\t<\/div>\n\t\t<\/div>\n\t\t\t\t\t\t\t\t<\/div>\n\t\t\t\t\t<\/div>\n\t\t<\/section>\n\t\t\t\t<section class=\"elementor-section elementor-top-section elementor-element elementor-element-f7f96ef elementor-section-boxed elementor-section-height-default elementor-section-height-default\" data-id=\"f7f96ef\" data-element_type=\"section\">\n\t\t\t\t\t\t<div class=\"elementor-container elementor-column-gap-default\">\n\t\t\t\t\t\t\t<div class=\"elementor-row\">\n\t\t\t\t\t<div class=\"elementor-column elementor-col-100 elementor-top-column elementor-element elementor-element-dbb2383\" data-id=\"dbb2383\" data-element_type=\"column\">\n\t\t\t<div class=\"elementor-column-wrap elementor-element-populated\">\n\t\t\t\t\t\t\t<div class=\"elementor-widget-wrap\">\n\t\t\t\t\t\t<div class=\"elementor-element elementor-element-6f4fa5b animated-slow elementor-icon-list--layout-traditional elementor-list-item-link-full_width elementor-invisible elementor-widget elementor-widget-icon-list\" data-id=\"6f4fa5b\" data-element_type=\"widget\" data-settings=\"{&quot;_animation&quot;:&quot;slideInDown&quot;}\" data-widget_type=\"icon-list.default\">\n\t\t\t\t<div class=\"elementor-widget-container\">\n\t\t\t\t\t<ul class=\"elementor-icon-list-items\">\n\t\t\t\t\t\t\t<li class=\"elementor-icon-list-item\">\n\t\t\t\t\t<a href=\"https:\/\/lfih.org\/wp-content\/uploads\/2025\/06\/Liste-des-fournitures_SECONDAIRE-FR-ESP.pdf\" target=\"_blank\">\t\t\t\t\t\t<span class=\"elementor-icon-list-icon\">\n\t\t\t\t\t\t\t<i aria-hidden=\"true\" class=\"fas fa-download\"><\/i>\t\t\t\t\t\t<\/span>\n\t\t\t\t\t\t\t\t\t\t<span class=\"elementor-icon-list-text\">Liste des fournitures SECONDAIRE FR-ESP<\/span>\n\t\t\t\t\t\t\t\t\t\t\t<\/a>\n\t\t\t\t\t\t\t\t\t<\/li>\n\t\t\t\t\t\t\t\t<li class=\"elementor-icon-list-item\">\n\t\t\t\t\t<a href=\"https:\/\/lfih.org\/wp-content\/uploads\/2025\/06\/Liste-de-fournitures-ELEMENTAIRE-fr-esp.pdf\" target=\"_blank\">\t\t\t\t\t\t<span class=\"elementor-icon-list-icon\">\n\t\t\t\t\t\t\t<i aria-hidden=\"true\" class=\"fas fa-download\"><\/i>\t\t\t\t\t\t<\/span>\n\t\t\t\t\t\t\t\t\t\t<span class=\"elementor-icon-list-text\">Liste des fournitures PRIMAIRE FR-ESP<\/span>\n\t\t\t\t\t\t\t\t\t\t\t<\/a>\n\t\t\t\t\t\t\t\t\t<\/li>\n\t\t\t\t\t\t<\/ul>\n\t\t\t\t<\/div>\n\t\t\t\t<\/div>\n\t\t\t\t\t\t<\/div>\n\t\t\t\t\t<\/div>\n\t\t<\/div>\n\t\t\t\t\t\t\t\t<\/div>\n\t\t\t\t\t<\/div>\n\t\t<\/section>\n\t\t\t\t\t\t<\/div>\n\t\t\t\t\t\t<\/div>\n\t\t\t\t\t<\/div>\n\t\t","protected":false},"excerpt":{"rendered":"<p>PREMI\u00c8RE INSCRIPTION Lyc\u00e9e Fran\u00e7ais International de La Havane Chers parents, Nous nous r\u00e9jouissons de l\u2019int\u00e9r\u00eat que vous portez \u00e0 notre&nbsp;<a href=\"https:\/\/lfih.org\/index.php\/nouveaux-eleves\/\">&hellip;<\/a><\/p>\n","protected":false},"author":2,"featured_media":0,"parent":0,"menu_order":0,"comment_status":"closed","ping_status":"closed","template":"","meta":[],"_links":{"self":[{"href":"https:\/\/lfih.org\/index.php\/wp-json\/wp\/v2\/pages\/32503"}],"collection":[{"href":"https:\/\/lfih.org\/index.php\/wp-json\/wp\/v2\/pages"}],"about":[{"href":"https:\/\/lfih.org\/index.php\/wp-json\/wp\/v2\/types\/page"}],"author":[{"embeddable":true,"href":"https:\/\/lfih.org\/index.php\/wp-json\/wp\/v2\/users\/2"}],"replies":[{"embeddable":true,"href":"https:\/\/lfih.org\/index.php\/wp-json\/wp\/v2\/comments?post=32503"}],"version-history":[{"count":55,"href":"https:\/\/lfih.org\/index.php\/wp-json\/wp\/v2\/pages\/32503\/revisions"}],"predecessor-version":[{"id":33099,"href":"https:\/\/lfih.org\/index.php\/wp-json\/wp\/v2\/pages\/32503\/revisions\/33099"}],"wp:attachment":[{"href":"https:\/\/lfih.org\/index.php\/wp-json\/wp\/v2\/media?parent=32503"}],"curies":[{"name":"wp","href":"https:\/\/api.w.org\/{rel}","templated":true}]}}