{"id":29204,"date":"2025-09-26T09:23:28","date_gmt":"2025-09-26T13:23:28","guid":{"rendered":"https:\/\/lfih.org\/?page_id=29204"},"modified":"2025-09-26T09:36:57","modified_gmt":"2025-09-26T13:36:57","slug":"asociacion-deportiva-del-lfih-alejo-carpentier","status":"publish","type":"page","link":"https:\/\/lfih.org\/index.php\/asociacion-deportiva-del-lfih-alejo-carpentier\/","title":{"rendered":"Asociaci\u00f3n deportiva del LFIH Alejo Carpentier"},"content":{"rendered":"\t\t<div data-elementor-type=\"wp-page\" data-elementor-id=\"29204\" class=\"elementor elementor-29204\" data-elementor-settings=\"[]\">\n\t\t\t\t\t\t<div class=\"elementor-inner\">\n\t\t\t\t\t\t\t<div class=\"elementor-section-wrap\">\n\t\t\t\t\t\t\t<section class=\"elementor-section elementor-top-section elementor-element elementor-element-23d8ad12 elementor-section-boxed elementor-section-height-default elementor-section-height-default\" data-id=\"23d8ad12\" data-element_type=\"section\">\n\t\t\t\t\t\t<div class=\"elementor-container elementor-column-gap-default\">\n\t\t\t\t\t\t\t<div class=\"elementor-row\">\n\t\t\t\t\t<div class=\"elementor-column elementor-col-100 elementor-top-column elementor-element elementor-element-2c7b01ea\" data-id=\"2c7b01ea\" data-element_type=\"column\">\n\t\t\t<div class=\"elementor-column-wrap elementor-element-populated\">\n\t\t\t\t\t\t\t<div class=\"elementor-widget-wrap\">\n\t\t\t\t\t\t<div class=\"elementor-element elementor-element-2a252fc7 elementor-widget elementor-widget-text-editor\" data-id=\"2a252fc7\" data-element_type=\"widget\" data-widget_type=\"text-editor.default\">\n\t\t\t\t<div class=\"elementor-widget-container\">\n\t\t\t\t\t<div class=\"elementor-text-editor elementor-clearfix\"><\/div>\n\t\t\t\t<\/div>\n\t\t\t\t<\/div>\n\t\t\t\t\t\t<\/div>\n\t\t\t\t\t<\/div>\n\t\t<\/div>\n\t\t\t\t\t\t\t\t<\/div>\n\t\t\t\t\t<\/div>\n\t\t<\/section>\n\t\t\t\t<section class=\"elementor-section elementor-top-section elementor-element elementor-element-6548878 elementor-section-boxed elementor-section-height-default elementor-section-height-default\" data-id=\"6548878\" data-element_type=\"section\">\n\t\t\t\t\t\t<div class=\"elementor-container elementor-column-gap-default\">\n\t\t\t\t\t\t\t<div class=\"elementor-row\">\n\t\t\t\t\t<div class=\"elementor-column elementor-col-100 elementor-top-column elementor-element elementor-element-31aa0d9\" data-id=\"31aa0d9\" data-element_type=\"column\">\n\t\t\t<div class=\"elementor-column-wrap\">\n\t\t\t\t\t\t\t<div class=\"elementor-widget-wrap\">\n\t\t\t\t\t\t\t\t<\/div>\n\t\t\t\t\t<\/div>\n\t\t<\/div>\n\t\t\t\t\t\t\t\t<\/div>\n\t\t\t\t\t<\/div>\n\t\t<\/section>\n\t\t\t\t<section class=\"elementor-section elementor-top-section elementor-element elementor-element-1a963a1 elementor-section-boxed elementor-section-height-default elementor-section-height-default\" data-id=\"1a963a1\" data-element_type=\"section\">\n\t\t\t\t\t\t<div class=\"elementor-container elementor-column-gap-default\">\n\t\t\t\t\t\t\t<div class=\"elementor-row\">\n\t\t\t\t\t<div class=\"elementor-column elementor-col-100 elementor-top-column elementor-element elementor-element-e0c4d1e\" data-id=\"e0c4d1e\" data-element_type=\"column\">\n\t\t\t<div class=\"elementor-column-wrap elementor-element-populated\">\n\t\t\t\t\t\t\t<div class=\"elementor-widget-wrap\">\n\t\t\t\t\t\t<div class=\"elementor-element elementor-element-bc9c825 animated-slow elementor-invisible elementor-widget elementor-widget-heading\" data-id=\"bc9c825\" data-element_type=\"widget\" data-settings=\"{&quot;_animation&quot;:&quot;zoomInDown&quot;,&quot;_animation_delay&quot;:100}\" data-widget_type=\"heading.default\">\n\t\t\t\t<div class=\"elementor-widget-container\">\n\t\t\t<h2 class=\"elementor-heading-title elementor-size-default\">Asociaci\u00f3n deportiva del LFIH Alejo Carpentier<\/h2>\t\t<\/div>\n\t\t\t\t<\/div>\n\t\t\t\t\t\t<\/div>\n\t\t\t\t\t<\/div>\n\t\t<\/div>\n\t\t\t\t\t\t\t\t<\/div>\n\t\t\t\t\t<\/div>\n\t\t<\/section>\n\t\t\t\t<section class=\"elementor-section elementor-top-section elementor-element elementor-element-d6433be elementor-section-boxed elementor-section-height-default elementor-section-height-default\" data-id=\"d6433be\" data-element_type=\"section\">\n\t\t\t\t\t\t<div class=\"elementor-container elementor-column-gap-default\">\n\t\t\t\t\t\t\t<div class=\"elementor-row\">\n\t\t\t\t\t<div class=\"elementor-column elementor-col-100 elementor-top-column elementor-element elementor-element-b58b812\" data-id=\"b58b812\" data-element_type=\"column\">\n\t\t\t<div class=\"elementor-column-wrap elementor-element-populated\">\n\t\t\t\t\t\t\t<div class=\"elementor-widget-wrap\">\n\t\t\t\t\t\t<div class=\"elementor-element elementor-element-d3350a7 animated-slow elementor-invisible elementor-widget elementor-widget-text-editor\" data-id=\"d3350a7\" data-element_type=\"widget\" data-settings=\"{&quot;_animation&quot;:&quot;fadeIn&quot;,&quot;_animation_delay&quot;:200}\" data-widget_type=\"text-editor.default\">\n\t\t\t\t<div class=\"elementor-widget-container\">\n\t\t\t\t\t<div class=\"elementor-text-editor elementor-clearfix\"><p style=\"text-align: left;\">La Asociaci\u00f3n Deportiva del instituto ofrece, todos los <span style=\"color: #ff0000;\">viernes por la tarde<\/span>, una amplia variedad de actividades dirigidas a los alumnos de 6\u00ba a 2\u00ba de Bachillerato.<\/p><p>Las sesiones est\u00e1n supervisadas por nuestros profesores y se desarrollan en un ambiente agradable y din\u00e1mico. A continuaci\u00f3n encontrar\u00e1 la distribuci\u00f3n de las actividades, con los horarios y los lugares donde se llevar\u00e1n a cabo:<\/p><\/div>\n\t\t\t\t<\/div>\n\t\t\t\t<\/div>\n\t\t\t\t\t\t<\/div>\n\t\t\t\t\t<\/div>\n\t\t<\/div>\n\t\t\t\t\t\t\t\t<\/div>\n\t\t\t\t\t<\/div>\n\t\t<\/section>\n\t\t\t\t<section class=\"elementor-section elementor-top-section elementor-element elementor-element-6102503 elementor-section-boxed elementor-section-height-default elementor-section-height-default\" data-id=\"6102503\" data-element_type=\"section\">\n\t\t\t\t\t\t<div class=\"elementor-container elementor-column-gap-default\">\n\t\t\t\t\t\t\t<div class=\"elementor-row\">\n\t\t\t\t\t<div class=\"elementor-column elementor-col-100 elementor-top-column elementor-element elementor-element-b202ba9\" data-id=\"b202ba9\" data-element_type=\"column\">\n\t\t\t<div class=\"elementor-column-wrap elementor-element-populated\">\n\t\t\t\t\t\t\t<div class=\"elementor-widget-wrap\">\n\t\t\t\t\t\t<div class=\"elementor-element elementor-element-7185649 animated-slow elementor-invisible elementor-widget elementor-widget-image\" data-id=\"7185649\" data-element_type=\"widget\" data-settings=\"{&quot;_animation&quot;:&quot;zoomIn&quot;}\" data-widget_type=\"image.default\">\n\t\t\t\t<div class=\"elementor-widget-container\">\n\t\t\t\t\t<div class=\"elementor-image\">\n\t\t\t\t\t\t\t\t\t\t\t<a href=\"https:\/\/lfih.org\/wp-content\/uploads\/2025\/09\/Sports-secondaiers-1-scaled.jpg\" data-elementor-open-lightbox=\"yes\" data-elementor-lightbox-title=\"Sports secondaiers\">\n\t\t\t\t\t\t\t<img width=\"1024\" height=\"724\" src=\"https:\/\/lfih.org\/wp-content\/uploads\/2025\/09\/Sports-secondaiers-1-scaled-1024x724.jpg\" class=\"attachment-large size-large\" alt=\"\" loading=\"lazy\" srcset=\"https:\/\/lfih.org\/wp-content\/uploads\/2025\/09\/Sports-secondaiers-1-scaled-1024x724.jpg 1024w, https:\/\/lfih.org\/wp-content\/uploads\/2025\/09\/Sports-secondaiers-1-scaled-300x212.jpg 300w, https:\/\/lfih.org\/wp-content\/uploads\/2025\/09\/Sports-secondaiers-1-scaled-100x71.jpg 100w, https:\/\/lfih.org\/wp-content\/uploads\/2025\/09\/Sports-secondaiers-1-scaled-1536x1086.jpg 1536w, https:\/\/lfih.org\/wp-content\/uploads\/2025\/09\/Sports-secondaiers-1-scaled-2048x1448.jpg 2048w, https:\/\/lfih.org\/wp-content\/uploads\/2025\/09\/Sports-secondaiers-1-scaled-150x106.jpg 150w\" sizes=\"(max-width: 1024px) 100vw, 1024px\" \/>\t\t\t\t\t\t\t\t<\/a>\n\t\t\t\t\t\t\t\t\t\t\t<\/div>\n\t\t\t\t<\/div>\n\t\t\t\t<\/div>\n\t\t\t\t\t\t<\/div>\n\t\t\t\t\t<\/div>\n\t\t<\/div>\n\t\t\t\t\t\t\t\t<\/div>\n\t\t\t\t\t<\/div>\n\t\t<\/section>\n\t\t\t\t<section class=\"elementor-section elementor-top-section elementor-element elementor-element-a8d03d8 elementor-section-boxed elementor-section-height-default elementor-section-height-default\" data-id=\"a8d03d8\" data-element_type=\"section\">\n\t\t\t\t\t\t<div class=\"elementor-container elementor-column-gap-default\">\n\t\t\t\t\t\t\t<div class=\"elementor-row\">\n\t\t\t\t\t<div class=\"elementor-column elementor-col-100 elementor-top-column elementor-element elementor-element-460515e\" data-id=\"460515e\" data-element_type=\"column\">\n\t\t\t<div class=\"elementor-column-wrap elementor-element-populated\">\n\t\t\t\t\t\t\t<div class=\"elementor-widget-wrap\">\n\t\t\t\t\t\t<div class=\"elementor-element elementor-element-50c9a95 elementor-widget elementor-widget-text-editor\" data-id=\"50c9a95\" data-element_type=\"widget\" data-widget_type=\"text-editor.default\">\n\t\t\t\t<div class=\"elementor-widget-container\">\n\t\t\t\t\t<div class=\"elementor-text-editor elementor-clearfix\"><p style=\"text-align: center;\"><span style=\"color: #ff0000;\">Atenci\u00f3n<\/span>: Por motivos de seguridad, el n\u00famero de plazas por actividad es limitado. \u00a1As\u00ed que inscr\u00edbase cuanto antes!<\/p><\/div>\n\t\t\t\t<\/div>\n\t\t\t\t<\/div>\n\t\t\t\t\t\t<\/div>\n\t\t\t\t\t<\/div>\n\t\t<\/div>\n\t\t\t\t\t\t\t\t<\/div>\n\t\t\t\t\t<\/div>\n\t\t<\/section>\n\t\t\t\t<section class=\"elementor-section elementor-top-section elementor-element elementor-element-df46cbf elementor-section-boxed elementor-section-height-default elementor-section-height-default\" data-id=\"df46cbf\" data-element_type=\"section\">\n\t\t\t\t\t\t<div class=\"elementor-container elementor-column-gap-default\">\n\t\t\t\t\t\t\t<div class=\"elementor-row\">\n\t\t\t\t\t<div class=\"elementor-column elementor-col-100 elementor-top-column elementor-element elementor-element-f225466\" data-id=\"f225466\" data-element_type=\"column\">\n\t\t\t<div class=\"elementor-column-wrap elementor-element-populated\">\n\t\t\t\t\t\t\t<div class=\"elementor-widget-wrap\">\n\t\t\t\t\t\t<div class=\"elementor-element elementor-element-12d38d6 animated-slow elementor-invisible elementor-widget elementor-widget-accordion\" data-id=\"12d38d6\" data-element_type=\"widget\" data-settings=\"{&quot;_animation&quot;:&quot;fadeIn&quot;,&quot;_animation_delay&quot;:500}\" data-widget_type=\"accordion.default\">\n\t\t\t\t<div class=\"elementor-widget-container\">\n\t\t\t\t\t<div class=\"elementor-accordion\" role=\"tablist\">\n\t\t\t\t\t\t\t<div class=\"elementor-accordion-item\">\n\t\t\t\t\t<div id=\"elementor-tab-title-1971\" class=\"elementor-tab-title\" data-tab=\"1\" role=\"tab\" aria-controls=\"elementor-tab-content-1971\">\n\t\t\t\t\t\t\t\t\t\t\t\t\t<span class=\"elementor-accordion-icon elementor-accordion-icon-left\" aria-hidden=\"true\">\n\t\t\t\t\t\t\t\t\t\t\t\t\t\t\t<span class=\"elementor-accordion-icon-closed\"><i class=\"fas fa-plus\"><\/i><\/span>\n\t\t\t\t\t\t\t\t<span class=\"elementor-accordion-icon-opened\"><i class=\"fas fa-minus\"><\/i><\/span>\n\t\t\t\t\t\t\t\t\t\t\t\t\t\t<\/span>\n\t\t\t\t\t\t\t\t\t\t\t\t<a class=\"elementor-accordion-title\" href=\"\">Condiciones de inscripci\u00f3n: Documentaci\u00f3n que se debe presentar<\/a>\n\t\t\t\t\t<\/div>\n\t\t\t\t\t<div id=\"elementor-tab-content-1971\" class=\"elementor-tab-content elementor-clearfix\" data-tab=\"1\" role=\"tabpanel\" aria-labelledby=\"elementor-tab-title-1971\"><ul><li>El formulario \u00abAutorizaci\u00f3n paterna\u00bb firmado por los padres.<\/li><li>Un certificado m\u00e9dico que acredite que no existen contraindicaciones para la pr\u00e1ctica deportiva y la competici\u00f3n.<\/li><li>Una cuota de 10 \u20ac por actividad.<\/li><li>El formulario \u00abReglamento de la asociaci\u00f3n deportiva\u00bb firmado por los padres.<\/li><\/ul><p style=\"text-align: center;\">Solo los alumnos que hayan presentado la documentaci\u00f3n COMPLETA quedar\u00e1n definitivamente inscritos.<\/p><\/div>\n\t\t\t\t<\/div>\n\t\t\t\t\t\t\t<div class=\"elementor-accordion-item\">\n\t\t\t\t\t<div id=\"elementor-tab-title-1972\" class=\"elementor-tab-title\" data-tab=\"2\" role=\"tab\" aria-controls=\"elementor-tab-content-1972\">\n\t\t\t\t\t\t\t\t\t\t\t\t\t<span class=\"elementor-accordion-icon elementor-accordion-icon-left\" aria-hidden=\"true\">\n\t\t\t\t\t\t\t\t\t\t\t\t\t\t\t<span class=\"elementor-accordion-icon-closed\"><i class=\"fas fa-plus\"><\/i><\/span>\n\t\t\t\t\t\t\t\t<span class=\"elementor-accordion-icon-opened\"><i class=\"fas fa-minus\"><\/i><\/span>\n\t\t\t\t\t\t\t\t\t\t\t\t\t\t<\/span>\n\t\t\t\t\t\t\t\t\t\t\t\t<a class=\"elementor-accordion-title\" href=\"\">Reglamento de la Asociaci\u00f3n Deportiva del LFIH<\/a>\n\t\t\t\t\t<\/div>\n\t\t\t\t\t<div id=\"elementor-tab-content-1972\" class=\"elementor-tab-content elementor-clearfix\" data-tab=\"2\" role=\"tabpanel\" aria-labelledby=\"elementor-tab-title-1972\"><ul><li>Las inscripciones solo se validar\u00e1n tras la recepci\u00f3n del expediente completo: 10 \u20ac por actividad + autorizaci\u00f3n paterna + reglamento firmado + certificado m\u00e9dico o declaraci\u00f3n paterna.<\/li><li>Una vez alcanzado el n\u00famero m\u00e1ximo de plazas, se crear\u00e1 una lista de espera.<\/li><li>Todos los alumnos inscritos en el club deportivo del colegio se comprometen a asistir a todos los entrenamientos y competiciones de la actividad en la que se hayan inscrito. Cualquier ausencia excepcional deber\u00e1 comunicarse a la direcci\u00f3n del centro.<\/li><li>Es obligatorio llevar ropa deportiva (pantalones de ch\u00e1ndal, pantalones cortos, zapatillas, etc.) para participar en los entrenamientos y competiciones. ATENCI\u00d3N: Es imprescindible respetar la vestimenta exigida para cada deporte. En caso de incumplimiento, el alumno no podr\u00e1 participar en la actividad.<\/li><li>Un comportamiento no conforme con la pr\u00e1ctica deportiva, as\u00ed como varias ausencias injustificadas (m\u00e1s de dos), dar\u00e1n lugar a la expulsi\u00f3n de la AS.<\/li><li>Los horarios de entrenamiento se publican en PRONOTE en el EDT de los alumnos tras la inscripci\u00f3n. Es imprescindible respetar estos horarios. Por lo tanto, los alumnos no pueden abandonar el lugar de la actividad antes de que finalice el horario previsto.<\/li><\/ul><\/div>\n\t\t\t\t<\/div>\n\t\t\t\t\t\t\t<div class=\"elementor-accordion-item\">\n\t\t\t\t\t<div id=\"elementor-tab-title-1973\" class=\"elementor-tab-title\" data-tab=\"3\" role=\"tab\" aria-controls=\"elementor-tab-content-1973\">\n\t\t\t\t\t\t\t\t\t\t\t\t\t<span class=\"elementor-accordion-icon elementor-accordion-icon-left\" aria-hidden=\"true\">\n\t\t\t\t\t\t\t\t\t\t\t\t\t\t\t<span class=\"elementor-accordion-icon-closed\"><i class=\"fas fa-plus\"><\/i><\/span>\n\t\t\t\t\t\t\t\t<span class=\"elementor-accordion-icon-opened\"><i class=\"fas fa-minus\"><\/i><\/span>\n\t\t\t\t\t\t\t\t\t\t\t\t\t\t<\/span>\n\t\t\t\t\t\t\t\t\t\t\t\t<a class=\"elementor-accordion-title\" href=\"\"> Informaci\u00f3n \u00fatil para la inscripci\u00f3n - Contacto<\/a>\n\t\t\t\t\t<\/div>\n\t\t\t\t\t<div id=\"elementor-tab-content-1973\" class=\"elementor-tab-content elementor-clearfix\" data-tab=\"3\" role=\"tabpanel\" aria-labelledby=\"elementor-tab-title-1973\"><p><strong>Vie scolaire :\u00a0<\/strong>53.7.272.46.07 &#8211; 53.5.294.90.06<\/p><p><strong>Mail:\u00a0<\/strong><span style=\"color: #3366ff;\"><a style=\"color: #3366ff;\" href=\"mailto:vie_scolaire@ecolehavane.org\">vie_scolaire@ecolehavane.org<\/a><\/span><\/p><\/div>\n\t\t\t\t<\/div>\n\t\t\t\t\t<\/div>\n\t\t\t\t<\/div>\n\t\t\t\t<\/div>\n\t\t\t\t\t\t<\/div>\n\t\t\t\t\t<\/div>\n\t\t<\/div>\n\t\t\t\t\t\t\t\t<\/div>\n\t\t\t\t\t<\/div>\n\t\t<\/section>\n\t\t\t\t\t\t<\/div>\n\t\t\t\t\t\t<\/div>\n\t\t\t\t\t<\/div>\n\t\t","protected":false},"excerpt":{"rendered":"<p>Asociaci\u00f3n deportiva del LFIH Alejo Carpentier La Asociaci\u00f3n Deportiva del instituto ofrece, todos los viernes por la tarde, una amplia&nbsp;<a href=\"https:\/\/lfih.org\/index.php\/asociacion-deportiva-del-lfih-alejo-carpentier\/\">&hellip;<\/a><\/p>\n","protected":false},"author":2,"featured_media":0,"parent":0,"menu_order":0,"comment_status":"closed","ping_status":"closed","template":"elementor_header_footer","meta":[],"_links":{"self":[{"href":"https:\/\/lfih.org\/index.php\/wp-json\/wp\/v2\/pages\/29204"}],"collection":[{"href":"https:\/\/lfih.org\/index.php\/wp-json\/wp\/v2\/pages"}],"about":[{"href":"https:\/\/lfih.org\/index.php\/wp-json\/wp\/v2\/types\/page"}],"author":[{"embeddable":true,"href":"https:\/\/lfih.org\/index.php\/wp-json\/wp\/v2\/users\/2"}],"replies":[{"embeddable":true,"href":"https:\/\/lfih.org\/index.php\/wp-json\/wp\/v2\/comments?post=29204"}],"version-history":[{"count":13,"href":"https:\/\/lfih.org\/index.php\/wp-json\/wp\/v2\/pages\/29204\/revisions"}],"predecessor-version":[{"id":29232,"href":"https:\/\/lfih.org\/index.php\/wp-json\/wp\/v2\/pages\/29204\/revisions\/29232"}],"wp:attachment":[{"href":"https:\/\/lfih.org\/index.php\/wp-json\/wp\/v2\/media?parent=29204"}],"curies":[{"name":"wp","href":"https:\/\/api.w.org\/{rel}","templated":true}]}}