{"id":29143,"date":"2025-09-25T11:50:23","date_gmt":"2025-09-25T15:50:23","guid":{"rendered":"https:\/\/lfih.org\/?page_id=29143"},"modified":"2025-09-26T09:19:42","modified_gmt":"2025-09-26T13:19:42","slug":"association-sportive-du-lfih-alejo-carpentier","status":"publish","type":"page","link":"https:\/\/lfih.org\/index.php\/association-sportive-du-lfih-alejo-carpentier\/","title":{"rendered":"Association sportive du LFIH Alejo Carpentier"},"content":{"rendered":"\t\t<div data-elementor-type=\"wp-page\" data-elementor-id=\"29143\" class=\"elementor elementor-29143\" data-elementor-settings=\"[]\">\n\t\t\t\t\t\t<div class=\"elementor-inner\">\n\t\t\t\t\t\t\t<div class=\"elementor-section-wrap\">\n\t\t\t\t\t\t\t<section class=\"elementor-section elementor-top-section elementor-element elementor-element-23d8ad12 elementor-section-boxed elementor-section-height-default elementor-section-height-default\" data-id=\"23d8ad12\" data-element_type=\"section\">\n\t\t\t\t\t\t<div class=\"elementor-container elementor-column-gap-default\">\n\t\t\t\t\t\t\t<div class=\"elementor-row\">\n\t\t\t\t\t<div class=\"elementor-column elementor-col-100 elementor-top-column elementor-element elementor-element-2c7b01ea\" data-id=\"2c7b01ea\" data-element_type=\"column\">\n\t\t\t<div class=\"elementor-column-wrap elementor-element-populated\">\n\t\t\t\t\t\t\t<div class=\"elementor-widget-wrap\">\n\t\t\t\t\t\t<div class=\"elementor-element elementor-element-2a252fc7 elementor-widget elementor-widget-text-editor\" data-id=\"2a252fc7\" data-element_type=\"widget\" data-widget_type=\"text-editor.default\">\n\t\t\t\t<div class=\"elementor-widget-container\">\n\t\t\t\t\t<div class=\"elementor-text-editor elementor-clearfix\"><\/div>\n\t\t\t\t<\/div>\n\t\t\t\t<\/div>\n\t\t\t\t\t\t<\/div>\n\t\t\t\t\t<\/div>\n\t\t<\/div>\n\t\t\t\t\t\t\t\t<\/div>\n\t\t\t\t\t<\/div>\n\t\t<\/section>\n\t\t\t\t<section class=\"elementor-section elementor-top-section elementor-element elementor-element-6548878 elementor-section-boxed elementor-section-height-default elementor-section-height-default\" data-id=\"6548878\" data-element_type=\"section\">\n\t\t\t\t\t\t<div class=\"elementor-container elementor-column-gap-default\">\n\t\t\t\t\t\t\t<div class=\"elementor-row\">\n\t\t\t\t\t<div class=\"elementor-column elementor-col-100 elementor-top-column elementor-element elementor-element-31aa0d9\" data-id=\"31aa0d9\" data-element_type=\"column\">\n\t\t\t<div class=\"elementor-column-wrap\">\n\t\t\t\t\t\t\t<div class=\"elementor-widget-wrap\">\n\t\t\t\t\t\t\t\t<\/div>\n\t\t\t\t\t<\/div>\n\t\t<\/div>\n\t\t\t\t\t\t\t\t<\/div>\n\t\t\t\t\t<\/div>\n\t\t<\/section>\n\t\t\t\t<section class=\"elementor-section elementor-top-section elementor-element elementor-element-1a963a1 elementor-section-boxed elementor-section-height-default elementor-section-height-default\" data-id=\"1a963a1\" data-element_type=\"section\">\n\t\t\t\t\t\t<div class=\"elementor-container elementor-column-gap-default\">\n\t\t\t\t\t\t\t<div class=\"elementor-row\">\n\t\t\t\t\t<div class=\"elementor-column elementor-col-100 elementor-top-column elementor-element elementor-element-e0c4d1e\" data-id=\"e0c4d1e\" data-element_type=\"column\">\n\t\t\t<div class=\"elementor-column-wrap elementor-element-populated\">\n\t\t\t\t\t\t\t<div class=\"elementor-widget-wrap\">\n\t\t\t\t\t\t<div class=\"elementor-element elementor-element-bc9c825 animated-slow elementor-invisible elementor-widget elementor-widget-heading\" data-id=\"bc9c825\" data-element_type=\"widget\" data-settings=\"{&quot;_animation&quot;:&quot;zoomInDown&quot;,&quot;_animation_delay&quot;:100}\" data-widget_type=\"heading.default\">\n\t\t\t\t<div class=\"elementor-widget-container\">\n\t\t\t<h2 class=\"elementor-heading-title elementor-size-default\">Association sportive du LFIH Alejo Carpentier<\/h2>\t\t<\/div>\n\t\t\t\t<\/div>\n\t\t\t\t\t\t<\/div>\n\t\t\t\t\t<\/div>\n\t\t<\/div>\n\t\t\t\t\t\t\t\t<\/div>\n\t\t\t\t\t<\/div>\n\t\t<\/section>\n\t\t\t\t<section class=\"elementor-section elementor-top-section elementor-element elementor-element-d6433be elementor-section-boxed elementor-section-height-default elementor-section-height-default\" data-id=\"d6433be\" data-element_type=\"section\">\n\t\t\t\t\t\t<div class=\"elementor-container elementor-column-gap-default\">\n\t\t\t\t\t\t\t<div class=\"elementor-row\">\n\t\t\t\t\t<div class=\"elementor-column elementor-col-100 elementor-top-column elementor-element elementor-element-b58b812\" data-id=\"b58b812\" data-element_type=\"column\">\n\t\t\t<div class=\"elementor-column-wrap elementor-element-populated\">\n\t\t\t\t\t\t\t<div class=\"elementor-widget-wrap\">\n\t\t\t\t\t\t<div class=\"elementor-element elementor-element-d3350a7 animated-slow elementor-invisible elementor-widget elementor-widget-text-editor\" data-id=\"d3350a7\" data-element_type=\"widget\" data-settings=\"{&quot;_animation&quot;:&quot;fadeIn&quot;,&quot;_animation_delay&quot;:200}\" data-widget_type=\"text-editor.default\">\n\t\t\t\t<div class=\"elementor-widget-container\">\n\t\t\t\t\t<div class=\"elementor-text-editor elementor-clearfix\"><p data-start=\"235\" data-end=\"388\">L\u2019Association Sportive du lyc\u00e9e propose, chaque <span style=\"color: #ff0000;\">vendredi apr\u00e8s-midi<\/span>, un large choix d\u2019activit\u00e9s destin\u00e9es aux \u00e9l\u00e8ves de la 6\u00e8me \u00e0 la Terminale.<\/p><p data-start=\"390\" data-end=\"615\">Les s\u00e9ances sont encadr\u00e9es par nos enseignants et se d\u00e9roulent dans une ambiance conviviale et dynamique. Vous trouverez ci-dessous la r\u00e9partition des activit\u00e9s, avec les horaires et les lieux o\u00f9 elles auront lieu :<\/p><\/div>\n\t\t\t\t<\/div>\n\t\t\t\t<\/div>\n\t\t\t\t\t\t<\/div>\n\t\t\t\t\t<\/div>\n\t\t<\/div>\n\t\t\t\t\t\t\t\t<\/div>\n\t\t\t\t\t<\/div>\n\t\t<\/section>\n\t\t\t\t<section class=\"elementor-section elementor-top-section elementor-element elementor-element-6102503 elementor-section-boxed elementor-section-height-default elementor-section-height-default\" data-id=\"6102503\" data-element_type=\"section\">\n\t\t\t\t\t\t<div class=\"elementor-container elementor-column-gap-default\">\n\t\t\t\t\t\t\t<div class=\"elementor-row\">\n\t\t\t\t\t<div class=\"elementor-column elementor-col-100 elementor-top-column elementor-element elementor-element-b202ba9\" data-id=\"b202ba9\" data-element_type=\"column\">\n\t\t\t<div class=\"elementor-column-wrap elementor-element-populated\">\n\t\t\t\t\t\t\t<div class=\"elementor-widget-wrap\">\n\t\t\t\t\t\t<div class=\"elementor-element elementor-element-7185649 animated-slow elementor-invisible elementor-widget elementor-widget-image\" data-id=\"7185649\" data-element_type=\"widget\" data-settings=\"{&quot;_animation&quot;:&quot;zoomIn&quot;}\" data-widget_type=\"image.default\">\n\t\t\t\t<div class=\"elementor-widget-container\">\n\t\t\t\t\t<div class=\"elementor-image\">\n\t\t\t\t\t\t\t\t\t\t\t<a href=\"https:\/\/lfih.org\/wp-content\/uploads\/2025\/09\/Sports-secondaiers-1-scaled.jpg\" data-elementor-open-lightbox=\"yes\" data-elementor-lightbox-title=\"Sports secondaiers\">\n\t\t\t\t\t\t\t<img width=\"1024\" height=\"724\" src=\"https:\/\/lfih.org\/wp-content\/uploads\/2025\/09\/Sports-secondaiers-1-scaled-1024x724.jpg\" class=\"attachment-large size-large\" alt=\"\" loading=\"lazy\" srcset=\"https:\/\/lfih.org\/wp-content\/uploads\/2025\/09\/Sports-secondaiers-1-scaled-1024x724.jpg 1024w, https:\/\/lfih.org\/wp-content\/uploads\/2025\/09\/Sports-secondaiers-1-scaled-300x212.jpg 300w, https:\/\/lfih.org\/wp-content\/uploads\/2025\/09\/Sports-secondaiers-1-scaled-100x71.jpg 100w, https:\/\/lfih.org\/wp-content\/uploads\/2025\/09\/Sports-secondaiers-1-scaled-1536x1086.jpg 1536w, https:\/\/lfih.org\/wp-content\/uploads\/2025\/09\/Sports-secondaiers-1-scaled-2048x1448.jpg 2048w, https:\/\/lfih.org\/wp-content\/uploads\/2025\/09\/Sports-secondaiers-1-scaled-150x106.jpg 150w\" sizes=\"(max-width: 1024px) 100vw, 1024px\" \/>\t\t\t\t\t\t\t\t<\/a>\n\t\t\t\t\t\t\t\t\t\t\t<\/div>\n\t\t\t\t<\/div>\n\t\t\t\t<\/div>\n\t\t\t\t\t\t<\/div>\n\t\t\t\t\t<\/div>\n\t\t<\/div>\n\t\t\t\t\t\t\t\t<\/div>\n\t\t\t\t\t<\/div>\n\t\t<\/section>\n\t\t\t\t<section class=\"elementor-section elementor-top-section elementor-element elementor-element-a8d03d8 elementor-section-boxed elementor-section-height-default elementor-section-height-default\" data-id=\"a8d03d8\" data-element_type=\"section\">\n\t\t\t\t\t\t<div class=\"elementor-container elementor-column-gap-default\">\n\t\t\t\t\t\t\t<div class=\"elementor-row\">\n\t\t\t\t\t<div class=\"elementor-column elementor-col-100 elementor-top-column elementor-element elementor-element-460515e\" data-id=\"460515e\" data-element_type=\"column\">\n\t\t\t<div class=\"elementor-column-wrap elementor-element-populated\">\n\t\t\t\t\t\t\t<div class=\"elementor-widget-wrap\">\n\t\t\t\t\t\t<div class=\"elementor-element elementor-element-50c9a95 elementor-widget elementor-widget-text-editor\" data-id=\"50c9a95\" data-element_type=\"widget\" data-widget_type=\"text-editor.default\">\n\t\t\t\t<div class=\"elementor-widget-container\">\n\t\t\t\t\t<div class=\"elementor-text-editor elementor-clearfix\"><p style=\"text-align: center;\"><span style=\"color: #ff0000;\">Attention:<\/span> Pour des raisons de s\u00e9curit\u00e9, le nombre de places par activit\u00e9 est limit\u00e9. Alors, inscrivez-vous sans tarder!<\/p><\/div>\n\t\t\t\t<\/div>\n\t\t\t\t<\/div>\n\t\t\t\t\t\t<\/div>\n\t\t\t\t\t<\/div>\n\t\t<\/div>\n\t\t\t\t\t\t\t\t<\/div>\n\t\t\t\t\t<\/div>\n\t\t<\/section>\n\t\t\t\t<section class=\"elementor-section elementor-top-section elementor-element elementor-element-df46cbf elementor-section-boxed elementor-section-height-default elementor-section-height-default\" data-id=\"df46cbf\" data-element_type=\"section\">\n\t\t\t\t\t\t<div class=\"elementor-container elementor-column-gap-default\">\n\t\t\t\t\t\t\t<div class=\"elementor-row\">\n\t\t\t\t\t<div class=\"elementor-column elementor-col-100 elementor-top-column elementor-element elementor-element-f225466\" data-id=\"f225466\" data-element_type=\"column\">\n\t\t\t<div class=\"elementor-column-wrap elementor-element-populated\">\n\t\t\t\t\t\t\t<div class=\"elementor-widget-wrap\">\n\t\t\t\t\t\t<div class=\"elementor-element elementor-element-12d38d6 animated-slow elementor-invisible elementor-widget elementor-widget-accordion\" data-id=\"12d38d6\" data-element_type=\"widget\" data-settings=\"{&quot;_animation&quot;:&quot;fadeIn&quot;,&quot;_animation_delay&quot;:500}\" data-widget_type=\"accordion.default\">\n\t\t\t\t<div class=\"elementor-widget-container\">\n\t\t\t\t\t<div class=\"elementor-accordion\" role=\"tablist\">\n\t\t\t\t\t\t\t<div class=\"elementor-accordion-item\">\n\t\t\t\t\t<div id=\"elementor-tab-title-1971\" class=\"elementor-tab-title\" data-tab=\"1\" role=\"tab\" aria-controls=\"elementor-tab-content-1971\">\n\t\t\t\t\t\t\t\t\t\t\t\t\t<span class=\"elementor-accordion-icon elementor-accordion-icon-left\" aria-hidden=\"true\">\n\t\t\t\t\t\t\t\t\t\t\t\t\t\t\t<span class=\"elementor-accordion-icon-closed\"><i class=\"fas fa-plus\"><\/i><\/span>\n\t\t\t\t\t\t\t\t<span class=\"elementor-accordion-icon-opened\"><i class=\"fas fa-minus\"><\/i><\/span>\n\t\t\t\t\t\t\t\t\t\t\t\t\t\t<\/span>\n\t\t\t\t\t\t\t\t\t\t\t\t<a class=\"elementor-accordion-title\" href=\"\">Conditions d'inscription: Dossier \u00e0 fournir<\/a>\n\t\t\t\t\t<\/div>\n\t\t\t\t\t<div id=\"elementor-tab-content-1971\" class=\"elementor-tab-content elementor-clearfix\" data-tab=\"1\" role=\"tabpanel\" aria-labelledby=\"elementor-tab-title-1971\"><ul><li>La fiche \u00a0\u00bb Autorisation parentale\u00a0\u00bb sign\u00e9e par les parents<\/li><li>Un certificat m\u00e9dical de non contre-indication \u00e0 la pratique sportive et de comp\u00e9tition<\/li><li>Un r\u00e9glement de 10\u20ac par activit\u00e9<\/li><li>La fiche \u00ab\u00a0R\u00e9glement de l&rsquo;association sportive\u00a0\u00bb sign\u00e9e par les parents<\/li><\/ul><p style=\"text-align: center;\">Seuls les \u00e9l\u00e8ves qui auront fourni un dossier COMPLET seront d\u00e9finitivement inscrits<\/p><\/div>\n\t\t\t\t<\/div>\n\t\t\t\t\t\t\t<div class=\"elementor-accordion-item\">\n\t\t\t\t\t<div id=\"elementor-tab-title-1972\" class=\"elementor-tab-title\" data-tab=\"2\" role=\"tab\" aria-controls=\"elementor-tab-content-1972\">\n\t\t\t\t\t\t\t\t\t\t\t\t\t<span class=\"elementor-accordion-icon elementor-accordion-icon-left\" aria-hidden=\"true\">\n\t\t\t\t\t\t\t\t\t\t\t\t\t\t\t<span class=\"elementor-accordion-icon-closed\"><i class=\"fas fa-plus\"><\/i><\/span>\n\t\t\t\t\t\t\t\t<span class=\"elementor-accordion-icon-opened\"><i class=\"fas fa-minus\"><\/i><\/span>\n\t\t\t\t\t\t\t\t\t\t\t\t\t\t<\/span>\n\t\t\t\t\t\t\t\t\t\t\t\t<a class=\"elementor-accordion-title\" href=\"\">R\u00e9glement de l'Association sprotive du LFIH<\/a>\n\t\t\t\t\t<\/div>\n\t\t\t\t\t<div id=\"elementor-tab-content-1972\" class=\"elementor-tab-content elementor-clearfix\" data-tab=\"2\" role=\"tabpanel\" aria-labelledby=\"elementor-tab-title-1972\"><ul><li>Les inscriptions ne sont valid\u00e9es qu&rsquo;apr\u00e8s le retour du dossier complet: 10\u20ac par activit\u00e9 + Autorisation parentale + R\u00e9glement sign\u00e9 + Certificat m\u00e9dical ou attestation parentale.<\/li><li>Une fois le nombre de place limit\u00e9e atteint, une liste d&rsquo;attente est constitu\u00e9e.<\/li><li>Tout \u00e9l\u00e8ve inscrit \u00e0 l&rsquo;AS du coll\u00e8ge s&rsquo;engage \u00e0 assister \u00e0 tous les entrainements et comp\u00e9titions de l&rsquo;activit\u00e9 pour laquelle il s&rsquo;est inscrit. Toute abscence exceptionnelle devra \u00eatre communiqu\u00e9e \u00e0 la vie scolaire.<\/li><li>La tenue sportive (Jogging, short, baskets, etc.) est obligatoire pour participer aux entrainements et comp\u00e9titions. <span style=\"text-decoration: underline;\"><strong>ATTENTION<\/strong> <\/span>: Le respect de la tenue exig\u00e9e pour chaque sport est indispensable. En cas de non-conformit\u00e9, l\u2019\u00e9l\u00e8ve ne pourra pas prendre part \u00e0 l\u2019activit\u00e9.<\/li><li>Un comportement non conforme \u00e0 celui de la pratique sportive au m\u00eame titre que plusieurs absences injustifi\u00e9es (sup\u00e9rieures \u00e0 deux) entraineront l&rsquo;exclusion de l&rsquo;AS.<\/li><li>Les horaires d&rsquo;entrainement sont publi\u00e9es sur PRONOTE dans l&rsquo;EDT des \u00e9l\u00e8ves suite \u00e0 l&rsquo;inscription. Les respect de ces horaires est imp\u00e9ratif. De ce fait, les \u00e9l\u00e8ves ne peuvent pas quitter les lieux de l&rsquo;activit\u00e9 avant la fin de l&rsquo;horaire pr\u00e9vu.<\/li><\/ul><\/div>\n\t\t\t\t<\/div>\n\t\t\t\t\t\t\t<div class=\"elementor-accordion-item\">\n\t\t\t\t\t<div id=\"elementor-tab-title-1973\" class=\"elementor-tab-title\" data-tab=\"3\" role=\"tab\" aria-controls=\"elementor-tab-content-1973\">\n\t\t\t\t\t\t\t\t\t\t\t\t\t<span class=\"elementor-accordion-icon elementor-accordion-icon-left\" aria-hidden=\"true\">\n\t\t\t\t\t\t\t\t\t\t\t\t\t\t\t<span class=\"elementor-accordion-icon-closed\"><i class=\"fas fa-plus\"><\/i><\/span>\n\t\t\t\t\t\t\t\t<span class=\"elementor-accordion-icon-opened\"><i class=\"fas fa-minus\"><\/i><\/span>\n\t\t\t\t\t\t\t\t\t\t\t\t\t\t<\/span>\n\t\t\t\t\t\t\t\t\t\t\t\t<a class=\"elementor-accordion-title\" href=\"\"> Renseignements utiles pour l'inscription - Contact<\/a>\n\t\t\t\t\t<\/div>\n\t\t\t\t\t<div id=\"elementor-tab-content-1973\" class=\"elementor-tab-content elementor-clearfix\" data-tab=\"3\" role=\"tabpanel\" aria-labelledby=\"elementor-tab-title-1973\"><p><strong>Vie scolaire :\u00a0<\/strong>53.7.272.46.07 &#8211; 53.5.294.90.06<\/p><p><strong>Mail:\u00a0<\/strong><span style=\"color: #3366ff;\"><a style=\"color: #3366ff;\" href=\"mailto:vie_scolaire@ecolehavane.org\">vie_scolaire@ecolehavane.org<\/a><\/span><\/p><\/div>\n\t\t\t\t<\/div>\n\t\t\t\t\t<\/div>\n\t\t\t\t<\/div>\n\t\t\t\t<\/div>\n\t\t\t\t\t\t<\/div>\n\t\t\t\t\t<\/div>\n\t\t<\/div>\n\t\t\t\t\t\t\t\t<\/div>\n\t\t\t\t\t<\/div>\n\t\t<\/section>\n\t\t\t\t\t\t<\/div>\n\t\t\t\t\t\t<\/div>\n\t\t\t\t\t<\/div>\n\t\t","protected":false},"excerpt":{"rendered":"<p>Association sportive du LFIH Alejo Carpentier L\u2019Association Sportive du lyc\u00e9e propose, chaque vendredi apr\u00e8s-midi, un large choix d\u2019activit\u00e9s destin\u00e9es aux&nbsp;<a href=\"https:\/\/lfih.org\/index.php\/association-sportive-du-lfih-alejo-carpentier\/\">&hellip;<\/a><\/p>\n","protected":false},"author":2,"featured_media":0,"parent":0,"menu_order":0,"comment_status":"closed","ping_status":"closed","template":"elementor_header_footer","meta":[],"_links":{"self":[{"href":"https:\/\/lfih.org\/index.php\/wp-json\/wp\/v2\/pages\/29143"}],"collection":[{"href":"https:\/\/lfih.org\/index.php\/wp-json\/wp\/v2\/pages"}],"about":[{"href":"https:\/\/lfih.org\/index.php\/wp-json\/wp\/v2\/types\/page"}],"author":[{"embeddable":true,"href":"https:\/\/lfih.org\/index.php\/wp-json\/wp\/v2\/users\/2"}],"replies":[{"embeddable":true,"href":"https:\/\/lfih.org\/index.php\/wp-json\/wp\/v2\/comments?post=29143"}],"version-history":[{"count":46,"href":"https:\/\/lfih.org\/index.php\/wp-json\/wp\/v2\/pages\/29143\/revisions"}],"predecessor-version":[{"id":29203,"href":"https:\/\/lfih.org\/index.php\/wp-json\/wp\/v2\/pages\/29143\/revisions\/29203"}],"wp:attachment":[{"href":"https:\/\/lfih.org\/index.php\/wp-json\/wp\/v2\/media?parent=29143"}],"curies":[{"name":"wp","href":"https:\/\/api.w.org\/{rel}","templated":true}]}}