{"id":24826,"date":"2025-03-17T09:20:01","date_gmt":"2025-03-17T13:20:01","guid":{"rendered":"httpss:\/\/lfih.org\/?page_id=24826"},"modified":"2025-03-17T09:45:29","modified_gmt":"2025-03-17T13:45:29","slug":"registration-procedures-2","status":"publish","type":"page","link":"https:\/\/lfih.org\/index.php\/registration-procedures-2\/","title":{"rendered":"Registration procedures"},"content":{"rendered":"\t\t<div data-elementor-type=\"wp-page\" data-elementor-id=\"24826\" class=\"elementor elementor-24826\" data-elementor-settings=\"[]\">\n\t\t\t\t\t\t<div class=\"elementor-inner\">\n\t\t\t\t\t\t\t<div class=\"elementor-section-wrap\">\n\t\t\t\t\t\t\t<section class=\"elementor-section elementor-top-section elementor-element elementor-element-bc88ef4 elementor-section-boxed elementor-section-height-default elementor-section-height-default\" data-id=\"bc88ef4\" data-element_type=\"section\">\n\t\t\t\t\t\t<div class=\"elementor-container elementor-column-gap-default\">\n\t\t\t\t\t\t\t<div class=\"elementor-row\">\n\t\t\t\t\t<div class=\"elementor-column elementor-col-100 elementor-top-column elementor-element elementor-element-1252c152\" data-id=\"1252c152\" data-element_type=\"column\">\n\t\t\t<div class=\"elementor-column-wrap elementor-element-populated\">\n\t\t\t\t\t\t\t<div class=\"elementor-widget-wrap\">\n\t\t\t\t\t\t<div class=\"elementor-element elementor-element-579f5233 elementor-widget elementor-widget-heading\" data-id=\"579f5233\" data-element_type=\"widget\" data-widget_type=\"heading.default\">\n\t\t\t\t<div class=\"elementor-widget-container\">\n\t\t\t<p class=\"elementor-heading-title elementor-size-medium\"><a href=\"https:\/\/ecolehavane.eduka.school\"><b>Registration<\/b><br>\nEnrolments are made online via the EDUKA portal. To confirm your child(ren)'s enrolment, you must complete the following steps in the order indicated:<\/a><\/p>\t\t<\/div>\n\t\t\t\t<\/div>\n\t\t\t\t<section class=\"elementor-section elementor-inner-section elementor-element elementor-element-03ecc16 elementor-section-boxed elementor-section-height-default elementor-section-height-default\" data-id=\"03ecc16\" data-element_type=\"section\">\n\t\t\t\t\t\t<div class=\"elementor-container elementor-column-gap-default\">\n\t\t\t\t\t\t\t<div class=\"elementor-row\">\n\t\t\t\t\t<div class=\"elementor-column elementor-col-100 elementor-inner-column elementor-element elementor-element-747dd83\" data-id=\"747dd83\" data-element_type=\"column\">\n\t\t\t<div class=\"elementor-column-wrap elementor-element-populated\">\n\t\t\t\t\t\t\t<div class=\"elementor-widget-wrap\">\n\t\t\t\t\t\t<div class=\"elementor-element elementor-element-4f150445 elementor-drop-cap-yes elementor-drop-cap-view-default elementor-invisible elementor-widget elementor-widget-text-editor\" data-id=\"4f150445\" data-element_type=\"widget\" data-settings=\"{&quot;_animation&quot;:&quot;fadeInDown&quot;,&quot;drop_cap&quot;:&quot;yes&quot;}\" data-widget_type=\"text-editor.default\">\n\t\t\t\t<div class=\"elementor-widget-container\">\n\t\t\t\t\t<div class=\"elementor-text-editor elementor-clearfix\"><p><strong>Fill in the first registration form on the EDUKA platform. Please follow the TUTORIAL at the bottom of the page to fill in your form online.<\/strong><\/p><ul><li>To register, log on to <a href=\"https:\/\/lfih.org\/wp-content\/uploads\/2025\/03\/TUTORIEL-EDUKA-LFH-inscripcion-ESP_2024-2025.pdf\"><strong>EDUKA<\/strong><\/a><\/li><li>Fill in the initial registration form.<\/li><li>At the end of the online registration process, you will receive an automatic email confirming that your application has been sent.<\/li><li>If you have any questions about the registration process, please contact the administration at: <a href=\"mailto:secretariat@ecolehavane.org\">secretariat@ecolehavane.org<\/a><\/li><\/ul><p><strong>Making your first enrolment payment<\/strong><\/p><ul><li>If you have any questions about payments, please contact the accounts department at the following address: <a href=\"mailto:assistantadm@ecolehavane.org\">assistantadm@ecolehavane.org<\/a><\/li><\/ul><p><strong>Wait for your application to be validated on EDUKA by the admissions team.<\/strong><\/p><\/div>\n\t\t\t\t<\/div>\n\t\t\t\t<\/div>\n\t\t\t\t\t\t<\/div>\n\t\t\t\t\t<\/div>\n\t\t<\/div>\n\t\t\t\t\t\t\t\t<\/div>\n\t\t\t\t\t<\/div>\n\t\t<\/section>\n\t\t\t\t\t\t<\/div>\n\t\t\t\t\t<\/div>\n\t\t<\/div>\n\t\t\t\t\t\t\t\t<\/div>\n\t\t\t\t\t<\/div>\n\t\t<\/section>\n\t\t\t\t<section class=\"elementor-section elementor-top-section elementor-element elementor-element-952fa36 elementor-section-boxed elementor-section-height-default elementor-section-height-default\" data-id=\"952fa36\" data-element_type=\"section\">\n\t\t\t\t\t\t<div class=\"elementor-container elementor-column-gap-default\">\n\t\t\t\t\t\t\t<div class=\"elementor-row\">\n\t\t\t\t\t<div class=\"elementor-column elementor-col-100 elementor-top-column elementor-element elementor-element-02569bb\" data-id=\"02569bb\" data-element_type=\"column\">\n\t\t\t<div class=\"elementor-column-wrap elementor-element-populated\">\n\t\t\t\t\t\t\t<div class=\"elementor-widget-wrap\">\n\t\t\t\t\t\t<div class=\"elementor-element elementor-element-bd0ee0c elementor-align-center elementor-widget elementor-widget-button\" data-id=\"bd0ee0c\" data-element_type=\"widget\" data-widget_type=\"button.default\">\n\t\t\t\t<div class=\"elementor-widget-container\">\n\t\t\t\t\t<div class=\"elementor-button-wrapper\">\n\t\t\t<a href=\"https:\/\/lfih.org\/wp-content\/uploads\/2025\/03\/TUTORIEL-EDUKA-LFH-inscripcion-ESP_2024-2025.pdf\" target=\"_blank\" class=\"elementor-button-link elementor-button elementor-size-xl\" role=\"button\">\n\t\t\t\t\t\t<span class=\"elementor-button-content-wrapper\">\n\t\t\t\t\t\t<span class=\"elementor-button-text\">TUTORIAL: How to register<\/span>\n\t\t<\/span>\n\t\t\t\t\t<\/a>\n\t\t<\/div>\n\t\t\t\t<\/div>\n\t\t\t\t<\/div>\n\t\t\t\t\t\t<\/div>\n\t\t\t\t\t<\/div>\n\t\t<\/div>\n\t\t\t\t\t\t\t\t<\/div>\n\t\t\t\t\t<\/div>\n\t\t<\/section>\n\t\t\t\t<section class=\"elementor-section elementor-top-section elementor-element elementor-element-25688703 elementor-section-boxed elementor-section-height-default elementor-section-height-default\" data-id=\"25688703\" data-element_type=\"section\">\n\t\t\t\t\t\t<div class=\"elementor-container elementor-column-gap-default\">\n\t\t\t\t\t\t\t<div class=\"elementor-row\">\n\t\t\t\t\t<div class=\"elementor-column elementor-col-100 elementor-top-column elementor-element elementor-element-702f5a02\" data-id=\"702f5a02\" data-element_type=\"column\">\n\t\t\t<div class=\"elementor-column-wrap elementor-element-populated\">\n\t\t\t\t\t\t\t<div class=\"elementor-widget-wrap\">\n\t\t\t\t\t\t<div class=\"elementor-element elementor-element-1c64e57c elementor-widget elementor-widget-text-editor\" data-id=\"1c64e57c\" data-element_type=\"widget\" data-widget_type=\"text-editor.default\">\n\t\t\t\t<div class=\"elementor-widget-container\">\n\t\t\t\t\t<div class=\"elementor-text-editor elementor-clearfix\"><h4 class=\"p1\"><span style=\"color: #333399;\">\u00a0<b>Admission criteria<\/b><\/span><\/h4><ul class=\"ul1\"><li class=\"li2\">Children are admitted from the age of 2 and a half and must be toilet-trained to enter the Petite or Toute Petite Section de Maternelle.<\/li><li class=\"li2\">Knowledge of French is not compulsory. However, the language of instruction is French. French as a Foreign Language classes are offered to pupils who do not master the language from CP onwards. Many non-French-speaking pupils have acquired a remarkable command of the French language in the course of their schooling.<\/li><li class=\"li2\">All new enrolments are subject to the decision of the Lyc\u00e9e Principal; once the administrative documents have been submitted, an appointment is made with the parents and the child.<\/li><li class=\"li2\">No enrolment will be validated without prior payment of the enrolment fee.<\/li><\/ul><\/div>\n\t\t\t\t<\/div>\n\t\t\t\t<\/div>\n\t\t\t\t\t\t<\/div>\n\t\t\t\t\t<\/div>\n\t\t<\/div>\n\t\t\t\t\t\t\t\t<\/div>\n\t\t\t\t\t<\/div>\n\t\t<\/section>\n\t\t\t\t<section class=\"elementor-section elementor-top-section elementor-element elementor-element-d65c7ae elementor-section-boxed elementor-section-height-default elementor-section-height-default\" data-id=\"d65c7ae\" data-element_type=\"section\">\n\t\t\t\t\t\t<div class=\"elementor-container elementor-column-gap-default\">\n\t\t\t\t\t\t\t<div class=\"elementor-row\">\n\t\t\t\t\t<div class=\"elementor-column elementor-col-100 elementor-top-column elementor-element elementor-element-07e0d4c\" data-id=\"07e0d4c\" data-element_type=\"column\">\n\t\t\t<div class=\"elementor-column-wrap elementor-element-populated\">\n\t\t\t\t\t\t\t<div class=\"elementor-widget-wrap\">\n\t\t\t\t\t\t<div class=\"elementor-element elementor-element-0e79801 elementor-widget elementor-widget-image\" data-id=\"0e79801\" data-element_type=\"widget\" data-widget_type=\"image.default\">\n\t\t\t\t<div class=\"elementor-widget-container\">\n\t\t\t\t\t<div class=\"elementor-image\">\n\t\t\t\t\t\t\t\t\t\t\t<a href=\"http:\/\/lfih.org\/wp-content\/uploads\/2024\/06\/Equivalence-gradde_FR-1.jpg\" data-elementor-open-lightbox=\"yes\" data-elementor-lightbox-title=\"Equivalence gradde_FR\">\n\t\t\t\t\t\t\t<img width=\"1000\" height=\"812\" src=\"https:\/\/lfih.org\/wp-content\/uploads\/2024\/06\/Equivalence-gradde_FR-1-1000x812.jpg\" class=\"attachment-large size-large\" alt=\"\" loading=\"lazy\" srcset=\"https:\/\/lfih.org\/wp-content\/uploads\/2024\/06\/Equivalence-gradde_FR-1.jpg 1000w, https:\/\/lfih.org\/wp-content\/uploads\/2024\/06\/Equivalence-gradde_FR-1-300x244.jpg 300w, https:\/\/lfih.org\/wp-content\/uploads\/2024\/06\/Equivalence-gradde_FR-1-100x81.jpg 100w, https:\/\/lfih.org\/wp-content\/uploads\/2024\/06\/Equivalence-gradde_FR-1-150x122.jpg 150w\" sizes=\"(max-width: 1000px) 100vw, 1000px\" \/>\t\t\t\t\t\t\t\t<\/a>\n\t\t\t\t\t\t\t\t\t\t\t<\/div>\n\t\t\t\t<\/div>\n\t\t\t\t<\/div>\n\t\t\t\t\t\t<\/div>\n\t\t\t\t\t<\/div>\n\t\t<\/div>\n\t\t\t\t\t\t\t\t<\/div>\n\t\t\t\t\t<\/div>\n\t\t<\/section>\n\t\t\t\t<section class=\"elementor-section elementor-top-section elementor-element elementor-element-79547c6 elementor-section-stretched elementor-section-boxed elementor-section-height-default elementor-section-height-default\" data-id=\"79547c6\" data-element_type=\"section\" data-settings=\"{&quot;stretch_section&quot;:&quot;section-stretched&quot;}\">\n\t\t\t\t\t\t<div class=\"elementor-container elementor-column-gap-default\">\n\t\t\t\t\t\t\t<div class=\"elementor-row\">\n\t\t\t\t\t<div class=\"elementor-column elementor-col-33 elementor-top-column elementor-element elementor-element-3fa1a2a\" data-id=\"3fa1a2a\" data-element_type=\"column\">\n\t\t\t<div class=\"elementor-column-wrap elementor-element-populated\">\n\t\t\t\t\t\t\t<div class=\"elementor-widget-wrap\">\n\t\t\t\t\t\t<div class=\"elementor-element elementor-element-f36ac04 elementor-widget elementor-widget-heading\" data-id=\"f36ac04\" data-element_type=\"widget\" id=\"tel-maternelle\" data-widget_type=\"heading.default\">\n\t\t\t\t<div class=\"elementor-widget-container\">\n\t\t\t<h4 class=\"elementor-heading-title elementor-size-default\">Documents \u00e0 t\u00e9l\u00e9charger - Maternelle<\/h4>\t\t<\/div>\n\t\t\t\t<\/div>\n\t\t\t\t<div class=\"elementor-element elementor-element-b635efc elementor-icon-list--layout-traditional elementor-list-item-link-full_width elementor-widget elementor-widget-icon-list\" data-id=\"b635efc\" data-element_type=\"widget\" data-widget_type=\"icon-list.default\">\n\t\t\t\t<div class=\"elementor-widget-container\">\n\t\t\t\t\t<ul class=\"elementor-icon-list-items\">\n\t\t\t\t\t\t\t<li class=\"elementor-icon-list-item\">\n\t\t\t\t\t<a href=\"https:\/\/lfih.org\/wp-content\/uploads\/2025\/03\/Reglement-interieur-Maternelle-modifie-25.06.2024.pdf\" target=\"_blank\">\t\t\t\t\t\t<span class=\"elementor-icon-list-icon\">\n\t\t\t\t\t\t\t<i aria-hidden=\"true\" class=\"fas fa-download\"><\/i>\t\t\t\t\t\t<\/span>\n\t\t\t\t\t\t\t\t\t\t<span class=\"elementor-icon-list-text\">Re\u0300glement int\u00e9rieur maternelle<\/span>\n\t\t\t\t\t\t\t\t\t\t\t<\/a>\n\t\t\t\t\t\t\t\t\t<\/li>\n\t\t\t\t\t\t<\/ul>\n\t\t\t\t<\/div>\n\t\t\t\t<\/div>\n\t\t\t\t\t\t<\/div>\n\t\t\t\t\t<\/div>\n\t\t<\/div>\n\t\t\t\t<div class=\"elementor-column elementor-col-33 elementor-top-column elementor-element elementor-element-4593667\" data-id=\"4593667\" data-element_type=\"column\">\n\t\t\t<div class=\"elementor-column-wrap elementor-element-populated\">\n\t\t\t\t\t\t\t<div class=\"elementor-widget-wrap\">\n\t\t\t\t\t\t<div class=\"elementor-element elementor-element-abc3042 elementor-widget elementor-widget-heading\" data-id=\"abc3042\" data-element_type=\"widget\" id=\"tel-elementaire\" data-widget_type=\"heading.default\">\n\t\t\t\t<div class=\"elementor-widget-container\">\n\t\t\t<h4 class=\"elementor-heading-title elementor-size-default\">Documents \u00e0 t\u00e9l\u00e9charger - \u00c9l\u00e9mentaire<\/h4>\t\t<\/div>\n\t\t\t\t<\/div>\n\t\t\t\t<div class=\"elementor-element elementor-element-b45dfeb elementor-icon-list--layout-traditional elementor-list-item-link-full_width elementor-widget elementor-widget-icon-list\" data-id=\"b45dfeb\" data-element_type=\"widget\" data-widget_type=\"icon-list.default\">\n\t\t\t\t<div class=\"elementor-widget-container\">\n\t\t\t\t\t<ul class=\"elementor-icon-list-items\">\n\t\t\t\t\t\t\t<li class=\"elementor-icon-list-item\">\n\t\t\t\t\t<a href=\"https:\/\/lfih.org\/wp-content\/uploads\/2025\/03\/Reglement-interieur-Elementaire-modifie-25.06.2024.pdf\" target=\"_blank\">\t\t\t\t\t\t<span class=\"elementor-icon-list-icon\">\n\t\t\t\t\t\t\t<i aria-hidden=\"true\" class=\"fas fa-download\"><\/i>\t\t\t\t\t\t<\/span>\n\t\t\t\t\t\t\t\t\t\t<span class=\"elementor-icon-list-text\">Re\u0300glement int\u00e9rieur primaire<\/span>\n\t\t\t\t\t\t\t\t\t\t\t<\/a>\n\t\t\t\t\t\t\t\t\t<\/li>\n\t\t\t\t\t\t<\/ul>\n\t\t\t\t<\/div>\n\t\t\t\t<\/div>\n\t\t\t\t\t\t<\/div>\n\t\t\t\t\t<\/div>\n\t\t<\/div>\n\t\t\t\t<div class=\"elementor-column elementor-col-33 elementor-top-column elementor-element elementor-element-db969ee\" data-id=\"db969ee\" data-element_type=\"column\">\n\t\t\t<div class=\"elementor-column-wrap elementor-element-populated\">\n\t\t\t\t\t\t\t<div class=\"elementor-widget-wrap\">\n\t\t\t\t\t\t<div class=\"elementor-element elementor-element-4c942e4 elementor-widget elementor-widget-heading\" data-id=\"4c942e4\" data-element_type=\"widget\" id=\"tel-secondaire\" data-widget_type=\"heading.default\">\n\t\t\t\t<div class=\"elementor-widget-container\">\n\t\t\t<h4 class=\"elementor-heading-title elementor-size-default\"><a href=\"https:\/\/lfih.org\/wp-content\/uploads\/2025\/03\/Reglement-interieur-Secondaire-modifie-25.06.2024.pdf\">Documents \u00e0 t\u00e9l\u00e9charger - Secondaire<\/a><\/h4>\t\t<\/div>\n\t\t\t\t<\/div>\n\t\t\t\t<div class=\"elementor-element elementor-element-16abab0 elementor-icon-list--layout-traditional elementor-list-item-link-full_width elementor-widget elementor-widget-icon-list\" data-id=\"16abab0\" data-element_type=\"widget\" data-widget_type=\"icon-list.default\">\n\t\t\t\t<div class=\"elementor-widget-container\">\n\t\t\t\t\t<ul class=\"elementor-icon-list-items\">\n\t\t\t\t\t\t\t<li class=\"elementor-icon-list-item\">\n\t\t\t\t\t<a href=\"https:\/\/lfih.org\/wp-content\/uploads\/2025\/03\/Reglement-interieur-Secondaire-modifie-25.06.2024.pdf\" target=\"_blank\">\t\t\t\t\t\t<span class=\"elementor-icon-list-icon\">\n\t\t\t\t\t\t\t<i aria-hidden=\"true\" class=\"fas fa-download\"><\/i>\t\t\t\t\t\t<\/span>\n\t\t\t\t\t\t\t\t\t\t<span class=\"elementor-icon-list-text\">Re\u0300glement int\u00e9rieur secondaire <\/span>\n\t\t\t\t\t\t\t\t\t\t\t<\/a>\n\t\t\t\t\t\t\t\t\t<\/li>\n\t\t\t\t\t\t<\/ul>\n\t\t\t\t<\/div>\n\t\t\t\t<\/div>\n\t\t\t\t\t\t<\/div>\n\t\t\t\t\t<\/div>\n\t\t<\/div>\n\t\t\t\t\t\t\t\t<\/div>\n\t\t\t\t\t<\/div>\n\t\t<\/section>\n\t\t\t\t\t\t<\/div>\n\t\t\t\t\t\t<\/div>\n\t\t\t\t\t<\/div>\n\t\t","protected":false},"excerpt":{"rendered":"<p>Registration Enrolments are made online via the EDUKA portal. To confirm your child(ren)&rsquo;s enrolment, you must complete the following steps&nbsp;<a href=\"https:\/\/lfih.org\/index.php\/registration-procedures-2\/\">&hellip;<\/a><\/p>\n","protected":false},"author":2,"featured_media":0,"parent":0,"menu_order":0,"comment_status":"closed","ping_status":"closed","template":"","meta":[],"_links":{"self":[{"href":"https:\/\/lfih.org\/index.php\/wp-json\/wp\/v2\/pages\/24826"}],"collection":[{"href":"https:\/\/lfih.org\/index.php\/wp-json\/wp\/v2\/pages"}],"about":[{"href":"https:\/\/lfih.org\/index.php\/wp-json\/wp\/v2\/types\/page"}],"author":[{"embeddable":true,"href":"https:\/\/lfih.org\/index.php\/wp-json\/wp\/v2\/users\/2"}],"replies":[{"embeddable":true,"href":"https:\/\/lfih.org\/index.php\/wp-json\/wp\/v2\/comments?post=24826"}],"version-history":[{"count":31,"href":"https:\/\/lfih.org\/index.php\/wp-json\/wp\/v2\/pages\/24826\/revisions"}],"predecessor-version":[{"id":24859,"href":"https:\/\/lfih.org\/index.php\/wp-json\/wp\/v2\/pages\/24826\/revisions\/24859"}],"wp:attachment":[{"href":"https:\/\/lfih.org\/index.php\/wp-json\/wp\/v2\/media?parent=24826"}],"curies":[{"name":"wp","href":"https:\/\/api.w.org\/{rel}","templated":true}]}}