{"id":2194,"date":"2021-01-24T08:23:52","date_gmt":"2021-01-24T13:23:52","guid":{"rendered":"https:\/\/lfih.org\/?page_id=2194"},"modified":"2026-03-16T13:39:49","modified_gmt":"2026-03-16T17:39:49","slug":"tarifas-escolares","status":"publish","type":"page","link":"https:\/\/lfih.org\/index.php\/tarifas-escolares\/","title":{"rendered":"Tarifas escolares"},"content":{"rendered":"\t\t<div data-elementor-type=\"wp-page\" data-elementor-id=\"2194\" class=\"elementor elementor-2194\" data-elementor-settings=\"[]\">\n\t\t\t\t\t\t<div class=\"elementor-inner\">\n\t\t\t\t\t\t\t<div class=\"elementor-section-wrap\">\n\t\t\t\t\t\t\t<section class=\"elementor-section elementor-top-section elementor-element elementor-element-117d443a elementor-section-boxed elementor-section-height-default elementor-section-height-default\" data-id=\"117d443a\" data-element_type=\"section\">\n\t\t\t\t\t\t<div class=\"elementor-container elementor-column-gap-default\">\n\t\t\t\t\t\t\t<div class=\"elementor-row\">\n\t\t\t\t\t<div class=\"elementor-column elementor-col-100 elementor-top-column elementor-element elementor-element-4466509\" data-id=\"4466509\" data-element_type=\"column\">\n\t\t\t<div class=\"elementor-column-wrap elementor-element-populated\">\n\t\t\t\t\t\t\t<div class=\"elementor-widget-wrap\">\n\t\t\t\t\t\t<div class=\"elementor-element elementor-element-16167d75 animated-slow elementor-invisible elementor-widget elementor-widget-heading\" data-id=\"16167d75\" data-element_type=\"widget\" data-settings=\"{&quot;_animation&quot;:&quot;fadeInDown&quot;}\" data-widget_type=\"heading.default\">\n\t\t\t\t<div class=\"elementor-widget-container\">\n\t\t\t<p class=\"elementor-heading-title elementor-size-medium\"><b>Gastos de escolaridad<\/b><\/p>\t\t<\/div>\n\t\t\t\t<\/div>\n\t\t\t\t<section class=\"elementor-section elementor-inner-section elementor-element elementor-element-5d3c7f69 elementor-section-boxed elementor-section-height-default elementor-section-height-default\" data-id=\"5d3c7f69\" data-element_type=\"section\">\n\t\t\t\t\t\t<div class=\"elementor-container elementor-column-gap-default\">\n\t\t\t\t\t\t\t<div class=\"elementor-row\">\n\t\t\t\t\t<div class=\"elementor-column elementor-col-100 elementor-inner-column elementor-element elementor-element-728386f1\" data-id=\"728386f1\" data-element_type=\"column\">\n\t\t\t<div class=\"elementor-column-wrap elementor-element-populated\">\n\t\t\t\t\t\t\t<div class=\"elementor-widget-wrap\">\n\t\t\t\t\t\t<div class=\"elementor-element elementor-element-54a678b2 elementor-widget elementor-widget-text-editor\" data-id=\"54a678b2\" data-element_type=\"widget\" data-widget_type=\"text-editor.default\">\n\t\t\t\t<div class=\"elementor-widget-container\">\n\t\t\t\t\t<div class=\"elementor-text-editor elementor-clearfix\"><div class=\"page\" title=\"Page 1\"><div class=\"layoutArea\"><div class=\"column\"><p><em>En el momento de la inscripci\u00f3n, se solicitar\u00e1 un anticipo de 1.000 euros por alumno del monto de 1ra inscripci\u00f3n . Este anticipo servir\u00e1 para \u00ab\u00a0reservar\u00a0\u00bb la plaza del alumno hasta la matriculaci\u00f3n definitiva.<\/em><\/p><p><em>Existe una escala decreciente en los gastos escolares para las familias numerosas. <\/em><em>El descuento se aplica a los alumnos de primaria y secundaria.<\/em><\/p><table><tbody><tr><td width=\"30\"><p>5%<\/p><\/td><td width=\"207\"><p>pour le deuxi\u00e8me enfant<\/p><\/td><td width=\"186\"><p><em>5% por el segundo hijo<\/em><\/p><\/td><\/tr><tr><td width=\"30\"><p>10%<\/p><\/td><td width=\"207\"><p>pour le troisi\u00e8me enfant<\/p><\/td><td width=\"186\"><p><em>10% por el tercer hijo<\/em><\/p><\/td><\/tr><tr><td width=\"30\"><p>20%<\/p><\/td><td width=\"207\"><p>\u00e0 partir du quatri\u00e8me enfant<\/p><\/td><td width=\"186\"><p><em>20% por el cuarto hijo<\/em><\/p><\/td><\/tr><\/tbody><\/table><\/div><\/div><\/div><\/div>\n\t\t\t\t<\/div>\n\t\t\t\t<\/div>\n\t\t\t\t\t\t<\/div>\n\t\t\t\t\t<\/div>\n\t\t<\/div>\n\t\t\t\t\t\t\t\t<\/div>\n\t\t\t\t\t<\/div>\n\t\t<\/section>\n\t\t\t\t\t\t<\/div>\n\t\t\t\t\t<\/div>\n\t\t<\/div>\n\t\t\t\t\t\t\t\t<\/div>\n\t\t\t\t\t<\/div>\n\t\t<\/section>\n\t\t\t\t<section class=\"elementor-section elementor-top-section elementor-element elementor-element-ac8aed2 elementor-section-boxed elementor-section-height-default elementor-section-height-default\" data-id=\"ac8aed2\" data-element_type=\"section\">\n\t\t\t\t\t\t<div class=\"elementor-container elementor-column-gap-default\">\n\t\t\t\t\t\t\t<div class=\"elementor-row\">\n\t\t\t\t\t<div class=\"elementor-column elementor-col-100 elementor-top-column elementor-element elementor-element-6bcd059\" data-id=\"6bcd059\" data-element_type=\"column\">\n\t\t\t<div class=\"elementor-column-wrap elementor-element-populated\">\n\t\t\t\t\t\t\t<div class=\"elementor-widget-wrap\">\n\t\t\t\t\t\t<div class=\"elementor-element elementor-element-3b2e7dd elementor-widget elementor-widget-image\" data-id=\"3b2e7dd\" data-element_type=\"widget\" data-widget_type=\"image.default\">\n\t\t\t\t<div class=\"elementor-widget-container\">\n\t\t\t\t\t<div class=\"elementor-image\">\n\t\t\t\t\t\t\t\t\t\t\t<a href=\"https:\/\/lfih.org\/wp-content\/uploads\/2025\/05\/Tarifs-2025-2026-FR-ESP-pour-le-site_page-0001.jpg\" target=\"_blank\">\n\t\t\t\t\t\t\t<img width=\"724\" height=\"1024\" src=\"https:\/\/lfih.org\/wp-content\/uploads\/2026\/03\/Tarifs-2026-2027-signes_page-0001-724x1024.jpg\" class=\"attachment-large size-large\" alt=\"\" loading=\"lazy\" srcset=\"https:\/\/lfih.org\/wp-content\/uploads\/2026\/03\/Tarifs-2026-2027-signes_page-0001-724x1024.jpg 724w, https:\/\/lfih.org\/wp-content\/uploads\/2026\/03\/Tarifs-2026-2027-signes_page-0001-212x300.jpg 212w, https:\/\/lfih.org\/wp-content\/uploads\/2026\/03\/Tarifs-2026-2027-signes_page-0001-71x100.jpg 71w, https:\/\/lfih.org\/wp-content\/uploads\/2026\/03\/Tarifs-2026-2027-signes_page-0001-1086x1536.jpg 1086w, https:\/\/lfih.org\/wp-content\/uploads\/2026\/03\/Tarifs-2026-2027-signes_page-0001.jpg 1240w, https:\/\/lfih.org\/wp-content\/uploads\/2026\/03\/Tarifs-2026-2027-signes_page-0001-106x150.jpg 106w\" sizes=\"(max-width: 724px) 100vw, 724px\" \/>\t\t\t\t\t\t\t\t<\/a>\n\t\t\t\t\t\t\t\t\t\t\t<\/div>\n\t\t\t\t<\/div>\n\t\t\t\t<\/div>\n\t\t\t\t\t\t<\/div>\n\t\t\t\t\t<\/div>\n\t\t<\/div>\n\t\t\t\t\t\t\t\t<\/div>\n\t\t\t\t\t<\/div>\n\t\t<\/section>\n\t\t\t\t<section class=\"elementor-section elementor-top-section elementor-element elementor-element-af721a9 elementor-section-boxed elementor-section-height-default elementor-section-height-default\" data-id=\"af721a9\" data-element_type=\"section\">\n\t\t\t\t\t\t<div class=\"elementor-container elementor-column-gap-default\">\n\t\t\t\t\t\t\t<div class=\"elementor-row\">\n\t\t\t\t\t<div class=\"elementor-column elementor-col-100 elementor-top-column elementor-element elementor-element-f45e48c\" data-id=\"f45e48c\" data-element_type=\"column\">\n\t\t\t<div class=\"elementor-column-wrap elementor-element-populated\">\n\t\t\t\t\t\t\t<div class=\"elementor-widget-wrap\">\n\t\t\t\t\t\t<div class=\"elementor-element elementor-element-11ff3f8f elementor-widget elementor-widget-heading\" data-id=\"11ff3f8f\" data-element_type=\"widget\" id=\"tel-maternelle\" data-widget_type=\"heading.default\">\n\t\t\t\t<div class=\"elementor-widget-container\">\n\t\t\t<h3 class=\"elementor-heading-title elementor-size-default\">Descargar documentos<\/h3>\t\t<\/div>\n\t\t\t\t<\/div>\n\t\t\t\t<div class=\"elementor-element elementor-element-3a0487e3 animated-slow elementor-icon-list--layout-traditional elementor-list-item-link-full_width elementor-invisible elementor-widget elementor-widget-icon-list\" data-id=\"3a0487e3\" data-element_type=\"widget\" data-settings=\"{&quot;_animation&quot;:&quot;fadeInRight&quot;}\" data-widget_type=\"icon-list.default\">\n\t\t\t\t<div class=\"elementor-widget-container\">\n\t\t\t\t\t<ul class=\"elementor-icon-list-items\">\n\t\t\t\t\t\t\t<li class=\"elementor-icon-list-item\">\n\t\t\t\t\t<a href=\"https:\/\/lfih.org\/wp-content\/uploads\/2025\/06\/Tarifs-2025-2026-FR-ESP-pour-le-site-v2.pdf\" target=\"_blank\">\t\t\t\t\t\t<span class=\"elementor-icon-list-icon\">\n\t\t\t\t\t\t\t<i aria-hidden=\"true\" class=\"fas fa-download\"><\/i>\t\t\t\t\t\t<\/span>\n\t\t\t\t\t\t\t\t\t\t<span class=\"elementor-icon-list-text\">Tarifas 2025-2026<\/span>\n\t\t\t\t\t\t\t\t\t\t\t<\/a>\n\t\t\t\t\t\t\t\t\t<\/li>\n\t\t\t\t\t\t\t\t<li class=\"elementor-icon-list-item\">\n\t\t\t\t\t<a href=\"https:\/\/lfih.org\/wp-content\/uploads\/2024\/06\/Equivalence-grade_ES.jpg\" target=\"_blank\">\t\t\t\t\t\t<span class=\"elementor-icon-list-icon\">\n\t\t\t\t\t\t\t<i aria-hidden=\"true\" class=\"fas fa-download\"><\/i>\t\t\t\t\t\t<\/span>\n\t\t\t\t\t\t\t\t\t\t<span class=\"elementor-icon-list-text\">Equivalencia de grados : FR - ESP - ENG - CU<\/span>\n\t\t\t\t\t\t\t\t\t\t\t<\/a>\n\t\t\t\t\t\t\t\t\t<\/li>\n\t\t\t\t\t\t\t\t<li class=\"elementor-icon-list-item\">\n\t\t\t\t\t<a href=\"https:\/\/lfih.org\/wp-content\/uploads\/2025\/05\/Reglamento-de-pago-de-escolaridad_juillet-2024-ESP.pdf\" target=\"_blank\">\t\t\t\t\t\t<span class=\"elementor-icon-list-icon\">\n\t\t\t\t\t\t\t<i aria-hidden=\"true\" class=\"fas fa-download\"><\/i>\t\t\t\t\t\t<\/span>\n\t\t\t\t\t\t\t\t\t\t<span class=\"elementor-icon-list-text\">Reglamento de pago de escolaridad del LFIH Alejo Carpentier - Julio 2024<\/span>\n\t\t\t\t\t\t\t\t\t\t\t<\/a>\n\t\t\t\t\t\t\t\t\t<\/li>\n\t\t\t\t\t\t<\/ul>\n\t\t\t\t<\/div>\n\t\t\t\t<\/div>\n\t\t\t\t\t\t<\/div>\n\t\t\t\t\t<\/div>\n\t\t<\/div>\n\t\t\t\t\t\t\t\t<\/div>\n\t\t\t\t\t<\/div>\n\t\t<\/section>\n\t\t\t\t\t\t<\/div>\n\t\t\t\t\t\t<\/div>\n\t\t\t\t\t<\/div>\n\t\t","protected":false},"excerpt":{"rendered":"<p>Gastos de escolaridad En el momento de la inscripci\u00f3n, se solicitar\u00e1 un anticipo de 1.000 euros por alumno del monto&nbsp;<a href=\"https:\/\/lfih.org\/index.php\/tarifas-escolares\/\">&hellip;<\/a><\/p>\n","protected":false},"author":1,"featured_media":0,"parent":0,"menu_order":0,"comment_status":"closed","ping_status":"closed","template":"","meta":[],"_links":{"self":[{"href":"https:\/\/lfih.org\/index.php\/wp-json\/wp\/v2\/pages\/2194"}],"collection":[{"href":"https:\/\/lfih.org\/index.php\/wp-json\/wp\/v2\/pages"}],"about":[{"href":"https:\/\/lfih.org\/index.php\/wp-json\/wp\/v2\/types\/page"}],"author":[{"embeddable":true,"href":"https:\/\/lfih.org\/index.php\/wp-json\/wp\/v2\/users\/1"}],"replies":[{"embeddable":true,"href":"https:\/\/lfih.org\/index.php\/wp-json\/wp\/v2\/comments?post=2194"}],"version-history":[{"count":154,"href":"https:\/\/lfih.org\/index.php\/wp-json\/wp\/v2\/pages\/2194\/revisions"}],"predecessor-version":[{"id":32820,"href":"https:\/\/lfih.org\/index.php\/wp-json\/wp\/v2\/pages\/2194\/revisions\/32820"}],"wp:attachment":[{"href":"https:\/\/lfih.org\/index.php\/wp-json\/wp\/v2\/media?parent=2194"}],"curies":[{"name":"wp","href":"https:\/\/api.w.org\/{rel}","templated":true}]}}