{"id":21539,"date":"2024-09-26T11:48:14","date_gmt":"2024-09-26T15:48:14","guid":{"rendered":"https:\/\/www.lfih.org\/?page_id=21539"},"modified":"2024-09-26T11:51:12","modified_gmt":"2024-09-26T15:51:12","slug":"alejo-carpentier-3","status":"publish","type":"page","link":"https:\/\/lfih.org\/index.php\/alejo-carpentier-3\/","title":{"rendered":"Alejo Carpentier"},"content":{"rendered":"\t\t<div data-elementor-type=\"wp-page\" data-elementor-id=\"21539\" class=\"elementor elementor-21539\" data-elementor-settings=\"[]\">\n\t\t\t\t\t\t<div class=\"elementor-inner\">\n\t\t\t\t\t\t\t<div class=\"elementor-section-wrap\">\n\t\t\t\t\t\t\t<section class=\"elementor-section elementor-top-section elementor-element elementor-element-678f094 elementor-section-boxed elementor-section-height-default elementor-section-height-default\" data-id=\"678f094\" data-element_type=\"section\">\n\t\t\t\t\t\t<div class=\"elementor-container elementor-column-gap-default\">\n\t\t\t\t\t\t\t<div class=\"elementor-row\">\n\t\t\t\t\t<div class=\"elementor-column elementor-col-100 elementor-top-column elementor-element elementor-element-33ba158\" data-id=\"33ba158\" data-element_type=\"column\">\n\t\t\t<div class=\"elementor-column-wrap elementor-element-populated\">\n\t\t\t\t\t\t\t<div class=\"elementor-widget-wrap\">\n\t\t\t\t\t\t<div class=\"elementor-element elementor-element-38509cd elementor-widget elementor-widget-image\" data-id=\"38509cd\" data-element_type=\"widget\" data-widget_type=\"image.default\">\n\t\t\t\t<div class=\"elementor-widget-container\">\n\t\t\t\t\t<div class=\"elementor-image\">\n\t\t\t\t\t\t\t\t\t\t<img width=\"379\" height=\"250\" src=\"https:\/\/lfih.org\/wp-content\/uploads\/2021\/01\/alejo_carpentier_250-379x250.png\" class=\"attachment-large size-large\" alt=\"\" loading=\"lazy\" srcset=\"https:\/\/lfih.org\/wp-content\/uploads\/2021\/01\/alejo_carpentier_250.png 379w, https:\/\/lfih.org\/wp-content\/uploads\/2021\/01\/alejo_carpentier_250-300x198.png 300w, https:\/\/lfih.org\/wp-content\/uploads\/2021\/01\/alejo_carpentier_250-100x66.png 100w, https:\/\/lfih.org\/wp-content\/uploads\/2021\/01\/alejo_carpentier_250-150x99.png 150w\" sizes=\"(max-width: 379px) 100vw, 379px\" \/>\t\t\t\t\t\t\t\t\t\t\t<\/div>\n\t\t\t\t<\/div>\n\t\t\t\t<\/div>\n\t\t\t\t\t\t<\/div>\n\t\t\t\t\t<\/div>\n\t\t<\/div>\n\t\t\t\t\t\t\t\t<\/div>\n\t\t\t\t\t<\/div>\n\t\t<\/section>\n\t\t\t\t<section class=\"elementor-section elementor-top-section elementor-element elementor-element-30a45c7 elementor-section-boxed elementor-section-height-default elementor-section-height-default\" data-id=\"30a45c7\" data-element_type=\"section\">\n\t\t\t\t\t\t<div class=\"elementor-container elementor-column-gap-default\">\n\t\t\t\t\t\t\t<div class=\"elementor-row\">\n\t\t\t\t\t<div class=\"elementor-column elementor-col-50 elementor-top-column elementor-element elementor-element-ce9e438\" data-id=\"ce9e438\" data-element_type=\"column\">\n\t\t\t<div class=\"elementor-column-wrap elementor-element-populated\">\n\t\t\t\t\t\t\t<div class=\"elementor-widget-wrap\">\n\t\t\t\t\t\t<div class=\"elementor-element elementor-element-5e17e29 elementor-widget elementor-widget-text-editor\" data-id=\"5e17e29\" data-element_type=\"widget\" data-widget_type=\"text-editor.default\">\n\t\t\t\t<div class=\"elementor-widget-container\">\n\t\t\t\t\t<div class=\"elementor-text-editor elementor-clearfix\"><p>On 8 May 2012, the Lyc\u00e9e Fran\u00e7ais in Havana received the name of one of Cuba&rsquo;s greatest writers: Alejo Carpentier. The ceremony was presided over by Ms Anne-Marie Desc\u00f4tes (Director of the Agency for French Education Abroad) and Mr Jean Mendelson (French Ambassador to Cuba).<\/p><p>Alejo Carpentier was born of a French architect father and a Russian mother who was a language teacher. For a long time it was thought that he was born in Havana, where his family settled shortly after his birth.<\/p><p>The life of this writer is in itself a cultural bridge between France and Cuba. He was 12 when his family moved to Paris, where he began studying musicology. When he returned to Cuba, Alejo Carpentier began studying architecture, which he never completed. He devoted himself to journalism, but his commitment to the left earned him a spell in prison (1928), under the presidency of Gerardo Machado, before forcing him into exile in France. There he met the Surrealists, including Andr\u00e9 Breton, Paul \u00c9luard, Louis Aragon, Jacques Pr\u00e9vert and Antonin Artaud. During his stay in France, he made several trips to Spain, where he developed a fascination for the Baroque.<\/p><p class=\"p2\">Returning to Cuba in 1939, he pursued a career as a journalist and radio commentator. He became interested in Afro-Cuban culture. In 1943, he was marked by a stay in Haiti. In 1945 he moved to Caracas (Venezuela), where he lived until 1959. After the triumph of the Cuban revolution, he returned to Havana. In 1966 he became a counsellor at the Cuban embassy in France, where he lived until his death.<\/p><\/div>\n\t\t\t\t<\/div>\n\t\t\t\t<\/div>\n\t\t\t\t\t\t<\/div>\n\t\t\t\t\t<\/div>\n\t\t<\/div>\n\t\t\t\t<div class=\"elementor-column elementor-col-50 elementor-top-column elementor-element elementor-element-f45d0a1\" data-id=\"f45d0a1\" data-element_type=\"column\">\n\t\t\t<div class=\"elementor-column-wrap elementor-element-populated\">\n\t\t\t\t\t\t\t<div class=\"elementor-widget-wrap\">\n\t\t\t\t\t\t<div class=\"elementor-element elementor-element-63c5404 elementor-widget elementor-widget-text-editor\" data-id=\"63c5404\" data-element_type=\"widget\" data-widget_type=\"text-editor.default\">\n\t\t\t\t<div class=\"elementor-widget-container\">\n\t\t\t\t\t<div class=\"elementor-text-editor elementor-clearfix\"><p>Alejo Carpentier is a writer most famous for his baroque style and his theory of the real maravilloso. His best-known works in France include Le Si\u00e8cle des Lumi\u00e8res (1962), La Guerre du Temps (1967) and Concert baroque (1974). His first novel, Ecue-yamba-o! (1933), is Afro-Cuban in inspiration. In Le Royaume de ce monde (1949), his first major novel, he evokes the Haitian revolutionary movement. It was also in the prologue to this novel that he described his vision of the real maravilloso, which critics identified with Magic Realism.<\/p><p>His stay in Venezuela from 1945 to 1959 clearly inspired the description of the unnamed South American country in which most of his novel Le Partage des Eaux (1953) is set.<\/p><p>His novel El Recurso del M\u00e9todo (The Methodical Recourse), published in 1974, is one of the great novels of Latin American literature to portray the typical dictator. It was adapted for the cinema by Miguel Litt\u00edn in 1978 under the title El recurso del m\u00e9todo (released in France as \u00a1Viva el presidente! and Le recours de la m\u00e9thode).<\/p><p>In 1975 he was awarded the Cino Del Duca World Prize. He was awarded the Prix Cervantes in 1977 and the Prix M\u00e9dicis in 1979.<\/p><p>He died in Paris on 24 April 1980. His body was transferred to Cuba, where he was buried in Havana&rsquo;s Col\u00f3n cemetery. His funeral was held on 28 April, in the presence of President Fidel Castro.<\/p><p>The Lyc\u00e9e Fran\u00e7ais in Havana pays tribute to this great writer and wishes to perpetuate the importance of his work.<\/p><p>\u00a0<\/p><\/div>\n\t\t\t\t<\/div>\n\t\t\t\t<\/div>\n\t\t\t\t\t\t<\/div>\n\t\t\t\t\t<\/div>\n\t\t<\/div>\n\t\t\t\t\t\t\t\t<\/div>\n\t\t\t\t\t<\/div>\n\t\t<\/section>\n\t\t\t\t\t\t<\/div>\n\t\t\t\t\t\t<\/div>\n\t\t\t\t\t<\/div>\n\t\t","protected":false},"excerpt":{"rendered":"<p>On 8 May 2012, the Lyc\u00e9e Fran\u00e7ais in Havana received the name of one of Cuba&rsquo;s greatest writers: Alejo Carpentier.&nbsp;<a href=\"https:\/\/lfih.org\/index.php\/alejo-carpentier-3\/\">&hellip;<\/a><\/p>\n","protected":false},"author":1,"featured_media":0,"parent":0,"menu_order":0,"comment_status":"closed","ping_status":"closed","template":"","meta":[],"_links":{"self":[{"href":"https:\/\/lfih.org\/index.php\/wp-json\/wp\/v2\/pages\/21539"}],"collection":[{"href":"https:\/\/lfih.org\/index.php\/wp-json\/wp\/v2\/pages"}],"about":[{"href":"https:\/\/lfih.org\/index.php\/wp-json\/wp\/v2\/types\/page"}],"author":[{"embeddable":true,"href":"https:\/\/lfih.org\/index.php\/wp-json\/wp\/v2\/users\/1"}],"replies":[{"embeddable":true,"href":"https:\/\/lfih.org\/index.php\/wp-json\/wp\/v2\/comments?post=21539"}],"version-history":[{"count":8,"href":"https:\/\/lfih.org\/index.php\/wp-json\/wp\/v2\/pages\/21539\/revisions"}],"predecessor-version":[{"id":21547,"href":"https:\/\/lfih.org\/index.php\/wp-json\/wp\/v2\/pages\/21539\/revisions\/21547"}],"wp:attachment":[{"href":"https:\/\/lfih.org\/index.php\/wp-json\/wp\/v2\/media?parent=21539"}],"curies":[{"name":"wp","href":"https:\/\/api.w.org\/{rel}","templated":true}]}}