{"id":2099,"date":"2021-01-24T06:43:45","date_gmt":"2021-01-24T11:43:45","guid":{"rendered":"https:\/\/lfih.org\/?page_id=2099"},"modified":"2025-04-17T14:59:53","modified_gmt":"2025-04-17T18:59:53","slug":"procedures-d-inscriptions","status":"publish","type":"page","link":"https:\/\/lfih.org\/index.php\/procedures-d-inscriptions\/","title":{"rendered":"Proc\u00e9dures d\u2019inscriptions"},"content":{"rendered":"\t\t<div data-elementor-type=\"wp-page\" data-elementor-id=\"2099\" class=\"elementor elementor-2099\" data-elementor-settings=\"[]\">\n\t\t\t\t\t\t<div class=\"elementor-inner\">\n\t\t\t\t\t\t\t<div class=\"elementor-section-wrap\">\n\t\t\t\t\t\t\t<section class=\"elementor-section elementor-top-section elementor-element elementor-element-bc88ef4 elementor-section-boxed elementor-section-height-default elementor-section-height-default\" data-id=\"bc88ef4\" data-element_type=\"section\">\n\t\t\t\t\t\t<div class=\"elementor-container elementor-column-gap-default\">\n\t\t\t\t\t\t\t<div class=\"elementor-row\">\n\t\t\t\t\t<div class=\"elementor-column elementor-col-100 elementor-top-column elementor-element elementor-element-1252c152\" data-id=\"1252c152\" data-element_type=\"column\">\n\t\t\t<div class=\"elementor-column-wrap elementor-element-populated\">\n\t\t\t\t\t\t\t<div class=\"elementor-widget-wrap\">\n\t\t\t\t\t\t<div class=\"elementor-element elementor-element-579f5233 elementor-widget elementor-widget-heading\" data-id=\"579f5233\" data-element_type=\"widget\" data-widget_type=\"heading.default\">\n\t\t\t\t<div class=\"elementor-widget-container\">\n\t\t\t<p class=\"elementor-heading-title elementor-size-medium\"><a href=\"https:\/\/ecolehavane.eduka.school\"><b>Inscription<\/b><br>\nLes inscriptions se font en ligne \u00e0 partir du portail EDUKA. Afin de confirmer l\u2019inscription de votre\/vos enfant(s) vous devrez effectuer les \u00e9tapes suivantes dans l\u2019ordre indiqu\u00e9:<\/a><\/p>\t\t<\/div>\n\t\t\t\t<\/div>\n\t\t\t\t<section class=\"elementor-section elementor-inner-section elementor-element elementor-element-03ecc16 elementor-section-boxed elementor-section-height-default elementor-section-height-default\" data-id=\"03ecc16\" data-element_type=\"section\">\n\t\t\t\t\t\t<div class=\"elementor-container elementor-column-gap-default\">\n\t\t\t\t\t\t\t<div class=\"elementor-row\">\n\t\t\t\t\t<div class=\"elementor-column elementor-col-100 elementor-inner-column elementor-element elementor-element-747dd83\" data-id=\"747dd83\" data-element_type=\"column\">\n\t\t\t<div class=\"elementor-column-wrap elementor-element-populated\">\n\t\t\t\t\t\t\t<div class=\"elementor-widget-wrap\">\n\t\t\t\t\t\t<div class=\"elementor-element elementor-element-4f150445 elementor-invisible elementor-widget elementor-widget-text-editor\" data-id=\"4f150445\" data-element_type=\"widget\" data-settings=\"{&quot;_animation&quot;:&quot;fadeInDown&quot;}\" data-widget_type=\"text-editor.default\">\n\t\t\t\t<div class=\"elementor-widget-container\">\n\t\t\t\t\t<div class=\"elementor-text-editor elementor-clearfix\"><ol><li><strong>Remplir le formulaire de premi\u00e8re inscription sur la plateforme EDUKA. <\/strong><strong>Nous vous invitons \u00e0 suivre le TUTORIEL en bas de page <\/strong><strong>pour remplir votre formulaire en ligne.<\/strong><\/li><\/ol><ul><li>Pour r\u00e9aliser une d\u00e9marche d\u2019inscription, connectez-vous \u00e0 <span style=\"color: #ff0000;\"><strong><a style=\"color: #ff0000;\" href=\"https:\/\/ecolehavane.eduka.school\/login\"><span style=\"text-decoration: underline;\">EDUKA<\/span><\/a><\/strong><\/span><\/li><li>Remplir le formulaire de premi\u00e8re inscription.\u00a0<\/li><li>\u00c0 la fin du processus d\u2019inscription en ligne, vous recevrez un email automatique confirmant l&rsquo;envoi du dossier.<\/li><li>Pour toute question concernant le processus d\u2019inscription, nous vous invitons \u00e0 contacter l\u2019administration \u00e0 l\u2019adresse\u00a0:\u00a0<a href=\"mailto:secretariat@ecolehavane.org\">secretariat@ecolehavane.org<\/a><\/li><\/ul><ol start=\"2\"><li><strong>R\u00e9aliser le paiement de premi\u00e8re inscription<\/strong><\/li><\/ol><ul><li>Pour toute question concernant les paiements, veuillez contacter le d\u00e9partement de comptabilit\u00e9 \u00e0 l&rsquo;adresse suivante :\u00a0<a href=\"mailto:assistantadm@ecolehavane.org\">assistantadm@ecolehavane.org<\/a><\/li><\/ul><ol start=\"3\"><li><strong>Attendre la validation du dossier sur EDUKA par l\u2019\u00e9quipe des admissions.<\/strong><\/li><\/ol><\/div>\n\t\t\t\t<\/div>\n\t\t\t\t<\/div>\n\t\t\t\t\t\t<\/div>\n\t\t\t\t\t<\/div>\n\t\t<\/div>\n\t\t\t\t\t\t\t\t<\/div>\n\t\t\t\t\t<\/div>\n\t\t<\/section>\n\t\t\t\t\t\t<\/div>\n\t\t\t\t\t<\/div>\n\t\t<\/div>\n\t\t\t\t\t\t\t\t<\/div>\n\t\t\t\t\t<\/div>\n\t\t<\/section>\n\t\t\t\t<section class=\"elementor-section elementor-top-section elementor-element elementor-element-952fa36 elementor-section-boxed elementor-section-height-default elementor-section-height-default\" data-id=\"952fa36\" data-element_type=\"section\">\n\t\t\t\t\t\t<div class=\"elementor-container elementor-column-gap-default\">\n\t\t\t\t\t\t\t<div class=\"elementor-row\">\n\t\t\t\t\t<div class=\"elementor-column elementor-col-100 elementor-top-column elementor-element elementor-element-02569bb\" data-id=\"02569bb\" data-element_type=\"column\">\n\t\t\t<div class=\"elementor-column-wrap elementor-element-populated\">\n\t\t\t\t\t\t\t<div class=\"elementor-widget-wrap\">\n\t\t\t\t\t\t<div class=\"elementor-element elementor-element-bd0ee0c elementor-align-center elementor-widget elementor-widget-button\" data-id=\"bd0ee0c\" data-element_type=\"widget\" data-widget_type=\"button.default\">\n\t\t\t\t<div class=\"elementor-widget-container\">\n\t\t\t\t\t<div class=\"elementor-button-wrapper\">\n\t\t\t<a href=\"https:\/\/lfih.org\/wp-content\/uploads\/2025\/04\/TUTORIEL-EDUKA-LFH-inscription-FR_2025-2026.pdf\" target=\"_blank\" class=\"elementor-button-link elementor-button elementor-size-xl\" role=\"button\">\n\t\t\t\t\t\t<span class=\"elementor-button-content-wrapper\">\n\t\t\t\t\t\t<span class=\"elementor-button-text\">TUTORIEL: Comment s'y prendre pour s'inscrire<\/span>\n\t\t<\/span>\n\t\t\t\t\t<\/a>\n\t\t<\/div>\n\t\t\t\t<\/div>\n\t\t\t\t<\/div>\n\t\t\t\t\t\t<\/div>\n\t\t\t\t\t<\/div>\n\t\t<\/div>\n\t\t\t\t\t\t\t\t<\/div>\n\t\t\t\t\t<\/div>\n\t\t<\/section>\n\t\t\t\t<section class=\"elementor-section elementor-top-section elementor-element elementor-element-25688703 elementor-section-boxed elementor-section-height-default elementor-section-height-default\" data-id=\"25688703\" data-element_type=\"section\">\n\t\t\t\t\t\t<div class=\"elementor-container elementor-column-gap-default\">\n\t\t\t\t\t\t\t<div class=\"elementor-row\">\n\t\t\t\t\t<div class=\"elementor-column elementor-col-100 elementor-top-column elementor-element elementor-element-702f5a02\" data-id=\"702f5a02\" data-element_type=\"column\">\n\t\t\t<div class=\"elementor-column-wrap elementor-element-populated\">\n\t\t\t\t\t\t\t<div class=\"elementor-widget-wrap\">\n\t\t\t\t\t\t<div class=\"elementor-element elementor-element-1c64e57c elementor-widget elementor-widget-text-editor\" data-id=\"1c64e57c\" data-element_type=\"widget\" data-widget_type=\"text-editor.default\">\n\t\t\t\t<div class=\"elementor-widget-container\">\n\t\t\t\t\t<div class=\"elementor-text-editor elementor-clearfix\"><h4 class=\"p1\"><span style=\"color: #333399;\">\u00a0<b>Crit\u00e8res d\u2019admission<\/b><\/span><\/h4><ul class=\"ul1\"><li class=\"li2\"><span class=\"s2\">Les enfants sont accueillis \u00e0 partir de 2 ans et demi et doivent \u00eatre propres pour rentrer en Petite ou Toute Petite Section de Maternelle.<\/span><\/li><li class=\"li2\"><span class=\"s2\">La connaissance du fran\u00e7ais n\u2019est pas obligatoire. Cependant, la langue de scolarisation est le fran\u00e7ais. Des cours de Fran\u00e7ais Langue Etrang\u00e8re sont propos\u00e9s aux \u00e9l\u00e8ves qui ne ma\u00eetrisent pas la langue \u00e0 partir du CP. De nombreux \u00e9l\u00e8ves non-francophones ont ainsi acquis une remarquable ma\u00eetrise de la langue fran\u00e7aise au cours de leur scolarit\u00e9.<\/span><\/li><li class=\"li2\"><span class=\"s2\">Toute nouvelle inscription est soumise \u00e0 la d\u00e9cision du Proviseur du Lyc\u00e9e\u00a0; apr\u00e8s le d\u00e9p\u00f4t des pi\u00e8ces administratives, un rendez-vous est pris avec les parents et l\u2019enfant.<\/span><\/li><li class=\"li2\"><span class=\"s2\">Aucune inscription ne sera valid\u00e9e sans le paiement pr\u00e9alable des frais d\u2019inscription.<\/span><\/li><\/ul><\/div>\n\t\t\t\t<\/div>\n\t\t\t\t<\/div>\n\t\t\t\t\t\t<\/div>\n\t\t\t\t\t<\/div>\n\t\t<\/div>\n\t\t\t\t\t\t\t\t<\/div>\n\t\t\t\t\t<\/div>\n\t\t<\/section>\n\t\t\t\t<section class=\"elementor-section elementor-top-section elementor-element elementor-element-d65c7ae elementor-section-boxed elementor-section-height-default elementor-section-height-default\" data-id=\"d65c7ae\" data-element_type=\"section\">\n\t\t\t\t\t\t<div class=\"elementor-container elementor-column-gap-default\">\n\t\t\t\t\t\t\t<div class=\"elementor-row\">\n\t\t\t\t\t<div class=\"elementor-column elementor-col-100 elementor-top-column elementor-element elementor-element-07e0d4c\" data-id=\"07e0d4c\" data-element_type=\"column\">\n\t\t\t<div class=\"elementor-column-wrap elementor-element-populated\">\n\t\t\t\t\t\t\t<div class=\"elementor-widget-wrap\">\n\t\t\t\t\t\t<div class=\"elementor-element elementor-element-0e79801 elementor-widget elementor-widget-image\" data-id=\"0e79801\" data-element_type=\"widget\" data-widget_type=\"image.default\">\n\t\t\t\t<div class=\"elementor-widget-container\">\n\t\t\t\t\t<div class=\"elementor-image\">\n\t\t\t\t\t\t\t\t\t\t\t<a href=\"http:\/\/lfih.org\/wp-content\/uploads\/2024\/06\/Equivalence-gradde_FR-1.jpg\" data-elementor-open-lightbox=\"yes\" data-elementor-lightbox-title=\"Equivalence gradde_FR\">\n\t\t\t\t\t\t\t<img width=\"1000\" height=\"812\" src=\"https:\/\/lfih.org\/wp-content\/uploads\/2024\/06\/Equivalence-gradde_FR-1-1000x812.jpg\" class=\"attachment-large size-large\" alt=\"\" loading=\"lazy\" srcset=\"https:\/\/lfih.org\/wp-content\/uploads\/2024\/06\/Equivalence-gradde_FR-1.jpg 1000w, https:\/\/lfih.org\/wp-content\/uploads\/2024\/06\/Equivalence-gradde_FR-1-300x244.jpg 300w, https:\/\/lfih.org\/wp-content\/uploads\/2024\/06\/Equivalence-gradde_FR-1-100x81.jpg 100w, https:\/\/lfih.org\/wp-content\/uploads\/2024\/06\/Equivalence-gradde_FR-1-150x122.jpg 150w\" sizes=\"(max-width: 1000px) 100vw, 1000px\" \/>\t\t\t\t\t\t\t\t<\/a>\n\t\t\t\t\t\t\t\t\t\t\t<\/div>\n\t\t\t\t<\/div>\n\t\t\t\t<\/div>\n\t\t\t\t\t\t<\/div>\n\t\t\t\t\t<\/div>\n\t\t<\/div>\n\t\t\t\t\t\t\t\t<\/div>\n\t\t\t\t\t<\/div>\n\t\t<\/section>\n\t\t\t\t<section class=\"elementor-section elementor-top-section elementor-element elementor-element-79547c6 elementor-section-stretched elementor-section-boxed elementor-section-height-default elementor-section-height-default\" data-id=\"79547c6\" data-element_type=\"section\" data-settings=\"{&quot;stretch_section&quot;:&quot;section-stretched&quot;}\">\n\t\t\t\t\t\t<div class=\"elementor-container elementor-column-gap-default\">\n\t\t\t\t\t\t\t<div class=\"elementor-row\">\n\t\t\t\t\t<div class=\"elementor-column elementor-col-33 elementor-top-column elementor-element elementor-element-3fa1a2a\" data-id=\"3fa1a2a\" data-element_type=\"column\">\n\t\t\t<div class=\"elementor-column-wrap elementor-element-populated\">\n\t\t\t\t\t\t\t<div class=\"elementor-widget-wrap\">\n\t\t\t\t\t\t<div class=\"elementor-element elementor-element-f36ac04 elementor-widget elementor-widget-heading\" data-id=\"f36ac04\" data-element_type=\"widget\" id=\"tel-maternelle\" data-widget_type=\"heading.default\">\n\t\t\t\t<div class=\"elementor-widget-container\">\n\t\t\t<h4 class=\"elementor-heading-title elementor-size-default\">Documents \u00e0 t\u00e9l\u00e9charger - Maternelle<\/h4>\t\t<\/div>\n\t\t\t\t<\/div>\n\t\t\t\t<div class=\"elementor-element elementor-element-b635efc elementor-icon-list--layout-traditional elementor-list-item-link-full_width elementor-widget elementor-widget-icon-list\" data-id=\"b635efc\" data-element_type=\"widget\" data-widget_type=\"icon-list.default\">\n\t\t\t\t<div class=\"elementor-widget-container\">\n\t\t\t\t\t<ul class=\"elementor-icon-list-items\">\n\t\t\t\t\t\t\t<li class=\"elementor-icon-list-item\">\n\t\t\t\t\t<a href=\"https:\/\/lfih.org\/wp-content\/uploads\/2025\/03\/Reglement-interieur-Maternelle-modifie-25.06.2024.pdf\" target=\"_blank\">\t\t\t\t\t\t<span class=\"elementor-icon-list-icon\">\n\t\t\t\t\t\t\t<i aria-hidden=\"true\" class=\"fas fa-download\"><\/i>\t\t\t\t\t\t<\/span>\n\t\t\t\t\t\t\t\t\t\t<span class=\"elementor-icon-list-text\">Re\u0300glement int\u00e9rieur maternelle<\/span>\n\t\t\t\t\t\t\t\t\t\t\t<\/a>\n\t\t\t\t\t\t\t\t\t<\/li>\n\t\t\t\t\t\t<\/ul>\n\t\t\t\t<\/div>\n\t\t\t\t<\/div>\n\t\t\t\t\t\t<\/div>\n\t\t\t\t\t<\/div>\n\t\t<\/div>\n\t\t\t\t<div class=\"elementor-column elementor-col-33 elementor-top-column elementor-element elementor-element-4593667\" data-id=\"4593667\" data-element_type=\"column\">\n\t\t\t<div class=\"elementor-column-wrap elementor-element-populated\">\n\t\t\t\t\t\t\t<div class=\"elementor-widget-wrap\">\n\t\t\t\t\t\t<div class=\"elementor-element elementor-element-abc3042 elementor-widget elementor-widget-heading\" data-id=\"abc3042\" data-element_type=\"widget\" id=\"tel-elementaire\" data-widget_type=\"heading.default\">\n\t\t\t\t<div class=\"elementor-widget-container\">\n\t\t\t<h4 class=\"elementor-heading-title elementor-size-default\">Documents \u00e0 t\u00e9l\u00e9charger - \u00c9l\u00e9mentaire<\/h4>\t\t<\/div>\n\t\t\t\t<\/div>\n\t\t\t\t<div class=\"elementor-element elementor-element-b45dfeb elementor-icon-list--layout-traditional elementor-list-item-link-full_width elementor-widget elementor-widget-icon-list\" data-id=\"b45dfeb\" data-element_type=\"widget\" data-widget_type=\"icon-list.default\">\n\t\t\t\t<div class=\"elementor-widget-container\">\n\t\t\t\t\t<ul class=\"elementor-icon-list-items\">\n\t\t\t\t\t\t\t<li class=\"elementor-icon-list-item\">\n\t\t\t\t\t<a href=\"https:\/\/lfih.org\/wp-content\/uploads\/2025\/03\/Reglement-interieur-Elementaire-modifie-25.06.2024.pdf\" target=\"_blank\">\t\t\t\t\t\t<span class=\"elementor-icon-list-icon\">\n\t\t\t\t\t\t\t<i aria-hidden=\"true\" class=\"fas fa-download\"><\/i>\t\t\t\t\t\t<\/span>\n\t\t\t\t\t\t\t\t\t\t<span class=\"elementor-icon-list-text\">Re\u0300glement int\u00e9rieur primaire<\/span>\n\t\t\t\t\t\t\t\t\t\t\t<\/a>\n\t\t\t\t\t\t\t\t\t<\/li>\n\t\t\t\t\t\t<\/ul>\n\t\t\t\t<\/div>\n\t\t\t\t<\/div>\n\t\t\t\t\t\t<\/div>\n\t\t\t\t\t<\/div>\n\t\t<\/div>\n\t\t\t\t<div class=\"elementor-column elementor-col-33 elementor-top-column elementor-element elementor-element-db969ee\" data-id=\"db969ee\" data-element_type=\"column\">\n\t\t\t<div class=\"elementor-column-wrap elementor-element-populated\">\n\t\t\t\t\t\t\t<div class=\"elementor-widget-wrap\">\n\t\t\t\t\t\t<div class=\"elementor-element elementor-element-4c942e4 elementor-widget elementor-widget-heading\" data-id=\"4c942e4\" data-element_type=\"widget\" id=\"tel-secondaire\" data-widget_type=\"heading.default\">\n\t\t\t\t<div class=\"elementor-widget-container\">\n\t\t\t<h4 class=\"elementor-heading-title elementor-size-default\"><a href=\"https:\/\/lfih.org\/wp-content\/uploads\/2025\/03\/Reglement-interieur-Secondaire-modifie-25.06.2024.pdf\">Documents \u00e0 t\u00e9l\u00e9charger - Secondaire<\/a><\/h4>\t\t<\/div>\n\t\t\t\t<\/div>\n\t\t\t\t<div class=\"elementor-element elementor-element-16abab0 elementor-icon-list--layout-traditional elementor-list-item-link-full_width elementor-widget elementor-widget-icon-list\" data-id=\"16abab0\" data-element_type=\"widget\" data-widget_type=\"icon-list.default\">\n\t\t\t\t<div class=\"elementor-widget-container\">\n\t\t\t\t\t<ul class=\"elementor-icon-list-items\">\n\t\t\t\t\t\t\t<li class=\"elementor-icon-list-item\">\n\t\t\t\t\t<a href=\"https:\/\/lfih.org\/wp-content\/uploads\/2025\/03\/Reglement-interieur-Secondaire-modifie-25.06.2024.pdf\" target=\"_blank\">\t\t\t\t\t\t<span class=\"elementor-icon-list-icon\">\n\t\t\t\t\t\t\t<i aria-hidden=\"true\" class=\"fas fa-download\"><\/i>\t\t\t\t\t\t<\/span>\n\t\t\t\t\t\t\t\t\t\t<span class=\"elementor-icon-list-text\">Re\u0300glement int\u00e9rieur secondaire <\/span>\n\t\t\t\t\t\t\t\t\t\t\t<\/a>\n\t\t\t\t\t\t\t\t\t<\/li>\n\t\t\t\t\t\t<\/ul>\n\t\t\t\t<\/div>\n\t\t\t\t<\/div>\n\t\t\t\t\t\t<\/div>\n\t\t\t\t\t<\/div>\n\t\t<\/div>\n\t\t\t\t\t\t\t\t<\/div>\n\t\t\t\t\t<\/div>\n\t\t<\/section>\n\t\t\t\t\t\t<\/div>\n\t\t\t\t\t\t<\/div>\n\t\t\t\t\t<\/div>\n\t\t","protected":false},"excerpt":{"rendered":"<p>Inscription Les inscriptions se font en ligne \u00e0 partir du portail EDUKA. Afin de confirmer l\u2019inscription de votre\/vos enfant(s) vous&nbsp;<a href=\"https:\/\/lfih.org\/index.php\/procedures-d-inscriptions\/\">&hellip;<\/a><\/p>\n","protected":false},"author":1,"featured_media":0,"parent":0,"menu_order":0,"comment_status":"closed","ping_status":"closed","template":"","meta":[],"_links":{"self":[{"href":"https:\/\/lfih.org\/index.php\/wp-json\/wp\/v2\/pages\/2099"}],"collection":[{"href":"https:\/\/lfih.org\/index.php\/wp-json\/wp\/v2\/pages"}],"about":[{"href":"https:\/\/lfih.org\/index.php\/wp-json\/wp\/v2\/types\/page"}],"author":[{"embeddable":true,"href":"https:\/\/lfih.org\/index.php\/wp-json\/wp\/v2\/users\/1"}],"replies":[{"embeddable":true,"href":"https:\/\/lfih.org\/index.php\/wp-json\/wp\/v2\/comments?post=2099"}],"version-history":[{"count":191,"href":"https:\/\/lfih.org\/index.php\/wp-json\/wp\/v2\/pages\/2099\/revisions"}],"predecessor-version":[{"id":26611,"href":"https:\/\/lfih.org\/index.php\/wp-json\/wp\/v2\/pages\/2099\/revisions\/26611"}],"wp:attachment":[{"href":"https:\/\/lfih.org\/index.php\/wp-json\/wp\/v2\/media?parent=2099"}],"curies":[{"name":"wp","href":"https:\/\/api.w.org\/{rel}","templated":true}]}}