{"id":19065,"date":"2024-05-22T15:32:14","date_gmt":"2024-05-22T19:32:14","guid":{"rendered":"https:\/\/lfih.org\/?page_id=19065"},"modified":"2024-07-05T09:52:06","modified_gmt":"2024-07-05T13:52:06","slug":"las-misiones-de-la-ape","status":"publish","type":"page","link":"https:\/\/lfih.org\/index.php\/las-misiones-de-la-ape\/","title":{"rendered":"Las misiones de la APE"},"content":{"rendered":"\t\t<div data-elementor-type=\"wp-page\" data-elementor-id=\"19065\" class=\"elementor elementor-19065\" data-elementor-settings=\"[]\">\n\t\t\t\t\t\t<div class=\"elementor-inner\">\n\t\t\t\t\t\t\t<div class=\"elementor-section-wrap\">\n\t\t\t\t\t\t\t<section class=\"elementor-section elementor-top-section elementor-element elementor-element-c4710f2 elementor-section-boxed elementor-section-height-default elementor-section-height-default\" data-id=\"c4710f2\" data-element_type=\"section\">\n\t\t\t\t\t\t<div class=\"elementor-container elementor-column-gap-default\">\n\t\t\t\t\t\t\t<div class=\"elementor-row\">\n\t\t\t\t\t<div class=\"elementor-column elementor-col-100 elementor-top-column elementor-element elementor-element-a2d5d0d\" data-id=\"a2d5d0d\" data-element_type=\"column\">\n\t\t\t<div class=\"elementor-column-wrap elementor-element-populated\">\n\t\t\t\t\t\t\t<div class=\"elementor-widget-wrap\">\n\t\t\t\t\t\t<div class=\"elementor-element elementor-element-3859eac elementor-widget elementor-widget-text-editor\" data-id=\"3859eac\" data-element_type=\"widget\" data-widget_type=\"text-editor.default\">\n\t\t\t\t<div class=\"elementor-widget-container\">\n\t\t\t\t\t<div class=\"elementor-text-editor elementor-clearfix\"><p>La finalidad de la asociaci\u00f3n es representar a los padres de los alumnos afiliados. Act\u00faa como enlace entre los padres, el personal docente, la direcci\u00f3n de la escuela y gestiona la escuela.<\/p><\/div>\n\t\t\t\t<\/div>\n\t\t\t\t<\/div>\n\t\t\t\t\t\t<\/div>\n\t\t\t\t\t<\/div>\n\t\t<\/div>\n\t\t\t\t\t\t\t\t<\/div>\n\t\t\t\t\t<\/div>\n\t\t<\/section>\n\t\t\t\t<section class=\"elementor-section elementor-top-section elementor-element elementor-element-76c1025 elementor-section-boxed elementor-section-height-default elementor-section-height-default\" data-id=\"76c1025\" data-element_type=\"section\">\n\t\t\t\t\t\t<div class=\"elementor-container elementor-column-gap-default\">\n\t\t\t\t\t\t\t<div class=\"elementor-row\">\n\t\t\t\t\t<div class=\"elementor-column elementor-col-100 elementor-top-column elementor-element elementor-element-4cc6f45\" data-id=\"4cc6f45\" data-element_type=\"column\">\n\t\t\t<div class=\"elementor-column-wrap elementor-element-populated\">\n\t\t\t\t\t\t\t<div class=\"elementor-widget-wrap\">\n\t\t\t\t\t\t<div class=\"elementor-element elementor-element-2125d93 elementor-widget elementor-widget-text-editor\" data-id=\"2125d93\" data-element_type=\"widget\" data-widget_type=\"text-editor.default\">\n\t\t\t\t<div class=\"elementor-widget-container\">\n\t\t\t\t\t<div class=\"elementor-text-editor elementor-clearfix\"><p><strong>M\u00e1s concretamente, la APE tiene por objeto<\/strong><\/p><ul><li>representar a los padres o tutores legales de los alumnos matriculados en la Escuela Francesa de La Habana que sean miembros activos de la APE;<\/li><li>Velar por la correcta ejecuci\u00f3n del convenio de gesti\u00f3n entre la A.E.F.E. y la A.P.E. que entr\u00f3 en vigor el 01 de septiembre de 2002;<\/li><li>colaborar con el comit\u00e9 de subvenciones<\/li><li>velar por los intereses morales, intelectuales y materiales de los alumnos;<\/li><li>Facilitar las relaciones entre los padres, el personal docente y las autoridades responsables de la escuela;<\/li><li>contribuir a la vida de la escuela con la participaci\u00f3n del mayor n\u00famero posible de sus miembros;<\/li><li>informar a sus miembros de los servicios que ofrece, escuchar a todos los miembros padres y defender los intereses de todos ;<\/li><li>organizar comit\u00e9s permanentes o temporales, nombrar empleados o asistentes a su cargo y fijar sus funciones y remuneraci\u00f3n;<\/li><li>promover\u00a0 con el acuerdo de la direcci\u00f3n del centro, en inter\u00e9s de los alumnos y de sus familias, cualquier organizaci\u00f3n de actividades extraescolares o extracurriculares de car\u00e1cter educativo, cultural o deportivo;<\/li><li>mantenerse al corriente de las reformas de la Educaci\u00f3n Nacional y de los planes, deseos y recomendaciones del personal docente;<\/li><li>velar por el respeto de los presentes estatutos y del reglamento interno de la escuela y mantener informada a toda la comunidad del Lyc\u00e9e Fran\u00e7ais de La Havane.<\/li><\/ul><div>\u00a0<\/div><\/div>\n\t\t\t\t<\/div>\n\t\t\t\t<\/div>\n\t\t\t\t\t\t<\/div>\n\t\t\t\t\t<\/div>\n\t\t<\/div>\n\t\t\t\t\t\t\t\t<\/div>\n\t\t\t\t\t<\/div>\n\t\t<\/section>\n\t\t\t\t\t\t<\/div>\n\t\t\t\t\t\t<\/div>\n\t\t\t\t\t<\/div>\n\t\t","protected":false},"excerpt":{"rendered":"<p>La finalidad de la asociaci\u00f3n es representar a los padres de los alumnos afiliados. Act\u00faa como enlace entre los padres,&nbsp;<a href=\"https:\/\/lfih.org\/index.php\/las-misiones-de-la-ape\/\">&hellip;<\/a><\/p>\n","protected":false},"author":1,"featured_media":0,"parent":0,"menu_order":0,"comment_status":"closed","ping_status":"closed","template":"","meta":[],"_links":{"self":[{"href":"https:\/\/lfih.org\/index.php\/wp-json\/wp\/v2\/pages\/19065"}],"collection":[{"href":"https:\/\/lfih.org\/index.php\/wp-json\/wp\/v2\/pages"}],"about":[{"href":"https:\/\/lfih.org\/index.php\/wp-json\/wp\/v2\/types\/page"}],"author":[{"embeddable":true,"href":"https:\/\/lfih.org\/index.php\/wp-json\/wp\/v2\/users\/1"}],"replies":[{"embeddable":true,"href":"https:\/\/lfih.org\/index.php\/wp-json\/wp\/v2\/comments?post=19065"}],"version-history":[{"count":10,"href":"https:\/\/lfih.org\/index.php\/wp-json\/wp\/v2\/pages\/19065\/revisions"}],"predecessor-version":[{"id":20371,"href":"https:\/\/lfih.org\/index.php\/wp-json\/wp\/v2\/pages\/19065\/revisions\/20371"}],"wp:attachment":[{"href":"https:\/\/lfih.org\/index.php\/wp-json\/wp\/v2\/media?parent=19065"}],"curies":[{"name":"wp","href":"https:\/\/api.w.org\/{rel}","templated":true}]}}