{"id":1872,"date":"2021-01-23T10:43:00","date_gmt":"2021-01-23T15:43:00","guid":{"rendered":"https:\/\/lfih.org\/?page_id=1872"},"modified":"2026-01-19T14:04:49","modified_gmt":"2026-01-19T19:04:49","slug":"bourses-scolaires","status":"publish","type":"page","link":"https:\/\/lfih.org\/index.php\/bourses-scolaires\/","title":{"rendered":"Bourses scolaires"},"content":{"rendered":"\t\t<div data-elementor-type=\"wp-page\" data-elementor-id=\"1872\" class=\"elementor elementor-1872\" data-elementor-settings=\"[]\">\n\t\t\t\t\t\t<div class=\"elementor-inner\">\n\t\t\t\t\t\t\t<div class=\"elementor-section-wrap\">\n\t\t\t\t\t\t\t<section class=\"elementor-section elementor-top-section elementor-element elementor-element-2d48b7f elementor-section-height-min-height elementor-section-items-bottom elementor-section-boxed elementor-section-height-default\" data-id=\"2d48b7f\" data-element_type=\"section\" data-settings=\"{&quot;background_background&quot;:&quot;classic&quot;}\">\n\t\t\t\t\t\t<div class=\"elementor-container elementor-column-gap-default\">\n\t\t\t\t\t\t\t<div class=\"elementor-row\">\n\t\t\t\t\t<div class=\"elementor-column elementor-col-100 elementor-top-column elementor-element elementor-element-21947831\" data-id=\"21947831\" data-element_type=\"column\" data-settings=\"{&quot;background_background&quot;:&quot;classic&quot;}\">\n\t\t\t<div class=\"elementor-column-wrap elementor-element-populated\">\n\t\t\t\t\t\t\t<div class=\"elementor-widget-wrap\">\n\t\t\t\t\t\t<div class=\"elementor-element elementor-element-590ffada animated-slow elementor-invisible elementor-widget elementor-widget-heading\" data-id=\"590ffada\" data-element_type=\"widget\" data-settings=\"{&quot;_animation&quot;:&quot;fadeInUp&quot;}\" data-widget_type=\"heading.default\">\n\t\t\t\t<div class=\"elementor-widget-container\">\n\t\t\t<h2 class=\"elementor-heading-title elementor-size-default\">2nde Campagne de bourses 2026-2027<\/h2>\t\t<\/div>\n\t\t\t\t<\/div>\n\t\t\t\t\t\t<\/div>\n\t\t\t\t\t<\/div>\n\t\t<\/div>\n\t\t\t\t\t\t\t\t<\/div>\n\t\t\t\t\t<\/div>\n\t\t<\/section>\n\t\t\t\t<section class=\"elementor-section elementor-top-section elementor-element elementor-element-75a4dd11 elementor-section-boxed elementor-section-height-default elementor-section-height-default\" data-id=\"75a4dd11\" data-element_type=\"section\">\n\t\t\t\t\t\t<div class=\"elementor-container elementor-column-gap-default\">\n\t\t\t\t\t\t\t<div class=\"elementor-row\">\n\t\t\t\t\t<div class=\"elementor-column elementor-col-100 elementor-top-column elementor-element elementor-element-34b2eddc elementor-invisible\" data-id=\"34b2eddc\" data-element_type=\"column\" data-settings=\"{&quot;animation&quot;:&quot;zoomIn&quot;}\">\n\t\t\t<div class=\"elementor-column-wrap elementor-element-populated\">\n\t\t\t\t\t\t\t<div class=\"elementor-widget-wrap\">\n\t\t\t\t\t\t<div class=\"elementor-element elementor-element-6f8d89b6 elementor-widget elementor-widget-text-editor\" data-id=\"6f8d89b6\" data-element_type=\"widget\" data-widget_type=\"text-editor.default\">\n\t\t\t\t<div class=\"elementor-widget-container\">\n\t\t\t\t\t<div class=\"elementor-text-editor elementor-clearfix\"><p>Bonjour,<br>L\u2019ambassade de France \u00e0 La Havane informe que la 2\u00e8me campagne boursi\u00e8re 2026\/2027 est ouverte.<\/p>\n<h4 style=\"text-align: center;\">Les demandeurs peuvent d\u00e9poser le dossier de demande jusqu\u2019au:<\/h4>\n<h4 style=\"text-align: center;\">&nbsp;<span style=\"color: #ff0000;\"><strong><u>Vendredi 06 mars<\/u><\/strong><\/span><span style=\"color: #ff0000;\"><strong><u> 2026 \u00e0<\/u><\/strong><u> 12h00<\/u> <\/span><span style=\"font-size: 12px;\">(date de limite de d\u00e9pot)<\/span>.<\/h4>\n<p>Cette campagne concerne&nbsp;:<\/p>\n<p>1. Les premi\u00e8res demandes formul\u00e9es par les familles install\u00e9es dans la circonscription consulaire apr\u00e8s la date limite de d\u00e9p\u00f4t des dossiers du 1er conseil consulaire des bourses scolaires (CCB1),<\/p>\n<p>2. Les demandes ajourn\u00e9es par l\u2019AEFE apr\u00e8s avis de la 1<sup>\u00e8re<\/sup> Commission nationale des bourses,<\/p>\n<p>3. Les demandes de r\u00e9vision exprim\u00e9es par les familles dont la situation financi\u00e8re s\u2019est significativement d\u00e9grad\u00e9e depuis le CCB1,<\/p>\n<p>Les demandeurs devront d\u00e9poser leur dossier complet, en confirmant une demande de rendez-vous par courriel :&nbsp; &nbsp; &nbsp; &nbsp; &nbsp; &nbsp; &nbsp; &nbsp; &nbsp; &nbsp; &nbsp; &nbsp;<span style=\"color: #3366ff;\"><a style=\"color: #3366ff;\" href=\"mailto:etat-civil.la-havane-amba@diplomatie.gouv.fr\" target=\"_blank\" rel=\"noopener\">etat-civil.la-havane-amba@<wbr>diplomatie.gouv.fr<\/a><\/span><\/p>\n<p>Tr\u00e8s cordialement,<\/p>\n<blockquote>\n<p><i>Pour plus d&rsquo;information, consultez les sites :<\/i><\/p>\n<p><span style=\"color: #0000ff;\"><a style=\"color: #0000ff;\" href=\"https:\/\/cu.diplomatie.gouv.fr\/fr\/famille\/bourses-scolaires-nord\">https:\/\/cu.diplomatie.gouv.fr\/fr\/famille\/bourses-scolaires-nord<\/a><\/span><\/p>\n<\/blockquote><\/div>\n\t\t\t\t<\/div>\n\t\t\t\t<\/div>\n\t\t\t\t<section class=\"elementor-section elementor-inner-section elementor-element elementor-element-188b5d4 elementor-section-boxed elementor-section-height-default elementor-section-height-default\" data-id=\"188b5d4\" data-element_type=\"section\">\n\t\t\t\t\t\t<div class=\"elementor-container elementor-column-gap-default\">\n\t\t\t\t\t\t\t<div class=\"elementor-row\">\n\t\t\t\t\t<div class=\"elementor-column elementor-col-100 elementor-inner-column elementor-element elementor-element-55258d94\" data-id=\"55258d94\" data-element_type=\"column\" data-settings=\"{&quot;background_background&quot;:&quot;classic&quot;}\">\n\t\t\t<div class=\"elementor-column-wrap elementor-element-populated\">\n\t\t\t\t\t\t\t<div class=\"elementor-widget-wrap\">\n\t\t\t\t\t\t<div class=\"elementor-element elementor-element-1a86d9c4 elementor-widget elementor-widget-heading\" data-id=\"1a86d9c4\" data-element_type=\"widget\" data-widget_type=\"heading.default\">\n\t\t\t\t<div class=\"elementor-widget-container\">\n\t\t\t<h5 class=\"elementor-heading-title elementor-size-default\">Documentation disponible \u00e0 t\u00e9l\u00e9charger :<\/h5>\t\t<\/div>\n\t\t\t\t<\/div>\n\t\t\t\t<div class=\"elementor-element elementor-element-49678a4e elementor-widget elementor-widget-spacer\" data-id=\"49678a4e\" data-element_type=\"widget\" data-widget_type=\"spacer.default\">\n\t\t\t\t<div class=\"elementor-widget-container\">\n\t\t\t\t\t<div class=\"elementor-spacer\">\n\t\t\t<div class=\"elementor-spacer-inner\"><\/div>\n\t\t<\/div>\n\t\t\t\t<\/div>\n\t\t\t\t<\/div>\n\t\t\t\t<section class=\"elementor-section elementor-inner-section elementor-element elementor-element-39b22103 elementor-section-boxed elementor-section-height-default elementor-section-height-default\" data-id=\"39b22103\" data-element_type=\"section\" data-settings=\"{&quot;background_background&quot;:&quot;classic&quot;}\">\n\t\t\t\t\t\t<div class=\"elementor-container elementor-column-gap-default\">\n\t\t\t\t\t\t\t<div class=\"elementor-row\">\n\t\t\t\t\t<div class=\"elementor-column elementor-col-50 elementor-inner-column elementor-element elementor-element-65ac3fd3 width-auto\" data-id=\"65ac3fd3\" data-element_type=\"column\">\n\t\t\t<div class=\"elementor-column-wrap elementor-element-populated\">\n\t\t\t\t\t\t\t<div class=\"elementor-widget-wrap\">\n\t\t\t\t\t\t<div class=\"elementor-element elementor-element-50438493 elementor-view-default elementor-widget elementor-widget-icon\" data-id=\"50438493\" data-element_type=\"widget\" data-widget_type=\"icon.default\">\n\t\t\t\t<div class=\"elementor-widget-container\">\n\t\t\t\t\t<div class=\"elementor-icon-wrapper\">\n\t\t\t<div class=\"elementor-icon\">\n\t\t\t\t\t\t<\/div>\n\t\t<\/div>\n\t\t\t\t<\/div>\n\t\t\t\t<\/div>\n\t\t\t\t\t\t<\/div>\n\t\t\t\t\t<\/div>\n\t\t<\/div>\n\t\t\t\t<div class=\"elementor-column elementor-col-50 elementor-inner-column elementor-element elementor-element-5d84107\" data-id=\"5d84107\" data-element_type=\"column\">\n\t\t\t<div class=\"elementor-column-wrap elementor-element-populated\">\n\t\t\t\t\t\t\t<div class=\"elementor-widget-wrap\">\n\t\t\t\t\t\t<div class=\"elementor-element elementor-element-6d0271df elementor-widget elementor-widget-heading\" data-id=\"6d0271df\" data-element_type=\"widget\" data-widget_type=\"heading.default\">\n\t\t\t\t<div class=\"elementor-widget-container\">\n\t\t\t<p class=\"elementor-heading-title elementor-size-default\"><a href=\"https:\/\/cu.ambafrance.org\/IMG\/pdf\/formulaire_demande__de__bourse_2025-2026_rn.pdf?5493\/88c105750dfd92ef3fb2d3421f14eb78c8678d6d\" target=\"_blank\">Formulaire de demande de bourse 2025-2026\n<\/a><\/p>\t\t<\/div>\n\t\t\t\t<\/div>\n\t\t\t\t\t\t<\/div>\n\t\t\t\t\t<\/div>\n\t\t<\/div>\n\t\t\t\t\t\t\t\t<\/div>\n\t\t\t\t\t<\/div>\n\t\t<\/section>\n\t\t\t\t<section class=\"elementor-section elementor-inner-section elementor-element elementor-element-461db650 elementor-section-boxed elementor-section-height-default elementor-section-height-default\" data-id=\"461db650\" data-element_type=\"section\" data-settings=\"{&quot;background_background&quot;:&quot;classic&quot;}\">\n\t\t\t\t\t\t<div class=\"elementor-container elementor-column-gap-default\">\n\t\t\t\t\t\t\t<div class=\"elementor-row\">\n\t\t\t\t\t<div class=\"elementor-column elementor-col-50 elementor-inner-column elementor-element elementor-element-70bb503 width-auto\" data-id=\"70bb503\" data-element_type=\"column\">\n\t\t\t<div class=\"elementor-column-wrap elementor-element-populated\">\n\t\t\t\t\t\t\t<div class=\"elementor-widget-wrap\">\n\t\t\t\t\t\t<div class=\"elementor-element elementor-element-4d3d71d1 elementor-view-default elementor-widget elementor-widget-icon\" data-id=\"4d3d71d1\" data-element_type=\"widget\" data-widget_type=\"icon.default\">\n\t\t\t\t<div class=\"elementor-widget-container\">\n\t\t\t\t\t<div class=\"elementor-icon-wrapper\">\n\t\t\t<div class=\"elementor-icon\">\n\t\t\t\t\t\t<\/div>\n\t\t<\/div>\n\t\t\t\t<\/div>\n\t\t\t\t<\/div>\n\t\t\t\t\t\t<\/div>\n\t\t\t\t\t<\/div>\n\t\t<\/div>\n\t\t\t\t<div class=\"elementor-column elementor-col-50 elementor-inner-column elementor-element elementor-element-7fa87020\" data-id=\"7fa87020\" data-element_type=\"column\">\n\t\t\t<div class=\"elementor-column-wrap elementor-element-populated\">\n\t\t\t\t\t\t\t<div class=\"elementor-widget-wrap\">\n\t\t\t\t\t\t<div class=\"elementor-element elementor-element-a5548a4 elementor-widget elementor-widget-heading\" data-id=\"a5548a4\" data-element_type=\"widget\" data-widget_type=\"heading.default\">\n\t\t\t\t<div class=\"elementor-widget-container\">\n\t\t\t<p class=\"elementor-heading-title elementor-size-default\"><a href=\"https:\/\/cu.ambafrance.org\/IMG\/pdf\/liste_piece_justificatives_demande_de_bourse_2025-2026.pdf?5494\/3bd048b173ef3e514609177a163bb64c4b1c2d3e\" target=\"_blank\">Liste des pi\u00e8ces justificatives 2025-2026<\/a><\/p>\t\t<\/div>\n\t\t\t\t<\/div>\n\t\t\t\t\t\t<\/div>\n\t\t\t\t\t<\/div>\n\t\t<\/div>\n\t\t\t\t\t\t\t\t<\/div>\n\t\t\t\t\t<\/div>\n\t\t<\/section>\n\t\t\t\t<section class=\"elementor-section elementor-inner-section elementor-element elementor-element-6ae939a5 elementor-section-boxed elementor-section-height-default elementor-section-height-default\" data-id=\"6ae939a5\" data-element_type=\"section\" data-settings=\"{&quot;background_background&quot;:&quot;classic&quot;}\">\n\t\t\t\t\t\t<div class=\"elementor-container elementor-column-gap-default\">\n\t\t\t\t\t\t\t<div class=\"elementor-row\">\n\t\t\t\t\t<div class=\"elementor-column elementor-col-50 elementor-inner-column elementor-element elementor-element-5ab8f006 width-auto\" data-id=\"5ab8f006\" data-element_type=\"column\">\n\t\t\t<div class=\"elementor-column-wrap elementor-element-populated\">\n\t\t\t\t\t\t\t<div class=\"elementor-widget-wrap\">\n\t\t\t\t\t\t<div class=\"elementor-element elementor-element-ca717c3 elementor-view-default elementor-widget elementor-widget-icon\" data-id=\"ca717c3\" data-element_type=\"widget\" data-widget_type=\"icon.default\">\n\t\t\t\t<div class=\"elementor-widget-container\">\n\t\t\t\t\t<div class=\"elementor-icon-wrapper\">\n\t\t\t<div class=\"elementor-icon\">\n\t\t\t\t\t\t<\/div>\n\t\t<\/div>\n\t\t\t\t<\/div>\n\t\t\t\t<\/div>\n\t\t\t\t\t\t<\/div>\n\t\t\t\t\t<\/div>\n\t\t<\/div>\n\t\t\t\t<div class=\"elementor-column elementor-col-50 elementor-inner-column elementor-element elementor-element-201dddc1\" data-id=\"201dddc1\" data-element_type=\"column\">\n\t\t\t<div class=\"elementor-column-wrap elementor-element-populated\">\n\t\t\t\t\t\t\t<div class=\"elementor-widget-wrap\">\n\t\t\t\t\t\t<div class=\"elementor-element elementor-element-4e3f06f6 elementor-widget elementor-widget-heading\" data-id=\"4e3f06f6\" data-element_type=\"widget\" data-widget_type=\"heading.default\">\n\t\t\t\t<div class=\"elementor-widget-container\">\n\t\t\t<p class=\"elementor-heading-title elementor-size-default\"><a href=\"http:\/\/lfih.org\/wp-content\/uploads\/2022\/01\/2022-2023-NOUVELLE-Brochure-dinformation-aux-familles-du-RN.pdf\" target=\"_blank\">Brochure d'information aux familles du RN<\/a><\/p>\t\t<\/div>\n\t\t\t\t<\/div>\n\t\t\t\t\t\t<\/div>\n\t\t\t\t\t<\/div>\n\t\t<\/div>\n\t\t\t\t\t\t\t\t<\/div>\n\t\t\t\t\t<\/div>\n\t\t<\/section>\n\t\t\t\t\t\t<\/div>\n\t\t\t\t\t<\/div>\n\t\t<\/div>\n\t\t\t\t\t\t\t\t<\/div>\n\t\t\t\t\t<\/div>\n\t\t<\/section>\n\t\t\t\t\t\t<\/div>\n\t\t\t\t\t<\/div>\n\t\t<\/div>\n\t\t\t\t\t\t\t\t<\/div>\n\t\t\t\t\t<\/div>\n\t\t<\/section>\n\t\t\t\t<section class=\"elementor-section elementor-top-section elementor-element elementor-element-2b103924 elementor-section-boxed elementor-section-height-default elementor-section-height-default\" data-id=\"2b103924\" data-element_type=\"section\" data-settings=\"{&quot;background_background&quot;:&quot;classic&quot;}\">\n\t\t\t\t\t\t\t<div class=\"elementor-background-overlay\"><\/div>\n\t\t\t\t\t\t\t<div class=\"elementor-container elementor-column-gap-default\">\n\t\t\t\t\t\t\t<div class=\"elementor-row\">\n\t\t\t\t\t<div class=\"elementor-column elementor-col-100 elementor-top-column elementor-element elementor-element-174279c7\" data-id=\"174279c7\" data-element_type=\"column\">\n\t\t\t<div class=\"elementor-column-wrap elementor-element-populated\">\n\t\t\t\t\t\t\t<div class=\"elementor-widget-wrap\">\n\t\t\t\t\t\t<section class=\"elementor-section elementor-inner-section elementor-element elementor-element-72004814 elementor-section-boxed elementor-section-height-default elementor-section-height-default\" data-id=\"72004814\" data-element_type=\"section\">\n\t\t\t\t\t\t<div class=\"elementor-container elementor-column-gap-default\">\n\t\t\t\t\t\t\t<div class=\"elementor-row\">\n\t\t\t\t\t<div class=\"elementor-column elementor-col-100 elementor-inner-column elementor-element elementor-element-45d93c31\" data-id=\"45d93c31\" data-element_type=\"column\">\n\t\t\t<div class=\"elementor-column-wrap elementor-element-populated\">\n\t\t\t\t\t\t\t<div class=\"elementor-widget-wrap\">\n\t\t\t\t\t\t<div class=\"elementor-element elementor-element-35149c05 elementor-widget elementor-widget-heading\" data-id=\"35149c05\" data-element_type=\"widget\" data-widget_type=\"heading.default\">\n\t\t\t\t<div class=\"elementor-widget-container\">\n\t\t\t<h4 class=\"elementor-heading-title elementor-size-default\">Au b\u00e9n\u00e9fice des enfants fran\u00e7ais r\u00e9sidents avec leur famille \u00e0 l'\u00e9tranger<\/h4>\t\t<\/div>\n\t\t\t\t<\/div>\n\t\t\t\t\t\t<\/div>\n\t\t\t\t\t<\/div>\n\t\t<\/div>\n\t\t\t\t\t\t\t\t<\/div>\n\t\t\t\t\t<\/div>\n\t\t<\/section>\n\t\t\t\t<section class=\"elementor-section elementor-inner-section elementor-element elementor-element-f7767cb elementor-section-boxed elementor-section-height-default elementor-section-height-default\" data-id=\"f7767cb\" data-element_type=\"section\">\n\t\t\t\t\t\t<div class=\"elementor-container elementor-column-gap-default\">\n\t\t\t\t\t\t\t<div class=\"elementor-row\">\n\t\t\t\t\t<div class=\"elementor-column elementor-col-100 elementor-inner-column elementor-element elementor-element-e3868b4\" data-id=\"e3868b4\" data-element_type=\"column\">\n\t\t\t<div class=\"elementor-column-wrap elementor-element-populated\">\n\t\t\t\t\t\t\t<div class=\"elementor-widget-wrap\">\n\t\t\t\t\t\t<div class=\"elementor-element elementor-element-f327565 elementor-widget elementor-widget-text-editor\" data-id=\"f327565\" data-element_type=\"widget\" data-widget_type=\"text-editor.default\">\n\t\t\t\t<div class=\"elementor-widget-container\">\n\t\t\t\t\t<div class=\"elementor-text-editor elementor-clearfix\"><p class=\"p1\">L\u2019\u00c9tat fran\u00e7ais apporte, selon les revenus des familles fran\u00e7aises, une aide financi\u00e8re pour garantir la scolarisation de leur enfant de la maternelle \u00e0 partir de 3 ans \u00e0 la terminale.<\/p><p class=\"p1\">Les familles sont inform\u00e9es des modalit\u00e9s du dispositif r\u00e9gissant l\u2019attribution des bourses scolaires. Les dossiers \u00e0 remplir peuvent \u00eatre retir\u00e9s au secr\u00e9tariat de l\u2019\u00e9tablissement ou au Consulat \u00e0 partir du 1<span class=\"s1\"><sup>er<\/sup><\/span> f\u00e9vrier de chaque ann\u00e9e civile. Les dossiers compl\u00e9t\u00e9s seront ensuite retourn\u00e9s au Consulat de France avant la date limite indiqu\u00e9e. Les r\u00e9sultats de la commission des bourses sont communiqu\u00e9s directement aux parents par le Consulat<\/p><p class=\"p1\">Il est rappel\u00e9 que pour pouvoir pr\u00e9tendre \u00e0 une bourse, les enfants doivent\u00a0:<\/p><ul class=\"ul1\"><li class=\"li1\" style=\"text-align: left;\"><p class=\"p1\">Etre de nationalit\u00e9 fran\u00e7aise<\/p><\/li><li class=\"li1\" style=\"text-align: left;\"><p class=\"p1\">R\u00e9sider avec leur famille (p\u00e8re et\/ou m\u00e8re, tuteur l\u00e9gal) dans le pays<\/p><\/li><li class=\"li1\" style=\"text-align: left;\"><p class=\"p1\">Etre inscrits au Registre mondial des Fran\u00e7ais \u00e9tablis hors de France (le demandeur de la bourse doit \u00e9galement \u00eatre inscrit \u00e0 ce registre quelle que soit sa nationalit\u00e9)<\/p><\/li><li class=\"li1\" style=\"text-align: left;\"><p class=\"p1\">Etre \u00e2g\u00e9s d\u2019au moins 3 ans au cours de l\u2019ann\u00e9e civile de la rentr\u00e9e scolaire (2013) ou, au-del\u00e0 de 16 ans, ne pas avoir un retard scolaire de plus de deux ans.<\/p><\/li><li class=\"li1\" style=\"text-align: left;\"><p class=\"p1\">Fr\u00e9quenter r\u00e9guli\u00e8rement les cours<\/p><\/li><\/ul><p class=\"p1\">Par ailleurs, les familles ne doivent pas b\u00e9n\u00e9ficier des prestations sociales fran\u00e7aises (allocations familiales, cong\u00e9 parental\u2026).<\/p><\/div>\n\t\t\t\t<\/div>\n\t\t\t\t<\/div>\n\t\t\t\t\t\t<\/div>\n\t\t\t\t\t<\/div>\n\t\t<\/div>\n\t\t\t\t\t\t\t\t<\/div>\n\t\t\t\t\t<\/div>\n\t\t<\/section>\n\t\t\t\t\t\t<\/div>\n\t\t\t\t\t<\/div>\n\t\t<\/div>\n\t\t\t\t\t\t\t\t<\/div>\n\t\t\t\t\t<\/div>\n\t\t<\/section>\n\t\t\t\t\t\t<\/div>\n\t\t\t\t\t\t<\/div>\n\t\t\t\t\t<\/div>\n\t\t","protected":false},"excerpt":{"rendered":"<p>2nde Campagne de bourses 2026-2027 Bonjour,L\u2019ambassade de France \u00e0 La Havane informe que la 2\u00e8me campagne boursi\u00e8re 2026\/2027 est ouverte.&nbsp;<a href=\"https:\/\/lfih.org\/index.php\/bourses-scolaires\/\">&hellip;<\/a><\/p>\n","protected":false},"author":1,"featured_media":0,"parent":0,"menu_order":0,"comment_status":"closed","ping_status":"closed","template":"","meta":[],"_links":{"self":[{"href":"https:\/\/lfih.org\/index.php\/wp-json\/wp\/v2\/pages\/1872"}],"collection":[{"href":"https:\/\/lfih.org\/index.php\/wp-json\/wp\/v2\/pages"}],"about":[{"href":"https:\/\/lfih.org\/index.php\/wp-json\/wp\/v2\/types\/page"}],"author":[{"embeddable":true,"href":"https:\/\/lfih.org\/index.php\/wp-json\/wp\/v2\/users\/1"}],"replies":[{"embeddable":true,"href":"https:\/\/lfih.org\/index.php\/wp-json\/wp\/v2\/comments?post=1872"}],"version-history":[{"count":154,"href":"https:\/\/lfih.org\/index.php\/wp-json\/wp\/v2\/pages\/1872\/revisions"}],"predecessor-version":[{"id":30827,"href":"https:\/\/lfih.org\/index.php\/wp-json\/wp\/v2\/pages\/1872\/revisions\/30827"}],"wp:attachment":[{"href":"https:\/\/lfih.org\/index.php\/wp-json\/wp\/v2\/media?parent=1872"}],"curies":[{"name":"wp","href":"https:\/\/api.w.org\/{rel}","templated":true}]}}