{"id":13745,"date":"2024-03-14T16:47:10","date_gmt":"2024-03-14T20:47:10","guid":{"rendered":"https:\/\/lfih.org\/?page_id=13745"},"modified":"2024-03-18T12:35:27","modified_gmt":"2024-03-18T16:35:27","slug":"procedure-d-inscription-annee-scolaire-2024-2025","status":"publish","type":"page","link":"https:\/\/lfih.org\/index.php\/procedure-d-inscription-annee-scolaire-2024-2025\/","title":{"rendered":"Proc\u00e9dure d&rsquo;Inscription ann\u00e9e scolaire 2024-2025"},"content":{"rendered":"\t\t<div data-elementor-type=\"wp-page\" data-elementor-id=\"13745\" class=\"elementor elementor-13745\" data-elementor-settings=\"[]\">\n\t\t\t\t\t\t<div class=\"elementor-inner\">\n\t\t\t\t\t\t\t<div class=\"elementor-section-wrap\">\n\t\t\t\t\t\t\t<section class=\"elementor-section elementor-top-section elementor-element elementor-element-9e0e146 elementor-section-boxed elementor-section-height-default elementor-section-height-default\" data-id=\"9e0e146\" data-element_type=\"section\">\n\t\t\t\t\t\t<div class=\"elementor-container elementor-column-gap-default\">\n\t\t\t\t\t\t\t<div class=\"elementor-row\">\n\t\t\t\t\t<div class=\"elementor-column elementor-col-100 elementor-top-column elementor-element elementor-element-aa8cc35\" data-id=\"aa8cc35\" data-element_type=\"column\">\n\t\t\t<div class=\"elementor-column-wrap elementor-element-populated\">\n\t\t\t\t\t\t\t<div class=\"elementor-widget-wrap\">\n\t\t\t\t\t\t<div class=\"elementor-element elementor-element-017e9d8 elementor-widget elementor-widget-heading\" data-id=\"017e9d8\" data-element_type=\"widget\" data-widget_type=\"heading.default\">\n\t\t\t\t<div class=\"elementor-widget-container\">\n\t\t\t<h2 class=\"elementor-heading-title elementor-size-default\">PREMI\u00c8RE INSCRIPTION ANN\u00c9E SCOLAIRE                         2024-2025<\/h2>\t\t<\/div>\n\t\t\t\t<\/div>\n\t\t\t\t\t\t<\/div>\n\t\t\t\t\t<\/div>\n\t\t<\/div>\n\t\t\t\t\t\t\t\t<\/div>\n\t\t\t\t\t<\/div>\n\t\t<\/section>\n\t\t\t\t<section class=\"elementor-section elementor-top-section elementor-element elementor-element-b7d048d elementor-section-boxed elementor-section-height-default elementor-section-height-default\" data-id=\"b7d048d\" data-element_type=\"section\">\n\t\t\t\t\t\t<div class=\"elementor-container elementor-column-gap-default\">\n\t\t\t\t\t\t\t<div class=\"elementor-row\">\n\t\t\t\t\t<div class=\"elementor-column elementor-col-100 elementor-top-column elementor-element elementor-element-5ba0193\" data-id=\"5ba0193\" data-element_type=\"column\">\n\t\t\t<div class=\"elementor-column-wrap elementor-element-populated\">\n\t\t\t\t\t\t\t<div class=\"elementor-widget-wrap\">\n\t\t\t\t\t\t<div class=\"elementor-element elementor-element-3c600e6 elementor-widget elementor-widget-text-editor\" data-id=\"3c600e6\" data-element_type=\"widget\" data-widget_type=\"text-editor.default\">\n\t\t\t\t<div class=\"elementor-widget-container\">\n\t\t\t\t\t<div class=\"elementor-text-editor elementor-clearfix\"><p><span style=\"font-size: 10.0pt; font-family: 'Arial',sans-serif; color: black; background: white;\">Chers parents,<br \/><br \/>C\u2019est avec un grand plaisir que nous accueillerons votre\/vos enfant (s) dans notre \u00e9tablissement.<u><\/u><u><\/u><\/span><\/p><p class=\"MsoNormal\"><span style=\"font-size: 10.0pt; font-family: 'Arial',sans-serif; color: black; background: white;\">Les inscriptions se font en ligne \u00e0 partir du portail EDUKA. Afin de confirmer l\u2019inscription de votre\/vos enfant(s) pour l&rsquo;ann\u00e9e scolaire 2024-2025, vous devrez effectuer les \u00e9tapes suivantes dans l\u2019ordre indiqu\u00e9 <b><u>avant le 17 juin 2024<\/u><\/b> :<\/span><u><\/u><u><\/u><\/p><p class=\"MsoNormal\" style=\"margin-bottom: 9.0pt; margin-left: 48.0pt; background: white;\"><u><\/u><b><span style=\"font-size: 10.0pt; font-family: 'Arial',sans-serif; color: black;\">1.<span style=\"font: 7.0pt 'Times New Roman';\">\u00a0\u00a0\u00a0\u00a0 <\/span><\/span><\/b><u><\/u><b><span style=\"font-size: 10.0pt; font-family: 'Arial',sans-serif; color: black; background: white;\">Remplir le formulaire de premi\u00e8re inscription sur la plateforme EDUKA. Nous vous invitons \u00e0 suivre le <\/span><\/b><b><span style=\"font-size: 10.0pt; font-family: 'Arial',sans-serif; color: red; background: white;\">Tutoriel <\/span><\/b><b><span style=\"font-size: 10.0pt; font-family: 'Arial',sans-serif; color: black; background: white;\">en pi\u00e8ce jointe pour remplir votre formulaire en ligne.<\/span><\/b><u><\/u><u><\/u><\/p><ul style=\"margin-top: 0cm;\" type=\"disc\"><li class=\"m_-1947565233375996921MsoListParagraph\" style=\"color: black; margin-bottom: 0cm; margin-left: 30.0pt; line-height: 115%;\"><span style=\"font-size: 10.0pt; line-height: 115%; font-family: 'Arial',sans-serif; background: white;\">Pour r\u00e9aliser une d\u00e9marche d\u2019inscription, connectez-vous \u00e0 Eduka\u00a0: <a href=\"https:\/\/ecolehavane.eduka.school\/login\" target=\"_blank\" rel=\"noopener\" data-saferedirecturl=\"https:\/\/www.google.com\/url?q=https:\/\/ecolehavane.eduka.school\/login&amp;source=gmail&amp;ust=1710535459090000&amp;usg=AOvVaw285YYoK61JaAHXUmBw_-dY\">https:\/\/ecolehavane.eduka.<wbr \/>school\/login<\/a><u><\/u><u><\/u><\/span><\/li><li class=\"MsoNormal\" style=\"color: black; margin-right: 3.75pt; margin-bottom: 9.0pt; margin-left: 30.0pt; line-height: 115%; background: white;\"><span style=\"font-size: 10.0pt; line-height: 115%; font-family: 'Arial',sans-serif; background: white;\">Remplir le formulaire de premi\u00e8re inscription pour 2024-2025.\u00a0<br \/><\/span><i><span style=\"font-size: 10.0pt; line-height: 115%; font-family: 'Arial',sans-serif; color: red;\">Attention :\u00a0l\u2019ann\u00e9e 2023-2024 restera ouverte jusqu\u2019\u00e0 la fin de l\u2019ann\u00e9e scolaire.<u> <\/u><\/span><\/i><b><i><span style=\"font-size: 10.0pt; line-height: 115%; font-family: 'Arial',sans-serif; color: #004e9a;\">Pensez \u00e0 bien choisir l\u2019ann\u00e9e scolaire 2024-2025<\/span><\/i><\/b><i><span style=\"font-size: 10.0pt; line-height: 115%; font-family: 'Arial',sans-serif; color: #004e9a;\">.<\/span><\/i><u><\/u><u><\/u><\/li><li class=\"MsoNormal\" style=\"color: black; margin-right: 3.75pt; margin-bottom: 9.0pt; margin-left: 30.0pt; line-height: 115%; background: white;\"><span style=\"font-size: 10.0pt; line-height: 115%; font-family: 'Arial',sans-serif; background: white;\">\u00c0 la fin du processus d\u2019inscription en ligne, vous recevrez un email automatique confirmant l&rsquo;envoi du dossier.<\/span><u><\/u><u><\/u><\/li><li class=\"MsoNormal\" style=\"color: black; margin-right: 3.75pt; margin-bottom: 9.0pt; margin-left: 30.0pt; line-height: 115%; background: white;\"><span style=\"font-size: 10.0pt; line-height: 115%; font-family: 'Arial',sans-serif; background: white;\">Pour toute question concernant le processus d\u2019inscription, nous vous invitons \u00e0 contacter l\u2019administration \u00e0 l\u2019adresse\u00a0:\u00a0<\/span><a href=\"mailto:secretariat@ecolehavane.org\" target=\"_blank\" rel=\"noopener\">secretariat@<wbr \/>ecolehavane.org<\/a> <span style=\"font-size: 10.0pt; line-height: 115%; font-family: 'Arial',sans-serif; background: white;\">\u00a0<\/span><u><\/u><u><\/u><\/li><\/ul><p class=\"m_-1947565233375996921MsoListParagraph\" style=\"margin-right: 3.75pt; margin-bottom: 9.0pt; margin-left: 51.75pt; line-height: normal; background: white;\"><u><\/u><b><span style=\"font-size: 10.0pt; font-family: 'Arial',sans-serif; color: black;\">2.<span style=\"font: 7.0pt 'Times New Roman';\">\u00a0\u00a0\u00a0\u00a0 <\/span><\/span><\/b><u><\/u><b><span style=\"font-size: 10.0pt; font-family: 'Arial',sans-serif; color: black; background: white;\">R\u00e9aliser le paiement de premi\u00e8re inscription<\/span><\/b><u><\/u><u><\/u><\/p><p class=\"MsoNormal\" style=\"margin-right: 7.5pt; margin-bottom: 9.0pt; margin-left: 67.5pt; background: white;\"><u><\/u><span style=\"font-size: 10.0pt; font-family: Symbol; color: black;\">\u00b7<span style=\"font: 7.0pt 'Times New Roman';\">\u00a0\u00a0\u00a0\u00a0\u00a0\u00a0\u00a0\u00a0 <\/span><\/span><u><\/u><span style=\"font-size: 10.0pt; font-family: 'Arial',sans-serif; color: black; background: white;\">Pour toute question concernant les paiements, veuillez contacter le d\u00e9partement de comptabilit\u00e9 \u00e0 l&rsquo;adresse suivante :\u00a0<\/span><span style=\"color: black;\"><a href=\"mailto:assistantadm@ecolehavane.org\" target=\"_blank\" rel=\"noopener\">assistantadm@ecolehavane.org<\/a><\/span><u><\/u><u><\/u><\/p><p class=\"m_-1947565233375996921MsoListParagraph\" style=\"margin-right: 3.75pt; margin-bottom: 9.0pt; margin-left: 51.75pt; line-height: normal; background: white;\"><u><\/u><b><span style=\"font-size: 10.0pt; font-family: 'Arial',sans-serif; color: black;\">3.<span style=\"font: 7.0pt 'Times New Roman';\">\u00a0\u00a0\u00a0\u00a0 <\/span><\/span><\/b><u><\/u><b><span style=\"font-size: 10.0pt; font-family: 'Arial',sans-serif; color: black; background: white;\">\u00a0Attendre la validation du dossier sur EDUKA par l\u2019\u00e9quipe des admissions.<\/span><\/b><u><\/u><u><\/u><\/p><p class=\"MsoNormal\"><span style=\"font-size: 10.0pt; font-family: 'Arial',sans-serif; color: black;\"><u><\/u>\u00a0<u><\/u><\/span><\/p><p><span style=\"font-size: 10.0pt; font-family: 'Arial',sans-serif; color: black; background: white;\">L&rsquo;\u00e9quipe administrative se tient \u00e0 votre disposition pour tout renseignement compl\u00e9mentaire.<br \/><br \/><\/span><span lang=\"ES\" style=\"font-size: 10.0pt; font-family: 'Arial',sans-serif; color: black; background: white;\">Cordialement,<\/span><\/p><\/div>\n\t\t\t\t<\/div>\n\t\t\t\t<\/div>\n\t\t\t\t\t\t<\/div>\n\t\t\t\t\t<\/div>\n\t\t<\/div>\n\t\t\t\t\t\t\t\t<\/div>\n\t\t\t\t\t<\/div>\n\t\t<\/section>\n\t\t\t\t\t\t<\/div>\n\t\t\t\t\t\t<\/div>\n\t\t\t\t\t<\/div>\n\t\t","protected":false},"excerpt":{"rendered":"<p>PREMI\u00c8RE INSCRIPTION ANN\u00c9E SCOLAIRE 2024-2025 Chers parents, C\u2019est avec un grand plaisir que nous accueillerons votre\/vos enfant (s) dans notre&nbsp;<a href=\"https:\/\/lfih.org\/index.php\/procedure-d-inscription-annee-scolaire-2024-2025\/\">&hellip;<\/a><\/p>\n","protected":false},"author":1,"featured_media":0,"parent":0,"menu_order":0,"comment_status":"closed","ping_status":"closed","template":"","meta":[],"_links":{"self":[{"href":"https:\/\/lfih.org\/index.php\/wp-json\/wp\/v2\/pages\/13745"}],"collection":[{"href":"https:\/\/lfih.org\/index.php\/wp-json\/wp\/v2\/pages"}],"about":[{"href":"https:\/\/lfih.org\/index.php\/wp-json\/wp\/v2\/types\/page"}],"author":[{"embeddable":true,"href":"https:\/\/lfih.org\/index.php\/wp-json\/wp\/v2\/users\/1"}],"replies":[{"embeddable":true,"href":"https:\/\/lfih.org\/index.php\/wp-json\/wp\/v2\/comments?post=13745"}],"version-history":[{"count":11,"href":"https:\/\/lfih.org\/index.php\/wp-json\/wp\/v2\/pages\/13745\/revisions"}],"predecessor-version":[{"id":13798,"href":"https:\/\/lfih.org\/index.php\/wp-json\/wp\/v2\/pages\/13745\/revisions\/13798"}],"wp:attachment":[{"href":"https:\/\/lfih.org\/index.php\/wp-json\/wp\/v2\/media?parent=13745"}],"curies":[{"name":"wp","href":"https:\/\/api.w.org\/{rel}","templated":true}]}}