{"id":1260,"date":"2021-01-07T09:55:04","date_gmt":"2021-01-07T14:55:04","guid":{"rendered":"https:\/\/lfih.org\/?page_id=1260"},"modified":"2024-12-12T10:33:38","modified_gmt":"2024-12-12T15:33:38","slug":"instancias","status":"publish","type":"page","link":"https:\/\/lfih.org\/index.php\/instancias\/","title":{"rendered":"Las entidades"},"content":{"rendered":"\t\t<div data-elementor-type=\"wp-page\" data-elementor-id=\"1260\" class=\"elementor elementor-1260\" data-elementor-settings=\"[]\">\n\t\t\t\t\t\t<div class=\"elementor-inner\">\n\t\t\t\t\t\t\t<div class=\"elementor-section-wrap\">\n\t\t\t\t\t\t\t<section class=\"elementor-section elementor-top-section elementor-element elementor-element-448a942 elementor-section-boxed elementor-section-height-default elementor-section-height-default\" data-id=\"448a942\" data-element_type=\"section\">\n\t\t\t\t\t\t<div class=\"elementor-container elementor-column-gap-default\">\n\t\t\t\t\t\t\t<div class=\"elementor-row\">\n\t\t\t\t\t<div class=\"elementor-column elementor-col-100 elementor-top-column elementor-element elementor-element-f305949\" data-id=\"f305949\" data-element_type=\"column\">\n\t\t\t<div class=\"elementor-column-wrap elementor-element-populated\">\n\t\t\t\t\t\t\t<div class=\"elementor-widget-wrap\">\n\t\t\t\t\t\t<div class=\"elementor-element elementor-element-9d4a285 elementor-widget elementor-widget-heading\" data-id=\"9d4a285\" data-element_type=\"widget\" data-widget_type=\"heading.default\">\n\t\t\t\t<div class=\"elementor-widget-container\">\n\t\t\t<h2 class=\"elementor-heading-title elementor-size-default\">Los diversos consejos y comit\u00e9s de la escuela en los que participan los padres<\/h2>\t\t<\/div>\n\t\t\t\t<\/div>\n\t\t\t\t\t\t<\/div>\n\t\t\t\t\t<\/div>\n\t\t<\/div>\n\t\t\t\t\t\t\t\t<\/div>\n\t\t\t\t\t<\/div>\n\t\t<\/section>\n\t\t\t\t<section class=\"elementor-section elementor-top-section elementor-element elementor-element-100eb83 elementor-section-boxed elementor-section-height-default elementor-section-height-default\" data-id=\"100eb83\" data-element_type=\"section\">\n\t\t\t\t\t\t<div class=\"elementor-container elementor-column-gap-default\">\n\t\t\t\t\t\t\t<div class=\"elementor-row\">\n\t\t\t\t\t<div class=\"elementor-column elementor-col-100 elementor-top-column elementor-element elementor-element-1fbaedc\" data-id=\"1fbaedc\" data-element_type=\"column\">\n\t\t\t<div class=\"elementor-column-wrap elementor-element-populated\">\n\t\t\t\t\t\t\t<div class=\"elementor-widget-wrap\">\n\t\t\t\t\t\t<div class=\"elementor-element elementor-element-45bf268 elementor-widget elementor-widget-image\" data-id=\"45bf268\" data-element_type=\"widget\" data-widget_type=\"image.default\">\n\t\t\t\t<div class=\"elementor-widget-container\">\n\t\t\t\t\t<div class=\"elementor-image\">\n\t\t\t\t\t\t\t\t\t\t<img src=\"http:\/\/lfih.org\/wp-content\/uploads\/2021\/01\/LFH-entre\u0301e.png\" title=\"\" alt=\"\" \/>\t\t\t\t\t\t\t\t\t\t\t<\/div>\n\t\t\t\t<\/div>\n\t\t\t\t<\/div>\n\t\t\t\t<div class=\"elementor-element elementor-element-9612f93 elementor-widget elementor-widget-heading\" data-id=\"9612f93\" data-element_type=\"widget\" data-widget_type=\"heading.default\">\n\t\t\t\t<div class=\"elementor-widget-container\">\n\t\t\t<h2 class=\"elementor-heading-title elementor-size-default\">Organismos de gesti\u00f3n<\/h2>\t\t<\/div>\n\t\t\t\t<\/div>\n\t\t\t\t\t\t<\/div>\n\t\t\t\t\t<\/div>\n\t\t<\/div>\n\t\t\t\t\t\t\t\t<\/div>\n\t\t\t\t\t<\/div>\n\t\t<\/section>\n\t\t\t\t<section class=\"elementor-section elementor-top-section elementor-element elementor-element-0353bad elementor-section-boxed elementor-section-height-default elementor-section-height-default\" data-id=\"0353bad\" data-element_type=\"section\">\n\t\t\t\t\t\t<div class=\"elementor-container elementor-column-gap-default\">\n\t\t\t\t\t\t\t<div class=\"elementor-row\">\n\t\t\t\t\t<div class=\"elementor-column elementor-col-50 elementor-top-column elementor-element elementor-element-8295083\" data-id=\"8295083\" data-element_type=\"column\">\n\t\t\t<div class=\"elementor-column-wrap elementor-element-populated\">\n\t\t\t\t\t\t\t<div class=\"elementor-widget-wrap\">\n\t\t\t\t\t\t<div class=\"elementor-element elementor-element-f7d1688 elementor-widget elementor-widget-text-editor\" data-id=\"f7d1688\" data-element_type=\"widget\" data-widget_type=\"text-editor.default\">\n\t\t\t\t<div class=\"elementor-widget-container\">\n\t\t\t\t\t<div class=\"elementor-text-editor elementor-clearfix\"><ul class=\"ul1\"><li class=\"li1\"><span style=\"color: #0989cc;\"><em><strong>Asociaci\u00f3n de Padres (APE):<\/strong> <\/em><\/span>agrupa a todos los padres de los alumnos de la escuela que han pagado sus cuotas. La Asamblea General de la APE se celebra dos veces por a\u00f1o escolar para elegir la nueva junta; los miembros reci\u00e9n elegidos se colocan en cada escuela.<\/li><\/ul><\/div>\n\t\t\t\t<\/div>\n\t\t\t\t<\/div>\n\t\t\t\t\t\t<\/div>\n\t\t\t\t\t<\/div>\n\t\t<\/div>\n\t\t\t\t<div class=\"elementor-column elementor-col-50 elementor-top-column elementor-element elementor-element-5c467fb\" data-id=\"5c467fb\" data-element_type=\"column\">\n\t\t\t<div class=\"elementor-column-wrap elementor-element-populated\">\n\t\t\t\t\t\t\t<div class=\"elementor-widget-wrap\">\n\t\t\t\t\t\t<div class=\"elementor-element elementor-element-8102373 elementor-widget elementor-widget-text-editor\" data-id=\"8102373\" data-element_type=\"widget\" data-widget_type=\"text-editor.default\">\n\t\t\t\t<div class=\"elementor-widget-container\">\n\t\t\t\t\t<div class=\"elementor-text-editor elementor-clearfix\"><ul class=\"ul1\"><li class=\"li1\"><i><\/i><span style=\"color: #0989cc;\"><em><strong>Asociaci\u00f3n de Padres (APE):<\/strong> <\/em><\/span>agrupa a todos los padres de los alumnos de la escuela que han pagado sus cuotas. La Asamblea General de la APE se celebra dos veces por a\u00f1o escolar para elegir la nueva junta; los miembros reci\u00e9n elegidos se colocan en cada escuela.<br \/>El Comit\u00e9 de Gesti\u00f3n: est\u00e1 formado por los miembros de la APE, elegidos en la Asamblea General. Se vota el presupuesto presentado por el director de la escuela. Valida el proceso de contrataci\u00f3n y decide sobre el despido del personal. Valida los pedidos y los trabajos de inversi\u00f3n que se llevan a cabo en el establecimiento.<\/li><\/ul><\/div>\n\t\t\t\t<\/div>\n\t\t\t\t<\/div>\n\t\t\t\t\t\t<\/div>\n\t\t\t\t\t<\/div>\n\t\t<\/div>\n\t\t\t\t\t\t\t\t<\/div>\n\t\t\t\t\t<\/div>\n\t\t<\/section>\n\t\t\t\t<section class=\"elementor-section elementor-top-section elementor-element elementor-element-b5d4358 elementor-section-boxed elementor-section-height-default elementor-section-height-default\" data-id=\"b5d4358\" data-element_type=\"section\">\n\t\t\t\t\t\t<div class=\"elementor-container elementor-column-gap-default\">\n\t\t\t\t\t\t\t<div class=\"elementor-row\">\n\t\t\t\t\t<div class=\"elementor-column elementor-col-100 elementor-top-column elementor-element elementor-element-4ccf00f\" data-id=\"4ccf00f\" data-element_type=\"column\">\n\t\t\t<div class=\"elementor-column-wrap elementor-element-populated\">\n\t\t\t\t\t\t\t<div class=\"elementor-widget-wrap\">\n\t\t\t\t\t\t<div class=\"elementor-element elementor-element-0aa635d elementor-widget elementor-widget-text-editor\" data-id=\"0aa635d\" data-element_type=\"widget\" data-widget_type=\"text-editor.default\">\n\t\t\t\t<div class=\"elementor-widget-container\">\n\t\t\t\t\t<div class=\"elementor-text-editor elementor-clearfix\"><blockquote><p class=\"p1\"><span style=\"text-decoration: underline;\">\u00bfQui\u00e9n puede presentarse a las elecciones?<\/span> Todos los padres que son miembros de la APE.<br \/><span style=\"text-decoration: underline;\">Frecuencia de las reuniones:<\/span> 1 reuni\u00f3n por mes.<\/p><\/blockquote><\/div>\n\t\t\t\t<\/div>\n\t\t\t\t<\/div>\n\t\t\t\t\t\t<\/div>\n\t\t\t\t\t<\/div>\n\t\t<\/div>\n\t\t\t\t\t\t\t\t<\/div>\n\t\t\t\t\t<\/div>\n\t\t<\/section>\n\t\t\t\t<section class=\"elementor-section elementor-top-section elementor-element elementor-element-3f52ee9 elementor-section-boxed elementor-section-height-default elementor-section-height-default\" data-id=\"3f52ee9\" data-element_type=\"section\">\n\t\t\t\t\t\t<div class=\"elementor-container elementor-column-gap-default\">\n\t\t\t\t\t\t\t<div class=\"elementor-row\">\n\t\t\t\t\t<div class=\"elementor-column elementor-col-100 elementor-top-column elementor-element elementor-element-b39e4e3\" data-id=\"b39e4e3\" data-element_type=\"column\">\n\t\t\t<div class=\"elementor-column-wrap elementor-element-populated\">\n\t\t\t\t\t\t\t<div class=\"elementor-widget-wrap\">\n\t\t\t\t\t\t<div class=\"elementor-element elementor-element-948c2e3 elementor-widget elementor-widget-heading\" data-id=\"948c2e3\" data-element_type=\"widget\" data-widget_type=\"heading.default\">\n\t\t\t\t<div class=\"elementor-widget-container\">\n\t\t\t<h2 class=\"elementor-heading-title elementor-size-default\">Las entidades de la instituci\u00f3n<\/h2>\t\t<\/div>\n\t\t\t\t<\/div>\n\t\t\t\t\t\t<\/div>\n\t\t\t\t\t<\/div>\n\t\t<\/div>\n\t\t\t\t\t\t\t\t<\/div>\n\t\t\t\t\t<\/div>\n\t\t<\/section>\n\t\t\t\t<section class=\"elementor-section elementor-top-section elementor-element elementor-element-93cefc7 elementor-section-boxed elementor-section-height-default elementor-section-height-default\" data-id=\"93cefc7\" data-element_type=\"section\" data-settings=\"{&quot;background_background&quot;:&quot;classic&quot;}\">\n\t\t\t\t\t\t<div class=\"elementor-container elementor-column-gap-default\">\n\t\t\t\t\t\t\t<div class=\"elementor-row\">\n\t\t\t\t\t<div class=\"elementor-column elementor-col-100 elementor-top-column elementor-element elementor-element-ae34535 elementor-invisible\" data-id=\"ae34535\" data-element_type=\"column\" data-settings=\"{&quot;animation&quot;:&quot;fadeInRight&quot;}\">\n\t\t\t<div class=\"elementor-column-wrap elementor-element-populated\">\n\t\t\t\t\t\t\t<div class=\"elementor-widget-wrap\">\n\t\t\t\t\t\t<div class=\"elementor-element elementor-element-c0e119c elementor-widget elementor-widget-spacer\" data-id=\"c0e119c\" data-element_type=\"widget\" data-widget_type=\"spacer.default\">\n\t\t\t\t<div class=\"elementor-widget-container\">\n\t\t\t\t\t<div class=\"elementor-spacer\">\n\t\t\t<div class=\"elementor-spacer-inner\"><\/div>\n\t\t<\/div>\n\t\t\t\t<\/div>\n\t\t\t\t<\/div>\n\t\t\t\t<div class=\"elementor-element elementor-element-f1374ae elementor-tabs-view-horizontal elementor-widget elementor-widget-tabs\" data-id=\"f1374ae\" data-element_type=\"widget\" data-widget_type=\"tabs.default\">\n\t\t\t\t<div class=\"elementor-widget-container\">\n\t\t\t\t\t<div class=\"elementor-tabs\" role=\"tablist\">\n\t\t\t<div class=\"elementor-tabs-wrapper\">\n\t\t\t\t\t\t\t\t\t<div id=\"elementor-tab-title-2521\" class=\"elementor-tab-title elementor-tab-desktop-title\" data-tab=\"1\" role=\"tab\" aria-controls=\"elementor-tab-content-2521\"><a href=\"\">El Consejo Institucional<\/a><\/div>\n\t\t\t\t\t\t\t\t\t<div id=\"elementor-tab-title-2522\" class=\"elementor-tab-title elementor-tab-desktop-title\" data-tab=\"2\" role=\"tab\" aria-controls=\"elementor-tab-content-2522\"><a href=\"\">El Consejo de Escuela<\/a><\/div>\n\t\t\t\t\t\t\t\t\t<div id=\"elementor-tab-title-2523\" class=\"elementor-tab-title elementor-tab-desktop-title\" data-tab=\"3\" role=\"tab\" aria-controls=\"elementor-tab-content-2523\"><a href=\"\">El Consejo de la Secundaria<\/a><\/div>\n\t\t\t\t\t\t\t<\/div>\n\t\t\t<div class=\"elementor-tabs-content-wrapper\">\n\t\t\t\t\t\t\t\t\t<div class=\"elementor-tab-title elementor-tab-mobile-title\" data-tab=\"1\" role=\"tab\">El Consejo Institucional<\/div>\n\t\t\t\t\t<div id=\"elementor-tab-content-2521\" class=\"elementor-tab-content elementor-clearfix\" data-tab=\"1\" role=\"tabpanel\" aria-labelledby=\"elementor-tab-title-2521\"><p>\u00d3rgano principal de decisi\u00f3n que regula los asuntos de la escuela (pedag\u00f3gicos y educativos). Es responsable del primer y segundo nivel. Se encarga de votar el reglamento, el calendario escolar, etc. Est\u00e1 compuesto por padres electos, representantes de la administraci\u00f3n, representantes de los profesores, del personal, de los estudiantes y de la Embajada de Francia.<\/p><blockquote><p><span style=\"text-decoration: underline;\">\u00bfQui\u00e9n puede presentarse a las elecciones?<\/span> Todos los padres.<br \/><span style=\"text-decoration: underline;\">Periodicidad de las reuniones:<\/span> 1 consejo por per\u00edodo.<br \/><span style=\"text-decoration: underline;\">N\u00famero de candidatos requeridos:<\/span> 3 padres, cada uno nombrando un sustituto.<br \/><span style=\"text-decoration: underline;\">Fecha de las elecciones:<\/span> la \u00faltima semana antes de las vacaciones de octubre por correspondencia o en la escuela.<\/p><\/blockquote><\/div>\n\t\t\t\t\t\t\t\t\t<div class=\"elementor-tab-title elementor-tab-mobile-title\" data-tab=\"2\" role=\"tab\">El Consejo de Escuela<\/div>\n\t\t\t\t\t<div id=\"elementor-tab-content-2522\" class=\"elementor-tab-content elementor-clearfix\" data-tab=\"2\" role=\"tabpanel\" aria-labelledby=\"elementor-tab-title-2522\"><p>\u00d3rgano consultor que da su opini\u00f3n sobre el calendario escolar, las acciones, los proyectos. Est\u00e1 compuesto por un padre por clase (prever un sustituto).<\/p><blockquote><p><span style=\"text-decoration: underline;\">\u00bfQui\u00e9n puede presentarse a las elecciones?<\/span> Todos los padres de alumnos de primaria.<br \/><span style=\"text-decoration: underline;\">Frecuencia de las reuniones:<\/span> 1 consejo por per\u00edodo.<br \/><span style=\"text-decoration: underline;\">N\u00famero de candidatos necesarios:<\/span> 1 padre por clase.<br \/><span style=\"text-decoration: underline;\">Fecha de las elecciones:<\/span> la \u00faltima semana antes de las vacaciones de octubre por correspondencia o en la escuela.<\/p><\/blockquote><\/div>\n\t\t\t\t\t\t\t\t\t<div class=\"elementor-tab-title elementor-tab-mobile-title\" data-tab=\"3\" role=\"tab\">El Consejo de la Secundaria<\/div>\n\t\t\t\t\t<div id=\"elementor-tab-content-2523\" class=\"elementor-tab-content elementor-clearfix\" data-tab=\"3\" role=\"tabpanel\" aria-labelledby=\"elementor-tab-title-2523\"><p>\u00d3rgano consultor que prepara el trabajo del Consejo Escolar, las estructuras pedag\u00f3gicas, el calendario escolar, el proyecto de escuela y las estancias educativas con pernoctaciones.<\/p><blockquote><p><br \/><span style=\"text-decoration: underline;\">\u00bfQui\u00e9n puede presentarse a las elecciones?<\/span> Todos los padres de alumnos de secundaria.<br \/><span style=\"text-decoration: underline;\">Frecuencia de las reuniones:<\/span> 1 consejo por per\u00edodo.<br \/><span style=\"text-decoration: underline;\">N\u00famero de candidatos necesarios:<\/span> 2 padres y su sustituto de los miembros del consejo escolar.<br \/><span style=\"text-decoration: underline;\">Fecha de las elecciones:<\/span> la \u00faltima semana antes de las vacaciones de octubre por correspondencia o en la escuela.<\/p><\/blockquote><\/div>\n\t\t\t\t\t\t\t<\/div>\n\t\t<\/div>\n\t\t\t\t<\/div>\n\t\t\t\t<\/div>\n\t\t\t\t\t\t<\/div>\n\t\t\t\t\t<\/div>\n\t\t<\/div>\n\t\t\t\t\t\t\t\t<\/div>\n\t\t\t\t\t<\/div>\n\t\t<\/section>\n\t\t\t\t<section class=\"elementor-section elementor-top-section elementor-element elementor-element-3a7fc24 elementor-section-boxed elementor-section-height-default elementor-section-height-default elementor-invisible\" data-id=\"3a7fc24\" data-element_type=\"section\" data-settings=\"{&quot;animation&quot;:&quot;fadeInLeft&quot;}\">\n\t\t\t\t\t\t<div class=\"elementor-container elementor-column-gap-default\">\n\t\t\t\t\t\t\t<div class=\"elementor-row\">\n\t\t\t\t\t<div class=\"elementor-column elementor-col-100 elementor-top-column elementor-element elementor-element-4defd41\" data-id=\"4defd41\" data-element_type=\"column\">\n\t\t\t<div class=\"elementor-column-wrap elementor-element-populated\">\n\t\t\t\t\t\t\t<div class=\"elementor-widget-wrap\">\n\t\t\t\t\t\t<div class=\"elementor-element elementor-element-bd22bd9 elementor-widget elementor-widget-toggle\" data-id=\"bd22bd9\" data-element_type=\"widget\" data-widget_type=\"toggle.default\">\n\t\t\t\t<div class=\"elementor-widget-container\">\n\t\t\t\t\t<div class=\"elementor-toggle\" role=\"tablist\">\n\t\t\t\t\t\t\t<div class=\"elementor-toggle-item\">\n\t\t\t\t\t<div id=\"elementor-tab-title-1981\" class=\"elementor-tab-title\" data-tab=\"1\" role=\"tab\" aria-controls=\"elementor-tab-content-1981\">\n\t\t\t\t\t\t\t\t\t\t\t\t<span class=\"elementor-toggle-icon elementor-toggle-icon-left\" aria-hidden=\"true\">\n\t\t\t\t\t\t\t\t\t\t\t\t\t\t\t<span class=\"elementor-toggle-icon-closed\"><i class=\"fas fa-caret-right\"><\/i><\/span>\n\t\t\t\t\t\t\t\t<span class=\"elementor-toggle-icon-opened\"><i class=\"elementor-toggle-icon-opened fas fa-caret-up\"><\/i><\/span>\n\t\t\t\t\t\t\t\t\t\t\t\t\t<\/span>\n\t\t\t\t\t\t\t\t\t\t\t\t<a href=\"\" class=\"elementor-toggle-title\">El Consejo de Delegados para la Vida Escolar (CVL): <\/a>\n\t\t\t\t\t<\/div>\n\t\t\t\t\t<div id=\"elementor-tab-content-1981\" class=\"elementor-tab-content elementor-clearfix\" data-tab=\"1\" role=\"tabpanel\" aria-labelledby=\"elementor-tab-title-1981\"><p>Consejo donde se discuten todos los asuntos relacionados con el trabajo escolar y las condiciones de vida de los alumnos en la escuela.<\/p><\/div>\n\t\t\t\t<\/div>\n\t\t\t\t\t\t\t<div class=\"elementor-toggle-item\">\n\t\t\t\t\t<div id=\"elementor-tab-title-1982\" class=\"elementor-tab-title\" data-tab=\"2\" role=\"tab\" aria-controls=\"elementor-tab-content-1982\">\n\t\t\t\t\t\t\t\t\t\t\t\t<span class=\"elementor-toggle-icon elementor-toggle-icon-left\" aria-hidden=\"true\">\n\t\t\t\t\t\t\t\t\t\t\t\t\t\t\t<span class=\"elementor-toggle-icon-closed\"><i class=\"fas fa-caret-right\"><\/i><\/span>\n\t\t\t\t\t\t\t\t<span class=\"elementor-toggle-icon-opened\"><i class=\"elementor-toggle-icon-opened fas fa-caret-up\"><\/i><\/span>\n\t\t\t\t\t\t\t\t\t\t\t\t\t<\/span>\n\t\t\t\t\t\t\t\t\t\t\t\t<a href=\"\" class=\"elementor-toggle-title\">El Comit\u00e9 de Educaci\u00f3n para la Salud y la Ciudadan\u00eda (CESC): <\/a>\n\t\t\t\t\t<\/div>\n\t\t\t\t\t<div id=\"elementor-tab-content-1982\" class=\"elementor-tab-content elementor-clearfix\" data-tab=\"2\" role=\"tabpanel\" aria-labelledby=\"elementor-tab-title-1982\"><p>Instancia de reflexi\u00f3n, observaci\u00f3n y propuestas que dise\u00f1a, ejecuta y eval\u00faa un proyecto educativo en el \u00e1mbito de la educaci\u00f3n para la ciudadan\u00eda y la salud y la prevenci\u00f3n de la violencia, integrado en el proyecto escolar.<\/p><\/div>\n\t\t\t\t<\/div>\n\t\t\t\t\t\t\t<div class=\"elementor-toggle-item\">\n\t\t\t\t\t<div id=\"elementor-tab-title-1983\" class=\"elementor-tab-title\" data-tab=\"3\" role=\"tab\" aria-controls=\"elementor-tab-content-1983\">\n\t\t\t\t\t\t\t\t\t\t\t\t<span class=\"elementor-toggle-icon elementor-toggle-icon-left\" aria-hidden=\"true\">\n\t\t\t\t\t\t\t\t\t\t\t\t\t\t\t<span class=\"elementor-toggle-icon-closed\"><i class=\"fas fa-caret-right\"><\/i><\/span>\n\t\t\t\t\t\t\t\t<span class=\"elementor-toggle-icon-opened\"><i class=\"elementor-toggle-icon-opened fas fa-caret-up\"><\/i><\/span>\n\t\t\t\t\t\t\t\t\t\t\t\t\t<\/span>\n\t\t\t\t\t\t\t\t\t\t\t\t<a href=\"\" class=\"elementor-toggle-title\">El Consejo de la Clase:<\/a>\n\t\t\t\t\t<\/div>\n\t\t\t\t\t<div id=\"elementor-tab-content-1983\" class=\"elementor-tab-content elementor-clearfix\" data-tab=\"3\" role=\"tabpanel\" aria-labelledby=\"elementor-tab-title-1983\"><p>Consejo responsable del seguimiento de los alumnos y de las cuestiones pedag\u00f3gicas relacionadas con la vida de la clase.<\/p><\/div>\n\t\t\t\t<\/div>\n\t\t\t\t\t\t\t<div class=\"elementor-toggle-item\">\n\t\t\t\t\t<div id=\"elementor-tab-title-1984\" class=\"elementor-tab-title\" data-tab=\"4\" role=\"tab\" aria-controls=\"elementor-tab-content-1984\">\n\t\t\t\t\t\t\t\t\t\t\t\t<span class=\"elementor-toggle-icon elementor-toggle-icon-left\" aria-hidden=\"true\">\n\t\t\t\t\t\t\t\t\t\t\t\t\t\t\t<span class=\"elementor-toggle-icon-closed\"><i class=\"fas fa-caret-right\"><\/i><\/span>\n\t\t\t\t\t\t\t\t<span class=\"elementor-toggle-icon-opened\"><i class=\"elementor-toggle-icon-opened fas fa-caret-up\"><\/i><\/span>\n\t\t\t\t\t\t\t\t\t\t\t\t\t<\/span>\n\t\t\t\t\t\t\t\t\t\t\t\t<a href=\"\" class=\"elementor-toggle-title\">El Consejo de Disciplina<\/a>\n\t\t\t\t\t<\/div>\n\t\t\t\t\t<div id=\"elementor-tab-content-1984\" class=\"elementor-tab-content elementor-clearfix\" data-tab=\"4\" role=\"tabpanel\" aria-labelledby=\"elementor-tab-title-1984\"><p>\u00d3rgano competente para imponer a los alumnos todas las sanciones previstas en el reglamento interno de la escuela.<\/p><\/div>\n\t\t\t\t<\/div>\n\t\t\t\t\t<\/div>\n\t\t\t\t<\/div>\n\t\t\t\t<\/div>\n\t\t\t\t\t\t<\/div>\n\t\t\t\t\t<\/div>\n\t\t<\/div>\n\t\t\t\t\t\t\t\t<\/div>\n\t\t\t\t\t<\/div>\n\t\t<\/section>\n\t\t\t\t<section class=\"elementor-section elementor-top-section elementor-element elementor-element-2d263b8 elementor-section-boxed elementor-section-height-default elementor-section-height-default\" data-id=\"2d263b8\" data-element_type=\"section\">\n\t\t\t\t\t\t<div class=\"elementor-container elementor-column-gap-default\">\n\t\t\t\t\t\t\t<div class=\"elementor-row\">\n\t\t\t\t\t\t\t\t\t<\/div>\n\t\t\t\t\t<\/div>\n\t\t<\/section>\n\t\t\t\t<section class=\"elementor-section elementor-top-section elementor-element elementor-element-4721839 elementor-section-boxed elementor-section-height-default elementor-section-height-default\" data-id=\"4721839\" data-element_type=\"section\">\n\t\t\t\t\t\t<div class=\"elementor-container elementor-column-gap-default\">\n\t\t\t\t\t\t\t<div class=\"elementor-row\">\n\t\t\t\t\t<div class=\"elementor-column elementor-col-100 elementor-top-column elementor-element elementor-element-ab078a6\" data-id=\"ab078a6\" data-element_type=\"column\">\n\t\t\t<div class=\"elementor-column-wrap elementor-element-populated\">\n\t\t\t\t\t\t\t<div class=\"elementor-widget-wrap\">\n\t\t\t\t\t\t<div class=\"elementor-element elementor-element-36da523 elementor-widget elementor-widget-image\" data-id=\"36da523\" data-element_type=\"widget\" data-widget_type=\"image.default\">\n\t\t\t\t<div class=\"elementor-widget-container\">\n\t\t\t\t\t<div class=\"elementor-image\">\n\t\t\t\t\t\t\t\t\t\t\t<a href=\"https:\/\/lfih.org\/wp-content\/uploads\/2024\/12\/ORGANISATION-DES-INSTANCES-AU-LYCEE-FRANCAIS-DE-LA-HAVANE-2024-Fr-Esp_page-0002.jpg\" data-elementor-open-lightbox=\"yes\" data-elementor-lightbox-title=\"ORGANISATION DES INSTANCES AU LYC\u00c9E FRAN\u00c7AIS DE LA HAVANE 2024 Fr-Esp_page-0002\">\n\t\t\t\t\t\t\t<img width=\"1024\" height=\"724\" src=\"https:\/\/lfih.org\/wp-content\/uploads\/2024\/12\/ORGANISATION-DES-INSTANCES-AU-LYCEE-FRANCAIS-DE-LA-HAVANE-2024-Fr-Esp_page-0002-1024x724.jpg\" class=\"attachment-large size-large\" alt=\"\" loading=\"lazy\" srcset=\"https:\/\/lfih.org\/wp-content\/uploads\/2024\/12\/ORGANISATION-DES-INSTANCES-AU-LYCEE-FRANCAIS-DE-LA-HAVANE-2024-Fr-Esp_page-0002-1024x724.jpg 1024w, https:\/\/lfih.org\/wp-content\/uploads\/2024\/12\/ORGANISATION-DES-INSTANCES-AU-LYCEE-FRANCAIS-DE-LA-HAVANE-2024-Fr-Esp_page-0002-300x212.jpg 300w, https:\/\/lfih.org\/wp-content\/uploads\/2024\/12\/ORGANISATION-DES-INSTANCES-AU-LYCEE-FRANCAIS-DE-LA-HAVANE-2024-Fr-Esp_page-0002-100x71.jpg 100w, https:\/\/lfih.org\/wp-content\/uploads\/2024\/12\/ORGANISATION-DES-INSTANCES-AU-LYCEE-FRANCAIS-DE-LA-HAVANE-2024-Fr-Esp_page-0002-1536x1086.jpg 1536w, https:\/\/lfih.org\/wp-content\/uploads\/2024\/12\/ORGANISATION-DES-INSTANCES-AU-LYCEE-FRANCAIS-DE-LA-HAVANE-2024-Fr-Esp_page-0002.jpg 1755w, https:\/\/lfih.org\/wp-content\/uploads\/2024\/12\/ORGANISATION-DES-INSTANCES-AU-LYCEE-FRANCAIS-DE-LA-HAVANE-2024-Fr-Esp_page-0002-150x106.jpg 150w\" sizes=\"(max-width: 1024px) 100vw, 1024px\" \/>\t\t\t\t\t\t\t\t<\/a>\n\t\t\t\t\t\t\t\t\t\t\t<\/div>\n\t\t\t\t<\/div>\n\t\t\t\t<\/div>\n\t\t\t\t<div class=\"elementor-element elementor-element-26e0c59 elementor-widget elementor-widget-text-editor\" data-id=\"26e0c59\" data-element_type=\"widget\" data-widget_type=\"text-editor.default\">\n\t\t\t\t<div class=\"elementor-widget-container\">\n\t\t\t\t\t<div class=\"elementor-text-editor elementor-clearfix\"><blockquote><p class=\"p1\">NB: existen otros consejos pero s\u00f3lo conciernen a los equipos pedag\u00f3gicos (consejo escolar\/universitario, consejo de profesores, consejo de ciclos, consejo de clase, consejo pedag\u00f3gico, etc.)<\/p><\/blockquote><\/div>\n\t\t\t\t<\/div>\n\t\t\t\t<\/div>\n\t\t\t\t\t\t<\/div>\n\t\t\t\t\t<\/div>\n\t\t<\/div>\n\t\t\t\t\t\t\t\t<\/div>\n\t\t\t\t\t<\/div>\n\t\t<\/section>\n\t\t\t\t\t\t<\/div>\n\t\t\t\t\t\t<\/div>\n\t\t\t\t\t<\/div>\n\t\t","protected":false},"excerpt":{"rendered":"<p>Los diversos consejos y comit\u00e9s de la escuela en los que participan los padres Organismos de gesti\u00f3n Asociaci\u00f3n de Padres&nbsp;<a href=\"https:\/\/lfih.org\/index.php\/instancias\/\">&hellip;<\/a><\/p>\n","protected":false},"author":1,"featured_media":0,"parent":0,"menu_order":0,"comment_status":"closed","ping_status":"closed","template":"","meta":[],"_links":{"self":[{"href":"https:\/\/lfih.org\/index.php\/wp-json\/wp\/v2\/pages\/1260"}],"collection":[{"href":"https:\/\/lfih.org\/index.php\/wp-json\/wp\/v2\/pages"}],"about":[{"href":"https:\/\/lfih.org\/index.php\/wp-json\/wp\/v2\/types\/page"}],"author":[{"embeddable":true,"href":"https:\/\/lfih.org\/index.php\/wp-json\/wp\/v2\/users\/1"}],"replies":[{"embeddable":true,"href":"https:\/\/lfih.org\/index.php\/wp-json\/wp\/v2\/comments?post=1260"}],"version-history":[{"count":16,"href":"https:\/\/lfih.org\/index.php\/wp-json\/wp\/v2\/pages\/1260\/revisions"}],"predecessor-version":[{"id":22869,"href":"https:\/\/lfih.org\/index.php\/wp-json\/wp\/v2\/pages\/1260\/revisions\/22869"}],"wp:attachment":[{"href":"https:\/\/lfih.org\/index.php\/wp-json\/wp\/v2\/media?parent=1260"}],"curies":[{"name":"wp","href":"https:\/\/api.w.org\/{rel}","templated":true}]}}