{"id":1160,"date":"2021-01-06T11:22:48","date_gmt":"2021-01-06T16:22:48","guid":{"rendered":"https:\/\/lfih.org\/?page_id=1160"},"modified":"2021-01-06T11:24:23","modified_gmt":"2021-01-06T16:24:23","slug":"alejo-carpentier-2","status":"publish","type":"page","link":"https:\/\/lfih.org\/index.php\/alejo-carpentier-2\/","title":{"rendered":"Alejo Carpentier"},"content":{"rendered":"\t\t<div data-elementor-type=\"wp-page\" data-elementor-id=\"1160\" class=\"elementor elementor-1160\" data-elementor-settings=\"[]\">\n\t\t\t\t\t\t<div class=\"elementor-inner\">\n\t\t\t\t\t\t\t<div class=\"elementor-section-wrap\">\n\t\t\t\t\t\t\t<section class=\"elementor-section elementor-top-section elementor-element elementor-element-678f094 elementor-section-boxed elementor-section-height-default elementor-section-height-default\" data-id=\"678f094\" data-element_type=\"section\">\n\t\t\t\t\t\t<div class=\"elementor-container elementor-column-gap-default\">\n\t\t\t\t\t\t\t<div class=\"elementor-row\">\n\t\t\t\t\t<div class=\"elementor-column elementor-col-100 elementor-top-column elementor-element elementor-element-33ba158\" data-id=\"33ba158\" data-element_type=\"column\">\n\t\t\t<div class=\"elementor-column-wrap elementor-element-populated\">\n\t\t\t\t\t\t\t<div class=\"elementor-widget-wrap\">\n\t\t\t\t\t\t<div class=\"elementor-element elementor-element-38509cd elementor-widget elementor-widget-image\" data-id=\"38509cd\" data-element_type=\"widget\" data-widget_type=\"image.default\">\n\t\t\t\t<div class=\"elementor-widget-container\">\n\t\t\t\t\t<div class=\"elementor-image\">\n\t\t\t\t\t\t\t\t\t\t<img width=\"379\" height=\"250\" src=\"https:\/\/lfih.org\/wp-content\/uploads\/2021\/01\/alejo_carpentier_250-379x250.png\" class=\"attachment-large size-large\" alt=\"\" loading=\"lazy\" srcset=\"https:\/\/lfih.org\/wp-content\/uploads\/2021\/01\/alejo_carpentier_250.png 379w, https:\/\/lfih.org\/wp-content\/uploads\/2021\/01\/alejo_carpentier_250-300x198.png 300w, https:\/\/lfih.org\/wp-content\/uploads\/2021\/01\/alejo_carpentier_250-100x66.png 100w, https:\/\/lfih.org\/wp-content\/uploads\/2021\/01\/alejo_carpentier_250-150x99.png 150w\" sizes=\"(max-width: 379px) 100vw, 379px\" \/>\t\t\t\t\t\t\t\t\t\t\t<\/div>\n\t\t\t\t<\/div>\n\t\t\t\t<\/div>\n\t\t\t\t\t\t<\/div>\n\t\t\t\t\t<\/div>\n\t\t<\/div>\n\t\t\t\t\t\t\t\t<\/div>\n\t\t\t\t\t<\/div>\n\t\t<\/section>\n\t\t\t\t<section class=\"elementor-section elementor-top-section elementor-element elementor-element-30a45c7 elementor-section-boxed elementor-section-height-default elementor-section-height-default\" data-id=\"30a45c7\" data-element_type=\"section\">\n\t\t\t\t\t\t<div class=\"elementor-container elementor-column-gap-default\">\n\t\t\t\t\t\t\t<div class=\"elementor-row\">\n\t\t\t\t\t<div class=\"elementor-column elementor-col-50 elementor-top-column elementor-element elementor-element-ce9e438\" data-id=\"ce9e438\" data-element_type=\"column\">\n\t\t\t<div class=\"elementor-column-wrap elementor-element-populated\">\n\t\t\t\t\t\t\t<div class=\"elementor-widget-wrap\">\n\t\t\t\t\t\t<div class=\"elementor-element elementor-element-5e17e29 elementor-widget elementor-widget-text-editor\" data-id=\"5e17e29\" data-element_type=\"widget\" data-widget_type=\"text-editor.default\">\n\t\t\t\t<div class=\"elementor-widget-container\">\n\t\t\t\t\t<div class=\"elementor-text-editor elementor-clearfix\"><p class=\"p1\">El 8 de mayo de 2012, el liceo franc\u00e9s de La Habana recibi\u00f3 el nombre de uno de los m\u00e1s grandes escritores cubanos: Alejo Carpentier. La ceremonia fue presidida por la Sra. Anne-Marie Desc\u00f4tes (Directora de la Agencia Francesa para la Educaci\u00f3n en el Extranjero) y por el Sr. Jean Mendelson (Embajador de Francia en Cuba).<\/p><p class=\"p1\">Alejo Carpentier naci\u00f3 de padre franc\u00e9s, arquitecto, y de madre rusa, profesora de idiomas. Durante mucho tiempo se pens\u00f3 que naci\u00f3 en La Habana, donde su familia se estableci\u00f3 poco despu\u00e9s de su nacimiento.<\/p><p class=\"p1\">La vida de este escritor es en s\u00ed misma, un puente cultural entre Francia y Cuba. Ten\u00eda 12 a\u00f1os cuando su familia se muda a Par\u00eds, y comienza a estudiar musicolog\u00eda. Cuando regresa a Cuba, Alejo Carpentier se inscribe en la carrera de arquitectura, que no llega a culminar. Se dedica al periodismo, pero su compromiso con los movimientos de izquierda le vali\u00f3 una estancia en la c\u00e1rcel (1928), bajo la presidencia de Gerardo Machado, antes de obligarle a exiliarse en Francia. All\u00ed conoci\u00f3 a los surrealistas, incluyendo a Andr\u00e9 Breton, Paul \u00c9luard, Louis Aragon, Jacques Pr\u00e9vert y Antonin Artaud. Durante esta estancia en Francia, hizo varios viajes a Espa\u00f1a donde desarroll\u00f3 una fascinaci\u00f3n por el Barroco.<\/p><p class=\"p1\">A su regreso a Cuba en 1939, continu\u00f3 su trayectoria como periodista y columnista de radio. En esta \u00e9poca despierta su inter\u00e9s por la cultura afro-cubana. El a\u00f1o 1943, la estancia en Hait\u00ed marcar\u00e1 la vida de Carpentier. En 1945 se traslada a Caracas (Venezuela) donde vive hasta 1959. Tras del triunfo de la revoluci\u00f3n cubana regresa a La Habana. En 1966 es nombrado Consejero de la Embajada cubana en Francia, donde residir\u00e1 hasta su fallecimiento.<\/p><\/div>\n\t\t\t\t<\/div>\n\t\t\t\t<\/div>\n\t\t\t\t\t\t<\/div>\n\t\t\t\t\t<\/div>\n\t\t<\/div>\n\t\t\t\t<div class=\"elementor-column elementor-col-50 elementor-top-column elementor-element elementor-element-f45d0a1\" data-id=\"f45d0a1\" data-element_type=\"column\">\n\t\t\t<div class=\"elementor-column-wrap elementor-element-populated\">\n\t\t\t\t\t\t\t<div class=\"elementor-widget-wrap\">\n\t\t\t\t\t\t<div class=\"elementor-element elementor-element-63c5404 elementor-widget elementor-widget-text-editor\" data-id=\"63c5404\" data-element_type=\"widget\" data-widget_type=\"text-editor.default\">\n\t\t\t\t<div class=\"elementor-widget-container\">\n\t\t\t\t\t<div class=\"elementor-text-editor elementor-clearfix\"><p class=\"p1\">Alejo Carpentier es un escritor muy conocido por su estilo barroco y su teor\u00eda de lo r<i>eal maravilloso<\/i>. Entre sus obras m\u00e1s conocidas en Francia se encuentran <i>El Siglo de las Luces (1962)<\/i>, <i>La Guerra del Tiempo (1967)<\/i>, <i>Concierto Barroco (1974)<\/i>. Su primera novela, <i>Ecue-yamba-o! (1933)<\/i>, es de inspiraci\u00f3n afro-cubana. En <i>El reino de este mundo<\/i> (1949), su primera gran novela, evoca el movimiento revolucionario haitiano. Es tambi\u00e9n en el pr\u00f3logo de esta novela que describe su visi\u00f3n de lo real maravilloso, que los cr\u00edticos identificar\u00e1n con el <i>Realismo M\u00e1gico<\/i>.<\/p><p class=\"p1\">Su estancia en Venezuela de 1945 a 1959 le inspir\u00f3 claramente a describir el pa\u00eds sudamericano sin nombre donde tiene lugar la parte principal de su novela <i>Los pasos perdidos<\/i> <i>(1953)<\/i>.<\/p><p class=\"p1\">Su novela <i>El Recurso del M\u00e9todo<\/i>, publicada en 1974, es una de las grandes novelas de la literatura latinoamericana donde dibuja el t\u00edpico retrato de un dictador. Fue adaptada para el cine por Miguel Litt\u00edn en 1978 bajo el t\u00edtulo El recurso del m\u00e9todo (estrenado en Francia como \u00a1Viva el presidente! y Le recours de la m\u00e9thode).<\/p><p class=\"p1\">En 1975 se le concedi\u00f3 el Premio Mundial Cino del Duca. Fue galardonado con el Premio Cervantes en 1977 y el Prix M\u00e9dicis en 1979.<\/p><p class=\"p1\">Muri\u00f3 en Par\u00eds el 24 de abril de 1980. Su cuerpo es trasladado a Cuba, y enterrado en cementerio de Col\u00f3n en La Habana. Su funeral se celebra el 28 de abril, en presencia del Presidente Fidel Castro.<\/p><p class=\"p1\"><em><strong>El liceo franc\u00e9s de La Habana rinde as\u00ed homenaje a este gran escritor y se enorgullece en perpetuar la importancia de su obra.<\/strong><\/em><\/p><\/div>\n\t\t\t\t<\/div>\n\t\t\t\t<\/div>\n\t\t\t\t\t\t<\/div>\n\t\t\t\t\t<\/div>\n\t\t<\/div>\n\t\t\t\t\t\t\t\t<\/div>\n\t\t\t\t\t<\/div>\n\t\t<\/section>\n\t\t\t\t\t\t<\/div>\n\t\t\t\t\t\t<\/div>\n\t\t\t\t\t<\/div>\n\t\t","protected":false},"excerpt":{"rendered":"<p>El 8 de mayo de 2012, el liceo franc\u00e9s de La Habana recibi\u00f3 el nombre de uno de los m\u00e1s&nbsp;<a href=\"https:\/\/lfih.org\/index.php\/alejo-carpentier-2\/\">&hellip;<\/a><\/p>\n","protected":false},"author":1,"featured_media":0,"parent":0,"menu_order":0,"comment_status":"closed","ping_status":"closed","template":"","meta":[],"_links":{"self":[{"href":"https:\/\/lfih.org\/index.php\/wp-json\/wp\/v2\/pages\/1160"}],"collection":[{"href":"https:\/\/lfih.org\/index.php\/wp-json\/wp\/v2\/pages"}],"about":[{"href":"https:\/\/lfih.org\/index.php\/wp-json\/wp\/v2\/types\/page"}],"author":[{"embeddable":true,"href":"https:\/\/lfih.org\/index.php\/wp-json\/wp\/v2\/users\/1"}],"replies":[{"embeddable":true,"href":"https:\/\/lfih.org\/index.php\/wp-json\/wp\/v2\/comments?post=1160"}],"version-history":[{"count":4,"href":"https:\/\/lfih.org\/index.php\/wp-json\/wp\/v2\/pages\/1160\/revisions"}],"predecessor-version":[{"id":1164,"href":"https:\/\/lfih.org\/index.php\/wp-json\/wp\/v2\/pages\/1160\/revisions\/1164"}],"wp:attachment":[{"href":"https:\/\/lfih.org\/index.php\/wp-json\/wp\/v2\/media?parent=1160"}],"curies":[{"name":"wp","href":"https:\/\/api.w.org\/{rel}","templated":true}]}}